{"id":13,"date":"2013-07-02T10:05:06","date_gmt":"2013-07-02T13:05:06","guid":{"rendered":"https:\/\/wp.ufpel.edu.br\/nutricaobromatologia\/?page_id=13"},"modified":"2015-06-17T10:55:48","modified_gmt":"2015-06-17T13:55:48","slug":"extensao","status":"publish","type":"page","link":"https:\/\/wp.ufpel.edu.br\/nutricaobromatologia\/extensao\/","title":{"rendered":"Extens\u00e3o"},"content":{"rendered":"<ul>\n<li><strong>Elabora\u00e7\u00e3o de rotulagem nutricional de alimentos<\/strong><\/li>\n<\/ul>\n<p>A determina\u00e7\u00e3o das informa\u00e7\u00f5es nutricionais dos alimentos tem como intuito identificar a qualidade e quantidade de nutrientes nos produtos aliment\u00edcios, constituindo um elemento fundamental para a sa\u00fade p\u00fablica. Al\u00e9m disso, tamb\u00e9m tem o objetivo de garantir o direito \u00e0 informa\u00e7\u00e3o do consumidor e auxiliar na sele\u00e7\u00e3o e aquisi\u00e7\u00e3o de alimentos saud\u00e1veis e para isso, tais informa\u00e7\u00f5es devem ser fidedignas.<\/p>\n","protected":false},"excerpt":{"rendered":"<p>Elabora\u00e7\u00e3o de rotulagem nutricional de alimentos A determina\u00e7\u00e3o das informa\u00e7\u00f5es nutricionais dos alimentos tem como intuito identificar a qualidade e quantidade de nutrientes nos produtos aliment\u00edcios, constituindo um elemento fundamental para a sa\u00fade p\u00fablica. Al\u00e9m disso, tamb\u00e9m tem o objetivo &hellip; <a href=\"https:\/\/wp.ufpel.edu.br\/nutricaobromatologia\/extensao\/\">Continue lendo <span class=\"meta-nav\">&rarr;<\/span><\/a><\/p>\n","protected":false},"author":277,"featured_media":0,"parent":0,"menu_order":4,"comment_status":"closed","ping_status":"closed","template":"","meta":{"footnotes":""},"class_list":["post-13","page","type-page","status-publish","hentry"],"_links":{"self":[{"href":"https:\/\/wp.ufpel.edu.br\/nutricaobromatologia\/wp-json\/wp\/v2\/pages\/13","targetHints":{"allow":["GET"]}}],"collection":[{"href":"https:\/\/wp.ufpel.edu.br\/nutricaobromatologia\/wp-json\/wp\/v2\/pages"}],"about":[{"href":"https:\/\/wp.ufpel.edu.br\/nutricaobromatologia\/wp-json\/wp\/v2\/types\/page"}],"author":[{"embeddable":true,"href":"https:\/\/wp.ufpel.edu.br\/nutricaobromatologia\/wp-json\/wp\/v2\/users\/277"}],"replies":[{"embeddable":true,"href":"https:\/\/wp.ufpel.edu.br\/nutricaobromatologia\/wp-json\/wp\/v2\/comments?post=13"}],"version-history":[{"count":3,"href":"https:\/\/wp.ufpel.edu.br\/nutricaobromatologia\/wp-json\/wp\/v2\/pages\/13\/revisions"}],"predecessor-version":[{"id":504,"href":"https:\/\/wp.ufpel.edu.br\/nutricaobromatologia\/wp-json\/wp\/v2\/pages\/13\/revisions\/504"}],"wp:attachment":[{"href":"https:\/\/wp.ufpel.edu.br\/nutricaobromatologia\/wp-json\/wp\/v2\/media?parent=13"}],"curies":[{"name":"wp","href":"https:\/\/api.w.org\/{rel}","templated":true}]}}