{"id":581,"date":"2016-04-18T09:49:52","date_gmt":"2016-04-18T12:49:52","guid":{"rendered":"https:\/\/wp.ufpel.edu.br\/nutricao\/?page_id=581"},"modified":"2016-04-18T09:49:52","modified_gmt":"2016-04-18T12:49:52","slug":"atividades-complementares","status":"publish","type":"page","link":"https:\/\/wp.ufpel.edu.br\/nutricao\/dos-cursos\/nutricao\/colegiado\/atividades-complementares\/","title":{"rendered":"Atividades complementares"},"content":{"rendered":"<p><strong>Forma\u00e7\u00e3o Complementar (Atividades Complementares)<\/strong><\/p>\n<p><strong>\u00a0<\/strong><\/p>\n<p>A Forma\u00e7\u00e3o Complementar caracterizando-se como espa\u00e7o-tempo de realiza\u00e7\u00e3o das atividades relacionadas ao Ensino, Pesquisa e Extens\u00e3o, preservando a proporcionalidade de 1\/3 para cada tipo de atividade realizada.<\/p>\n<p>S\u00e3o atividades complementares os conhecimentos adquiridos pelo estudante, mediante estudos e pr\u00e1ticas independentes, presencias e\/ou \u00e0 dist\u00e2ncia. As atividades complementares curriculares ser\u00e3o disciplinadas neste documento que estabelece a sua pontua\u00e7\u00e3o e crit\u00e9rios de aproveitamento.<\/p>\n<p>A carga hor\u00e1ria das atividades complementares (200 horas no m\u00ednimo) dever\u00e1 preferencialmente, ser distribu\u00edda ao longo do curso, envolver o ensino, a pesquisa e a extens\u00e3o e n\u00e3o poder\u00e1 ser preenchida com um s\u00f3 tipo de atividade.<\/p>\n<p>\u00c9de exclusiva responsabilidade do aluno:<\/p>\n<ul>\n<li>O preenchimento da carga hor\u00e1ria m\u00ednima de atividades complementares, atrav\u00e9s de atividades de sua escolha, respeitadas as disposi\u00e7\u00f5es deste regulamento.<\/li>\n<li>A adequada comprova\u00e7\u00e3o das atividades realizadas atrav\u00e9s de documenta\u00e7\u00e3o id\u00f4nea, que ser\u00e1 arquivada, em pasta individual na Secretaria do Colegiado de Curso.<\/li>\n<\/ul>\n<p style=\"text-align: center\"><a href=\"https:\/\/wp.ufpel.edu.br\/nutricao\/files\/2016\/04\/tabela-horas-complementares-1.pdf\" rel=\"\">tabela horas complementares<\/a><\/p>\n","protected":false},"excerpt":{"rendered":"<p>Forma\u00e7\u00e3o Complementar (Atividades Complementares) \u00a0 A Forma\u00e7\u00e3o Complementar caracterizando-se como espa\u00e7o-tempo de realiza\u00e7\u00e3o das atividades relacionadas ao Ensino, Pesquisa e Extens\u00e3o, preservando a proporcionalidade de 1\/3 para cada tipo de atividade realizada. S\u00e3o atividades complementares os conhecimentos adquiridos pelo estudante, mediante estudos e pr\u00e1ticas independentes, presencias e\/ou \u00e0 dist\u00e2ncia. As atividades complementares curriculares ser\u00e3o disciplinadas [&hellip;]<\/p>\n","protected":false},"author":249,"featured_media":0,"parent":206,"menu_order":0,"comment_status":"closed","ping_status":"closed","template":"","meta":{"footnotes":""},"class_list":["post-581","page","type-page","status-publish","hentry"],"jetpack_sharing_enabled":true,"_links":{"self":[{"href":"https:\/\/wp.ufpel.edu.br\/nutricao\/wp-json\/wp\/v2\/pages\/581","targetHints":{"allow":["GET"]}}],"collection":[{"href":"https:\/\/wp.ufpel.edu.br\/nutricao\/wp-json\/wp\/v2\/pages"}],"about":[{"href":"https:\/\/wp.ufpel.edu.br\/nutricao\/wp-json\/wp\/v2\/types\/page"}],"author":[{"embeddable":true,"href":"https:\/\/wp.ufpel.edu.br\/nutricao\/wp-json\/wp\/v2\/users\/249"}],"replies":[{"embeddable":true,"href":"https:\/\/wp.ufpel.edu.br\/nutricao\/wp-json\/wp\/v2\/comments?post=581"}],"version-history":[{"count":1,"href":"https:\/\/wp.ufpel.edu.br\/nutricao\/wp-json\/wp\/v2\/pages\/581\/revisions"}],"predecessor-version":[{"id":584,"href":"https:\/\/wp.ufpel.edu.br\/nutricao\/wp-json\/wp\/v2\/pages\/581\/revisions\/584"}],"up":[{"embeddable":true,"href":"https:\/\/wp.ufpel.edu.br\/nutricao\/wp-json\/wp\/v2\/pages\/206"}],"wp:attachment":[{"href":"https:\/\/wp.ufpel.edu.br\/nutricao\/wp-json\/wp\/v2\/media?parent=581"}],"curies":[{"name":"wp","href":"https:\/\/api.w.org\/{rel}","templated":true}]}}