{"id":310,"date":"2013-07-17T15:15:55","date_gmt":"2013-07-17T18:15:55","guid":{"rendered":"https:\/\/wp.ufpel.edu.br\/nutricao\/?page_id=310"},"modified":"2020-02-20T10:38:52","modified_gmt":"2020-02-20T13:38:52","slug":"aproveitamento-de-vagas","status":"publish","type":"page","link":"https:\/\/wp.ufpel.edu.br\/nutricao\/dos-cursos\/nutricao\/aproveitamento-de-vagas\/","title":{"rendered":"Aproveitamento de vagas"},"content":{"rendered":"<p style=\"text-align: left\"><b>CRIT\u00c9RIOS DE SELE\u00c7\u00c3O PARA APROVEITAMENTO DE VAGAS DO CURSO DE NUTRI\u00c7\u00c3O MODALIDADES: (TRANSFER\u00caNCIA, REOP\u00c7\u00c3O E REINGRESSO).<\/p>\n<p><\/b>O Colegiado de Curso de Nutri\u00e7\u00e3o, havendo vagas dispon\u00edveis, n\u00e3o ir\u00e1 considerar uma ordem de prioridade para as modalidades de transfer\u00eancia, reingresso e Reop\u00e7\u00e3o.<br \/>\nA avalia\u00e7\u00e3o para o aproveitamento das vagas dispon\u00edveis obedecer\u00e1 aos seguintes crit\u00e9rios:<br \/>\n<strong>1\u00ba<\/strong> &#8211; o candidato n\u00e3o poder\u00e1 ocupar integralmente o primeiro semestre do curso (dever\u00e1 ter cursado, com aprova\u00e7\u00e3o, no m\u00ednimo 03 disciplinas do primeiro semestre do Curso de Nutri\u00e7\u00e3o;<br \/>\n<strong>2\u00ba<\/strong> &#8211; a vaga ser\u00e1 ocupada preferencialmente por candidatos oriundos dos Cursos de Nutri\u00e7\u00e3o, seguidos de candidatos oriundos de Cursos da \u00e1rea de sa\u00fade, \u00e1reas afins e de outras \u00e1reas;<br \/>\n<strong>3\u00ba<\/strong> &#8211; ter\u00e1 prefer\u00eancia o candidato que tiver maior n\u00famero de disciplinas cursadas com aprova\u00e7\u00e3o e que possam ser aproveitadas para o Curso de Nutri\u00e7\u00e3o;<br \/>\n<strong>4\u00ba<\/strong> &#8211; ser\u00e1 levada em considera\u00e7\u00e3o a m\u00e9dia das notas obtidas nas disciplinas aproveitadas.<br \/>\n&#8211; Em caso de empate, o crit\u00e9rio adotado ser\u00e1 a m\u00e9dia das disciplinas aproveitadas.<br \/>\n&#8211; Casos n\u00e3o previstos nos crit\u00e9rios acima ficam sujeitos a an\u00e1lise do Colegiado de Curso.<\/p>\n<p style=\"text-align: left\" align=\"center\"><b>CRIT\u00c9RIOS DE SELE\u00c7\u00c3O PARA APROVEITAMENTO DE VAGAS DO CURSO DE NUTRI\u00c7\u00c3O NA MODALIDADE DE PORTADOR DE DIPLOMA DE CURSO SUPERIOR.<\/b><\/p>\n<p><strong>1\u00ba<\/strong> &#8211; a vaga ser\u00e1 ocupada preferencialmente por candidatos oriundos dos cursos da \u00e1rea da sa\u00fade, \u00e1reas afins e de outras \u00e1reas;<br \/>\n<strong>2\u00ba<\/strong> &#8211; ter\u00e1 prefer\u00eancia o candidato que tiver maior n\u00famero de disciplinas aproveit\u00e1veis, com aprova\u00e7\u00e3o, para o Curso de Nutri\u00e7\u00e3o;<br \/>\n<strong>3\u00ba<\/strong> &#8211; ser\u00e1 levada em considera\u00e7\u00e3o a m\u00e9dia das notas obtidas nas disciplinas aproveitadas.<br \/>\n&#8211; Em caso de empate, o crit\u00e9rio adotado ser\u00e1 a m\u00e9dia das disciplinas aproveitadas.<br \/>\n&#8211; Casos n\u00e3o previstos nos crit\u00e9rios acima ficam sujeitos a an\u00e1lise do Colegiado de Curso.<\/p>\n","protected":false},"excerpt":{"rendered":"<p>CRIT\u00c9RIOS DE SELE\u00c7\u00c3O PARA APROVEITAMENTO DE VAGAS DO CURSO DE NUTRI\u00c7\u00c3O MODALIDADES: (TRANSFER\u00caNCIA, REOP\u00c7\u00c3O E REINGRESSO). O Colegiado de Curso de Nutri\u00e7\u00e3o, havendo vagas dispon\u00edveis, n\u00e3o ir\u00e1 considerar uma ordem de prioridade para as modalidades de transfer\u00eancia, reingresso e Reop\u00e7\u00e3o. A avalia\u00e7\u00e3o para o aproveitamento das vagas dispon\u00edveis obedecer\u00e1 aos seguintes crit\u00e9rios: 1\u00ba &#8211; o [&hellip;]<\/p>\n","protected":false},"author":249,"featured_media":0,"parent":197,"menu_order":3,"comment_status":"closed","ping_status":"closed","template":"","meta":{"footnotes":""},"class_list":["post-310","page","type-page","status-publish","hentry"],"jetpack_sharing_enabled":true,"_links":{"self":[{"href":"https:\/\/wp.ufpel.edu.br\/nutricao\/wp-json\/wp\/v2\/pages\/310","targetHints":{"allow":["GET"]}}],"collection":[{"href":"https:\/\/wp.ufpel.edu.br\/nutricao\/wp-json\/wp\/v2\/pages"}],"about":[{"href":"https:\/\/wp.ufpel.edu.br\/nutricao\/wp-json\/wp\/v2\/types\/page"}],"author":[{"embeddable":true,"href":"https:\/\/wp.ufpel.edu.br\/nutricao\/wp-json\/wp\/v2\/users\/249"}],"replies":[{"embeddable":true,"href":"https:\/\/wp.ufpel.edu.br\/nutricao\/wp-json\/wp\/v2\/comments?post=310"}],"version-history":[{"count":8,"href":"https:\/\/wp.ufpel.edu.br\/nutricao\/wp-json\/wp\/v2\/pages\/310\/revisions"}],"predecessor-version":[{"id":391,"href":"https:\/\/wp.ufpel.edu.br\/nutricao\/wp-json\/wp\/v2\/pages\/310\/revisions\/391"}],"up":[{"embeddable":true,"href":"https:\/\/wp.ufpel.edu.br\/nutricao\/wp-json\/wp\/v2\/pages\/197"}],"wp:attachment":[{"href":"https:\/\/wp.ufpel.edu.br\/nutricao\/wp-json\/wp\/v2\/media?parent=310"}],"curies":[{"name":"wp","href":"https:\/\/api.w.org\/{rel}","templated":true}]}}