{"id":197,"date":"2013-05-09T09:42:01","date_gmt":"2013-05-09T12:42:01","guid":{"rendered":"https:\/\/wp.ufpel.edu.br\/nutricao\/?page_id=197"},"modified":"2023-11-10T18:30:17","modified_gmt":"2023-11-10T21:30:17","slug":"nutricao","status":"publish","type":"page","link":"https:\/\/wp.ufpel.edu.br\/nutricao\/dos-cursos\/nutricao\/","title":{"rendered":"Bacharel em Nutri\u00e7\u00e3o"},"content":{"rendered":"<p>A estrutura Curricular do Curso de Nutri\u00e7\u00e3o da UFPEL vem sofrendo constantes modifica\u00e7\u00f5es, desde sua implanta\u00e7\u00e3o. A \u00faltima em atendimento \u00e0s Diretrizes Curriculares para os Cursos de Nutri\u00e7\u00e3o do Brasil e \u00e0 LDB, foi realizada em 2004, com a implanta\u00e7\u00e3o de novo curriculo, em 2005, visando a forma\u00e7\u00e3o de um profissional generalista, competente tecnicamente comprometido com a realidade social da maioria da popula\u00e7\u00e3o brasileira, capaz de adequar a t\u00e9cnica com a realidade. A estrutura organizacional do curr\u00edculo \u00e9 constitu\u00eddo por disciplinas profissionalizantes, oferecidas pelo Departamento de Nutri\u00e7\u00e3o, distribu\u00eddas entre as \u00e1reas: Alimentos, Nutri\u00e7\u00e3o B\u00e1sica e Diet\u00e9tica, Administra\u00e7\u00e3o de Unidades de Alimenta\u00e7\u00e3o e Nutri\u00e7\u00e3o e Nutri\u00e7\u00e3o Aplicada; disciplinas b\u00e1sicas, que s\u00e3o oferecidas por outros departamentos da UFPel, e disciplinas optativas, totalizando uma carga hor\u00e1ria total de 3.503.horas<br \/>\nH\u00e1 uma preocupa\u00e7\u00e3o da Unidade em desenvolver o ensino indissociado da pesquisa e extens\u00e3o, para tanto, procura-se inserir os alunos nas atividades desenvolvidas pelos professores, sendo que, atualmente, a maioria dos professores da unidade tem projetos de ensino, pesquisa e\/ou extens\u00e3o em andamento.<\/p>\n<p>Disciplinas B\u00e1sicas:<\/p>\n<p>Bioqu\u00edmica I &amp; II; Anatomia; Histologia I &amp; II; Epidemiologia e Bioestat\u00edstica; Gen\u00e9tica do Metabolismo; Microbiologia e Imunologia; Fisiologia I &amp; II; Parasitologia; Ecologia e Saneamento Ambiental; Sociologia e A\u00e7\u00e3o Comunit\u00e1ria; Psicologia; Patologia Geral; Geografia e Economia Aplicada \u00e0 Nutri\u00e7\u00e3o, Farmacologia.<\/p>\n<p>Disciplinas Profissionais:<\/p>\n<p>Bromatologia; Ci\u00eancia e Tecnologia de Alimentos; Diet\u00e9tica I &amp; II; Nutri\u00e7\u00e3o e Sa\u00fade P\u00fablica; Administra\u00e7\u00e3o e Sa\u00fade P\u00fablica; Microbiologia e Higiene de Alimentos; \u00c9tica Profissional; Avalia\u00e7\u00e3o Nutricional ; Fisiopatologia e Dietoterapia I &amp; II; Nutri\u00e7\u00e3o Materno-infantil ; Gest\u00e3o de Unidades de Alimenta\u00e7\u00e3o e Nutri\u00e7\u00e3o; Educa\u00e7\u00e3o Nutricional; Est\u00e1gio em Coletividade Enferma; Est\u00e1gio em Administra\u00e7\u00e3o de Servi\u00e7os de Alimenta\u00e7\u00e3o; Est\u00e1gio em Nutri\u00e7\u00e3o e Sa\u00fade P\u00fablica.;Trabalho de Conclus\u00e3o de Curso I &amp; II<\/p>\n<p>Disciplinas Optativas:<\/p>\n<p>Controle de Qualidade de Alimentos; Nutri\u00e7\u00e3o Experimental; Nutri\u00e7\u00e3o Cl\u00ednica; Psicologia da Educa\u00e7\u00e3o; Extens\u00e3o Rural,Terapia Nutricional Enteral e Parenteral; Nutri\u00e7\u00e3o e Exerc\u00edcio F\u00edsico; Antropologia Cultural, Pr\u00e1tica Desportiva I &amp; II; Programa\u00e7\u00e3o visual;<\/p>\n<p>Atividades Complementares:<br \/>\nTotalizam 200 horas<\/p>\n<p>Saiba mais em <span style=\"color: #0000ff\"><strong><a style=\"color: #0000ff\" href=\"https:\/\/wp.ufpel.edu.br\/colegiadonutricao\/ensino\/\">Colegiado do Curso de Nutri\u00e7\u00e3o<\/a><\/strong><\/span><\/p>\n","protected":false},"excerpt":{"rendered":"<p>A estrutura Curricular do Curso de Nutri\u00e7\u00e3o da UFPEL vem sofrendo constantes modifica\u00e7\u00f5es, desde sua implanta\u00e7\u00e3o. A \u00faltima em atendimento \u00e0s Diretrizes Curriculares para os Cursos de Nutri\u00e7\u00e3o do Brasil e \u00e0 LDB, foi realizada em 2004, com a implanta\u00e7\u00e3o de novo curriculo, em 2005, visando a forma\u00e7\u00e3o de um profissional generalista, competente tecnicamente comprometido [&hellip;]<\/p>\n","protected":false},"author":249,"featured_media":0,"parent":1973,"menu_order":1,"comment_status":"closed","ping_status":"closed","template":"","meta":{"footnotes":""},"class_list":["post-197","page","type-page","status-publish","hentry"],"jetpack_sharing_enabled":true,"_links":{"self":[{"href":"https:\/\/wp.ufpel.edu.br\/nutricao\/wp-json\/wp\/v2\/pages\/197","targetHints":{"allow":["GET"]}}],"collection":[{"href":"https:\/\/wp.ufpel.edu.br\/nutricao\/wp-json\/wp\/v2\/pages"}],"about":[{"href":"https:\/\/wp.ufpel.edu.br\/nutricao\/wp-json\/wp\/v2\/types\/page"}],"author":[{"embeddable":true,"href":"https:\/\/wp.ufpel.edu.br\/nutricao\/wp-json\/wp\/v2\/users\/249"}],"replies":[{"embeddable":true,"href":"https:\/\/wp.ufpel.edu.br\/nutricao\/wp-json\/wp\/v2\/comments?post=197"}],"version-history":[{"count":6,"href":"https:\/\/wp.ufpel.edu.br\/nutricao\/wp-json\/wp\/v2\/pages\/197\/revisions"}],"predecessor-version":[{"id":1980,"href":"https:\/\/wp.ufpel.edu.br\/nutricao\/wp-json\/wp\/v2\/pages\/197\/revisions\/1980"}],"up":[{"embeddable":true,"href":"https:\/\/wp.ufpel.edu.br\/nutricao\/wp-json\/wp\/v2\/pages\/1973"}],"wp:attachment":[{"href":"https:\/\/wp.ufpel.edu.br\/nutricao\/wp-json\/wp\/v2\/media?parent=197"}],"curies":[{"name":"wp","href":"https:\/\/api.w.org\/{rel}","templated":true}]}}