{"id":186,"date":"2013-05-09T00:48:09","date_gmt":"2013-05-09T03:48:09","guid":{"rendered":"https:\/\/wp.ufpel.edu.br\/nutricao\/?page_id=186"},"modified":"2023-11-16T15:07:48","modified_gmt":"2023-11-16T18:07:48","slug":"tecnico-administrativos","status":"publish","type":"page","link":"https:\/\/wp.ufpel.edu.br\/nutricao\/servidores\/tecnico-administrativos\/","title":{"rendered":"T\u00e9cnico Administrativos"},"content":{"rendered":"<p>T\u00c9CNICOS ADMINISTRATIVOS<\/p>\n<div class=\"dados-cobalto cobalto-lista-servidores\"><ul class=\"sem-foto\"><li><a href=\"https:\/\/institucional.ufpel.edu.br\/servidores\/id\/139832\" target=\"_blank\">ANGELA DE SIQUEIRA CAMEJO<\/a><\/li><li><a href=\"https:\/\/institucional.ufpel.edu.br\/servidores\/id\/512\" target=\"_blank\">DIANE LESTON RODRIGUES<\/a><\/li><li><a href=\"https:\/\/institucional.ufpel.edu.br\/servidores\/id\/67060\" target=\"_blank\">EDUARDA COUTO PL\u00c1CIDO NUNES<\/a><\/li><li><a href=\"https:\/\/institucional.ufpel.edu.br\/servidores\/id\/32909\" target=\"_blank\">EVELISE SAMPAIO DA SILVA<\/a><span class=\"cobalto-label\">Chefe - N\u00facleo Administrativo - FN<\/span><\/li><li><a href=\"https:\/\/institucional.ufpel.edu.br\/servidores\/id\/1978\" target=\"_blank\">JO\u00c3O CARLOS ROEDEL HIRDES<\/a><\/li><li><a href=\"https:\/\/institucional.ufpel.edu.br\/servidores\/id\/33116\" target=\"_blank\">LARISSA AMARAL DE MATOS<\/a><\/li><li><a href=\"https:\/\/institucional.ufpel.edu.br\/servidores\/id\/133957\" target=\"_blank\">LAURA CARNEIRO DA ROSA ARANALDE<\/a><\/li><li><a href=\"https:\/\/institucional.ufpel.edu.br\/servidores\/id\/13976\" target=\"_blank\">LENON MEDEIROS BAUER<\/a><\/li><li><a href=\"https:\/\/institucional.ufpel.edu.br\/servidores\/id\/36576\" target=\"_blank\">MABEL NILSON ALVES<\/a><\/li><li><a href=\"https:\/\/institucional.ufpel.edu.br\/servidores\/id\/12471\" target=\"_blank\">MARILIA POLLNOW BONINI<\/a><\/li><li><a href=\"https:\/\/institucional.ufpel.edu.br\/servidores\/id\/38647\" target=\"_blank\">MARISA RUTH DUMMER<\/a><\/li><li><a href=\"https:\/\/institucional.ufpel.edu.br\/servidores\/id\/7939\" target=\"_blank\">PAULO VITOR LIMA PADILHA<\/a><span class=\"cobalto-label\">Secret\u00e1rio - Faculdade de Nutri\u00e7\u00e3o<\/span><\/li><li><a href=\"https:\/\/institucional.ufpel.edu.br\/servidores\/id\/66304\" target=\"_blank\">RAFAEL FARIAS RODRIGUES<\/a><\/li><li><a href=\"https:\/\/institucional.ufpel.edu.br\/servidores\/id\/77267\" target=\"_blank\">RENATA PEREIRA RAMIREZ<\/a><\/li><li><a href=\"https:\/\/institucional.ufpel.edu.br\/servidores\/id\/3341\" target=\"_blank\">ROSIMERI ROSSALES ROSSALES<\/a><\/li><li><a href=\"https:\/\/institucional.ufpel.edu.br\/servidores\/id\/140454\" target=\"_blank\">VINICIUS SOUTO MIRAPALHETE<\/a><\/li><\/ul><\/div>\n","protected":false},"excerpt":{"rendered":"<p>T\u00c9CNICOS ADMINISTRATIVOS<\/p>\n","protected":false},"author":231,"featured_media":0,"parent":182,"menu_order":2,"comment_status":"closed","ping_status":"closed","template":"","meta":{"footnotes":""},"class_list":["post-186","page","type-page","status-publish","hentry"],"jetpack_sharing_enabled":true,"_links":{"self":[{"href":"https:\/\/wp.ufpel.edu.br\/nutricao\/wp-json\/wp\/v2\/pages\/186","targetHints":{"allow":["GET"]}}],"collection":[{"href":"https:\/\/wp.ufpel.edu.br\/nutricao\/wp-json\/wp\/v2\/pages"}],"about":[{"href":"https:\/\/wp.ufpel.edu.br\/nutricao\/wp-json\/wp\/v2\/types\/page"}],"author":[{"embeddable":true,"href":"https:\/\/wp.ufpel.edu.br\/nutricao\/wp-json\/wp\/v2\/users\/231"}],"replies":[{"embeddable":true,"href":"https:\/\/wp.ufpel.edu.br\/nutricao\/wp-json\/wp\/v2\/comments?post=186"}],"version-history":[{"count":19,"href":"https:\/\/wp.ufpel.edu.br\/nutricao\/wp-json\/wp\/v2\/pages\/186\/revisions"}],"predecessor-version":[{"id":2005,"href":"https:\/\/wp.ufpel.edu.br\/nutricao\/wp-json\/wp\/v2\/pages\/186\/revisions\/2005"}],"up":[{"embeddable":true,"href":"https:\/\/wp.ufpel.edu.br\/nutricao\/wp-json\/wp\/v2\/pages\/182"}],"wp:attachment":[{"href":"https:\/\/wp.ufpel.edu.br\/nutricao\/wp-json\/wp\/v2\/media?parent=186"}],"curies":[{"name":"wp","href":"https:\/\/api.w.org\/{rel}","templated":true}]}}