{"id":175,"date":"2013-05-08T15:45:36","date_gmt":"2013-05-08T18:45:36","guid":{"rendered":"https:\/\/wp.ufpel.edu.br\/nutricao\/?page_id=175"},"modified":"2013-05-24T18:35:26","modified_gmt":"2013-05-24T21:35:26","slug":"prestacao-de-servicos","status":"publish","type":"page","link":"https:\/\/wp.ufpel.edu.br\/nutricao\/laboratorios\/prestacao-de-servicos\/","title":{"rendered":"Presta\u00e7\u00e3o de Servi\u00e7os"},"content":{"rendered":"<p><strong>Coordenadora:\u00a0Kelly Lameiro Rodrigues<\/strong><\/p>\n<p>Presta\u00e7\u00e3o de servi\u00e7os em an\u00e1lises de alimentos<\/p>\n","protected":false},"excerpt":{"rendered":"<p>Coordenadora:\u00a0Kelly Lameiro Rodrigues Presta\u00e7\u00e3o de servi\u00e7os em an\u00e1lises de alimentos<\/p>\n","protected":false},"author":249,"featured_media":0,"parent":57,"menu_order":0,"comment_status":"closed","ping_status":"closed","template":"","meta":{"footnotes":""},"class_list":["post-175","page","type-page","status-publish","hentry"],"jetpack_sharing_enabled":true,"_links":{"self":[{"href":"https:\/\/wp.ufpel.edu.br\/nutricao\/wp-json\/wp\/v2\/pages\/175","targetHints":{"allow":["GET"]}}],"collection":[{"href":"https:\/\/wp.ufpel.edu.br\/nutricao\/wp-json\/wp\/v2\/pages"}],"about":[{"href":"https:\/\/wp.ufpel.edu.br\/nutricao\/wp-json\/wp\/v2\/types\/page"}],"author":[{"embeddable":true,"href":"https:\/\/wp.ufpel.edu.br\/nutricao\/wp-json\/wp\/v2\/users\/249"}],"replies":[{"embeddable":true,"href":"https:\/\/wp.ufpel.edu.br\/nutricao\/wp-json\/wp\/v2\/comments?post=175"}],"version-history":[{"count":3,"href":"https:\/\/wp.ufpel.edu.br\/nutricao\/wp-json\/wp\/v2\/pages\/175\/revisions"}],"predecessor-version":[{"id":287,"href":"https:\/\/wp.ufpel.edu.br\/nutricao\/wp-json\/wp\/v2\/pages\/175\/revisions\/287"}],"up":[{"embeddable":true,"href":"https:\/\/wp.ufpel.edu.br\/nutricao\/wp-json\/wp\/v2\/pages\/57"}],"wp:attachment":[{"href":"https:\/\/wp.ufpel.edu.br\/nutricao\/wp-json\/wp\/v2\/media?parent=175"}],"curies":[{"name":"wp","href":"https:\/\/api.w.org\/{rel}","templated":true}]}}