{"id":171,"date":"2013-05-08T15:43:02","date_gmt":"2013-05-08T18:43:02","guid":{"rendered":"https:\/\/wp.ufpel.edu.br\/nutricao\/?page_id=171"},"modified":"2014-06-09T15:38:07","modified_gmt":"2014-06-09T18:38:07","slug":"bromatologia","status":"publish","type":"page","link":"https:\/\/wp.ufpel.edu.br\/nutricao\/laboratorios\/bromatologia\/","title":{"rendered":"Bromatologia"},"content":{"rendered":"<p><strong>Coordenadora:\u00a0Fabiana Torma Botelho<\/strong><\/p>\n<p>Capacidade de Atendimento: 32 alunos\/turma<br \/>\nTurno: M\/T<br \/>\nCursos Atendidos: Nutri\u00e7\u00e3o<\/p>\n<p>Link para o site espec\u00edfico do Lab. de Bromatologia:<br \/>\n<span style=\"color: #444444\">\u00a0<\/span><a style=\"color: #0068cf\" href=\"https:\/\/wp.ufpel.edu.br\/nutricaobromatologia\/\" target=\"_blank\">https:\/\/wp.ufpel.edu.br\/nutricaobromatologia\/<\/a><\/p>\n","protected":false},"excerpt":{"rendered":"<p>Coordenadora:\u00a0Fabiana Torma Botelho Capacidade de Atendimento: 32 alunos\/turma Turno: M\/T Cursos Atendidos: Nutri\u00e7\u00e3o Link para o site espec\u00edfico do Lab. de Bromatologia: \u00a0https:\/\/wp.ufpel.edu.br\/nutricaobromatologia\/<\/p>\n","protected":false},"author":249,"featured_media":0,"parent":57,"menu_order":0,"comment_status":"closed","ping_status":"closed","template":"","meta":{"footnotes":""},"class_list":["post-171","page","type-page","status-publish","hentry"],"jetpack_sharing_enabled":true,"_links":{"self":[{"href":"https:\/\/wp.ufpel.edu.br\/nutricao\/wp-json\/wp\/v2\/pages\/171","targetHints":{"allow":["GET"]}}],"collection":[{"href":"https:\/\/wp.ufpel.edu.br\/nutricao\/wp-json\/wp\/v2\/pages"}],"about":[{"href":"https:\/\/wp.ufpel.edu.br\/nutricao\/wp-json\/wp\/v2\/types\/page"}],"author":[{"embeddable":true,"href":"https:\/\/wp.ufpel.edu.br\/nutricao\/wp-json\/wp\/v2\/users\/249"}],"replies":[{"embeddable":true,"href":"https:\/\/wp.ufpel.edu.br\/nutricao\/wp-json\/wp\/v2\/comments?post=171"}],"version-history":[{"count":3,"href":"https:\/\/wp.ufpel.edu.br\/nutricao\/wp-json\/wp\/v2\/pages\/171\/revisions"}],"predecessor-version":[{"id":436,"href":"https:\/\/wp.ufpel.edu.br\/nutricao\/wp-json\/wp\/v2\/pages\/171\/revisions\/436"}],"up":[{"embeddable":true,"href":"https:\/\/wp.ufpel.edu.br\/nutricao\/wp-json\/wp\/v2\/pages\/57"}],"wp:attachment":[{"href":"https:\/\/wp.ufpel.edu.br\/nutricao\/wp-json\/wp\/v2\/media?parent=171"}],"curies":[{"name":"wp","href":"https:\/\/api.w.org\/{rel}","templated":true}]}}