{"id":12,"date":"2013-03-19T18:20:20","date_gmt":"2013-03-19T21:20:20","guid":{"rendered":"https:\/\/wp.ufpel.edu.br\/nutricao\/?page_id=12"},"modified":"2016-11-24T16:17:43","modified_gmt":"2016-11-24T18:17:43","slug":"contatos","status":"publish","type":"page","link":"https:\/\/wp.ufpel.edu.br\/nutricao\/contatos\/","title":{"rendered":"Contatos"},"content":{"rendered":"<table width=\"446\">\n<tbody>\n<tr>\n<td width=\"218\"><strong>Setor<\/strong><\/td>\n<td width=\"76\"><strong>Sala<\/strong><\/td>\n<td width=\"76\"><strong>N\u00famero<\/strong><\/td>\n<td width=\"75\"><strong>\u00a0Ramal<\/strong><\/td>\n<\/tr>\n<tr>\n<td width=\"218\">Secretaria da Dire\u00e7\u00e3o<\/td>\n<td width=\"76\">228 B<\/td>\n<td width=\"76\">32843830<\/td>\n<td width=\"75\">3830<\/td>\n<\/tr>\n<tr>\n<td width=\"218\">Dire\u00e7\u00e3o<\/td>\n<td width=\"76\">228 B<\/td>\n<td width=\"76\">32843831<\/td>\n<td width=\"75\">3831<\/td>\n<\/tr>\n<tr>\n<td width=\"218\">Lab. Nutrifisiogenomica e Metabologia e Lab. Bromatologia<\/td>\n<td width=\"76\">239 e 236<\/td>\n<td width=\"76\">32843832<\/td>\n<td width=\"75\">3832<\/td>\n<\/tr>\n<tr>\n<td width=\"218\">Departamento de Nutri\u00e7\u00e3o<\/td>\n<td width=\"76\">227 B<\/td>\n<td width=\"76\">32843834<\/td>\n<td width=\"75\">3834<\/td>\n<\/tr>\n<tr>\n<td width=\"218\">Colegiado P\u00f3s-Gradua\u00e7\u00e3o<\/td>\n<td width=\"76\">227 B<\/td>\n<td width=\"76\">32843835<\/td>\n<td width=\"75\">3835<\/td>\n<\/tr>\n<tr>\n<td width=\"218\">Nutri\u00e7\u00e3o &#8211; Laborat\u00f3rio Microbiologia<\/td>\n<td width=\"76\">241<\/td>\n<td width=\"76\">32843836<\/td>\n<td width=\"75\">3836<\/td>\n<\/tr>\n<tr>\n<td width=\"218\">Colegiado do Curso de Gastronomia<\/td>\n<td width=\"76\">222<\/td>\n<td width=\"76\">32843837<\/td>\n<td width=\"75\">3837<\/td>\n<\/tr>\n<tr>\n<td width=\"218\">Colegiado do Curso de Nutri\u00e7\u00e3o<\/td>\n<td width=\"76\">223<\/td>\n<td width=\"76\">32843838<\/td>\n<td width=\"75\">3838<\/td>\n<\/tr>\n<\/tbody>\n<\/table>\n<p>&nbsp;<\/p>\n<p><strong>E-mail:<\/strong> <a href=\"mailto:fac.nutricao@gmail.com\">fac.nutricao@gmail.com<\/a><\/p>\n<p><strong>Endere\u00e7o<\/strong>:<br \/>\nFaculade de Nutri\u00e7\u00e3o<br \/>\nUniversidade Federal de Pelotas<br \/>\nCampus Anglo<br \/>\nRua Gomes Carneiro, n\u00ba1<br \/>\nCEP 96010-610<br \/>\nPelotas, RS , Brasil<\/p>\n","protected":false},"excerpt":{"rendered":"<p>Setor Sala N\u00famero \u00a0Ramal Secretaria da Dire\u00e7\u00e3o 228 B 32843830 3830 Dire\u00e7\u00e3o 228 B 32843831 3831 Lab. Nutrifisiogenomica e Metabologia e Lab. Bromatologia 239 e 236 32843832 3832 Departamento de Nutri\u00e7\u00e3o 227 B 32843834 3834 Colegiado P\u00f3s-Gradua\u00e7\u00e3o 227 B 32843835 3835 Nutri\u00e7\u00e3o &#8211; Laborat\u00f3rio Microbiologia 241 32843836 3836 Colegiado do Curso de Gastronomia 222 32843837 [&hellip;]<\/p>\n","protected":false},"author":231,"featured_media":0,"parent":0,"menu_order":9,"comment_status":"closed","ping_status":"closed","template":"","meta":{"footnotes":""},"class_list":["post-12","page","type-page","status-publish","hentry"],"jetpack_sharing_enabled":true,"_links":{"self":[{"href":"https:\/\/wp.ufpel.edu.br\/nutricao\/wp-json\/wp\/v2\/pages\/12","targetHints":{"allow":["GET"]}}],"collection":[{"href":"https:\/\/wp.ufpel.edu.br\/nutricao\/wp-json\/wp\/v2\/pages"}],"about":[{"href":"https:\/\/wp.ufpel.edu.br\/nutricao\/wp-json\/wp\/v2\/types\/page"}],"author":[{"embeddable":true,"href":"https:\/\/wp.ufpel.edu.br\/nutricao\/wp-json\/wp\/v2\/users\/231"}],"replies":[{"embeddable":true,"href":"https:\/\/wp.ufpel.edu.br\/nutricao\/wp-json\/wp\/v2\/comments?post=12"}],"version-history":[{"count":12,"href":"https:\/\/wp.ufpel.edu.br\/nutricao\/wp-json\/wp\/v2\/pages\/12\/revisions"}],"predecessor-version":[{"id":657,"href":"https:\/\/wp.ufpel.edu.br\/nutricao\/wp-json\/wp\/v2\/pages\/12\/revisions\/657"}],"wp:attachment":[{"href":"https:\/\/wp.ufpel.edu.br\/nutricao\/wp-json\/wp\/v2\/media?parent=12"}],"curies":[{"name":"wp","href":"https:\/\/api.w.org\/{rel}","templated":true}]}}