{"id":8,"date":"2021-08-02T17:10:44","date_gmt":"2021-08-02T20:10:44","guid":{"rendered":"https:\/\/wp.ufpel.edu.br\/nuseg\/?page_id=8"},"modified":"2025-07-02T16:25:26","modified_gmt":"2025-07-02T19:25:26","slug":"apresentacao","status":"publish","type":"page","link":"https:\/\/wp.ufpel.edu.br\/nuseg\/apresentacao\/","title":{"rendered":"Apresenta\u00e7\u00e3o"},"content":{"rendered":"<p class=\"has-black-color has-text-color has-regular-font-size\" style=\"text-align: left;\"><strong><img class=\"size-full wp-image-32 alignleft\" src=\"https:\/\/wp.ufpel.edu.br\/nuseg\/files\/2021\/08\/estrutura.jpg\" alt=\"\" width=\"168\" height=\"259\" \/><\/strong><\/p>\n<h1 class=\"has-black-color has-text-color has-regular-font-size\" style=\"text-align: left;\"><strong>N\u00daCLEO DE SEGURAN\u00c7A<\/strong><\/h1>\n<p class=\"has-black-color has-text-color has-regular-font-size\" style=\"text-align: left;\">L\u00daCIO FL\u00c1VIO GON\u00c7ALVES (Chefe do N\u00facleo)<br \/>\nANDERSON FERREIRA RODRIGUES (UASEG)<\/p>\n<p style=\"text-align: left;\">Endere\u00e7o: Rua Gomes Carneiro, 01, Sala 408A, 4\u00ba Andar<br \/>\nBloco B, Campus Anglo, Centro, Pelotas-RS, CEP 96010-610<\/p>\n<p class=\"has-black-color has-text-color has-regular-font-size\" style=\"text-align: left;\">E-mail:\u00a0<a href=\"mailto:terceirizados@ufpel.edu.br\">seguranca@ufpel.edu.br<\/a><br \/>\nTelefone: +55 (53) 3284-3906<\/p>\n<p>O N\u00facleo de Seguran\u00e7a \u00e9 respons\u00e1vel pela seguran\u00e7a da comunidade acad\u00eamica e do patrim\u00f4nio p\u00fablico.<\/p>\n","protected":false},"excerpt":{"rendered":"<p>N\u00daCLEO DE SEGURAN\u00c7A L\u00daCIO FL\u00c1VIO GON\u00c7ALVES (Chefe do N\u00facleo) ANDERSON FERREIRA RODRIGUES (UASEG) Endere\u00e7o: Rua Gomes Carneiro, 01, Sala 408A, 4\u00ba Andar Bloco B, Campus Anglo, Centro, Pelotas-RS, CEP 96010-610 E-mail:\u00a0seguranca@ufpel.edu.br Telefone: +55 (53) 3284-3906 O N\u00facleo de Seguran\u00e7a \u00e9 respons\u00e1vel pela seguran\u00e7a da comunidade acad\u00eamica e do patrim\u00f4nio p\u00fablico.<\/p>\n","protected":false},"author":790,"featured_media":0,"parent":0,"menu_order":0,"comment_status":"closed","ping_status":"closed","template":"","meta":{"footnotes":""},"class_list":["post-8","page","type-page","status-publish","hentry"],"publishpress_future_action":{"enabled":false,"date":"2026-05-04 17:07:24","action":"change-status","newStatus":"draft","terms":[],"taxonomy":"","extraData":[]},"publishpress_future_workflow_manual_trigger":{"enabledWorkflows":[]},"_links":{"self":[{"href":"https:\/\/wp.ufpel.edu.br\/nuseg\/wp-json\/wp\/v2\/pages\/8","targetHints":{"allow":["GET"]}}],"collection":[{"href":"https:\/\/wp.ufpel.edu.br\/nuseg\/wp-json\/wp\/v2\/pages"}],"about":[{"href":"https:\/\/wp.ufpel.edu.br\/nuseg\/wp-json\/wp\/v2\/types\/page"}],"author":[{"embeddable":true,"href":"https:\/\/wp.ufpel.edu.br\/nuseg\/wp-json\/wp\/v2\/users\/790"}],"replies":[{"embeddable":true,"href":"https:\/\/wp.ufpel.edu.br\/nuseg\/wp-json\/wp\/v2\/comments?post=8"}],"version-history":[{"count":13,"href":"https:\/\/wp.ufpel.edu.br\/nuseg\/wp-json\/wp\/v2\/pages\/8\/revisions"}],"predecessor-version":[{"id":264,"href":"https:\/\/wp.ufpel.edu.br\/nuseg\/wp-json\/wp\/v2\/pages\/8\/revisions\/264"}],"wp:attachment":[{"href":"https:\/\/wp.ufpel.edu.br\/nuseg\/wp-json\/wp\/v2\/media?parent=8"}],"curies":[{"name":"wp","href":"https:\/\/api.w.org\/{rel}","templated":true}]}}