{"id":796,"date":"2024-07-11T15:55:24","date_gmt":"2024-07-11T18:55:24","guid":{"rendered":"https:\/\/wp.ufpel.edu.br\/nurfs\/?page_id=796"},"modified":"2024-07-15T20:35:12","modified_gmt":"2024-07-15T23:35:12","slug":"agendamentos","status":"publish","type":"page","link":"https:\/\/wp.ufpel.edu.br\/nurfs\/agendamentos\/","title":{"rendered":"AGENDAMENTOS"},"content":{"rendered":"<p style=\"text-align: justify;\"><span style=\"font-family: arial, helvetica, sans-serif;\">O NURFS possui uma hist\u00f3ria de mais de 20 anos dedicados \u00e0 pesquisa, ensino e extens\u00e3o, comprometido em promover o conhecimento cient\u00edfico para a conserva\u00e7\u00e3o das esp\u00e9cies silvestres brasileiras.<\/span><\/p>\n<p style=\"text-align: justify;\"><span style=\"font-family: arial, helvetica, sans-serif;\">Durante essas d\u00e9cadas de trabalho, o NURFS alcan\u00e7ou diversas conquistas que contribu\u00edram significativamente para melhorar a infraestrutura destinada \u00e0 reabilita\u00e7\u00e3o e manuten\u00e7\u00e3o de animais silvestres, al\u00e9m da aquisi\u00e7\u00e3o de equipamentos essenciais para nossas atividades de pesquisa e ensino. Esses avan\u00e7os foram poss\u00edveis gra\u00e7as ao apoio de institui\u00e7\u00f5es de fomento como CNPq, Capes, FAPERGS, e recursos\u00a0da\u00a0UFPel.<\/span><\/p>\n<p style=\"text-align: justify;\"><span style=\"font-family: arial, helvetica, sans-serif;\">Nossa casu\u00edstica de atendimento a animais silvestres possibilita a coleta de material biol\u00f3gico para diversas pesquisas. Nossa estrutura \u00e9 multiusu\u00e1ria, o que significa que, mediante aprova\u00e7\u00e3o dos projetos pelas inst\u00e2ncias respons\u00e1veis (Comiss\u00e3o de \u00c9tica no Uso de Animais da UFPel e SISBIO), est\u00e1 dispon\u00edvel para a comunidade acad\u00eamica, desde que as coletas n\u00e3o interfiram na recupera\u00e7\u00e3o dos animais em processo de reabilita\u00e7\u00e3o. Para agendar a execu\u00e7\u00e3o de projetos, solicitamos que entre em contato pelo e-mail nurfs.ufpel@gmail.com. Recomendamos verificar a disponibilidade da equipe para auxiliar na coleta\u00a0dos\u00a0materiais.<\/span><\/p>\n<p><span style=\"font-size: 14pt;\"><strong>LINKS RELACIONADOS:<\/strong><\/span><\/p>\n<p><span style=\"font-size: 14pt;\"><a href=\"https:\/\/docs.google.com\/document\/d\/1MRl_CGiuLjgbdrppIMe8v1-cM6_fBB1y\/edit\"><em><strong>Orienta\u00e7\u00f5es para Coleta de Material Biol\u00f3gico<\/strong><\/em><\/a> <\/span><\/p>\n<p><span style=\"font-size: 14pt;\"><a href=\"https:\/\/docs.google.com\/document\/d\/1aUVd4IttsWRqzv09KKOtcEhppv_YSKjA\/edit\"><em><strong>Termo para Coleta de Material Biol\u00f3gico no NURFS\/UFPel<\/strong><\/em><\/a><\/span><\/p>\n<p><span style=\"font-size: 14pt;\"><a href=\"https:\/\/docs.google.com\/document\/d\/1bDl5DuWlG_JBcl5Llb7sXPmMGYZQv7TR\/edit\"><em><strong>Solicita\u00e7\u00e3o para Coleta de Material Biol\u00f3gico<\/strong><\/em><\/a><\/span><\/p>\n<p><span style=\"font-size: 18pt;\"><span style=\"font-size: 14pt;\"><a href=\"https:\/\/docs.google.com\/spreadsheets\/d\/1ALpqd4a44OJystUbPvPIhJVIlsUzcp6Vdbhnwe7o6lg\/edit?gid=0#gid=0\"><em><strong>Calend\u00e1rio de agendamento<\/strong><\/em><\/a><\/span> <span style=\"font-size: 12pt;\"><strong>(verifica\u00e7\u00e3o da disponibilidade)<\/strong><\/span><\/span><\/p>\n<p>&nbsp;<\/p>\n<p>&nbsp;<\/p>\n<p>&nbsp;<\/p>\n","protected":false},"excerpt":{"rendered":"<p>O NURFS possui uma hist\u00f3ria de mais de 20 anos dedicados \u00e0 pesquisa, ensino e extens\u00e3o, comprometido em promover o conhecimento cient\u00edfico para a conserva\u00e7\u00e3o das esp\u00e9cies silvestres brasileiras. Durante essas d\u00e9cadas de trabalho, o NURFS alcan\u00e7ou diversas conquistas que contribu\u00edram significativamente para melhorar a infraestrutura destinada \u00e0 reabilita\u00e7\u00e3o e manuten\u00e7\u00e3o de animais silvestres, al\u00e9m &hellip; <a href=\"https:\/\/wp.ufpel.edu.br\/nurfs\/agendamentos\/\" class=\"more-link\">Continue lendo <span class=\"screen-reader-text\">AGENDAMENTOS<\/span> <span class=\"meta-nav\">&rarr;<\/span><\/a><\/p>\n","protected":false},"author":497,"featured_media":0,"parent":0,"menu_order":0,"comment_status":"closed","ping_status":"closed","template":"","meta":{"jetpack_post_was_ever_published":false,"footnotes":""},"class_list":["post-796","page","type-page","status-publish","hentry"],"jetpack_sharing_enabled":true,"jetpack_shortlink":"https:\/\/wp.me\/PayWi1-cQ","jetpack-related-posts":[],"_links":{"self":[{"href":"https:\/\/wp.ufpel.edu.br\/nurfs\/wp-json\/wp\/v2\/pages\/796","targetHints":{"allow":["GET"]}}],"collection":[{"href":"https:\/\/wp.ufpel.edu.br\/nurfs\/wp-json\/wp\/v2\/pages"}],"about":[{"href":"https:\/\/wp.ufpel.edu.br\/nurfs\/wp-json\/wp\/v2\/types\/page"}],"author":[{"embeddable":true,"href":"https:\/\/wp.ufpel.edu.br\/nurfs\/wp-json\/wp\/v2\/users\/497"}],"replies":[{"embeddable":true,"href":"https:\/\/wp.ufpel.edu.br\/nurfs\/wp-json\/wp\/v2\/comments?post=796"}],"version-history":[{"count":5,"href":"https:\/\/wp.ufpel.edu.br\/nurfs\/wp-json\/wp\/v2\/pages\/796\/revisions"}],"predecessor-version":[{"id":829,"href":"https:\/\/wp.ufpel.edu.br\/nurfs\/wp-json\/wp\/v2\/pages\/796\/revisions\/829"}],"wp:attachment":[{"href":"https:\/\/wp.ufpel.edu.br\/nurfs\/wp-json\/wp\/v2\/media?parent=796"}],"curies":[{"name":"wp","href":"https:\/\/api.w.org\/{rel}","templated":true}]}}