{"id":715,"date":"2024-07-10T14:07:49","date_gmt":"2024-07-10T17:07:49","guid":{"rendered":"https:\/\/wp.ufpel.edu.br\/nurfs\/?page_id=715"},"modified":"2024-07-12T22:31:03","modified_gmt":"2024-07-13T01:31:03","slug":"pesquisa","status":"publish","type":"page","link":"https:\/\/wp.ufpel.edu.br\/nurfs\/pesquisa\/","title":{"rendered":"PESQUISA"},"content":{"rendered":"<p style=\"text-align: justify;\"><span style=\"font-family: arial, helvetica, sans-serif;\">No NURFS, s\u00e3o conduzidas pesquisas focadas no manejo e na cl\u00ednica de animais silvestres. Estas atividades est\u00e3o integradas a projetos de pesquisa liderados por pesquisadores, profissionais t\u00e9cnicos do N\u00facleo e colaboradores externos. S\u00e3o desenvolvidos estudos relacionados \u00e0 Inicia\u00e7\u00e3o Cient\u00edfica, Monografias, Disserta\u00e7\u00f5es e Teses.<\/span><\/p>\n<p style=\"text-align: justify;\"><span style=\"font-family: arial, helvetica, sans-serif;\"><br \/>\nA pesquisa abrange diretamente a biologia e a cl\u00ednica m\u00e9dica veterin\u00e1ria dos animais silvestres, explorando aspectos como alimenta\u00e7\u00e3o, transporte, conten\u00e7\u00e3o, reprodu\u00e7\u00e3o, morfologia (macro e microsc\u00f3pica), fisiologia, parasitologia, microbiologia, cl\u00ednica, exames complementares de diagn\u00f3sticos e cirurgias, entre outros. Os resultados obtidos em experimenta\u00e7\u00f5es devidamente registrados e autorizados s\u00e3o divulgados em peri\u00f3dicos, semin\u00e1rios, congressos e revistas especializadas.<br \/>\nEssas iniciativas t\u00eam contribu\u00eddo significativamente para a produ\u00e7\u00e3o e dissemina\u00e7\u00e3o de dados relevantes, fundamentais para a melhoria das condi\u00e7\u00f5es de manejo de animais silvestres em cativeiro e, quando poss\u00edvel, para sua reintrodu\u00e7\u00e3o ao meio ambiente. Os profissionais do NURFS orientam e coorientam as atividades previstas nos projetos de pesquisa, que geralmente t\u00eam dura\u00e7\u00e3o anual e seguem um calend\u00e1rio distinto ao acad\u00eamico da UFPEL.<\/span><\/p>\n<p style=\"text-align: justify;\"><span style=\"font-family: arial, helvetica, sans-serif;\"><br \/>\nO financiamento das atividades est\u00e1 vinculado aos projetos de pesquisa e seus conv\u00eanios correspondentes. O NURFS disponibiliza infraestrutura para o desenvolvimento das atividades e conta com o apoio de unidades colaboradoras da UFPEL, como o Hospital de Cl\u00ednicas Veterin\u00e1rias e os laborat\u00f3rios do Instituto de Biologia e da Faculdade de Veterin\u00e1ria (Microbiologia, Parasitologia, Gen\u00e9tica, Zoologia, Histologia, Anatomia\u00a0e\u00a0Bot\u00e2nica).<\/span><\/p>\n<p><a href=\"https:\/\/i0.wp.com\/wp.ufpel.edu.br\/nurfs\/files\/2024\/07\/Imagem-do-WhatsApp-de-2024-07-12-as-21.15.50_d7b9d5f7.jpg?ssl=1\"><img data-recalc-dims=\"1\" loading=\"lazy\" decoding=\"async\" data-attachment-id=\"818\" data-permalink=\"https:\/\/wp.ufpel.edu.br\/nurfs\/pesquisa\/imagem-do-whatsapp-de-2024-07-12-as-21-15-50_d7b9d5f7\/\" data-orig-file=\"https:\/\/i0.wp.com\/wp.ufpel.edu.br\/nurfs\/files\/2024\/07\/Imagem-do-WhatsApp-de-2024-07-12-as-21.15.50_d7b9d5f7.jpg?fit=1600%2C1200&amp;ssl=1\" data-orig-size=\"1600,1200\" data-comments-opened=\"0\" data-image-meta=\"{&quot;aperture&quot;:&quot;0&quot;,&quot;credit&quot;:&quot;&quot;,&quot;camera&quot;:&quot;&quot;,&quot;caption&quot;:&quot;&quot;,&quot;created_timestamp&quot;:&quot;0&quot;,&quot;copyright&quot;:&quot;&quot;,&quot;focal_length&quot;:&quot;0&quot;,&quot;iso&quot;:&quot;0&quot;,&quot;shutter_speed&quot;:&quot;0&quot;,&quot;title&quot;:&quot;&quot;,&quot;orientation&quot;:&quot;0&quot;}\" data-image-title=\"Imagem do WhatsApp de 2024-07-12 \u00e0(s) 21.15.50_d7b9d5f7\" data-image-description=\"\" data-image-caption=\"\" data-medium-file=\"https:\/\/i0.wp.com\/wp.ufpel.edu.br\/nurfs\/files\/2024\/07\/Imagem-do-WhatsApp-de-2024-07-12-as-21.15.50_d7b9d5f7.jpg?fit=424%2C318&amp;ssl=1\" data-large-file=\"https:\/\/i0.wp.com\/wp.ufpel.edu.br\/nurfs\/files\/2024\/07\/Imagem-do-WhatsApp-de-2024-07-12-as-21.15.50_d7b9d5f7.jpg?fit=474%2C106&amp;ssl=1\" class=\"aligncenter wp-image-818 size-full\" src=\"https:\/\/i0.wp.com\/wp.ufpel.edu.br\/nurfs\/files\/2024\/07\/Imagem-do-WhatsApp-de-2024-07-12-as-21.15.50_d7b9d5f7.jpg?resize=474%2C356&#038;ssl=1\" alt=\"\" width=\"474\" height=\"356\" srcset=\"https:\/\/i0.wp.com\/wp.ufpel.edu.br\/nurfs\/files\/2024\/07\/Imagem-do-WhatsApp-de-2024-07-12-as-21.15.50_d7b9d5f7.jpg?w=1600&amp;ssl=1 1600w, https:\/\/i0.wp.com\/wp.ufpel.edu.br\/nurfs\/files\/2024\/07\/Imagem-do-WhatsApp-de-2024-07-12-as-21.15.50_d7b9d5f7.jpg?resize=424%2C318&amp;ssl=1 424w, https:\/\/i0.wp.com\/wp.ufpel.edu.br\/nurfs\/files\/2024\/07\/Imagem-do-WhatsApp-de-2024-07-12-as-21.15.50_d7b9d5f7.jpg?resize=212%2C159&amp;ssl=1 212w, https:\/\/i0.wp.com\/wp.ufpel.edu.br\/nurfs\/files\/2024\/07\/Imagem-do-WhatsApp-de-2024-07-12-as-21.15.50_d7b9d5f7.jpg?resize=768%2C576&amp;ssl=1 768w, https:\/\/i0.wp.com\/wp.ufpel.edu.br\/nurfs\/files\/2024\/07\/Imagem-do-WhatsApp-de-2024-07-12-as-21.15.50_d7b9d5f7.jpg?resize=1536%2C1152&amp;ssl=1 1536w, https:\/\/i0.wp.com\/wp.ufpel.edu.br\/nurfs\/files\/2024\/07\/Imagem-do-WhatsApp-de-2024-07-12-as-21.15.50_d7b9d5f7.jpg?w=948&amp;ssl=1 948w, https:\/\/i0.wp.com\/wp.ufpel.edu.br\/nurfs\/files\/2024\/07\/Imagem-do-WhatsApp-de-2024-07-12-as-21.15.50_d7b9d5f7.jpg?w=1422&amp;ssl=1 1422w\" sizes=\"auto, (max-width: 474px) 100vw, 474px\" \/><\/a><span style=\"font-family: arial, helvetica, sans-serif;\"><a href=\"https:\/\/i0.wp.com\/wp.ufpel.edu.br\/nurfs\/files\/2024\/07\/Imagem-do-WhatsApp-de-2024-07-11-as-16.11.13_cdfd541e-scaled.jpg?ssl=1\"><img data-recalc-dims=\"1\" loading=\"lazy\" decoding=\"async\" data-attachment-id=\"810\" data-permalink=\"https:\/\/wp.ufpel.edu.br\/nurfs\/pesquisa\/imagem-do-whatsapp-de-2024-07-11-as-16-11-13_cdfd541e\/\" data-orig-file=\"https:\/\/i0.wp.com\/wp.ufpel.edu.br\/nurfs\/files\/2024\/07\/Imagem-do-WhatsApp-de-2024-07-11-as-16.11.13_cdfd541e-scaled.jpg?fit=1920%2C2560&amp;ssl=1\" data-orig-size=\"1920,2560\" data-comments-opened=\"0\" data-image-meta=\"{&quot;aperture&quot;:&quot;0&quot;,&quot;credit&quot;:&quot;&quot;,&quot;camera&quot;:&quot;&quot;,&quot;caption&quot;:&quot;&quot;,&quot;created_timestamp&quot;:&quot;0&quot;,&quot;copyright&quot;:&quot;&quot;,&quot;focal_length&quot;:&quot;0&quot;,&quot;iso&quot;:&quot;0&quot;,&quot;shutter_speed&quot;:&quot;0&quot;,&quot;title&quot;:&quot;&quot;,&quot;orientation&quot;:&quot;0&quot;}\" data-image-title=\"Imagem do WhatsApp de 2024-07-11 \u00e0(s) 16.11.13_cdfd541e\" data-image-description=\"\" data-image-caption=\"\" data-medium-file=\"https:\/\/i0.wp.com\/wp.ufpel.edu.br\/nurfs\/files\/2024\/07\/Imagem-do-WhatsApp-de-2024-07-11-as-16.11.13_cdfd541e-scaled.jpg?fit=239%2C318&amp;ssl=1\" data-large-file=\"https:\/\/i0.wp.com\/wp.ufpel.edu.br\/nurfs\/files\/2024\/07\/Imagem-do-WhatsApp-de-2024-07-11-as-16.11.13_cdfd541e-scaled.jpg?fit=474%2C106&amp;ssl=1\" class=\"aligncenter wp-image-810 size-full\" src=\"https:\/\/i0.wp.com\/wp.ufpel.edu.br\/nurfs\/files\/2024\/07\/Imagem-do-WhatsApp-de-2024-07-11-as-16.11.13_cdfd541e-scaled.jpg?resize=474%2C632&#038;ssl=1\" alt=\"\" width=\"474\" height=\"632\" srcset=\"https:\/\/i0.wp.com\/wp.ufpel.edu.br\/nurfs\/files\/2024\/07\/Imagem-do-WhatsApp-de-2024-07-11-as-16.11.13_cdfd541e-scaled.jpg?w=1920&amp;ssl=1 1920w, https:\/\/i0.wp.com\/wp.ufpel.edu.br\/nurfs\/files\/2024\/07\/Imagem-do-WhatsApp-de-2024-07-11-as-16.11.13_cdfd541e-scaled.jpg?resize=239%2C318&amp;ssl=1 239w, https:\/\/i0.wp.com\/wp.ufpel.edu.br\/nurfs\/files\/2024\/07\/Imagem-do-WhatsApp-de-2024-07-11-as-16.11.13_cdfd541e-scaled.jpg?resize=119%2C159&amp;ssl=1 119w, https:\/\/i0.wp.com\/wp.ufpel.edu.br\/nurfs\/files\/2024\/07\/Imagem-do-WhatsApp-de-2024-07-11-as-16.11.13_cdfd541e-scaled.jpg?resize=768%2C1024&amp;ssl=1 768w, https:\/\/i0.wp.com\/wp.ufpel.edu.br\/nurfs\/files\/2024\/07\/Imagem-do-WhatsApp-de-2024-07-11-as-16.11.13_cdfd541e-scaled.jpg?resize=1152%2C1536&amp;ssl=1 1152w, https:\/\/i0.wp.com\/wp.ufpel.edu.br\/nurfs\/files\/2024\/07\/Imagem-do-WhatsApp-de-2024-07-11-as-16.11.13_cdfd541e-scaled.jpg?resize=1536%2C2048&amp;ssl=1 1536w, https:\/\/i0.wp.com\/wp.ufpel.edu.br\/nurfs\/files\/2024\/07\/Imagem-do-WhatsApp-de-2024-07-11-as-16.11.13_cdfd541e-scaled.jpg?w=948&amp;ssl=1 948w, https:\/\/i0.wp.com\/wp.ufpel.edu.br\/nurfs\/files\/2024\/07\/Imagem-do-WhatsApp-de-2024-07-11-as-16.11.13_cdfd541e-scaled.jpg?w=1422&amp;ssl=1 1422w\" sizes=\"auto, (max-width: 474px) 100vw, 474px\" \/><\/a><\/span><\/p>\n","protected":false},"excerpt":{"rendered":"<p>No NURFS, s\u00e3o conduzidas pesquisas focadas no manejo e na cl\u00ednica de animais silvestres. Estas atividades est\u00e3o integradas a projetos de pesquisa liderados por pesquisadores, profissionais t\u00e9cnicos do N\u00facleo e colaboradores externos. S\u00e3o desenvolvidos estudos relacionados \u00e0 Inicia\u00e7\u00e3o Cient\u00edfica, Monografias, Disserta\u00e7\u00f5es e Teses. A pesquisa abrange diretamente a biologia e a cl\u00ednica m\u00e9dica veterin\u00e1ria dos &hellip; <a href=\"https:\/\/wp.ufpel.edu.br\/nurfs\/pesquisa\/\" class=\"more-link\">Continue lendo <span class=\"screen-reader-text\">PESQUISA<\/span> <span class=\"meta-nav\">&rarr;<\/span><\/a><\/p>\n","protected":false},"author":497,"featured_media":0,"parent":0,"menu_order":0,"comment_status":"closed","ping_status":"closed","template":"","meta":{"jetpack_post_was_ever_published":false,"footnotes":""},"class_list":["post-715","page","type-page","status-publish","hentry"],"jetpack_sharing_enabled":true,"jetpack_shortlink":"https:\/\/wp.me\/PayWi1-bx","jetpack-related-posts":[],"_links":{"self":[{"href":"https:\/\/wp.ufpel.edu.br\/nurfs\/wp-json\/wp\/v2\/pages\/715","targetHints":{"allow":["GET"]}}],"collection":[{"href":"https:\/\/wp.ufpel.edu.br\/nurfs\/wp-json\/wp\/v2\/pages"}],"about":[{"href":"https:\/\/wp.ufpel.edu.br\/nurfs\/wp-json\/wp\/v2\/types\/page"}],"author":[{"embeddable":true,"href":"https:\/\/wp.ufpel.edu.br\/nurfs\/wp-json\/wp\/v2\/users\/497"}],"replies":[{"embeddable":true,"href":"https:\/\/wp.ufpel.edu.br\/nurfs\/wp-json\/wp\/v2\/comments?post=715"}],"version-history":[{"count":7,"href":"https:\/\/wp.ufpel.edu.br\/nurfs\/wp-json\/wp\/v2\/pages\/715\/revisions"}],"predecessor-version":[{"id":819,"href":"https:\/\/wp.ufpel.edu.br\/nurfs\/wp-json\/wp\/v2\/pages\/715\/revisions\/819"}],"wp:attachment":[{"href":"https:\/\/wp.ufpel.edu.br\/nurfs\/wp-json\/wp\/v2\/media?parent=715"}],"curies":[{"name":"wp","href":"https:\/\/api.w.org\/{rel}","templated":true}]}}