{"id":714,"date":"2024-07-10T14:07:49","date_gmt":"2024-07-10T17:07:49","guid":{"rendered":"https:\/\/wp.ufpel.edu.br\/nurfs\/?page_id=714"},"modified":"2024-07-12T22:37:21","modified_gmt":"2024-07-13T01:37:21","slug":"extensao","status":"publish","type":"page","link":"https:\/\/wp.ufpel.edu.br\/nurfs\/extensao\/","title":{"rendered":"Extens\u00e3o"},"content":{"rendered":"<p style=\"text-align: justify;\"><span style=\"font-family: arial, helvetica, sans-serif;\">A extens\u00e3o universit\u00e1ria no NURFS-CETAS\/UFPEL \u00e9 predominantemente conduzida atrav\u00e9s de atividades de Educa\u00e7\u00e3o Ambiental, cursos, workshops e palestras, complementadas pela presen\u00e7a ativa nas redes sociais, que compartilham o cotidiano do trabalho desenvolvido. Esses projetos de extens\u00e3o est\u00e3o sob a coordena\u00e7\u00e3o da Pr\u00f3-Reitoria de Extens\u00e3o e Cultura (PREC) ou das respectivas Unidades Acad\u00eamicas\u00a0da\u00a0UFPEL.<\/span><\/p>\n<p><a href=\"https:\/\/i0.wp.com\/wp.ufpel.edu.br\/nurfs\/files\/2024\/07\/Imagem-do-WhatsApp-de-2024-07-12-as-22.35.37_7497b634.jpg?ssl=1\"><img data-recalc-dims=\"1\" loading=\"lazy\" decoding=\"async\" data-attachment-id=\"823\" data-permalink=\"https:\/\/wp.ufpel.edu.br\/nurfs\/extensao\/imagem-do-whatsapp-de-2024-07-12-as-22-35-37_7497b634\/\" data-orig-file=\"https:\/\/i0.wp.com\/wp.ufpel.edu.br\/nurfs\/files\/2024\/07\/Imagem-do-WhatsApp-de-2024-07-12-as-22.35.37_7497b634.jpg?fit=720%2C486&amp;ssl=1\" data-orig-size=\"720,486\" data-comments-opened=\"0\" data-image-meta=\"{&quot;aperture&quot;:&quot;0&quot;,&quot;credit&quot;:&quot;&quot;,&quot;camera&quot;:&quot;&quot;,&quot;caption&quot;:&quot;&quot;,&quot;created_timestamp&quot;:&quot;0&quot;,&quot;copyright&quot;:&quot;&quot;,&quot;focal_length&quot;:&quot;0&quot;,&quot;iso&quot;:&quot;0&quot;,&quot;shutter_speed&quot;:&quot;0&quot;,&quot;title&quot;:&quot;&quot;,&quot;orientation&quot;:&quot;0&quot;}\" data-image-title=\"Imagem do WhatsApp de 2024-07-12 \u00e0(s) 22.35.37_7497b634\" data-image-description=\"\" data-image-caption=\"\" data-medium-file=\"https:\/\/i0.wp.com\/wp.ufpel.edu.br\/nurfs\/files\/2024\/07\/Imagem-do-WhatsApp-de-2024-07-12-as-22.35.37_7497b634.jpg?fit=424%2C286&amp;ssl=1\" data-large-file=\"https:\/\/i0.wp.com\/wp.ufpel.edu.br\/nurfs\/files\/2024\/07\/Imagem-do-WhatsApp-de-2024-07-12-as-22.35.37_7497b634.jpg?fit=474%2C145&amp;ssl=1\" class=\"aligncenter wp-image-823 size-full\" src=\"https:\/\/i0.wp.com\/wp.ufpel.edu.br\/nurfs\/files\/2024\/07\/Imagem-do-WhatsApp-de-2024-07-12-as-22.35.37_7497b634.jpg?resize=474%2C320&#038;ssl=1\" alt=\"\" width=\"474\" height=\"320\" srcset=\"https:\/\/i0.wp.com\/wp.ufpel.edu.br\/nurfs\/files\/2024\/07\/Imagem-do-WhatsApp-de-2024-07-12-as-22.35.37_7497b634.jpg?w=720&amp;ssl=1 720w, https:\/\/i0.wp.com\/wp.ufpel.edu.br\/nurfs\/files\/2024\/07\/Imagem-do-WhatsApp-de-2024-07-12-as-22.35.37_7497b634.jpg?resize=424%2C286&amp;ssl=1 424w, https:\/\/i0.wp.com\/wp.ufpel.edu.br\/nurfs\/files\/2024\/07\/Imagem-do-WhatsApp-de-2024-07-12-as-22.35.37_7497b634.jpg?resize=212%2C143&amp;ssl=1 212w\" sizes=\"auto, (max-width: 474px) 100vw, 474px\" \/><\/a><\/p>\n<p><a href=\"https:\/\/i0.wp.com\/wp.ufpel.edu.br\/nurfs\/files\/2024\/07\/Imagem-do-WhatsApp-de-2024-07-12-as-22.35.52_593031c0.jpg?ssl=1\"><img data-recalc-dims=\"1\" loading=\"lazy\" decoding=\"async\" data-attachment-id=\"822\" data-permalink=\"https:\/\/wp.ufpel.edu.br\/nurfs\/extensao\/imagem-do-whatsapp-de-2024-07-12-as-22-35-52_593031c0\/\" data-orig-file=\"https:\/\/i0.wp.com\/wp.ufpel.edu.br\/nurfs\/files\/2024\/07\/Imagem-do-WhatsApp-de-2024-07-12-as-22.35.52_593031c0.jpg?fit=720%2C489&amp;ssl=1\" data-orig-size=\"720,489\" data-comments-opened=\"0\" data-image-meta=\"{&quot;aperture&quot;:&quot;0&quot;,&quot;credit&quot;:&quot;&quot;,&quot;camera&quot;:&quot;&quot;,&quot;caption&quot;:&quot;&quot;,&quot;created_timestamp&quot;:&quot;0&quot;,&quot;copyright&quot;:&quot;&quot;,&quot;focal_length&quot;:&quot;0&quot;,&quot;iso&quot;:&quot;0&quot;,&quot;shutter_speed&quot;:&quot;0&quot;,&quot;title&quot;:&quot;&quot;,&quot;orientation&quot;:&quot;0&quot;}\" data-image-title=\"Imagem do WhatsApp de 2024-07-12 \u00e0(s) 22.35.52_593031c0\" data-image-description=\"\" data-image-caption=\"\" data-medium-file=\"https:\/\/i0.wp.com\/wp.ufpel.edu.br\/nurfs\/files\/2024\/07\/Imagem-do-WhatsApp-de-2024-07-12-as-22.35.52_593031c0.jpg?fit=424%2C288&amp;ssl=1\" data-large-file=\"https:\/\/i0.wp.com\/wp.ufpel.edu.br\/nurfs\/files\/2024\/07\/Imagem-do-WhatsApp-de-2024-07-12-as-22.35.52_593031c0.jpg?fit=474%2C145&amp;ssl=1\" class=\"aligncenter wp-image-822 size-full\" src=\"https:\/\/i0.wp.com\/wp.ufpel.edu.br\/nurfs\/files\/2024\/07\/Imagem-do-WhatsApp-de-2024-07-12-as-22.35.52_593031c0.jpg?resize=474%2C322&#038;ssl=1\" alt=\"\" width=\"474\" height=\"322\" srcset=\"https:\/\/i0.wp.com\/wp.ufpel.edu.br\/nurfs\/files\/2024\/07\/Imagem-do-WhatsApp-de-2024-07-12-as-22.35.52_593031c0.jpg?w=720&amp;ssl=1 720w, https:\/\/i0.wp.com\/wp.ufpel.edu.br\/nurfs\/files\/2024\/07\/Imagem-do-WhatsApp-de-2024-07-12-as-22.35.52_593031c0.jpg?resize=424%2C288&amp;ssl=1 424w, https:\/\/i0.wp.com\/wp.ufpel.edu.br\/nurfs\/files\/2024\/07\/Imagem-do-WhatsApp-de-2024-07-12-as-22.35.52_593031c0.jpg?resize=212%2C144&amp;ssl=1 212w\" sizes=\"auto, (max-width: 474px) 100vw, 474px\" \/><\/a><\/p>\n","protected":false},"excerpt":{"rendered":"<p>A extens\u00e3o universit\u00e1ria no NURFS-CETAS\/UFPEL \u00e9 predominantemente conduzida atrav\u00e9s de atividades de Educa\u00e7\u00e3o Ambiental, cursos, workshops e palestras, complementadas pela presen\u00e7a ativa nas redes sociais, que compartilham o cotidiano do trabalho desenvolvido. Esses projetos de extens\u00e3o est\u00e3o sob a coordena\u00e7\u00e3o da Pr\u00f3-Reitoria de Extens\u00e3o e Cultura (PREC) ou das respectivas Unidades Acad\u00eamicas\u00a0da\u00a0UFPEL.<\/p>\n","protected":false},"author":497,"featured_media":0,"parent":0,"menu_order":0,"comment_status":"closed","ping_status":"closed","template":"","meta":{"jetpack_post_was_ever_published":false,"footnotes":""},"class_list":["post-714","page","type-page","status-publish","hentry"],"jetpack_sharing_enabled":true,"jetpack_shortlink":"https:\/\/wp.me\/PayWi1-bw","jetpack-related-posts":[],"_links":{"self":[{"href":"https:\/\/wp.ufpel.edu.br\/nurfs\/wp-json\/wp\/v2\/pages\/714","targetHints":{"allow":["GET"]}}],"collection":[{"href":"https:\/\/wp.ufpel.edu.br\/nurfs\/wp-json\/wp\/v2\/pages"}],"about":[{"href":"https:\/\/wp.ufpel.edu.br\/nurfs\/wp-json\/wp\/v2\/types\/page"}],"author":[{"embeddable":true,"href":"https:\/\/wp.ufpel.edu.br\/nurfs\/wp-json\/wp\/v2\/users\/497"}],"replies":[{"embeddable":true,"href":"https:\/\/wp.ufpel.edu.br\/nurfs\/wp-json\/wp\/v2\/comments?post=714"}],"version-history":[{"count":4,"href":"https:\/\/wp.ufpel.edu.br\/nurfs\/wp-json\/wp\/v2\/pages\/714\/revisions"}],"predecessor-version":[{"id":824,"href":"https:\/\/wp.ufpel.edu.br\/nurfs\/wp-json\/wp\/v2\/pages\/714\/revisions\/824"}],"wp:attachment":[{"href":"https:\/\/wp.ufpel.edu.br\/nurfs\/wp-json\/wp\/v2\/media?parent=714"}],"curies":[{"name":"wp","href":"https:\/\/api.w.org\/{rel}","templated":true}]}}