{"id":7,"date":"2015-06-22T13:46:40","date_gmt":"2015-06-22T16:46:40","guid":{"rendered":"https:\/\/wp.ufpel.edu.br\/nurfs\/?page_id=7"},"modified":"2024-07-10T15:14:48","modified_gmt":"2024-07-10T18:14:48","slug":"atividades","status":"publish","type":"page","link":"https:\/\/wp.ufpel.edu.br\/nurfs\/atividades\/","title":{"rendered":"Projetos"},"content":{"rendered":"<h1 style=\"text-align: justify;\"><span style=\"color: #003300;\">PRESTA\u00c7\u00c3O DE SERVI\u00c7OS<\/span><\/h1>\n<p style=\"text-align: justify;\">O NURFS-CETAS\/UFPEL nas suas atribui\u00e7\u00f5es desempenha o papel de aten\u00e7\u00e3o prim\u00e1ria \u00e0 sa\u00fade dos animais pertencentes \u00e0 fauna silvestre brasileira na regi\u00e3o sul do Estado do Rio Grande do Sul. Neste sentido s\u00e3o atendidos todos os exemplares da fauna silvestre oriundos de apreens\u00f5es, doa\u00e7\u00f5es, acidentes e filhotes \u00f3rf\u00e3os.<\/p>\n<p style=\"text-align: justify;\">Nas instala\u00e7\u00f5es do N\u00facleo s\u00e3o realizados in\u00fameros exames (cl\u00ednicos, laboratoriais, etc.) de acompanhamento dos animais, sua identifica\u00e7\u00e3o sistem\u00e1tica, manuten\u00e7\u00e3o e destina\u00e7\u00e3o. Em rela\u00e7\u00e3o aos animais procedentes de apreens\u00f5es, al\u00e9m das atividades regulares de manuten\u00e7\u00e3o, cl\u00ednica e manejo, tamb\u00e9m s\u00e3o elaborados laudos para o \u00d3rg\u00e3o Apreensor visando fornecer subs\u00eddios para os processos jur\u00eddicos instaurados. Para ver caracter\u00edsticas dos atendimentos cl\u00ednicos.<\/p>\n<p style=\"text-align: justify;\">Esta atividade do N\u00facleo garante a destina\u00e7\u00e3o devida aos animais silvestres em situa\u00e7\u00e3o diferenciada da que s\u00e3o encontrados na natureza, permitindo o cumprimento da Legisla\u00e7\u00e3o Ambiental vigente. As a\u00e7\u00f5es do NURFS-CETAS\/UFPEL aliadas \u00e0s atividades do CRAM &#8211; Rio Grande atendem as demandas relacionadas \u00e0s ocorr\u00eancias com animais terrestres (NURFS) e marinhos (CRAM) na regi\u00e3o sul do Rio Grande do Sul.<\/p>\n<p>O atendimento cl\u00ednico e cir\u00fargico \u00e9 uma rotina no NURFS. Muitos animais chegam ao N\u00facleo apresentando les\u00f5es traum\u00e1ticas por maus tratos, atropelamentos ou ataque por c\u00e3es. Outras s\u00e3o portadoras de infec\u00e7\u00f5es f\u00fangicas, bacterianas ou mesmo virais e necessitam de um tratamento rigoroso at\u00e9 sua completa recupera\u00e7\u00e3o. Para saber mais sobre nossos atendimentos.<\/p>\n","protected":false},"excerpt":{"rendered":"<p>PRESTA\u00c7\u00c3O DE SERVI\u00c7OS O NURFS-CETAS\/UFPEL nas suas atribui\u00e7\u00f5es desempenha o papel de aten\u00e7\u00e3o prim\u00e1ria \u00e0 sa\u00fade dos animais pertencentes \u00e0 fauna silvestre brasileira na regi\u00e3o sul do Estado do Rio Grande do Sul. Neste sentido s\u00e3o atendidos todos os exemplares da fauna silvestre oriundos de apreens\u00f5es, doa\u00e7\u00f5es, acidentes e filhotes \u00f3rf\u00e3os. Nas instala\u00e7\u00f5es do N\u00facleo &hellip; <a href=\"https:\/\/wp.ufpel.edu.br\/nurfs\/atividades\/\" class=\"more-link\">Continue lendo <span class=\"screen-reader-text\">Projetos<\/span> <span class=\"meta-nav\">&rarr;<\/span><\/a><\/p>\n","protected":false},"author":497,"featured_media":0,"parent":0,"menu_order":2,"comment_status":"closed","ping_status":"closed","template":"","meta":{"jetpack_post_was_ever_published":false,"footnotes":""},"class_list":["post-7","page","type-page","status-publish","hentry"],"jetpack_sharing_enabled":true,"jetpack_shortlink":"https:\/\/wp.me\/PayWi1-7","jetpack-related-posts":[],"_links":{"self":[{"href":"https:\/\/wp.ufpel.edu.br\/nurfs\/wp-json\/wp\/v2\/pages\/7","targetHints":{"allow":["GET"]}}],"collection":[{"href":"https:\/\/wp.ufpel.edu.br\/nurfs\/wp-json\/wp\/v2\/pages"}],"about":[{"href":"https:\/\/wp.ufpel.edu.br\/nurfs\/wp-json\/wp\/v2\/types\/page"}],"author":[{"embeddable":true,"href":"https:\/\/wp.ufpel.edu.br\/nurfs\/wp-json\/wp\/v2\/users\/497"}],"replies":[{"embeddable":true,"href":"https:\/\/wp.ufpel.edu.br\/nurfs\/wp-json\/wp\/v2\/comments?post=7"}],"version-history":[{"count":11,"href":"https:\/\/wp.ufpel.edu.br\/nurfs\/wp-json\/wp\/v2\/pages\/7\/revisions"}],"predecessor-version":[{"id":737,"href":"https:\/\/wp.ufpel.edu.br\/nurfs\/wp-json\/wp\/v2\/pages\/7\/revisions\/737"}],"wp:attachment":[{"href":"https:\/\/wp.ufpel.edu.br\/nurfs\/wp-json\/wp\/v2\/media?parent=7"}],"curies":[{"name":"wp","href":"https:\/\/api.w.org\/{rel}","templated":true}]}}