{"id":583,"date":"2023-01-23T11:52:48","date_gmt":"2023-01-23T14:52:48","guid":{"rendered":"https:\/\/wp.ufpel.edu.br\/nurfs\/?page_id=583"},"modified":"2024-07-11T08:09:06","modified_gmt":"2024-07-11T11:09:06","slug":"faq-perguntas-frequentes","status":"publish","type":"page","link":"https:\/\/wp.ufpel.edu.br\/nurfs\/faq-perguntas-frequentes\/","title":{"rendered":"FAQ &#8211; Perguntas frequentes"},"content":{"rendered":"<h1><span style=\"color: #008000;\">Perguntas frequentes<\/span><\/h1>\n<h2 style=\"padding-left: 40px;\">1. Qual o hor\u00e1rio de atendimento?<\/h2>\n<p style=\"padding-left: 40px;\">Nosso hor\u00e1rio de atendimento \u00e9 das 8h \u00e0s 12h e das 14h \u00e0s 17h. Nos finais de semana e feriados, funcionamos com plantonistas.<\/p>\n<h2 style=\"padding-left: 40px;\">2. At\u00e9 que horas posso entregar o animal?<\/h2>\n<p style=\"padding-left: 40px;\">Sugerimos que procure realizar a entrega no hor\u00e1rio de atendimento. Caso necessite vir outro hor\u00e1rio ou seja no final de semana, sugerimos que fale conosco via Whatsapp antes.<\/p>\n<h2 style=\"padding-left: 40px;\">3. Quais os dias de funcionamento?<\/h2>\n<p style=\"padding-left: 40px;\">De segunda a sexta no hor\u00e1rio comercial descrito acima e, aos finais de semana, em regime de plant\u00e3o.<\/p>\n<h2 style=\"padding-left: 40px;\">4. Voc\u00eas atendem coelho? Calopsita? Hamster? Porquinho da \u00cdndia?<\/h2>\n<p style=\"padding-left: 40px;\">Animais como calopsitas, hamster, coelho e porquinho-da-\u00cdndia s\u00e3o considerados ex\u00f3ticos, isto \u00e9, n\u00e3o pertencem \u00e0 fauna brasileira.<br \/>\nPor sermos um centro de triagem de animais silvestres n\u00e3o estamos autorizados pela legisla\u00e7\u00e3o que nos regulamenta a fazer atendimento ou recep\u00e7\u00e3o de animais ex\u00f3ticos por quest\u00f5es principalmente sanit\u00e1rias.<\/p>\n<h2 style=\"padding-left: 40px;\">5. Tem indica\u00e7\u00f5es de veterin\u00e1rios que atendam animais ex\u00f3ticos?<\/h2>\n<p style=\"padding-left: 40px;\">Normalmente indicamos tr\u00eas profissionais para atender a esses pacientes, caso voc\u00ea precise, entre em contato que passamos o n\u00famero.<\/p>\n<h2 style=\"padding-left: 40px;\">6. Voc\u00eas resgatam animais?<\/h2>\n<p style=\"padding-left: 40px;\">N\u00e3o resgatamos animais, exceto em casos excepcionais, mediante acompanhamento do Comando Ambiental da Brigada Militar.<\/p>\n<h2 style=\"padding-left: 40px;\">7. Quem pode vir resgatar o animal?<\/h2>\n<p style=\"padding-left: 40px;\">O animal pode ser resgatado pelo policiamento ambiental ou empresas especializadas em resgate de fauna, quando o animal oferece risco ou est\u00e1 em risco. No caso de animais que n\u00e3o estejam oferecendo nenhum tipo de risco, \u00e9 comum que outros \u00f3rg\u00e3os, como as secretarias de meio ambiente das Prefeituras, empresa concession\u00e1ria de rodovias e outros fa\u00e7am o transporte do animal at\u00e9 o NURFS.<\/p>\n<h2 style=\"padding-left: 40px;\">8. Qual o endere\u00e7o de voc\u00eas?<\/h2>\n<p style=\"padding-left: 40px;\">Funcionamos no Campus Cap\u00e3o do Le\u00e3o da Universidade Federal de Pelotas, logo na entrada, em frente \u00e0 Igreja.<\/p>\n<h2 style=\"padding-left: 40px;\">9. Voc\u00eas recebem pombo dom\u00e9stico? Pra onde posso encaminhar?<\/h2>\n<p style=\"padding-left: 40px;\">N\u00e3o recebemos pombos dom\u00e9sticos, apenas as esp\u00e9cies silvestres. Para os pombos, \u00e9 necess\u00e1rio entrar em contato com o Centro de Controle de Zoonoses do seu munic\u00edpio.<\/p>\n<h2 style=\"padding-left: 40px;\">10. Como proceder com doa\u00e7\u00f5es?<\/h2>\n<p style=\"padding-left: 40px;\">Caso voc\u00ea tenha interesse em doar alimentos, medicamentos, vasilhas de alimenta\u00e7\u00e3o, caixas de transporte ou outros objetos, fale conosco ou entregue pessoalmente sua doa\u00e7\u00e3o.<\/p>\n<p><em>Entretanto, caso queira realizar doa\u00e7\u00f5es em <strong>dinheiro (exclusivamente no Banco do Brasil ou boleto banc\u00e1rio)<\/strong>:<\/em><\/p>\n<p><strong>1) Pessoalmente em uma ag\u00eancia ou caixa eletr\u00f4nico caso n\u00e3o seja cliente do <\/strong><strong>Banco do Brasil<\/strong><br \/>\n<strong>Banco do Brasil: 001<\/strong><br \/>\n<strong>Ag\u00eancia 1607-1 (Ag\u00eancia Governo &#8211; DF)<\/strong><br \/>\n<strong>Conta: 170500-8 (Conta \u00danica do Tesouro Nacional)<\/strong><br \/>\n<strong>1\u00ba identificador: 154047152642828843-8<br \/>\n2\u00ba identificador: CPF ou CNPJ do depositante<\/strong><\/p>\n<p>2) Pela internet<br \/>\nVoc\u00ea pode acessar o site do sistema SIAFI e gerar a GRU clicando <a href=\"http:\/\/consulta.tesouro.fazenda.gov.br\/gru_novosite\/gru_simples.asp\">aqui.<\/a><br \/>\nUnidade Gestora: (UG) 154047<br \/>\nGest\u00e3o: 15264 (Universidade Federal de Pelotas)<br \/>\nC\u00f3digo de recolhimento: 28843-8<\/p>\n<p>3) Clientes do Banco do Brasil<br \/>\nDOC ou TED<br \/>\nUnidade Gestora: (UG) 154047<br \/>\nGest\u00e3o: 15264 (Universidade Federal de Pelotas)<br \/>\nC\u00f3digo de recolhimento: 28843-8<\/p>\n<p>&nbsp;<\/p>\n","protected":false},"excerpt":{"rendered":"<p>Perguntas frequentes 1. Qual o hor\u00e1rio de atendimento? Nosso hor\u00e1rio de atendimento \u00e9 das 8h \u00e0s 12h e das 14h \u00e0s 17h. Nos finais de semana e feriados, funcionamos com plantonistas. 2. At\u00e9 que horas posso entregar o animal? Sugerimos que procure realizar a entrega no hor\u00e1rio de atendimento. Caso necessite vir outro hor\u00e1rio ou &hellip; <a href=\"https:\/\/wp.ufpel.edu.br\/nurfs\/faq-perguntas-frequentes\/\" class=\"more-link\">Continue lendo <span class=\"screen-reader-text\">FAQ &#8211; Perguntas frequentes<\/span> <span class=\"meta-nav\">&rarr;<\/span><\/a><\/p>\n","protected":false},"author":497,"featured_media":0,"parent":0,"menu_order":0,"comment_status":"closed","ping_status":"closed","template":"","meta":{"jetpack_post_was_ever_published":false,"footnotes":""},"class_list":["post-583","page","type-page","status-publish","hentry"],"jetpack_sharing_enabled":true,"jetpack_shortlink":"https:\/\/wp.me\/PayWi1-9p","jetpack-related-posts":[],"_links":{"self":[{"href":"https:\/\/wp.ufpel.edu.br\/nurfs\/wp-json\/wp\/v2\/pages\/583","targetHints":{"allow":["GET"]}}],"collection":[{"href":"https:\/\/wp.ufpel.edu.br\/nurfs\/wp-json\/wp\/v2\/pages"}],"about":[{"href":"https:\/\/wp.ufpel.edu.br\/nurfs\/wp-json\/wp\/v2\/types\/page"}],"author":[{"embeddable":true,"href":"https:\/\/wp.ufpel.edu.br\/nurfs\/wp-json\/wp\/v2\/users\/497"}],"replies":[{"embeddable":true,"href":"https:\/\/wp.ufpel.edu.br\/nurfs\/wp-json\/wp\/v2\/comments?post=583"}],"version-history":[{"count":6,"href":"https:\/\/wp.ufpel.edu.br\/nurfs\/wp-json\/wp\/v2\/pages\/583\/revisions"}],"predecessor-version":[{"id":732,"href":"https:\/\/wp.ufpel.edu.br\/nurfs\/wp-json\/wp\/v2\/pages\/583\/revisions\/732"}],"wp:attachment":[{"href":"https:\/\/wp.ufpel.edu.br\/nurfs\/wp-json\/wp\/v2\/media?parent=583"}],"curies":[{"name":"wp","href":"https:\/\/api.w.org\/{rel}","templated":true}]}}