{"id":5,"date":"2015-06-22T13:39:14","date_gmt":"2015-06-22T16:39:14","guid":{"rendered":"https:\/\/wp.ufpel.edu.br\/nurfs\/?page_id=5"},"modified":"2024-07-11T08:07:11","modified_gmt":"2024-07-11T11:07:11","slug":"instutucional","status":"publish","type":"page","link":"https:\/\/wp.ufpel.edu.br\/nurfs\/","title":{"rendered":"NURFS | N\u00facleo de Reabilita\u00e7\u00e3o da Fauna Silvestre"},"content":{"rendered":"<h1 style=\"text-align: justify;\"><\/h1>\n<h1 style=\"text-align: justify;\"><span style=\"color: #ffffff; background-color: #008000;\">QUEM SOMOS<\/span><\/h1>\n<p style=\"text-align: justify; padding-left: 30px;\">O N\u00facleo de Reabilita\u00e7\u00e3o da Fauna Silvestre (NURFS) e o Centro de Triagem de Animais Silvestres (CETAS) da Universidade Federal de Pelotas (UFPEL) foram criados por iniciativa do Instituto de Biologia em associa\u00e7\u00e3o com a Faculdade de Veterin\u00e1ria para atender a uma demanda regional espec\u00edfica de aten\u00e7\u00e3o a Fauna Silvestre Brasileira.<\/p>\n<p style=\"text-align: justify; padding-left: 30px;\">Devido a crescente preocupa\u00e7\u00e3o p\u00fablica em rela\u00e7\u00e3o \u00e0 situa\u00e7\u00e3o cr\u00edtica de algumas esp\u00e9cies amea\u00e7adas de extin\u00e7\u00e3o, o interesse pelo bem-estar da vida silvestre tem aumentado nas \u00faltimas d\u00e9cadas. Como reflexo, Centros de Triagem de Animais Silvestres (CETAS) decorrentes de conv\u00eanios do Minist\u00e9rio do Meio Ambiente via Instituto Brasileiro do Meio Ambiente (IBAMA) com Universidades e Prefeituras, seguem sendo planejados e instalados em v\u00e1rios Estados brasileiros. O objetivo b\u00e1sico destes Centros consiste na recep\u00e7\u00e3o de animais oriundos do tr\u00e1fico ilegal, no tratamento e reabilita\u00e7\u00e3o de animais silvestres feridos ou \u00f3rf\u00e3os (normalmente provenientes de apreens\u00f5es), seguido preferencialmente por sua reintrodu\u00e7\u00e3o ao seu ambiente natural. Alternativamente, animais que n\u00e3o podem mais ser devolvidos a seu habitat s\u00e3o adaptados a esquemas de reprodu\u00e7\u00e3o em cativeiro, exibi\u00e7\u00e3o para fins de educa\u00e7\u00e3o ambiental ou pesquisa.<\/p>\n<p style=\"text-align: justify; padding-left: 30px;\">Desde 1998, a Universidade Federal de Pelotas, por meio do Instituto de Biologia e Faculdade de Medicina Veterin\u00e1ria, recebem e tratam animais silvestres que s\u00e3o encontrados feridos, \u00f3rf\u00e3os ou apreendidos pelos \u00f3rg\u00e3os de fiscaliza\u00e7\u00e3o ambiental na Regi\u00e3o Sul. As atividades s\u00e3o fruto de um Termo de Coopera\u00e7\u00e3o firmado pelo IBAMA e UFPEL, no qual esta universidade, por meio do N\u00facleo de Reabilita\u00e7\u00e3o de Fauna Silvestre (NURFS) se encarrega da recep\u00e7\u00e3o e tratamento dos animais.<\/p>\n<p style=\"text-align: justify; padding-left: 30px;\">O NURFS \u00e9 formado por um grupo multidisciplinar de profissionais das \u00e1reas de Medicina Veterin\u00e1ria e Ci\u00eancias Biol\u00f3gicas, t\u00e9cnicos e docentes do Instituto de Biologia e Faculdade de Veterin\u00e1ria da Universidade Federal de Pelotas.<\/p>\n<p style=\"text-align: justify; padding-left: 30px;\">O NURFS \u2013 CETAS\/UFPEL atualmente \u00e9 a principal refer\u00eancia de apoio ao trabalho de fiscaliza\u00e7\u00e3o e apreens\u00e3o de animais silvestres capturados de forma ilegal pelas Pol\u00edcias Ambiental, Civil e Militar Estadual e Federal na regi\u00e3o sul do Rio Grande do Sul.<\/p>\n<p style=\"text-align: justify; padding-left: 30px;\">\u00c1rea de atua\u00e7\u00e3o do NURFS. (Clique na imagem para ampliar)<\/p>\n<p style=\"text-align: justify;\"><a href=\"https:\/\/i0.wp.com\/wp.ufpel.edu.br\/nurfs\/files\/2015\/06\/Mapa1.png?ssl=1\"><img data-recalc-dims=\"1\" loading=\"lazy\" decoding=\"async\" data-attachment-id=\"97\" data-permalink=\"https:\/\/wp.ufpel.edu.br\/nurfs\/instutucional\/mapa-2\/\" data-orig-file=\"https:\/\/i0.wp.com\/wp.ufpel.edu.br\/nurfs\/files\/2015\/06\/Mapa1.png?fit=1367%2C1223&amp;ssl=1\" data-orig-size=\"1367,1223\" data-comments-opened=\"0\" data-image-meta=\"{&quot;aperture&quot;:&quot;0&quot;,&quot;credit&quot;:&quot;&quot;,&quot;camera&quot;:&quot;&quot;,&quot;caption&quot;:&quot;&quot;,&quot;created_timestamp&quot;:&quot;0&quot;,&quot;copyright&quot;:&quot;&quot;,&quot;focal_length&quot;:&quot;0&quot;,&quot;iso&quot;:&quot;0&quot;,&quot;shutter_speed&quot;:&quot;0&quot;,&quot;title&quot;:&quot;&quot;,&quot;orientation&quot;:&quot;0&quot;}\" data-image-title=\"Mapa\" data-image-description=\"\" data-image-caption=\"\" data-medium-file=\"https:\/\/i0.wp.com\/wp.ufpel.edu.br\/nurfs\/files\/2015\/06\/Mapa1.png?fit=355%2C318&amp;ssl=1\" data-large-file=\"https:\/\/i0.wp.com\/wp.ufpel.edu.br\/nurfs\/files\/2015\/06\/Mapa1.png?fit=474%2C106&amp;ssl=1\" class=\"wp-image-97 aligncenter\" src=\"https:\/\/i0.wp.com\/wp.ufpel.edu.br\/nurfs\/files\/2015\/06\/Mapa1.png?resize=474%2C423&#038;ssl=1\" alt=\"\" width=\"474\" height=\"423\" srcset=\"https:\/\/i0.wp.com\/wp.ufpel.edu.br\/nurfs\/files\/2015\/06\/Mapa1.png?w=1367&amp;ssl=1 1367w, https:\/\/i0.wp.com\/wp.ufpel.edu.br\/nurfs\/files\/2015\/06\/Mapa1.png?resize=178%2C159&amp;ssl=1 178w, https:\/\/i0.wp.com\/wp.ufpel.edu.br\/nurfs\/files\/2015\/06\/Mapa1.png?resize=355%2C318&amp;ssl=1 355w, https:\/\/i0.wp.com\/wp.ufpel.edu.br\/nurfs\/files\/2015\/06\/Mapa1.png?w=948&amp;ssl=1 948w\" sizes=\"auto, (max-width: 474px) 100vw, 474px\" \/><\/a><\/p>\n<h1 style=\"text-align: justify;\"><span style=\"color: #ffffff; background-color: #008000;\">OBJETIVOS<\/span><\/h1>\n<p>&nbsp;<\/p>\n<ul style=\"text-align: justify;\">\n<li>Receber, triar, tratar e reabilitar os animais silvestres feridos, \u00f3rf\u00e3os ou oriundos do tr\u00e1fico ilegal apreendidos pelos \u00f3rg\u00e3os de fiscaliza\u00e7\u00e3o ambiental, buscando, sempre que poss\u00edvel, sua devolu\u00e7\u00e3o \u00e0 natureza;<\/li>\n<\/ul>\n<p>&nbsp;<\/p>\n<ul style=\"text-align: justify;\">\n<li>Desenvolver uma consci\u00eancia ecol\u00f3gica na comunidade em geral, promovendo campanhas, palestras, visitas monitoradas, produ\u00e7\u00e3o de v\u00eddeos, venda e distribui\u00e7\u00e3o gratuita de artigos com temas ecol\u00f3gicos, entre outros, que divulguem as atividades desenvolvidas e alertem o p\u00fablico sobre a necessidade de conserva\u00e7\u00e3o e prote\u00e7\u00e3o do meio ambiente;<\/li>\n<\/ul>\n<p>&nbsp;<\/p>\n<ul style=\"text-align: justify;\">\n<li>Elaborar projetos sobre manejo e sanidade dos animais silvestres, publicar achados cl\u00ednicos e tratamentos, descri\u00e7\u00e3o de patologias, parasitologia, hematologia, anatomia, fisiologia da reprodu\u00e7\u00e3o, entre outros;<\/li>\n<\/ul>\n<p>&nbsp;<\/p>\n<ul style=\"text-align: justify;\">\n<li>Orientar est\u00e1gios, monografias e teses de graduandos e p\u00f3s-graduandos, assim como subsidiar pesquisas cient\u00edficas que n\u00e3o impliquem em danos aos animais tratados e que forne\u00e7am subs\u00eddios \u00e0 melhoria das condi\u00e7\u00f5es de bem-estar e sa\u00fade dos animais pertencentes a fauna silvestre brasileira.<\/li>\n<\/ul>\n<p>&nbsp;<\/p>\n<ul style=\"text-align: justify;\">\n<li>Firmar conv\u00eanios para interc\u00e2mbio de especialistas com outras institui\u00e7\u00f5es que desenvolvam atividades afins e para o treinamento e qualifica\u00e7\u00e3o de m\u00e3o-de-obra especializada para esta atividade.<\/li>\n<\/ul>\n<p>&nbsp;<\/p>\n<h1 style=\"text-align: justify;\"><span style=\"color: #ffffff; background-color: #008000;\">COORDENADORES<\/span><\/h1>\n<p>&nbsp;<\/p>\n<p style=\"text-align: justify; padding-left: 30px;\">Prof. Dr. Luiz Fernando Minello &#8211; Coordenador do Colegiado Administrativo e da \u00e1rea Biol\u00f3gica;<\/p>\n<p style=\"text-align: justify; padding-left: 30px;\">Profa. Dra. Raqueli Teresinha Fran\u00e7a &#8211; Coordenadora da \u00e1rea de Medicina Veterin\u00e1ria.<\/p>\n<p>&nbsp;<\/p>\n<h1 style=\"text-align: justify;\"><span style=\"background-color: #008000; color: #ffffff;\">NOSSA HIST\u00d3RIA<\/span><\/h1>\n<p>&nbsp;<\/p>\n<p style=\"text-align: justify; padding-left: 30px;\">As atividades iniciaram em 1998 devido a assinatura de um Termo de Coopera\u00e7\u00e3o firmado pelo IBAMA, UFPEL, UCPEL e Prefeitura Municipal de Pelotas, que implicava na constru\u00e7\u00e3o de um Centro de Triagem de Animais Silvestres (CETAS) junto a Esta\u00e7\u00e3o de Aq\u00fcicultura da UCPEL, ficando a cargo da UFPEL o atendimento cl\u00ednico e cir\u00fargico dos animais. Diante ao aumento progressivo no n\u00famero de animais que chegavam machucados e a preocupa\u00e7\u00e3o com o bem-estar animal, o Instituto de Biologia da UFPEL, em 2002, abriu um espa\u00e7o provis\u00f3rio para a cria\u00e7\u00e3o de um N\u00facleo de Reabilita\u00e7\u00e3o de Fauna Silvestre e Centro de Triagem de Animais Silvestres, o qual funcionou atrav\u00e9s de trabalho volunt\u00e1rio de professores, funcion\u00e1rios e alunos, al\u00e9m do apoio recebido de funda\u00e7\u00f5es e empresas que se dispuseram a auxiliar nesta causa nobre.<\/p>\n<p style=\"text-align: justify; padding-left: 30px;\">Posteriormente, em 2002, o conv\u00eanio foi reestruturado e somente a UFPEL passou a atuar com o NURFS e o CETAS, sendo que, nestes \u00faltimos seis (6) anos de atividades, cerca de cinco mil animais foram atendidos (QUADRO I). Inicialmente, o trabalho de tratamento e manuten\u00e7\u00e3o era realizado gra\u00e7as ao trabalho volunt\u00e1rio de acad\u00eamicos dos cursos de Medicina Veterin\u00e1ria e Ci\u00eancias Biol\u00f3gicas da UFPEL, que atuavam sob a orienta\u00e7\u00e3o e coordena\u00e7\u00e3o de professores do Instituto de Biologia, do Biot\u00e9rio Central e da Faculdade de Medicina Veterin\u00e1ria. Atualmente, o NURFS conta com uma equipe de tratadores e t\u00e9cnicos, al\u00e9m de estagi\u00e1rios de diversos cursos de gradua\u00e7\u00e3o e p\u00f3s-gradua\u00e7\u00e3o;<\/p>\n<p style=\"text-align: justify; padding-left: 30px;\">Em 2005, a atual administra\u00e7\u00e3o da UFPEL reconheceu o esfor\u00e7o do grupo de trabalho e ofereceu novas instala\u00e7\u00f5es provis\u00f3rias para as atividades do NURFS-CETAS, contando com um ambiente para quarentena e outro para manuten\u00e7\u00e3o dos animais em recupera\u00e7\u00e3o. Simultaneamente, determinou a elabora\u00e7\u00e3o de estudos e projetos para a constru\u00e7\u00e3o de instala\u00e7\u00f5es definitivas para abrigar as atividades do NURFS-CETAS e sua requalifica\u00e7\u00e3o para o Tipo I, dentro das designa\u00e7\u00f5es atribu\u00eddas pelo IBAMA aos NURFS e CETAS no ano de 2005. Neste per\u00edodo muitas dificuldades foram evidenciadas, principalmente em rela\u00e7\u00e3o \u00e0 manuten\u00e7\u00e3o dos animais desde sua chegada at\u00e9 o momento de seu retorno \u00e0 natureza.<\/p>\n<p style=\"text-align: justify; padding-left: 30px;\">Nestes anos de trabalho, a Universidade n\u00e3o recebeu apoio das outras institui\u00e7\u00f5es envolvidas e a constru\u00e7\u00e3o do NURFS\/CETAS, locais para onde os animais seriam destinados ap\u00f3s a recep\u00e7\u00e3o na UFPEL, ainda est\u00e1 em espera da aprova\u00e7\u00e3o de recursos federais para sua execu\u00e7\u00e3o. Muitos animais, principalmente aves fraturadas, precisam permanecer na Universidade por um per\u00edodo muito longo, para que, ap\u00f3s tratamento fisioter\u00e1pico, recuperem totalmente sua habilidade de voar e buscar o alimento. Outros, infelizmente chegam com les\u00f5es irrevers\u00edveis e s\u00e3o condenados a viver em cativeiro.<\/p>\n<p style=\"text-align: justify; padding-left: 30px;\">Ap\u00f3s 2008, a Unidade recebeu o aporte de novos profissionais concursados, somando-se \u00e0 equipe tr\u00eas t\u00e9cnicos administrativos em educa\u00e7\u00e3o, dois bi\u00f3logos e um m\u00e9dico veterin\u00e1rio, especializados na atua\u00e7\u00e3o com a fauna silvestre.<\/p>\n<p style=\"text-align: justify; padding-left: 30px;\">Tamb\u00e9m teve in\u00edcio o Programa de Resid\u00eancia Multiprofissional em Sa\u00fade na \u00e1rea de Animais Silvestres, que oferece, anualmente, duas vagas. O programa de est\u00e1gios abre vagas com frequ\u00eancia, com editais tendo ampla divulga\u00e7\u00e3o.<\/p>\n","protected":false},"excerpt":{"rendered":"<p>QUEM SOMOS O N\u00facleo de Reabilita\u00e7\u00e3o da Fauna Silvestre (NURFS) e o Centro de Triagem de Animais Silvestres (CETAS) da Universidade Federal de Pelotas (UFPEL) foram criados por iniciativa do Instituto de Biologia em associa\u00e7\u00e3o com a Faculdade de Veterin\u00e1ria para atender a uma demanda regional espec\u00edfica de aten\u00e7\u00e3o a Fauna Silvestre Brasileira. Devido a &hellip; <a href=\"https:\/\/wp.ufpel.edu.br\/nurfs\/\" class=\"more-link\">Continue lendo <span class=\"screen-reader-text\">NURFS | N\u00facleo de Reabilita\u00e7\u00e3o da Fauna Silvestre<\/span> <span class=\"meta-nav\">&rarr;<\/span><\/a><\/p>\n","protected":false},"author":497,"featured_media":0,"parent":0,"menu_order":1,"comment_status":"closed","ping_status":"closed","template":"","meta":{"jetpack_post_was_ever_published":false,"footnotes":""},"class_list":["post-5","page","type-page","status-publish","hentry"],"jetpack_sharing_enabled":true,"jetpack_shortlink":"https:\/\/wp.me\/PayWi1-5","jetpack-related-posts":[],"_links":{"self":[{"href":"https:\/\/wp.ufpel.edu.br\/nurfs\/wp-json\/wp\/v2\/pages\/5","targetHints":{"allow":["GET"]}}],"collection":[{"href":"https:\/\/wp.ufpel.edu.br\/nurfs\/wp-json\/wp\/v2\/pages"}],"about":[{"href":"https:\/\/wp.ufpel.edu.br\/nurfs\/wp-json\/wp\/v2\/types\/page"}],"author":[{"embeddable":true,"href":"https:\/\/wp.ufpel.edu.br\/nurfs\/wp-json\/wp\/v2\/users\/497"}],"replies":[{"embeddable":true,"href":"https:\/\/wp.ufpel.edu.br\/nurfs\/wp-json\/wp\/v2\/comments?post=5"}],"version-history":[{"count":29,"href":"https:\/\/wp.ufpel.edu.br\/nurfs\/wp-json\/wp\/v2\/pages\/5\/revisions"}],"predecessor-version":[{"id":742,"href":"https:\/\/wp.ufpel.edu.br\/nurfs\/wp-json\/wp\/v2\/pages\/5\/revisions\/742"}],"wp:attachment":[{"href":"https:\/\/wp.ufpel.edu.br\/nurfs\/wp-json\/wp\/v2\/media?parent=5"}],"curies":[{"name":"wp","href":"https:\/\/api.w.org\/{rel}","templated":true}]}}