{"id":19,"date":"2015-06-22T13:52:54","date_gmt":"2015-06-22T16:52:54","guid":{"rendered":"https:\/\/wp.ufpel.edu.br\/nurfs\/?page_id=19"},"modified":"2024-07-10T15:15:30","modified_gmt":"2024-07-10T18:15:30","slug":"contato","status":"publish","type":"page","link":"https:\/\/wp.ufpel.edu.br\/nurfs\/contato\/","title":{"rendered":"Contatos"},"content":{"rendered":"<div style=\"text-align: left;\">\n<h1 style=\"text-align: justify;\" align=\"center\"><span style=\"color: #003300;\">Nosso Endere\u00e7o<\/span><\/h1>\n<p style=\"text-align: justify;\" align=\"center\">Avenida Eliseu Maciel, s\/n\u00ba<br \/>\nPr\u00e9dio 40 &#8211; (Pr\u00f3ximo ao port\u00e3o, em frente \u00e0 Igreja)<br \/>\nCap\u00e3o do Le\u00e3o \u2013 RS, CEP 96010-000<\/p>\n<\/div>\n<h1 style=\"text-align: justify;\" align=\"center\"><span style=\"color: #003300;\">Fale Conosco<\/span><\/h1>\n<p>E-mail:\u00a0<a href=\"mailto:nurfs.ufpel@gmail.com\">nurfs.ufpel@gmail.com<\/a><br \/>\nTelefones:<br \/>\n&#x260e;&#xfe0f; (53) 3275.7227<br \/>\n&#x1f4f1; (53) 98125-0282<br \/>\n&#x23f0; 8:00 \u00e0s 17:00<\/p>\n<h2 style=\"text-align: center;\"><em>ou mande uma mensagem<\/em><\/h2>\n<p><iframe loading=\"lazy\" src=\"https:\/\/docs.google.com\/forms\/d\/e\/1FAIpQLSclxNmW9ftUwnzjvDOBsHzZlelu4bQassjf3xo901kaiB6KBQ\/viewform?embedded=true\" width=\"640\" height=\"1001\" frameborder=\"0\" marginwidth=\"0\" marginheight=\"0\">Carregando\u2026<\/iframe><\/p>\n<h1 style=\"text-align: justify;\" align=\"center\"><span style=\"color: #003300;\">Como chegar<\/span><\/h1>\n<p><iframe style=\"height: 100%; width: 100%; border: 0;\" src=\"https:\/\/www.google.com\/maps\/embed\/v1\/place?q=N\u00daCLEO+DE+REABILITA\u00c7\u00c3O+DA+FAUNA+SILVESTRE+-+Cap\u00e3o+do+Le\u00e3o,+RS,+Brasil&amp;key=AIzaSyBFw0Qbyq9zTFTd-tUY6dZWTgaQzuU17R8\" frameborder=\"0\"><\/iframe><\/p>\n<p>&nbsp;<\/p>\n","protected":false},"excerpt":{"rendered":"<p>Nosso Endere\u00e7o Avenida Eliseu Maciel, s\/n\u00ba Pr\u00e9dio 40 &#8211; (Pr\u00f3ximo ao port\u00e3o, em frente \u00e0 Igreja) Cap\u00e3o do Le\u00e3o \u2013 RS, CEP 96010-000 Fale Conosco E-mail:\u00a0nurfs.ufpel@gmail.com Telefones: &#x260e;&#xfe0f; (53) 3275.7227 &#x1f4f1; (53) 98125-0282 &#x23f0; 8:00 \u00e0s 17:00 ou mande uma mensagem Carregando\u2026 Como chegar &nbsp;<\/p>\n","protected":false},"author":497,"featured_media":0,"parent":0,"menu_order":0,"comment_status":"closed","ping_status":"closed","template":"","meta":{"jetpack_post_was_ever_published":false,"footnotes":""},"class_list":["post-19","page","type-page","status-publish","hentry"],"jetpack_sharing_enabled":true,"jetpack_shortlink":"https:\/\/wp.me\/PayWi1-j","jetpack-related-posts":[],"_links":{"self":[{"href":"https:\/\/wp.ufpel.edu.br\/nurfs\/wp-json\/wp\/v2\/pages\/19","targetHints":{"allow":["GET"]}}],"collection":[{"href":"https:\/\/wp.ufpel.edu.br\/nurfs\/wp-json\/wp\/v2\/pages"}],"about":[{"href":"https:\/\/wp.ufpel.edu.br\/nurfs\/wp-json\/wp\/v2\/types\/page"}],"author":[{"embeddable":true,"href":"https:\/\/wp.ufpel.edu.br\/nurfs\/wp-json\/wp\/v2\/users\/497"}],"replies":[{"embeddable":true,"href":"https:\/\/wp.ufpel.edu.br\/nurfs\/wp-json\/wp\/v2\/comments?post=19"}],"version-history":[{"count":12,"href":"https:\/\/wp.ufpel.edu.br\/nurfs\/wp-json\/wp\/v2\/pages\/19\/revisions"}],"predecessor-version":[{"id":730,"href":"https:\/\/wp.ufpel.edu.br\/nurfs\/wp-json\/wp\/v2\/pages\/19\/revisions\/730"}],"wp:attachment":[{"href":"https:\/\/wp.ufpel.edu.br\/nurfs\/wp-json\/wp\/v2\/media?parent=19"}],"curies":[{"name":"wp","href":"https:\/\/api.w.org\/{rel}","templated":true}]}}