{"id":89,"date":"2025-06-16T11:07:38","date_gmt":"2025-06-16T14:07:38","guid":{"rendered":"https:\/\/wp.ufpel.edu.br\/nupra\/?page_id=89"},"modified":"2025-06-16T11:08:13","modified_gmt":"2025-06-16T14:08:13","slug":"sobre-nos","status":"publish","type":"page","link":"https:\/\/wp.ufpel.edu.br\/nupra\/sobre-nos\/","title":{"rendered":"Sobre n\u00f3s"},"content":{"rendered":"<p>Coordenado pelo Prof. Dr. Thiago Pirajira Concei\u00e7\u00e3o, o NUPRA &#8211; N\u00facleo de Pr\u00e1ticas Radicais:\u00a0 Grupo de Estudos e Pesquisas em Artes, G\u00eanero e Rela\u00e7\u00f5es \u00c9tnico-Raciais &#8211; (CNPq\/UFPel) debate, investiga e cria possibilidades radicais de a\u00e7\u00e3o e transforma\u00e7\u00e3o em sua comunidade, tendo encontros semanais com discentes, docentes e egressos dos cursos da UFPel.<\/p>\n<p>&nbsp;<\/p>\n<figure id=\"attachment_92\" aria-describedby=\"caption-attachment-92\" style=\"width: 400px\" class=\"wp-caption alignnone\"><img loading=\"lazy\" decoding=\"async\" class=\"size-medium wp-image-92\" src=\"https:\/\/wp.ufpel.edu.br\/nupra\/files\/2025\/06\/WhatsApp-Image-2025-06-16-at-10.55.42-400x204.jpeg\" alt=\"Imagem de pessoas em v\u00eddeo chamada posando para foto. Encontro virtual do NUPRA. \" width=\"400\" height=\"204\" srcset=\"https:\/\/wp.ufpel.edu.br\/nupra\/files\/2025\/06\/WhatsApp-Image-2025-06-16-at-10.55.42-400x204.jpeg 400w, https:\/\/wp.ufpel.edu.br\/nupra\/files\/2025\/06\/WhatsApp-Image-2025-06-16-at-10.55.42-1024x523.jpeg 1024w, https:\/\/wp.ufpel.edu.br\/nupra\/files\/2025\/06\/WhatsApp-Image-2025-06-16-at-10.55.42-768x392.jpeg 768w, https:\/\/wp.ufpel.edu.br\/nupra\/files\/2025\/06\/WhatsApp-Image-2025-06-16-at-10.55.42.jpeg 1280w\" sizes=\"auto, (max-width: 400px) 100vw, 400px\" \/><figcaption id=\"caption-attachment-92\" class=\"wp-caption-text\">Abril de 2024 &#8211; Encontro virtual com coordena\u00e7\u00e3o e discentes da gradua\u00e7\u00e3o e p\u00f3s-gradua\u00e7\u00e3o. Planejamento de a\u00e7\u00f5es e partilha de pesquisas em andamento.<\/figcaption><\/figure>\n<figure id=\"attachment_91\" aria-describedby=\"caption-attachment-91\" style=\"width: 400px\" class=\"wp-caption alignnone\"><img loading=\"lazy\" decoding=\"async\" class=\"size-medium wp-image-91\" src=\"https:\/\/wp.ufpel.edu.br\/nupra\/files\/2025\/06\/WhatsApp-Image-2025-06-16-at-10.55.42-1-e1750082464703-400x358.jpeg\" alt=\"\" width=\"400\" height=\"358\" srcset=\"https:\/\/wp.ufpel.edu.br\/nupra\/files\/2025\/06\/WhatsApp-Image-2025-06-16-at-10.55.42-1-e1750082464703-400x358.jpeg 400w, https:\/\/wp.ufpel.edu.br\/nupra\/files\/2025\/06\/WhatsApp-Image-2025-06-16-at-10.55.42-1-e1750082464703-768x686.jpeg 768w, https:\/\/wp.ufpel.edu.br\/nupra\/files\/2025\/06\/WhatsApp-Image-2025-06-16-at-10.55.42-1-e1750082464703.jpeg 960w\" sizes=\"auto, (max-width: 400px) 100vw, 400px\" \/><figcaption id=\"caption-attachment-91\" class=\"wp-caption-text\">Junho de 2024 &#8211; Encontro presencial do grupo, debate sobre pesquisas e planejamento.<\/figcaption><\/figure>\n<p>&nbsp;<\/p>\n<p>Estamos no Instagram @nupraufpel \u2665<\/p>\n<p>Para mais informa\u00e7\u00f5es, colabora\u00e7\u00f5es e parcerias enviar e-mail para thiago.pirajira@gmail.com<\/p>\n","protected":false},"excerpt":{"rendered":"<p>Coordenado pelo Prof. Dr. Thiago Pirajira Concei\u00e7\u00e3o, o NUPRA &#8211; N\u00facleo de Pr\u00e1ticas Radicais:\u00a0 Grupo de Estudos e Pesquisas em Artes, G\u00eanero e Rela\u00e7\u00f5es \u00c9tnico-Raciais &#8211; (CNPq\/UFPel) debate, investiga e cria possibilidades radicais de a\u00e7\u00e3o e transforma\u00e7\u00e3o em sua comunidade, tendo encontros semanais com discentes, docentes e egressos dos cursos da UFPel. &nbsp; &nbsp; Estamos &hellip; <\/p>\n<p class=\"link-more\"><a href=\"https:\/\/wp.ufpel.edu.br\/nupra\/sobre-nos\/\" class=\"more-link\">Continue lendo<span class=\"screen-reader-text\"> &#8220;Sobre n\u00f3s&#8221;<\/span><\/a><\/p>\n","protected":false},"author":1378,"featured_media":0,"parent":0,"menu_order":0,"comment_status":"closed","ping_status":"closed","template":"","meta":{"footnotes":""},"class_list":["post-89","page","type-page","status-publish","hentry"],"_links":{"self":[{"href":"https:\/\/wp.ufpel.edu.br\/nupra\/wp-json\/wp\/v2\/pages\/89","targetHints":{"allow":["GET"]}}],"collection":[{"href":"https:\/\/wp.ufpel.edu.br\/nupra\/wp-json\/wp\/v2\/pages"}],"about":[{"href":"https:\/\/wp.ufpel.edu.br\/nupra\/wp-json\/wp\/v2\/types\/page"}],"author":[{"embeddable":true,"href":"https:\/\/wp.ufpel.edu.br\/nupra\/wp-json\/wp\/v2\/users\/1378"}],"replies":[{"embeddable":true,"href":"https:\/\/wp.ufpel.edu.br\/nupra\/wp-json\/wp\/v2\/comments?post=89"}],"version-history":[{"count":5,"href":"https:\/\/wp.ufpel.edu.br\/nupra\/wp-json\/wp\/v2\/pages\/89\/revisions"}],"predecessor-version":[{"id":98,"href":"https:\/\/wp.ufpel.edu.br\/nupra\/wp-json\/wp\/v2\/pages\/89\/revisions\/98"}],"wp:attachment":[{"href":"https:\/\/wp.ufpel.edu.br\/nupra\/wp-json\/wp\/v2\/media?parent=89"}],"curies":[{"name":"wp","href":"https:\/\/api.w.org\/{rel}","templated":true}]}}