{"id":86,"date":"2018-09-26T18:04:04","date_gmt":"2018-09-26T21:04:04","guid":{"rendered":"https:\/\/wp.ufpel.edu.br\/nuppome\/?page_id=86"},"modified":"2024-02-20T13:15:03","modified_gmt":"2024-02-20T16:15:03","slug":"artigos","status":"publish","type":"page","link":"https:\/\/wp.ufpel.edu.br\/nuppome\/producao\/artigos\/","title":{"rendered":"Artigos"},"content":{"rendered":"<p><strong>Artigos publicados por integrantes do NUPPOME<\/strong><\/p>\n<p><strong>[foram listados apenas trabalhos que possuem ader\u00eancia \u00e0s linhas de pesquisa do N\u00facleo]<\/strong><\/p>\n<ol>\n<li>BERNARDI, Bruno Boti; RORIZ, Jo\u00e3o. Mantendo o c\u00e9u no lugar: o caso Yanomami e as den\u00fancias contra a ditadura militar brasileira na Comiss\u00e3o Interamericana de Direitos Humanos. <strong>Revista Brasileira de Ci\u00eancia Pol\u00edtica<\/strong>, p. 1-35, 2023. Dispon\u00edvel em: <a href=\"https:\/\/www.scielo.br\/j\/rbcpol\/a\/RmZGhZJQsfHgbwm6ccyW6WK\/\">https:\/\/www.scielo.br\/j\/rbcpol\/a\/RmZGhZJQsfHgbwm6ccyW6WK\/<\/a><\/li>\n<li>BERNARDI, Bruno Boti. Direitos humanos, encaixes institucionais e repert\u00f3rios de a\u00e7\u00e3o: o Centro de Derechos Humanos de las Mujeres. <strong>Revista de Sociologia e Pol\u00edtica<\/strong>, v. 30, p. 1-18, 2022. Dispon\u00edvel em: <a href=\"https:\/\/www.scielo.br\/j\/rsocp\/a\/LRY7TgQcBq6z7vBLQrx6hSQ\/\">https:\/\/www.scielo.br\/j\/rsocp\/a\/LRY7TgQcBq6z7vBLQrx6hSQ\/<\/a><\/li>\n<li>BERNARDI, Bruno Boti. O sistema interamericano de direitos humanos: cria\u00e7\u00e3o e desenvolvimento institucional (1960-2010). <strong>Latin American Human Rights Studies<\/strong>, v. 2, p. 1-46, 2022. Dispon\u00edvel em: <a href=\"https:\/\/revistas.ufg.br\/lahrs\/article\/view\/77982\/40472\">https:\/\/revistas.ufg.br\/lahrs\/article\/view\/77982\/40472<\/a><\/li>\n<li>BERNARDI, Bruno Boti. Repensando a mobiliza\u00e7\u00e3o dos direitos humanos: rela\u00e7\u00f5es entre ativistas e v\u00edtimas de viola\u00e7\u00f5es no caso Alvarado contra o M\u00e9xico. <strong>Lua Nova. Revista de Cultura e Pol\u00edtica<\/strong>, v. 113, p. 57-102, 2021. Dispon\u00edvel em: <a href=\"https:\/\/www.scielo.br\/j\/ln\/a\/BtWDdNG8X5rStv4MfRS6Sbf\/?lang=pt\">https:\/\/www.scielo.br\/j\/ln\/a\/BtWDdNG8X5rStv4MfRS6Sbf\/?lang=pt<\/a><\/li>\n<li>BERNARDI, Bruno Boti. O Sistema Interamericano de Direitos Humanos e o caso da guerrilha do Araguaia: impactos no Brasil. <strong>Revista Brasileira de Ci\u00eancia Pol\u00edtica<\/strong>, v. 9, p. 49-92, 2017. Dispon\u00edvel em:\u00a0<a href=\"http:\/\/www.scielo.br\/scielo.php?pid=S0103-33522017000100049&amp;script=sci_abstract&amp;tlng=pt\" target=\"_blank\" rel=\"noopener noreferrer\">http:\/\/www.scielo.br\/scielo.php?pid=S0103-33522017000100049&amp;script=sci_abstract&amp;tlng=pt<\/a><\/li>\n<li>BERNARDI, Bruno Boti. Silence, hindrances and omissions: the Inter-American Commission on Human Rights and the Brazilian military dictatorship. <strong>The International Journal of Human Rights<\/strong>, v. 21, p. 1-21, 2017. Dispon\u00edvel em:\u00a0<a href=\"https:\/\/www.tandfonline.com\/doi\/abs\/10.1080\/13642987.2017.1299915?journalCode=fjhr20\" target=\"_blank\" rel=\"noopener noreferrer\">https:\/\/www.tandfonline.com\/doi\/abs\/10.1080\/13642987.2017.1299915?journalCode=fjhr20<\/a><\/li>\n<li>BERNARDI, Bruno Boti. Fighting Against Impunity: the Federal Prosecution Service and the Gomes Lund Case. <strong>Revista Brasileira de Politica Internacional<\/strong>, v. 60, p. 1-21, 2017.\u00a0Dispon\u00edvel em:\u00a0<a href=\"http:\/\/www.scielo.br\/scielo.php?script=sci_arttext&amp;pid=S0034-73292017000100219\" target=\"_blank\" rel=\"noopener noreferrer\">http:\/\/www.scielo.br\/scielo.php?script=sci_arttext&amp;pid=S0034-73292017000100219<\/a><\/li>\n<li>BERNARDI, Bruno Boti. &#8220;Ganhei na loteria! Mas e o pr\u00eamio?&#8221;: a mobiliza\u00e7\u00e3o s\u00f3cio-legal do direito internacional dos direitos humanos no caso da guerrilha do Araguaia. <strong>Carta Internacional<\/strong>, v. 12, p. 130-152, 2017. Dispon\u00edvel em:\u00a0<a href=\"https:\/\/cartainternacional.abri.org.br\/Carta\/article\/view\/687\" target=\"_blank\" rel=\"noopener noreferrer\">https:\/\/cartainternacional.abri.org.br\/Carta\/article\/view\/687<\/a><\/li>\n<\/ol>\n<p>&nbsp;<\/p>\n<div class=\"layout-cell layout-cell-11\">\n<ol>\n<li>CAVICHIOLI, Bruno Gazalle. Monumentos funer\u00e1rios como lugares de disputa nas pol\u00edticas de mem\u00f3ria da Espanha (2007-2023). <strong>Revista M. Estudos sobre a morte, os mortos e o morrer<\/strong>, v. 9, p. 1-22, 2024. Dispon\u00edvel em: <a href=\"https:\/\/seer.unirio.br\/revistam\/article\/view\/12918\">https:\/\/seer.unirio.br\/revistam\/article\/view\/12918<\/a><\/li>\n<li>CAVICHIOLI, Bruno Gazalle; GALLO, Carlos Artur. Entre Deus e o Estado: Salazar, Franco e a Igreja Cat\u00f3lica nas ditaduras ib\u00e9ricas do s\u00e9culo XX. <strong>Revista Mem\u00f3ria em Rede<\/strong>, v. 14, p. 309-334, 2022. Dispon\u00edvel em: <a href=\"https:\/\/periodicos.ufpel.edu.br\/index.php\/Memoria\/article\/view\/22000\">https:\/\/periodicos.ufpel.edu.br\/index.php\/Memoria\/article\/view\/22000<\/a><\/li>\n<\/ol>\n<p>&nbsp;<\/p>\n<ol>\n<li>RODRIGUES, Andr\u00e9 J.; <strong>DEL R\u00cdO, Andr\u00e9s<\/strong>; OCTAVIANO, Daniel; MARINHO, Leandro. Poder de matar: um ensaio sobre a viol\u00eancia pol\u00edtica. <strong>(Syn)Thesis<\/strong>, v. 14, p. 84-98, 2022. Dispon\u00edvel em: <a href=\"https:\/\/www.e-publicacoes.uerj.br\/index.php\/synthesis\/article\/view\/65836\">https:\/\/www.e-publicacoes.uerj.br\/index.php\/synthesis\/article\/view\/65836<\/a><\/li>\n<li>DEL R\u00cdO, Andr\u00e9s. Los laberintos de la justicia transicional en Uruguay (1985-2019). <strong>Contextualizaciones Latinoamericanas<\/strong>, v. 23, p. 1-25, 2020. Dispon\u00edvel em:\u00a0<a href=\"http:\/\/contexlatin.cucsh.udg.mx\/index.php\/CL\/article\/view\/7410\" target=\"_blank\" rel=\"noopener noreferrer\">http:\/\/contexlatin.cucsh.udg.mx\/index.php\/CL\/article\/view\/7410<\/a><\/li>\n<li>DEL R\u00cdO, Andr\u00e9s. Supreme Court, Institutional Change and Authoritarian Regimes: Argentina and Brazil (1964-1985). <strong>Raz\u00f3n cr\u00edtica<\/strong>, v. 1, p. 22-44, 2018. Dispon\u00edvel em:\u00a0<a href=\"https:\/\/revistas.utadeo.edu.co\/index.php\/razoncritica\/article\/view\/1280\" target=\"_blank\" rel=\"noopener noreferrer\">https:\/\/revistas.utadeo.edu.co\/index.php\/razoncritica\/article\/view\/1280<\/a><\/li>\n<li>DEL R\u00cdO, Andr\u00e9s.\u00a0Justicia transicional en Uruguay. <strong>Espacio Abierto<\/strong>, v. 1, p. 1, 2017. Dispon\u00edvel em:\u00a0<a href=\"https:\/\/dialnet.unirioja.es\/ejemplar\/467896\" target=\"_blank\" rel=\"noopener noreferrer\">https:\/\/dialnet.unirioja.es\/ejemplar\/467896<\/a><\/li>\n<\/ol>\n<\/div>\n<p>&nbsp;<\/p>\n<ol>\n<li>GALLO, Carlos Artur; SCHALLENM\u00dcLLER, Christian Jecov. Quem estuda justi\u00e7a de transi\u00e7\u00e3o no Brasil? Um panorama sobre uma agenda de pesquisas em constru\u00e7\u00e3o. <strong>Revista Brasileira de Informa\u00e7\u00e3o Bibliogr\u00e1fica em Ci\u00eancias Sociais &#8211; BIB<\/strong>, v. 99, p. 1-22, 2023. Dispon\u00edvel em: <a href=\"https:\/\/bibanpocs.emnuvens.com.br\/revista\/article\/view\/641\">https:\/\/bibanpocs.emnuvens.com.br\/revista\/article\/view\/641<\/a><\/li>\n<li>GALLO, Carlos Artur. Pol\u00edticas de memoria y procesos de desdemocratizaci\u00f3n: perspectivas sobre el caso brasile\u00f1o (2016-2022). <strong>Visioni Latinoamericane<\/strong>, v. 15, p. 29-45, 2023. Dispon\u00edvel em: <a href=\"https:\/\/www.openstarts.units.it\/entities\/publication\/2e06b973-5aaf-4e1b-bdae-2596a5e92e6f\/details\">https:\/\/www.openstarts.units.it\/entities\/publication\/2e06b973-5aaf-4e1b-bdae-2596a5e92e6f\/details<\/a><\/li>\n<li>NASCIMENTO, Isabela Rodrigues do; GALLO, Carlos Artur. Subversivas, adjetivo feminino: um perfil das mulheres mortas e desaparecidas pela ditadura civil-militar brasileira (1964-1985). <strong>Revista Feminismos<\/strong>, v. 11, p. 1-25, 2023. Dispon\u00edvel em: <a href=\"https:\/\/periodicos.ufba.br\/index.php\/feminismos\/article\/view\/53114\">https:\/\/periodicos.ufba.br\/index.php\/feminismos\/article\/view\/53114<\/a><\/li>\n<li>GALLO, Carlos Artur. A justi\u00e7a das transi\u00e7\u00f5es: uma proposta de an\u00e1lise para Portugal, Espanha, Argentina e Brasil. <strong>Revista Brasileira de Ci\u00eancia Pol\u00edtica<\/strong>, v. 15, p. 1-31, 2022. Dispon\u00edvel em: <a href=\"https:\/\/www.scielo.br\/j\/rbcpol\/a\/3B7Cf4QRRWSyzYzTXWPqRyt\/?lang=pt\">https:\/\/www.scielo.br\/j\/rbcpol\/a\/3B7Cf4QRRWSyzYzTXWPqRyt\/?lang=pt<\/a><\/li>\n<li>GALLO, Carlos Artur. En el rastro de las transiciones: elementos para una comparaci\u00f3n entre el Sur de Europa y el Cono Sur. <strong>Forum. Revista Departamento de Ciencia Pol\u00edtica<\/strong>, v. 12, p. 13-37, 2022. Dispon\u00edvel em: <a href=\"https:\/\/revistas.unal.edu.co\/index.php\/forum\/article\/view\/93340\">https:\/\/revistas.unal.edu.co\/index.php\/forum\/article\/view\/93340<\/a><\/li>\n<li>GALLO, Carlos Artur; LOPA, Danielle Bento Pires. Ruptura ou continuidade? Um estudo sobre a legalidade autorit\u00e1ria da ditadura e seu impacto no estado de direito brasileiro. <strong>Historiae (impresso)<\/strong>, v. 13, p. 173-199, 2022. Dispon\u00edvel em: <a href=\"https:\/\/periodicos.furg.br\/hist\/article\/view\/13733\">https:\/\/periodicos.furg.br\/hist\/article\/view\/13733<\/a><\/li>\n<li>GALLO, Carlos Artur. As lutas pelo passado em \u00e2mbito local: reflex\u00f5es a partir do caso de Porto Alegre. <strong>Revista Debates (UFRGS)<\/strong>, v. 15, p. 212-229, 2021. Dispon\u00edvel em: <a href=\"https:\/\/seer.ufrgs.br\/debates\/article\/view\/110820\">https:\/\/seer.ufrgs.br\/debates\/article\/view\/110820<\/a><\/li>\n<li>GALLO, Carlos Artur; GUGLIANO, Alfredo Alejandro. La justicia del presente, los cr\u00edmenes del pasado: un an\u00e1lisis sobre los cr\u00edmenes de las dictaduras en Brasil y Argentina. <strong>Revista da Faculdade de Direito (UFU)<\/strong>, v. 49, p. 548-571, 2021. Dispon\u00edvel em: <a href=\"https:\/\/seer.ufu.br\/index.php\/revistafadir\/article\/view\/58952\">https:\/\/seer.ufu.br\/index.php\/revistafadir\/article\/view\/58952<\/a><\/li>\n<li>SILVEIRA, Rafael Alexandre; <strong>GALLO, Carlos Artur.<\/strong> A experi\u00eancia da Subcomiss\u00e3o da Mem\u00f3ria, Verdade e Justi\u00e7a no Rio Grande do Sul: Atores, testemunhos e significa\u00e7\u00f5es discursivas. <strong>Sillog\u00e9s<\/strong>, v. 4, p. 599-628, 2021. Dispon\u00edvel em: <a href=\"https:\/\/historiasocialecomparada.org\/revistas\/index.php\/silloges\/article\/view\/162\">https:\/\/historiasocialecomparada.org\/revistas\/index.php\/silloges\/article\/view\/162<\/a><\/li>\n<li>GALLO, Carlos Artur; SOUZA, Laura Feij\u00f3 de; BUENO, Mariana de Lara. Trag\u00e9dias semelhantes, diferentes formas de lidar com a dor: uma compara\u00e7\u00e3o das medidas de verdade, justi\u00e7a e reconcilia\u00e7\u00e3o implementadas na \u00c1frica do Sul e em Ruanda. <strong>Campos Neutrais &#8211; Revista Latino-Americana de Rela\u00e7\u00f5es Internacionais<\/strong>, v. 3, p. 4-30, 2021. Dispon\u00edvel em: <a href=\"https:\/\/periodicos.furg.br\/cn\/article\/view\/13651\">https:\/\/periodicos.furg.br\/cn\/article\/view\/13651<\/a><\/li>\n<li>PL\u00c1CIDO, Caio Paglis Marques; <strong>GALLO, Carlos Artur.<\/strong> &#8216;A volta dos que n\u00e3o foram&#8217;: Quem s\u00e3o e o que veicularam em suas candidaturas os &#8216;parlamilitares&#8217; eleitos em 2018?. <strong>Brasiliana: Journal for Brazilian Studies<\/strong>, v. 10, p. 330-350, 2021. Dispon\u00edvel em: <a href=\"https:\/\/tidsskrift.dk\/bras\/article\/view\/128383\">https:\/\/tidsskrift.dk\/bras\/article\/view\/128383<\/a><\/li>\n<li>GALLO, Carlos Artur; GUGLIANO, Alfredo Alejandro. Political Memory, Authoritarian Legacies, and the Quality of Democracy: Considerations for a Comparison Between Brazil and Argentina. <strong>Revista del CESLA<\/strong>, v. 25, p. 251-276, 2020. Dispon\u00edvel em:\u00a0<a href=\"https:\/\/www.revistadelcesla.com\/index.php\/revistadelcesla\/article\/view\/641\" target=\"_blank\" rel=\"noopener noreferrer\">https:\/\/www.revistadelcesla.com\/index.php\/revistadelcesla\/article\/view\/641<\/a><\/li>\n<li>SAINZ, Nilton Garcia; SILVEIRA, Rafael Alexandre; <strong>GALLO, Carlos Artur<\/strong>. Entre a apura\u00e7\u00e3o e o negacionismo: a percep\u00e7\u00e3o dos(as) deputados(as) federais da 53\u00b0 e 54\u00b0 Legislaturas sobre a implementa\u00e7\u00e3o da Lei da Comiss\u00e3o Nacional da Verdade no Brasil. <strong>Revista Eletr\u00f4nica Direito e Pol\u00edtica<\/strong>, v. 15, p. 315-346, 2020. Dispon\u00edvel em:\u00a0<a href=\"https:\/\/siaiap32.univali.br\/seer\/index.php\/rdp\/article\/view\/16390\" target=\"_blank\" rel=\"noopener noreferrer\">https:\/\/siaiap32.univali.br\/seer\/index.php\/rdp\/article\/view\/16390<\/a><\/li>\n<li>MINTEGUI, Evelin Melo; <strong>GALLO, Carlos Artur<\/strong>; KARPINSKI, Cezar. A rela\u00e7\u00e3o entre as pol\u00edticas p\u00fablicas de avalia\u00e7\u00e3o de documentos e de mem\u00f3ria no Brasil e no Uruguai. <strong>Em Quest\u00e3o<\/strong>\u00a0<strong>(UFRGS)<\/strong>, v. 26, p. 1\/1, 2020. Dispon\u00edvel em:\u00a0<a href=\"https:\/\/seer.ufrgs.br\/EmQuestao\/article\/view\/92144\" target=\"_blank\" rel=\"noopener noreferrer\">https:\/\/seer.ufrgs.br\/EmQuestao\/article\/view\/92144<\/a><\/li>\n<li>GALLO, Carlos Artur. O passado no banco dos r\u00e9us: uma an\u00e1lise das decis\u00f5es das Cortes Supremas argentina e brasileira sobre a validade das &#8220;leis de impunidade&#8221;. <strong>Revista Pol\u00edtica e Sociedade<\/strong>, v.18, p. 360-395, 2019. Dispon\u00edvel em:\u00a0<a href=\"https:\/\/periodicos.ufsc.br\/index.php\/politica\/article\/view\/2175-7984.2019v18n41p360\">https:\/\/periodicos.ufsc.br\/index.php\/politica\/article\/view\/2175-7984.2019v18n41p360<\/a><\/li>\n<li>GALLO, Carlos Artur. Felipe Recondo. Tanques e togas: o STF durante a ditadura (Resenha). <strong>Tempo Social<\/strong>, v.31, p. 295-302, 2019. Dispon\u00edvel em:\u00a0<a href=\"http:\/\/www.scielo.br\/pdf\/ts\/v31n2\/1809-4554-ts-31-02-0295.pdf\">http:\/\/www.scielo.br\/pdf\/ts\/v31n2\/1809-4554-ts-31-02-0295.pdf<\/a><\/li>\n<li>GALLO, Carlos Artur. Um acerto de contas com o Judici\u00e1rio argentino &#8211; Resenha de &#8216;Usted tambi\u00e9n , Doctor?&#8217; (Bohoslavsky, J.P.). <strong>Revista Brasileira de Ci\u00eancias Sociais<\/strong>, v. 33, p. 1-4, 2018. Dispon\u00edvel em:\u00a0<a href=\"http:\/\/www.scielo.br\/pdf\/rbcsoc\/v33n97\/0102-6909-rbcsoc-33-97-e339715.pdf\" target=\"_blank\" rel=\"noopener noreferrer\">http:\/\/www.scielo.br\/pdf\/rbcsoc\/v33n97\/0102-6909-rbcsoc-33-97-e339715.pdf<\/a><\/li>\n<li>GALLO, Carlos Artur. O Brasil entre a mem\u00f3ria, o esquecimento e a (in) justi\u00e7a: uma an\u00e1lise do julgamento da ADPF n\u00ba 153 pelo Supremo Tribunal Federal. <strong>Revista Brasileira de Ci\u00eancia Pol\u00edtica<\/strong>, v. 9, p. 81-114, 2017. Dispon\u00edvel em:\u00a0<a href=\"http:\/\/www.scielo.br\/scielo.php?script=sci_abstract&amp;pid=S0103-33522017000300081&amp;lng=en&amp;nrm=iso&amp;tlng=pt\" target=\"_blank\" rel=\"noopener noreferrer\">http:\/\/www.scielo.br\/scielo.php?script=sci_abstract&amp;pid=S0103-33522017000300081&amp;lng=en&amp;nrm=iso&amp;tlng=pt<\/a><\/li>\n<li>GALLO, Carlos Artur. O Cone Sul entre a mem\u00f3ria e o esquecimento: elementos para uma compara\u00e7\u00e3o. <strong>Revista Debates<\/strong>, v. 11, p. 57-78, 2017. Dispon\u00edvel em:\u00a0<a href=\"http:\/\/seer.ufrgs.br\/debates\/article\/view\/74779\" target=\"_blank\" rel=\"noopener noreferrer\">http:\/\/seer.ufrgs.br\/debates\/article\/view\/74779<\/a><\/li>\n<\/ol>\n<p>&nbsp;<\/p>\n<ol>\n<li>HAU, Boris. <span class=\"a\">A 50 a\u00f1os del Golpe Militar, las pol\u00edticas de la Memoria <\/span><span class=\"a\">para las mujeres v\u00edctimas de la dictadura en Chile<\/span>. <strong>Textos y Contextos<\/strong>, n. 27, p. 1-15, 2023. Dispon\u00edvel em: <a href=\"https:\/\/revistadigital.uce.edu.ec\/index.php\/CONTEXTOS\/article\/view\/4356\">https:\/\/revistadigital.uce.edu.ec\/index.php\/CONTEXTOS\/article\/view\/4356<\/a><\/li>\n<li>HAU, Boris. Operaci\u00f3n Colombo: 119 exigencias de verdad y justicia, las batallas contra la impunidad en Chile. <strong>Revista Sul-Americana de Ci\u00eancia Pol\u00edtica<\/strong>, v. 5, n. 1, p. 21-46, 2019. Dispon\u00edvel em: <a href=\"https:\/\/periodicos.ufpel.edu.br\/ojs2\/index.php\/rsulacp\/article\/view\/15821\">https:\/\/periodicos.ufpel.edu.br\/ojs2\/index.php\/rsulacp\/article\/view\/15821<\/a><\/li>\n<li>HAU, Boris. Chile, 40 a\u00f1os de exigencias de Verdad y Justicia. <strong>Raz\u00f3n Cr\u00edtica<\/strong>, v.3, n.4, p. 137-161, 2018. Dispon\u00edvel em:\u00a0<a href=\"https:\/\/revistas.utadeo.edu.co\/index.php\/razoncritica\/article\/view\/1275\/1300\" target=\"_blank\" rel=\"noopener noreferrer\">https:\/\/revistas.utadeo.edu.co\/index.php\/razoncritica\/article\/view\/1275\/1300<\/a><\/li>\n<li>HAU, Boris. Chile, una democracia consolidada luego de 27 a\u00f1os de luchas por la Justicia y la Verdad para las v\u00edctimas de la dictadura. <strong>Revista Interdisciplinar de Direitos Humanos<\/strong>, v. 5, n. 2, p. 133-152, 2017. Dispon\u00edvel em: <a href=\"http:\/\/www2.faac.unesp.br\/ridh\/index.php\/ridh\/article\/view\/525\" target=\"_blank\" rel=\"noopener noreferrer\">http:\/\/www2.faac.unesp.br\/ridh\/index.php\/ridh\/article\/view\/525<\/a><\/li>\n<\/ol>\n<p>&nbsp;<\/p>\n<ol>\n<li>MAIA, Tatyana de Amaral. Negacionismo hist\u00f3rico e emerg\u00eancia da extrema-direita: a crise do regime moderno de historicidade no Brasil (2019-2022). <strong>Varia Hist\u00f3ria<\/strong>, v. 39, p. 1-32, 2023. Dispon\u00edvel em: <a href=\"https:\/\/www.scielo.br\/j\/vh\/a\/6vDzdFVMV3dGHktNVZMBFNp\/#\">https:\/\/www.scielo.br\/j\/vh\/a\/6vDzdFVMV3dGHktNVZMBFNp\/#<\/a><\/li>\n<li>BAUER, Caroline Silveira; MAIA, Tatyana de Amaral. Os &#8220;entusiasmados praticantes comuns&#8221; e o passado on demand: uma leitura do v\u00eddeo de Felipe Castanhari sobre a ditadura civil-militar brasileira. <strong>Confluenze (Bologna)<\/strong>, v. 15, p. 10-32, 2023. Dispon\u00edvel em:\u00a0<a href=\"https:\/\/confluenze.unibo.it\/article\/view\/17796\">https:\/\/confluenze.unibo.it\/article\/view\/17796<\/a><\/li>\n<li>MAIA, Tatyana de Amaral. Intelectuais, direitas e a censura de divers\u00f5es p\u00fablicas na ditadura: tens\u00f5es, acomoda\u00e7\u00f5es e ambival\u00eancias (1967-1985). <strong>Revista de Hist\u00f3ria<\/strong>, n. 180, p. 1-29, 2021. Dispon\u00edvel em: <a href=\"https:\/\/www.scielo.br\/j\/rh\/a\/yCPfzc8nbsyhHr7YBBQ5VDK\/?lang=pt\">https:\/\/www.scielo.br\/j\/rh\/a\/yCPfzc8nbsyhHr7YBBQ5VDK\/?lang=pt<\/a><\/li>\n<li>MAIA, Tatyana de Amaral; FRAGA, Gerson Wasen. Estado, audiovisual e pol\u00edticas de mem\u00f3ria. As ditaduras latino-americanas nos document\u00e1rios do canal argentino Encuentro (2016). <strong>Revista Eletr\u00f4nica da ANPHLAC<\/strong>, v. 20, p. 282-312, 2020. Dispon\u00edvel em:\u00a0<a href=\"https:\/\/revista.anphlac.org.br\/anphlac\/article\/view\/3848\" target=\"_blank\" rel=\"noopener noreferrer\">https:\/\/revista.anphlac.org.br\/anphlac\/article\/view\/3848<\/a><\/li>\n<li>MAIA, Tatyana de Amaral; ALBERNAZ, C\u00e1ssio; MITSUE, Cristiane. O trabalhismo de Jango em imagens: os cinejornais da Ag\u00eancia Nacional (1963-1964). <strong>INTERCOM: Revista Brasileira de Ci\u00eancias da Comunica\u00e7\u00e3o<\/strong>, v. 41, p. 119-135, 2018. Dispon\u00edvel em:\u00a0<a href=\"http:\/\/www.scielo.br\/scielo.php?pid=S1809-58442018000100119&amp;script=sci_abstract&amp;tlng=pt\" target=\"_blank\" rel=\"noopener noreferrer\">http:\/\/www.scielo.br\/scielo.php?pid=S1809-58442018000100119&amp;script=sci_abstract&amp;tlng=pt<\/a><\/li>\n<li>MAIA, Tatyana de Amaral.\u00a0As &#8220;comemora\u00e7\u00f5es c\u00edvicas&#8221; do 1\u00ba de maio nos cinejornais da Ag\u00eancia Nacional na ditadura militar (1964-1979). <strong>Revista Transversos<\/strong>, v. 9, p. 281-299, 2017. Dispon\u00edvel em:\u00a0<a href=\"http:\/\/www.e-publicacoes.uerj.br\/index.php\/transversos\/article\/view\/27939\" target=\"_blank\" rel=\"noopener noreferrer\">http:\/\/www.e-publicacoes.uerj.br\/index.php\/transversos\/article\/view\/27939<\/a><\/li>\n<li>MAIA, Tatyana de Amaral.\u00a0A &#8220;hist\u00f3ria da cultura brasileira&#8221; e o modernismo-conservador na ditadura civil-militar (1972-1976). <strong>Saeculum<\/strong>, v. 37, p. 127-144, 2017. Dispon\u00edvel em:\u00a0<a href=\"http:\/\/www.periodicos.ufpb.br\/ojs\/index.php\/srh\/article\/view\/34266\" target=\"_blank\" rel=\"noopener noreferrer\">http:\/\/www.periodicos.ufpb.br\/ojs\/index.php\/srh\/article\/view\/34266<\/a><\/li>\n<\/ol>\n<p>&nbsp;<\/p>\n<ol>\n<li>POLONI, Rita Juliana Soares; FUNARI, Pedro Paulo A. Os desertos habitados: Estado Novo, colonialismo, mem\u00f3ria e patrim\u00f4nio em perspectiva comparada. <strong>Lusotopie<\/strong>, v. XXI, p. 1-17, 2022. Dispon\u00edvel em: <a href=\"https:\/\/journals.openedition.org\/lusotopie\/5090\">https:\/\/journals.openedition.org\/lusotopie\/5090<\/a><\/li>\n<\/ol>\n<p>&nbsp;<\/p>\n<ol>\n<li>RAIMUNDO, Filipa; SANTANA-PEREIRA, Jos\u00e9. Do successor parties influence public attitudes toward the past? Evidence from young democracies. <strong>Communist and Post-Communist Studies<\/strong>, v. 54, n. 3, 1\u201326, 2021. Dispon\u00edvel em: <a href=\"https:\/\/online.ucpress.edu\/cpcs\/article-abstract\/54\/3\/1\/118351\/Do-Successor-Parties-Influence-Public-Attitudes?redirectedFrom=fulltext\">https:\/\/online.ucpress.edu\/cpcs\/article-abstract\/54\/3\/1\/118351\/Do-Successor-Parties-Influence-Public-Attitudes?redirectedFrom=fulltext<\/a><\/li>\n<li>DIAS, Ant\u00f3nio Lu\u00eds; MANUCCI, Luca; <strong>RAIMUNDO, Filipa Alves.<\/strong> Populism and transitional justice: talking the talk without walking the walk. <strong>Acta Politica<\/strong><em>, <\/em>v. 58, n. 3, 2023. Dispon\u00edvel em:\u00a0<a href=\"https:\/\/link.springer.com\/article\/10.1057\/s41269-023-00307-5#citeas\">https:\/\/link.springer.com\/article\/10.1057\/s41269-023-00307-5#citeas<\/a><\/li>\n<li>RAIMUNDO, Filipa. Ordens honor\u00edficas e semipresidencialismo: a Ordem da Liberdade e os Presidentes da Rep\u00fablica Portuguesa (1976-2017).\u00a0<strong>Estudos Ibero-Americanos<\/strong>, v. 43, n. 3, p. 654-666. 2017. Dispon\u00edvel em: <a href=\"https:\/\/revistaseletronicas.pucrs.br\/ojs\/index.php\/iberoamericana\/article\/view\/27847\" target=\"_blank\" rel=\"noopener noreferrer\">https:\/\/revistaseletronicas.pucrs.br\/ojs\/index.php\/iberoamericana\/article\/view\/27847<\/a><\/li>\n<li>RAIMUNDO, Filipa. Justi\u00e7a transicional e clivagem esquerda\/direita no parlamento portugu\u00eas (1976-2015).\u00a0<strong>An\u00e1lise Social<\/strong>, v.LII, p. 90-115, 2017. Dispon\u00edvel em:\u00a0<a href=\"http:\/\/analisesocial.ics.ul.pt\/documentos\/AS_222_art04.pdf\">http:\/\/analisesocial.ics.ul.pt\/documentos\/AS_222_art04.pdf<\/a><\/li>\n<\/ol>\n<p>&nbsp;<\/p>\n<ol>\n<li>SOUZA, Bruno Mello;\u00a0GALLO, Carlos Artur. Legados culturais do autoritarismo: elementos para uma an\u00e1lise sobre o Brasil e a Argentina. <strong>Revista Memorare<\/strong>, v. 4, p. 129-144, 2017. Dispon\u00edvel em:\u00a0<a href=\"http:\/\/www.portaldeperiodicos.unisul.br\/index.php\/memorare_grupep\/article\/view\/5694\" target=\"_blank\" rel=\"noopener noreferrer\">http:\/\/www.portaldeperiodicos.unisul.br\/index.php\/memorare_grupep\/article\/view\/5694<\/a><\/li>\n<\/ol>\n<p>&nbsp;<\/p>\n<ol>\n<li>SCHINKE, Vanessa Dorneles. A Assembleia Nacional Constituinte e as For\u00e7as Armadas: os trabalhos da subcomiss\u00e3o. <strong>Revista Direito &amp; Pr\u00e1xis<\/strong>, v. 13, p. 1820-1846, 2022. Dispon\u00edvel em: <a href=\"https:\/\/www.scielo.br\/j\/rdp\/a\/hBV8d9DhJ5fp3R9LcGgp3nq\/?lang=pt\">https:\/\/www.scielo.br\/j\/rdp\/a\/hBV8d9DhJ5fp3R9LcGgp3nq\/?lang=pt<\/a><\/li>\n<\/ol>\n","protected":false},"excerpt":{"rendered":"<p>Artigos publicados por integrantes do NUPPOME [foram listados apenas trabalhos que possuem ader\u00eancia \u00e0s linhas de pesquisa do N\u00facleo] BERNARDI, Bruno Boti; RORIZ, Jo\u00e3o. Mantendo o c\u00e9u no lugar: o caso Yanomami e as den\u00fancias contra a ditadura militar brasileira na Comiss\u00e3o Interamericana de Direitos Humanos. Revista Brasileira de Ci\u00eancia Pol\u00edtica, p. 1-35, 2023. Dispon\u00edvel [&hellip;]<\/p>\n","protected":false},"author":880,"featured_media":0,"parent":20,"menu_order":1,"comment_status":"closed","ping_status":"closed","template":"","meta":{"footnotes":""},"class_list":["post-86","page","type-page","status-publish","hentry"],"_links":{"self":[{"href":"https:\/\/wp.ufpel.edu.br\/nuppome\/wp-json\/wp\/v2\/pages\/86","targetHints":{"allow":["GET"]}}],"collection":[{"href":"https:\/\/wp.ufpel.edu.br\/nuppome\/wp-json\/wp\/v2\/pages"}],"about":[{"href":"https:\/\/wp.ufpel.edu.br\/nuppome\/wp-json\/wp\/v2\/types\/page"}],"author":[{"embeddable":true,"href":"https:\/\/wp.ufpel.edu.br\/nuppome\/wp-json\/wp\/v2\/users\/880"}],"replies":[{"embeddable":true,"href":"https:\/\/wp.ufpel.edu.br\/nuppome\/wp-json\/wp\/v2\/comments?post=86"}],"version-history":[{"count":18,"href":"https:\/\/wp.ufpel.edu.br\/nuppome\/wp-json\/wp\/v2\/pages\/86\/revisions"}],"predecessor-version":[{"id":1266,"href":"https:\/\/wp.ufpel.edu.br\/nuppome\/wp-json\/wp\/v2\/pages\/86\/revisions\/1266"}],"up":[{"embeddable":true,"href":"https:\/\/wp.ufpel.edu.br\/nuppome\/wp-json\/wp\/v2\/pages\/20"}],"wp:attachment":[{"href":"https:\/\/wp.ufpel.edu.br\/nuppome\/wp-json\/wp\/v2\/media?parent=86"}],"curies":[{"name":"wp","href":"https:\/\/api.w.org\/{rel}","templated":true}]}}