{"id":82,"date":"2018-09-26T17:59:18","date_gmt":"2018-09-26T20:59:18","guid":{"rendered":"https:\/\/wp.ufpel.edu.br\/nuppome\/?page_id=82"},"modified":"2024-02-21T13:37:44","modified_gmt":"2024-02-21T16:37:44","slug":"links-uteis","status":"publish","type":"page","link":"https:\/\/wp.ufpel.edu.br\/nuppome\/links-uteis\/","title":{"rendered":"Links \u00fateis"},"content":{"rendered":"<p><b>Lista de bases de dados, n\u00facleos de estudo, centros de pesquisa e entidades relacionadas aos temas de interesse do NUPPOME<\/b><\/p>\n<p>&nbsp;<\/p>\n<p>Comiss\u00e3o de Anistia (Brasil)<\/p>\n<p><a href=\"http:\/\/www.justica.gov.br\/seus-direitos\/anistia\" target=\"_blank\" rel=\"noopener\">http:\/\/www.justica.gov.br\/seus-direitos\/anistia<\/a><\/p>\n<p>Comiss\u00e3o Especial sobre Mortos e Desaparecidos Pol\u00edticos (Brasil)<\/p>\n<p><a href=\"http:\/\/cemdp.sdh.gov.br\/\" target=\"_blank\" rel=\"noopener\">http:\/\/cemdp.sdh.gov.br\/<\/a><\/p>\n<p>Comiss\u00e3o Nacional da Verdade (Brasil)<\/p>\n<p><a href=\"http:\/\/cnv.memoriasreveladas.gov.br\/\" target=\"_blank\" rel=\"noopener\">http:\/\/cnv.memoriasreveladas.gov.br\/<\/a><\/p>\n<p>Mem\u00f3rias Reveladas (Brasil)<\/p>\n<p><a href=\"http:\/\/www.memoriasreveladas.gov.br\/\" target=\"_blank\" rel=\"noopener\">http:\/\/www.memoriasreveladas.gov.br\/<\/a><\/p>\n<p>Comiss\u00e3o de Familiares de Mortos e Desaparecidos Pol\u00edticos (Brasil)<\/p>\n<p><a href=\"http:\/\/www.desaparecidospoliticos.org.br\/\" target=\"_blank\" rel=\"noopener\">http:\/\/www.desaparecidospoliticos.org.br\/<\/a><\/p>\n<p>Hist\u00f3ria da Ditadura (Brasil)<\/p>\n<p><a href=\"https:\/\/www.historiadaditadura.com.br\/\" target=\"_blank\" rel=\"noopener\">https:\/\/www.historiadaditadura.com.br\/<\/a><\/p>\n<p>Laborat\u00f3rio de Estudos sobre os Usos do Passado &#8211; LUPPA (Brasil)<\/p>\n<p><a href=\"https:\/\/www.ufrgs.br\/luppa\/\">https:\/\/www.ufrgs.br\/luppa\/<\/a><\/p>\n<p>Justi\u00e7a de transi\u00e7\u00e3o &#8211; atua\u00e7\u00e3o do MPF (Brasil)<\/p>\n<p><a href=\"http:\/\/www.justicadetransicao.mpf.mp.br\/\" target=\"_blank\" rel=\"noopener\">http:\/\/www.justicadetransicao.mpf.mp.br\/<\/a><\/p>\n<p>N\u00facleo de Preserva\u00e7\u00e3o da Mem\u00f3ria Pol\u00edtica (Brasil)<\/p>\n<p><a href=\"https:\/\/www.nucleomemoria.com.br\/\" target=\"_blank\" rel=\"noopener\">https:\/\/www.nucleomemoria.com.br\/<\/a><\/p>\n<p>Projeto DHnet (Brasil)<\/p>\n<p><a href=\"http:\/\/www.dhnet.org.br\/index.htm\" target=\"_blank\" rel=\"noopener\">http:\/\/www.dhnet.org.br\/index.htm<\/a><\/p>\n<p>&nbsp;<\/p>\n<p>Abuelas de Plaza de Mayo (Argentina)<\/p>\n<p><a href=\"https:\/\/www.abuelas.org.ar\/\" target=\"_blank\" rel=\"noopener\">https:\/\/www.abuelas.org.ar\/<\/a><\/p>\n<p>Asociaci\u00f3n Madres de Plaza de Mayo (Argentina)<\/p>\n<p><a href=\"http:\/\/madres.org\/\" target=\"_blank\" rel=\"noopener\">http:\/\/madres.org\/<\/a><\/p>\n<p>Centro Cultural de la Memoria Haroldo Conti (Argentina)<\/p>\n<p><a href=\"http:\/\/conti.derhuman.jus.gov.ar\/\" target=\"_blank\" rel=\"noopener\">http:\/\/conti.derhuman.jus.gov.ar\/<\/a><\/p>\n<p>Centro de Estudios Legales y Sociales &#8211; CELS (Argentina)<\/p>\n<p><a href=\"https:\/\/www.cels.org.ar\/web\/\" target=\"_blank\" rel=\"noopener\">https:\/\/www.cels.org.ar\/web\/<\/a><\/p>\n<p>Memoria Abierta (Argentina)<\/p>\n<p><a href=\"http:\/\/memoriaabierta.org.ar\/wp\/\" target=\"_blank\" rel=\"noopener\">http:\/\/memoriaabierta.org.ar\/wp\/<\/a><\/p>\n<p>N\u00facleo de Estudios sobre Memoria (Argentina)<\/p>\n<p><a href=\"http:\/\/memoria.ides.org.ar\/\" target=\"_blank\" rel=\"noopener\">http:\/\/memoria.ides.org.ar\/<\/a><\/p>\n<p>&nbsp;<\/p>\n<p>Programa de Derechos Humanos (Chile)<\/p>\n<p><a href=\"http:\/\/pdh.minjusticia.gob.cl\/\" target=\"_blank\" rel=\"noopener\">http:\/\/pdh.minjusticia.gob.cl\/<\/a><\/p>\n<p>Observatorio Justicia Transicional &#8211; Centro de Derechos Humanos &#8211; Universidad Diego Portales (Chile)<\/p>\n<p><a href=\"http:\/\/www.derechoshumanos.udp.cl\/derechoshumanos\/index.php\/observatorio-justicia-transicional\" target=\"_blank\" rel=\"noopener\">http:\/\/www.derechoshumanos.udp.cl\/derechoshumanos\/index.php\/observatorio-justicia-transicional<\/a><\/p>\n<p>&nbsp;<\/p>\n<p>Madres y Familiares de Uruguayos Detenidos Desaparecidos (Uruguai)<\/p>\n<p><a href=\"https:\/\/desaparecidos.org.uy\/\" target=\"_blank\" rel=\"noopener\">https:\/\/desaparecidos.org.uy\/<\/a><\/p>\n<p>Observatorio Luz Ibarburu (Uruguai)<\/p>\n<p><a href=\"https:\/\/www.observatorioluzibarburu.org\/\" target=\"_blank\" rel=\"noopener\">https:\/\/www.observatorioluzibarburu.org\/<\/a><\/p>\n<p>&nbsp;<\/p>\n<p>Asociaci\u00f3n para la Recuperaci\u00f3n de la Memoria Hist\u00f3rica (Espanha)<\/p>\n<p><a href=\"http:\/\/memoriahistorica.org.es\/\" target=\"_blank\" rel=\"noopener\">http:\/\/memoriahistorica.org.es\/<\/a><\/p>\n<p>La memoria recuperada (Espanha)<\/p>\n<p><a href=\"https:\/\/memoriarecuperada.ua.es\/\" target=\"_blank\" rel=\"noopener\">https:\/\/memoriarecuperada.ua.es\/<\/a><\/p>\n<p>V\u00edctimas de la dictadura \/ Castilla &#8211; La Mancha (Espanha)<\/p>\n<p><a href=\"http:\/\/www.victimasdeladictadura.es\/\" target=\"_blank\" rel=\"noopener\">http:\/\/www.victimasdeladictadura.es\/<\/a><\/p>\n<p>Seminario de Estudios de Franquismo y Transici\u00f3n (Espanha)<\/p>\n<p><a href=\"http:\/\/seft.uclm.es\/\" target=\"_blank\" rel=\"noopener\">http:\/\/seft.uclm.es\/<\/a><\/p>\n<p>Centre d&#8217;Estudis sobre Dictadures i Democr\u00e0cies &#8211; CEDID (Espanha)<\/p>\n<p><a href=\"https:\/\/webs.uab.cat\/cedid\/\">https:\/\/webs.uab.cat\/cedid\/<\/a><\/p>\n<p>EUROM &#8211; European Observatory on Memories (Espanha)<\/p>\n<p><a href=\"https:\/\/europeanmemories.net\">https:\/\/europeanmemories.net<\/a><\/p>\n<p>&nbsp;<\/p>\n<p>Associa\u00e7\u00e3o 25 de Abril (Portugal)<\/p>\n<p><a href=\"http:\/\/www.25abril.org\/\" target=\"_blank\" rel=\"noopener\">http:\/\/www.25abril.org\/<\/a><\/p>\n<p>Associa\u00e7\u00e3o Movimento C\u00edvico N\u00e3o apaguem a mem\u00f3ria! (Portugal)<\/p>\n<p><a href=\"http:\/\/maismemoria.org\/mm\/\" target=\"_blank\" rel=\"noopener\">http:\/\/maismemoria.org\/mm\/<\/a><\/p>\n<p>Museu do Aljube &#8211; Resist\u00eancia e Liberdade (Portugal)<\/p>\n<p><a href=\"https:\/\/www.museudoaljube.pt\/\" target=\"_blank\" rel=\"noopener\">https:\/\/www.museudoaljube.pt\/<\/a><\/p>\n<p>&nbsp;<\/p>\n<p>International Center for Transitional Justice<\/p>\n<p><a href=\"https:\/\/www.ictj.org\/\" target=\"_blank\" rel=\"noopener\">https:\/\/www.ictj.org\/<\/a><\/p>\n<p>&nbsp;<\/p>\n<p>Organiza\u00e7\u00e3o das Na\u00e7\u00f5es Unidas<\/p>\n<p><a href=\"https:\/\/nacoesunidas.org\/direitoshumanos\/\" target=\"_blank\" rel=\"noopener\">https:\/\/nacoesunidas.org\/direitoshumanos\/<\/a><\/p>\n<p>&nbsp;<\/p>\n<p>Comisi\u00f3n Interamericana de Derechos Humanos<\/p>\n<p><a href=\"http:\/\/www.oas.org\/es\/cidh\/\" target=\"_blank\" rel=\"noopener\">http:\/\/www.oas.org\/es\/cidh\/<\/a><\/p>\n<p>&nbsp;<\/p>\n<p>Anistia Internacional<\/p>\n<p><a href=\"https:\/\/anistia.org.br\/\" target=\"_blank\" rel=\"noopener\">https:\/\/anistia.org.br\/<\/a><\/p>\n","protected":false},"excerpt":{"rendered":"<p>Lista de bases de dados, n\u00facleos de estudo, centros de pesquisa e entidades relacionadas aos temas de interesse do NUPPOME &nbsp; Comiss\u00e3o de Anistia (Brasil) http:\/\/www.justica.gov.br\/seus-direitos\/anistia Comiss\u00e3o Especial sobre Mortos e Desaparecidos Pol\u00edticos (Brasil) http:\/\/cemdp.sdh.gov.br\/ Comiss\u00e3o Nacional da Verdade (Brasil) http:\/\/cnv.memoriasreveladas.gov.br\/ Mem\u00f3rias Reveladas (Brasil) http:\/\/www.memoriasreveladas.gov.br\/ Comiss\u00e3o de Familiares de Mortos e Desaparecidos Pol\u00edticos (Brasil) http:\/\/www.desaparecidospoliticos.org.br\/ [&hellip;]<\/p>\n","protected":false},"author":880,"featured_media":0,"parent":0,"menu_order":0,"comment_status":"closed","ping_status":"closed","template":"","meta":{"footnotes":""},"class_list":["post-82","page","type-page","status-publish","hentry"],"_links":{"self":[{"href":"https:\/\/wp.ufpel.edu.br\/nuppome\/wp-json\/wp\/v2\/pages\/82","targetHints":{"allow":["GET"]}}],"collection":[{"href":"https:\/\/wp.ufpel.edu.br\/nuppome\/wp-json\/wp\/v2\/pages"}],"about":[{"href":"https:\/\/wp.ufpel.edu.br\/nuppome\/wp-json\/wp\/v2\/types\/page"}],"author":[{"embeddable":true,"href":"https:\/\/wp.ufpel.edu.br\/nuppome\/wp-json\/wp\/v2\/users\/880"}],"replies":[{"embeddable":true,"href":"https:\/\/wp.ufpel.edu.br\/nuppome\/wp-json\/wp\/v2\/comments?post=82"}],"version-history":[{"count":23,"href":"https:\/\/wp.ufpel.edu.br\/nuppome\/wp-json\/wp\/v2\/pages\/82\/revisions"}],"predecessor-version":[{"id":1283,"href":"https:\/\/wp.ufpel.edu.br\/nuppome\/wp-json\/wp\/v2\/pages\/82\/revisions\/1283"}],"wp:attachment":[{"href":"https:\/\/wp.ufpel.edu.br\/nuppome\/wp-json\/wp\/v2\/media?parent=82"}],"curies":[{"name":"wp","href":"https:\/\/api.w.org\/{rel}","templated":true}]}}