{"id":5,"date":"2018-09-25T12:57:02","date_gmt":"2018-09-25T15:57:02","guid":{"rendered":"https:\/\/wp.ufpel.edu.br\/nuppome\/?page_id=5"},"modified":"2025-06-06T17:27:50","modified_gmt":"2025-06-06T20:27:50","slug":"apresentacao","status":"publish","type":"page","link":"https:\/\/wp.ufpel.edu.br\/nuppome\/apresentacao\/","title":{"rendered":"Apresenta\u00e7\u00e3o"},"content":{"rendered":"<p><img class=\" wp-image-129 aligncenter\" src=\"https:\/\/wp.ufpel.edu.br\/nuppome\/files\/2018\/09\/NUPPOME-logo-2-400x168.png\" alt=\"\" width=\"281\" height=\"118\" srcset=\"https:\/\/wp.ufpel.edu.br\/nuppome\/files\/2018\/09\/NUPPOME-logo-2-400x168.png 400w, https:\/\/wp.ufpel.edu.br\/nuppome\/files\/2018\/09\/NUPPOME-logo-2-768x323.png 768w, https:\/\/wp.ufpel.edu.br\/nuppome\/files\/2018\/09\/NUPPOME-logo-2-1024x431.png 1024w, https:\/\/wp.ufpel.edu.br\/nuppome\/files\/2018\/09\/NUPPOME-logo-2.png 1816w\" sizes=\"(max-width: 281px) 100vw, 281px\" \/><\/p>\n<p style=\"text-align: justify;\">A origem do N\u00facleo de Pesquisa sobre Pol\u00edticas de Mem\u00f3ria \u2013 NUPPOME se deu em maio de 2017, quando foram registrados, na Universidade Federal de Pelotas (UFPEL) e no Diret\u00f3rio de Grupos de Pesquisa do CNPq, os primeiros projetos institucionais do professor Carlos Artur Gallo. Vinculado ao Instituto de Filosofia, Sociologia e Pol\u00edtica (IFISP), no segundo semestre de 2018 o NUPPOME come\u00e7a a ganhar f\u00f4lego e se estrutura em sua forma atual, reunindo em sua equipe, al\u00e9m do coordenador e estudantes de gradua\u00e7\u00e3o em Ci\u00eancias Sociais da UFPEL que j\u00e1 vinham participando de projetos de pesquisa e ensino a ele alinhados, pesquisadores e pesquisadoras de outras IES do pa\u00eds e do exterior.<\/p>\n<p style=\"text-align: justify;\">O NUPPOME tem como objetivo central realizar pesquisas e projetos promovendo o debate e a reflex\u00e3o sobre as pol\u00edticas de mem\u00f3ria que foram e vem sendo criadas e implementadas em pa\u00edses que, como o Brasil e seus vizinhos do Cone Sul, passaram por experi\u00eancias autorit\u00e1rias como as ditaduras de Seguran\u00e7a Nacional instauradas no contexto da Guerra Fria. Buscando identificar padr\u00f5es, comparar as diferentes experi\u00eancias existentes, bem como explicar por qual raz\u00e3o alguns pa\u00edses possuem maiores dificuldades de enfrentar seu passado autorit\u00e1rio, o n\u00facleo se articula em torno das seguintes linhas de pesquisa:<\/p>\n<ul style=\"text-align: justify;\">\n<li>Pol\u00edticas de Mem\u00f3ria<\/li>\n<li>Legados Autorit\u00e1rios e Qualidade da Democracia<\/li>\n<li>Transi\u00e7\u00f5es Pol\u00edticas e Justi\u00e7a de Transi\u00e7\u00e3o<\/li>\n<\/ul>\n<p>A identidade visual do NUPPOME foi pensada e criada a partir do s\u00edmbolo dos movimentos por mem\u00f3ria, verdade e justi\u00e7a na Argentina: o &#8220;pa\u00f1uelo&#8221; branco que passou a ser utilizado pelas integrantes da Asociaci\u00f3n Madres de Plaza de Mayo na d\u00e9cada de 1970.<\/p>\n<p>Nos \u00faltimos anos, o NUPPOME tem articulado parcerias\/apoios institucionais com Grupos de Pesquisa de outras IES, tais como: o <strong>Laborat\u00f3rio de Hist\u00f3ria Pol\u00edtica e Social<\/strong> da Universidade Federal de Juiz de Fora (LAHPS &#8211; UFJF), o <strong>Grupo de Pesquisa Justi\u00e7a de Transi\u00e7\u00e3o<\/strong> da Universidade de Bras\u00edlia (UnB), o <strong>Grupo de Estudos e Pesquisa em Democracia, Justi\u00e7a e Viol\u00eancia<\/strong> da Universidade Federal do Pampa (GPDEJUV &#8211; UniPampa) e o <strong>N\u00facleo de Estudos sobre o Estado, Institui\u00e7\u00f5es e Pol\u00edticas P\u00fablicas<\/strong> da Universidade Federal Fluminense (NEEIPP &#8211; UFF). Somam-se aos grupos mencionados, uma parceria com o portal <strong>Hist\u00f3ria da Ditadura<\/strong> (HD), no qual o coordenador do N\u00facleo atua como colunista, assim como uma parceria com a <strong>Rede Brasileira de Pesquisadores de S\u00edtios de Mem\u00f3ria e Consci\u00eancia<\/strong> (REBRAPESC).<\/p>\n<p>O NUPPOME, ainda, \u00e9 uma das mais de 150 entidades que fazem parte da <strong>Coaliz\u00e3o Brasil por Mem\u00f3ria, Verdade e Justi\u00e7a <\/strong>(<a href=\"http:\/\/coalizaomemoria.org.br\">http:\/\/coalizaomemoria.org.br<\/a>), constitu\u00edda em 2022.<\/p>\n<p style=\"text-align: justify;\">Link para o Diret\u00f3rio de Grupos de Pesquisa no CNPq:<\/p>\n<p style=\"text-align: justify;\"><a href=\"http:\/\/dgp.cnpq.br\/dgp\/espelhogrupo\/8014870362928699\" target=\"_blank\" rel=\"noopener noreferrer\">http:\/\/dgp.cnpq.br\/dgp\/espelhogrupo\/8014870362928699<\/a><\/p>\n<p>&nbsp;<\/p>\n<p>Presentaci\u00f3n (espa\u00f1ol): <a href=\"https:\/\/wp.ufpel.edu.br\/nuppome\/apresentacao-nuppome-espanhol\/\">https:\/\/wp.ufpel.edu.br\/nuppome\/apresentacao-nuppome-espanhol\/<\/a><\/p>\n<p>Presentation (english): <a href=\"https:\/\/wp.ufpel.edu.br\/nuppome\/apresentacao-nuppome-ingles\/\">https:\/\/wp.ufpel.edu.br\/nuppome\/apresentacao-nuppome-ingles\/<\/a><\/p>\n","protected":false},"excerpt":{"rendered":"<p>A origem do N\u00facleo de Pesquisa sobre Pol\u00edticas de Mem\u00f3ria \u2013 NUPPOME se deu em maio de 2017, quando foram registrados, na Universidade Federal de Pelotas (UFPEL) e no Diret\u00f3rio de Grupos de Pesquisa do CNPq, os primeiros projetos institucionais do professor Carlos Artur Gallo. Vinculado ao Instituto de Filosofia, Sociologia e Pol\u00edtica (IFISP), no [&hellip;]<\/p>\n","protected":false},"author":880,"featured_media":0,"parent":0,"menu_order":0,"comment_status":"closed","ping_status":"closed","template":"","meta":{"footnotes":""},"class_list":["post-5","page","type-page","status-publish","hentry"],"_links":{"self":[{"href":"https:\/\/wp.ufpel.edu.br\/nuppome\/wp-json\/wp\/v2\/pages\/5","targetHints":{"allow":["GET"]}}],"collection":[{"href":"https:\/\/wp.ufpel.edu.br\/nuppome\/wp-json\/wp\/v2\/pages"}],"about":[{"href":"https:\/\/wp.ufpel.edu.br\/nuppome\/wp-json\/wp\/v2\/types\/page"}],"author":[{"embeddable":true,"href":"https:\/\/wp.ufpel.edu.br\/nuppome\/wp-json\/wp\/v2\/users\/880"}],"replies":[{"embeddable":true,"href":"https:\/\/wp.ufpel.edu.br\/nuppome\/wp-json\/wp\/v2\/comments?post=5"}],"version-history":[{"count":26,"href":"https:\/\/wp.ufpel.edu.br\/nuppome\/wp-json\/wp\/v2\/pages\/5\/revisions"}],"predecessor-version":[{"id":1698,"href":"https:\/\/wp.ufpel.edu.br\/nuppome\/wp-json\/wp\/v2\/pages\/5\/revisions\/1698"}],"wp:attachment":[{"href":"https:\/\/wp.ufpel.edu.br\/nuppome\/wp-json\/wp\/v2\/media?parent=5"}],"curies":[{"name":"wp","href":"https:\/\/api.w.org\/{rel}","templated":true}]}}