{"id":255,"date":"2019-04-22T19:11:07","date_gmt":"2019-04-22T22:11:07","guid":{"rendered":"https:\/\/wp.ufpel.edu.br\/nuppome\/?page_id=255"},"modified":"2021-02-11T14:54:57","modified_gmt":"2021-02-11T17:54:57","slug":"diretrizes-para-publicacao","status":"publish","type":"page","link":"https:\/\/wp.ufpel.edu.br\/nuppome\/diretrizes-para-publicacao\/","title":{"rendered":"Cadernos do NUPPOME | Diretrizes para publica\u00e7\u00e3o"},"content":{"rendered":"<p>A <em>Cadernos do NUPPOME<\/em> publica entrevistas, resenhas e textos in\u00e9ditos.<\/p>\n<p>As entrevistas s\u00e3o realizadas pelo Editor-Respons\u00e1vel pela publica\u00e7\u00e3o e\/ou por colaboradores.<\/p>\n<p>Os textos tem\u00e1ticos e resenhas costumam ser escritos por autoras\/autores convidados e t\u00eam por objetivo apresentar \u00e0s\/aos leitores temas, conceitos e debates sobre pol\u00edticas de mem\u00f3ria. Eventualmente, pode ser publicada uma chamada p\u00fablica para a sele\u00e7\u00e3o de textos tem\u00e1ticos e resenhas.<\/p>\n<p>Todos os textos tem\u00e1ticos ser\u00e3o elaborados atendendo \u00e0s seguintes regras:<\/p>\n<ol>\n<li>Devem ser escritos em documento de texto no formato A4, com fonte Times New Roman tamanho 12, espa\u00e7amento 1 e 1\/2 para os par\u00e1grafos e com margens de 2,5 cm;<\/li>\n<li>Devem ter no m\u00e1ximo 6 p\u00e1ginas;<\/li>\n<li>O sistema de refer\u00eancias utilizado ao longo do texto \u00e9 o AUTOR-DATA;<\/li>\n<li>No final do texto devem ser identificadas as refer\u00eancias completas das\/dos autores citados, sendo as mesmas organizadas segundo as regras da ABNT;<\/li>\n<li>Os textos devem ser enviados para o e-mail nuppome@gmail.com.<\/li>\n<\/ol>\n<p>Com exce\u00e7\u00e3o da extens\u00e3o m\u00e1xima (2 p\u00e1ginas), as resenhas ser\u00e3o elaboradas seguindo as mesmas regras dos textos tem\u00e1ticos.<\/p>\n","protected":false},"excerpt":{"rendered":"<p>A Cadernos do NUPPOME publica entrevistas, resenhas e textos in\u00e9ditos. As entrevistas s\u00e3o realizadas pelo Editor-Respons\u00e1vel pela publica\u00e7\u00e3o e\/ou por colaboradores. Os textos tem\u00e1ticos e resenhas costumam ser escritos por autoras\/autores convidados e t\u00eam por objetivo apresentar \u00e0s\/aos leitores temas, conceitos e debates sobre pol\u00edticas de mem\u00f3ria. Eventualmente, pode ser publicada uma chamada p\u00fablica para [&hellip;]<\/p>\n","protected":false},"author":880,"featured_media":0,"parent":0,"menu_order":0,"comment_status":"closed","ping_status":"closed","template":"","meta":{"footnotes":""},"class_list":["post-255","page","type-page","status-publish","hentry"],"_links":{"self":[{"href":"https:\/\/wp.ufpel.edu.br\/nuppome\/wp-json\/wp\/v2\/pages\/255","targetHints":{"allow":["GET"]}}],"collection":[{"href":"https:\/\/wp.ufpel.edu.br\/nuppome\/wp-json\/wp\/v2\/pages"}],"about":[{"href":"https:\/\/wp.ufpel.edu.br\/nuppome\/wp-json\/wp\/v2\/types\/page"}],"author":[{"embeddable":true,"href":"https:\/\/wp.ufpel.edu.br\/nuppome\/wp-json\/wp\/v2\/users\/880"}],"replies":[{"embeddable":true,"href":"https:\/\/wp.ufpel.edu.br\/nuppome\/wp-json\/wp\/v2\/comments?post=255"}],"version-history":[{"count":7,"href":"https:\/\/wp.ufpel.edu.br\/nuppome\/wp-json\/wp\/v2\/pages\/255\/revisions"}],"predecessor-version":[{"id":663,"href":"https:\/\/wp.ufpel.edu.br\/nuppome\/wp-json\/wp\/v2\/pages\/255\/revisions\/663"}],"wp:attachment":[{"href":"https:\/\/wp.ufpel.edu.br\/nuppome\/wp-json\/wp\/v2\/media?parent=255"}],"curies":[{"name":"wp","href":"https:\/\/api.w.org\/{rel}","templated":true}]}}