{"id":252,"date":"2019-04-22T18:59:20","date_gmt":"2019-04-22T21:59:20","guid":{"rendered":"https:\/\/wp.ufpel.edu.br\/nuppome\/?page_id=252"},"modified":"2026-04-25T18:29:47","modified_gmt":"2026-04-25T21:29:47","slug":"sobre-a-publicacao","status":"publish","type":"page","link":"https:\/\/wp.ufpel.edu.br\/nuppome\/cadernos-do-nuppome\/sobre-a-publicacao\/","title":{"rendered":"Cadernos do NUPPOME | ISSN 2596-285X | Sobre a publica\u00e7\u00e3o"},"content":{"rendered":"<p style=\"text-align: justify;\"><b>APRESENTA\u00c7\u00c3O<\/b><\/p>\n<p style=\"text-align: justify;\">A\u00a0<em>Cadernos do NUPPOME<\/em>\u00a0\u00e9 uma publica\u00e7\u00e3o quadrimestral do N\u00facleo de Pesquisa sobre Pol\u00edticas de Mem\u00f3ria disponibilizada exclusivamente em formato eletr\u00f4nico em:<\/p>\n<p style=\"text-align: justify;\"><a href=\"https:\/\/wp.ufpel.edu.br\/nuppome\/cadernos-do-nuppome\/\">https:\/\/wp.ufpel.edu.br\/nuppome\/cadernos-do-nuppome\/<\/a><\/p>\n<p style=\"text-align: justify;\">Entrevistas, textos e documentos publicados na\u00a0<em>Cadernos do NUPPOME<\/em>\u00a0podem ser reproduzidos livremente, desde que referida a fonte.<\/p>\n<p style=\"text-align: justify;\">Os conceitos emitidos pelos e pelas autoras dos textos publicados s\u00e3o de sua inteira responsabilidade.<\/p>\n<p>&nbsp;<\/p>\n<p style=\"text-align: justify;\"><strong>EXPEDIENTE<\/strong><\/p>\n<p style=\"text-align: justify;\"><strong><i>Editor<\/i><\/strong><\/p>\n<p style=\"text-align: justify;\">Carlos Artur Gallo | Universidade Federal de Pelotas<\/p>\n<p style=\"text-align: justify;\"><strong><em>Conselho Editorial<\/em><\/strong><\/p>\n<p style=\"text-align: justify;\">Andr\u00e9s Del R\u00edo | Universidade Federal Fluminense<\/p>\n<p style=\"text-align: justify;\">Boris Hau | Universidad Alberto Hurtado<\/p>\n<p style=\"text-align: justify;\">Bruno Boti Bernardi | Universidade Federal da Grande Dourados<\/p>\n<p>Bruno Gazalle Cavichioli | Universidade Federal do Pampa<\/p>\n<p style=\"text-align: justify;\">Bruno Mello Souza | Universidade Estadual do Piau\u00ed<\/p>\n<p>Christian Jecov Schallenm\u00fcller | Universidade Federal do Rio Grande do Sul<\/p>\n<p>Ene\u00e1 de Stutz e Almeida | Universidade de Bras\u00edlia<\/p>\n<p>Fernando Perlatto | Universidade Federal de Juiz de Fora<\/p>\n<p>Jo\u00e3o Te\u00f3filo | Universidade do Estado de Minas Gerais<\/p>\n<p>Ma\u00edra Pereira da Costa | Universidade Federal de Ouro Preto<\/p>\n<p>Odilon Caldeira Neto | Universidade Federal de Juiz de Fora<\/p>\n<p>Rita Juliana Soares Poloni | Universidade Federal de Pelotas<\/p>\n<p style=\"text-align: justify;\">Tatyana de Amaral Maia | Universidade do Estado do Rio de Janeiro<\/p>\n<p>Vanessa Dorneles Schinke | Universidade Federal do Rio Grande do Sul<\/p>\n<p>&nbsp;<\/p>\n<p>________________________________________________________________________<\/p>\n<p style=\"text-align: justify;\">N\u00facleo de Pesquisa sobre Pol\u00edticas de Mem\u00f3ria | NUPPOME<br \/>\nInstituto de Filosofia, Sociologia e Pol\u00edtica | IFISP<br \/>\nUniversidade Federal de Pelotas | UFPEL<br \/>\nRua Cel. Alberto Rosa, 154 \u2013 2\u00ba Andar \u2013 Sala 216 \u2013 Pelotas \/ RS, Brasil.<\/p>\n","protected":false},"excerpt":{"rendered":"<p>APRESENTA\u00c7\u00c3O A\u00a0Cadernos do NUPPOME\u00a0\u00e9 uma publica\u00e7\u00e3o quadrimestral do N\u00facleo de Pesquisa sobre Pol\u00edticas de Mem\u00f3ria disponibilizada exclusivamente em formato eletr\u00f4nico em: https:\/\/wp.ufpel.edu.br\/nuppome\/cadernos-do-nuppome\/ Entrevistas, textos e documentos publicados na\u00a0Cadernos do NUPPOME\u00a0podem ser reproduzidos livremente, desde que referida a fonte. Os conceitos emitidos pelos e pelas autoras dos textos publicados s\u00e3o de sua inteira responsabilidade. &nbsp; EXPEDIENTE [&hellip;]<\/p>\n","protected":false},"author":880,"featured_media":0,"parent":212,"menu_order":0,"comment_status":"closed","ping_status":"closed","template":"","meta":{"footnotes":""},"class_list":["post-252","page","type-page","status-publish","hentry"],"_links":{"self":[{"href":"https:\/\/wp.ufpel.edu.br\/nuppome\/wp-json\/wp\/v2\/pages\/252","targetHints":{"allow":["GET"]}}],"collection":[{"href":"https:\/\/wp.ufpel.edu.br\/nuppome\/wp-json\/wp\/v2\/pages"}],"about":[{"href":"https:\/\/wp.ufpel.edu.br\/nuppome\/wp-json\/wp\/v2\/types\/page"}],"author":[{"embeddable":true,"href":"https:\/\/wp.ufpel.edu.br\/nuppome\/wp-json\/wp\/v2\/users\/880"}],"replies":[{"embeddable":true,"href":"https:\/\/wp.ufpel.edu.br\/nuppome\/wp-json\/wp\/v2\/comments?post=252"}],"version-history":[{"count":4,"href":"https:\/\/wp.ufpel.edu.br\/nuppome\/wp-json\/wp\/v2\/pages\/252\/revisions"}],"predecessor-version":[{"id":1869,"href":"https:\/\/wp.ufpel.edu.br\/nuppome\/wp-json\/wp\/v2\/pages\/252\/revisions\/1869"}],"up":[{"embeddable":true,"href":"https:\/\/wp.ufpel.edu.br\/nuppome\/wp-json\/wp\/v2\/pages\/212"}],"wp:attachment":[{"href":"https:\/\/wp.ufpel.edu.br\/nuppome\/wp-json\/wp\/v2\/media?parent=252"}],"curies":[{"name":"wp","href":"https:\/\/api.w.org\/{rel}","templated":true}]}}