{"id":212,"date":"2019-03-25T12:33:24","date_gmt":"2019-03-25T15:33:24","guid":{"rendered":"https:\/\/wp.ufpel.edu.br\/nuppome\/?page_id=212"},"modified":"2019-04-23T12:08:17","modified_gmt":"2019-04-23T15:08:17","slug":"cadernos-do-nuppome","status":"publish","type":"page","link":"https:\/\/wp.ufpel.edu.br\/nuppome\/cadernos-do-nuppome\/","title":{"rendered":"Cadernos do NUPPOME | ISSN 2596-285X"},"content":{"rendered":"<p>Para maiores informa\u00e7\u00f5es sobre a <em>Cadernos do NUPPOME<\/em>, acessar:<\/p>\n<p><a href=\"https:\/\/wp.ufpel.edu.br\/nuppome\/cadernos-do-nuppome\/sobre-a-publicacao\/\" target=\"_blank\" rel=\"noopener noreferrer\">Sobre a publica\u00e7\u00e3o<\/a><\/p>\n<p><a href=\"https:\/\/wp.ufpel.edu.br\/nuppome\/diretrizes-para-publicacao\/\" target=\"_blank\" rel=\"noopener noreferrer\">Diretrizes para publica\u00e7\u00e3o<\/a><\/p>\n<p>&nbsp;<\/p>\n<p>Para ler e fazer download dos n\u00fameros publicados, acessar:<\/p>\n<p><a href=\"https:\/\/wp.ufpel.edu.br\/nuppome\/cadernos-do-nuppome\/edicao-atual\/\" target=\"_blank\" rel=\"noopener noreferrer\">Edi\u00e7\u00e3o atual<\/a><\/p>\n<p><a href=\"https:\/\/wp.ufpel.edu.br\/nuppome\/cadernos-do-nuppome\/edicoes-anteriores\/\" target=\"_blank\" rel=\"noopener noreferrer\">Edi\u00e7\u00f5es anteriores<\/a><\/p>\n","protected":false},"excerpt":{"rendered":"<p>Para maiores informa\u00e7\u00f5es sobre a Cadernos do NUPPOME, acessar: Sobre a publica\u00e7\u00e3o Diretrizes para publica\u00e7\u00e3o &nbsp; Para ler e fazer download dos n\u00fameros publicados, acessar: Edi\u00e7\u00e3o atual Edi\u00e7\u00f5es anteriores<\/p>\n","protected":false},"author":880,"featured_media":0,"parent":0,"menu_order":0,"comment_status":"closed","ping_status":"closed","template":"","meta":{"footnotes":""},"class_list":["post-212","page","type-page","status-publish","hentry"],"_links":{"self":[{"href":"https:\/\/wp.ufpel.edu.br\/nuppome\/wp-json\/wp\/v2\/pages\/212","targetHints":{"allow":["GET"]}}],"collection":[{"href":"https:\/\/wp.ufpel.edu.br\/nuppome\/wp-json\/wp\/v2\/pages"}],"about":[{"href":"https:\/\/wp.ufpel.edu.br\/nuppome\/wp-json\/wp\/v2\/types\/page"}],"author":[{"embeddable":true,"href":"https:\/\/wp.ufpel.edu.br\/nuppome\/wp-json\/wp\/v2\/users\/880"}],"replies":[{"embeddable":true,"href":"https:\/\/wp.ufpel.edu.br\/nuppome\/wp-json\/wp\/v2\/comments?post=212"}],"version-history":[{"count":13,"href":"https:\/\/wp.ufpel.edu.br\/nuppome\/wp-json\/wp\/v2\/pages\/212\/revisions"}],"predecessor-version":[{"id":269,"href":"https:\/\/wp.ufpel.edu.br\/nuppome\/wp-json\/wp\/v2\/pages\/212\/revisions\/269"}],"wp:attachment":[{"href":"https:\/\/wp.ufpel.edu.br\/nuppome\/wp-json\/wp\/v2\/media?parent=212"}],"curies":[{"name":"wp","href":"https:\/\/api.w.org\/{rel}","templated":true}]}}