{"id":20,"date":"2018-09-25T13:01:44","date_gmt":"2018-09-25T16:01:44","guid":{"rendered":"https:\/\/wp.ufpel.edu.br\/nuppome\/?page_id=20"},"modified":"2024-08-30T13:01:04","modified_gmt":"2024-08-30T16:01:04","slug":"producao","status":"publish","type":"page","link":"https:\/\/wp.ufpel.edu.br\/nuppome\/producao\/","title":{"rendered":"Produ\u00e7\u00e3o"},"content":{"rendered":"<p>Nesta se\u00e7\u00e3o do site \u00e9 poss\u00edvel encontrar uma amostra da produ\u00e7\u00e3o dos e das integrantes do NUPPOME.<\/p>\n<p>A produ\u00e7\u00e3o, diretamente relacionada \u00e0s linhas de pesquisa do N\u00facleo, est\u00e1 organizada em quatro categorias diferentes:<\/p>\n<ul>\n<li><a href=\"https:\/\/wp.ufpel.edu.br\/nuppome\/producao\/banco-de-dados\/\">Banco de dados<\/a><\/li>\n<li><a href=\"https:\/\/wp.ufpel.edu.br\/nuppome\/producao\/artigos\/\" target=\"_blank\" rel=\"noopener\">Artigos<\/a><\/li>\n<li><a href=\"https:\/\/wp.ufpel.edu.br\/nuppome\/producao\/livros\" target=\"_blank\" rel=\"noopener\">Livros<\/a><\/li>\n<li><a href=\"https:\/\/wp.ufpel.edu.br\/nuppome\/producao\/anais-de-eventos\/\" target=\"_blank\" rel=\"noopener\">Anais de eventos<\/a><\/li>\n<li><a href=\"https:\/\/wp.ufpel.edu.br\/nuppome\/producao\/orientacoes\/\" target=\"_blank\" rel=\"noopener\">Orienta\u00e7\u00f5es<\/a><\/li>\n<li><a href=\"https:\/\/wp.ufpel.edu.br\/nuppome\/producao\/outras-producoes\/\">Outras produ\u00e7\u00f5es<\/a><\/li>\n<\/ul>\n","protected":false},"excerpt":{"rendered":"<p>Nesta se\u00e7\u00e3o do site \u00e9 poss\u00edvel encontrar uma amostra da produ\u00e7\u00e3o dos e das integrantes do NUPPOME. A produ\u00e7\u00e3o, diretamente relacionada \u00e0s linhas de pesquisa do N\u00facleo, est\u00e1 organizada em quatro categorias diferentes: Banco de dados Artigos Livros Anais de eventos Orienta\u00e7\u00f5es Outras produ\u00e7\u00f5es<\/p>\n","protected":false},"author":880,"featured_media":0,"parent":0,"menu_order":0,"comment_status":"closed","ping_status":"closed","template":"","meta":{"footnotes":""},"class_list":["post-20","page","type-page","status-publish","hentry"],"_links":{"self":[{"href":"https:\/\/wp.ufpel.edu.br\/nuppome\/wp-json\/wp\/v2\/pages\/20","targetHints":{"allow":["GET"]}}],"collection":[{"href":"https:\/\/wp.ufpel.edu.br\/nuppome\/wp-json\/wp\/v2\/pages"}],"about":[{"href":"https:\/\/wp.ufpel.edu.br\/nuppome\/wp-json\/wp\/v2\/types\/page"}],"author":[{"embeddable":true,"href":"https:\/\/wp.ufpel.edu.br\/nuppome\/wp-json\/wp\/v2\/users\/880"}],"replies":[{"embeddable":true,"href":"https:\/\/wp.ufpel.edu.br\/nuppome\/wp-json\/wp\/v2\/comments?post=20"}],"version-history":[{"count":6,"href":"https:\/\/wp.ufpel.edu.br\/nuppome\/wp-json\/wp\/v2\/pages\/20\/revisions"}],"predecessor-version":[{"id":1492,"href":"https:\/\/wp.ufpel.edu.br\/nuppome\/wp-json\/wp\/v2\/pages\/20\/revisions\/1492"}],"wp:attachment":[{"href":"https:\/\/wp.ufpel.edu.br\/nuppome\/wp-json\/wp\/v2\/media?parent=20"}],"curies":[{"name":"wp","href":"https:\/\/api.w.org\/{rel}","templated":true}]}}