{"id":1480,"date":"2024-08-30T09:20:54","date_gmt":"2024-08-30T12:20:54","guid":{"rendered":"https:\/\/wp.ufpel.edu.br\/nuppome\/?page_id=1480"},"modified":"2026-02-18T17:15:20","modified_gmt":"2026-02-18T20:15:20","slug":"banco-de-dados","status":"publish","type":"page","link":"https:\/\/wp.ufpel.edu.br\/nuppome\/producao\/banco-de-dados\/","title":{"rendered":"Banco de dados"},"content":{"rendered":"<p style=\"text-align: justify;\"><strong>Nesta se\u00e7\u00e3o do site \u00e9 poss\u00edvel encontrar, entre outros materiais, parte dos bancos de dados produzidos no \u00e2mbitos dos projetos de pesquisa que v\u00eam sendo desenvolvidos no NUPPOME.<\/strong><\/p>\n<p style=\"text-align: justify;\">1. GALLO, Carlos Artur (Org.). <strong>Pol\u00edticas de mem\u00f3ria em 13 pa\u00edses:<\/strong> subs\u00eddios para a n\u00e3o repeti\u00e7\u00e3o. Pelotas: NUPPOME, 2023. 60p.<\/p>\n<p style=\"text-align: justify;\">PDF dispon\u00edvel em: <a class=\"mtli_attachment mtli_pdf\" href=\"https:\/\/wp.ufpel.edu.br\/nuppome\/files\/2023\/06\/2023-Politicas-de-memoria-em-13-paises-e-book.pdf\">2023-Politicas-de-memoria-em-13-paises-e-book.pdf<\/a><\/p>\n<p style=\"text-align: justify;\"><em>[neste e-book est\u00e3o publicados dados compilados em projetos de pesquisa desenvolvidos entre 2017-2022]<\/em><\/p>\n<p>2. GALLO, Carlos Artur (Org.). <strong>Comiss\u00f5es da verdade:<\/strong> experi\u00eancias nacionais e subnacionais. Pelotas: NUPPOME, 2024. 42p.<\/p>\n<p>PDF dispon\u00edvel em: <a href=\"https:\/\/wp.ufpel.edu.br\/nuppome\/files\/2024\/09\/2024-Comissoes-da-verdade-e-book.pdf\">2024-Comissoes-da-verdade-e-book.pdf<\/a><\/p>\n<p><em>[neste e-book est\u00e3o publicados dados compilados em projetos de pesquisa desenvolvidos entre 2021-2024]<\/em><\/p>\n<p>3. <strong>Cidad\u00e3os e cidad\u00e3s brasileiros\/as vitimados\/as no Chile entre 1973 e 1976.<\/strong> Porto Alegre: Comit\u00ea Carlos De R\u00e9 da Verdade e da Justi\u00e7a do Rio Grande do Sul, 2025. 16p.<\/p>\n<p>PDF dispon\u00edvel em: <a href=\"https:\/\/wp.ufpel.edu.br\/nuppome\/files\/2025\/06\/2025-Material-Comite-Carlos-De-Re-dados-Chile-1973-1976.pdf\">2025 Material Comit\u00ea Carlos De R\u00e9 dados Chile 1973-1976<\/a><\/p>\n<p><em>[neste material est\u00e3o publicados dados compilados pelo Comit\u00ea Carlos De R\u00e9 da Verdade e da Justi\u00e7a do Rio Grande do Sul]<\/em><\/p>\n<p>4. GALLO, Carlos Artur (Org.). <strong>80-40 | Nuremberg-Argentina:<\/strong> exemplos das lutas por justi\u00e7a no s\u00e9culo XX. Pelotas: NUPPOME, 2026. 45p.<\/p>\n<p>PDF dispon\u00edvel em: <a href=\"https:\/\/wp.ufpel.edu.br\/nuppome\/files\/2026\/02\/2026-80-40-Nuremberg-Argentina-e-book-VF.pdf\">2026-80-40-Nuremberg-Argentina-e-book-VF.pdf<\/a><\/p>\n<p><em>[neste e-book est\u00e3o publicados dados compilados em projetos de pesquisa desenvolvidos entre 2024-2025]<\/em><\/p>\n","protected":false},"excerpt":{"rendered":"<p>Nesta se\u00e7\u00e3o do site \u00e9 poss\u00edvel encontrar, entre outros materiais, parte dos bancos de dados produzidos no \u00e2mbitos dos projetos de pesquisa que v\u00eam sendo desenvolvidos no NUPPOME. 1. GALLO, Carlos Artur (Org.). Pol\u00edticas de mem\u00f3ria em 13 pa\u00edses: subs\u00eddios para a n\u00e3o repeti\u00e7\u00e3o. Pelotas: NUPPOME, 2023. 60p. PDF dispon\u00edvel em: 2023-Politicas-de-memoria-em-13-paises-e-book.pdf [neste e-book est\u00e3o [&hellip;]<\/p>\n","protected":false},"author":880,"featured_media":0,"parent":20,"menu_order":2,"comment_status":"closed","ping_status":"closed","template":"","meta":{"footnotes":""},"class_list":["post-1480","page","type-page","status-publish","hentry"],"_links":{"self":[{"href":"https:\/\/wp.ufpel.edu.br\/nuppome\/wp-json\/wp\/v2\/pages\/1480","targetHints":{"allow":["GET"]}}],"collection":[{"href":"https:\/\/wp.ufpel.edu.br\/nuppome\/wp-json\/wp\/v2\/pages"}],"about":[{"href":"https:\/\/wp.ufpel.edu.br\/nuppome\/wp-json\/wp\/v2\/types\/page"}],"author":[{"embeddable":true,"href":"https:\/\/wp.ufpel.edu.br\/nuppome\/wp-json\/wp\/v2\/users\/880"}],"replies":[{"embeddable":true,"href":"https:\/\/wp.ufpel.edu.br\/nuppome\/wp-json\/wp\/v2\/comments?post=1480"}],"version-history":[{"count":4,"href":"https:\/\/wp.ufpel.edu.br\/nuppome\/wp-json\/wp\/v2\/pages\/1480\/revisions"}],"predecessor-version":[{"id":1834,"href":"https:\/\/wp.ufpel.edu.br\/nuppome\/wp-json\/wp\/v2\/pages\/1480\/revisions\/1834"}],"up":[{"embeddable":true,"href":"https:\/\/wp.ufpel.edu.br\/nuppome\/wp-json\/wp\/v2\/pages\/20"}],"wp:attachment":[{"href":"https:\/\/wp.ufpel.edu.br\/nuppome\/wp-json\/wp\/v2\/media?parent=1480"}],"curies":[{"name":"wp","href":"https:\/\/api.w.org\/{rel}","templated":true}]}}