{"id":14,"date":"2018-09-25T12:59:15","date_gmt":"2018-09-25T15:59:15","guid":{"rendered":"https:\/\/wp.ufpel.edu.br\/nuppome\/?page_id=14"},"modified":"2019-02-25T11:26:37","modified_gmt":"2019-02-25T14:26:37","slug":"projetos","status":"publish","type":"page","link":"https:\/\/wp.ufpel.edu.br\/nuppome\/projetos\/","title":{"rendered":"Projetos"},"content":{"rendered":"<p>Nas abas &#8220;<a href=\"https:\/\/wp.ufpel.edu.br\/nuppome\/projetos\/projetos-de-ensino\/\" target=\"_blank\" rel=\"noopener\">Projetos de Ensino<\/a>&#8221; e &#8220;<a href=\"https:\/\/wp.ufpel.edu.br\/nuppome\/projetos\/projetos-de-pesquisa\/\" target=\"_blank\" rel=\"noopener\">Projetos de Pesquisa<\/a>&#8221; encontra-se informa\u00e7\u00f5es sobre todos os projetos, em andamento ou j\u00e1 finalizados, que est\u00e3o vinculados ao N\u00facleo.<\/p>\n","protected":false},"excerpt":{"rendered":"<p>Nas abas &#8220;Projetos de Ensino&#8221; e &#8220;Projetos de Pesquisa&#8221; encontra-se informa\u00e7\u00f5es sobre todos os projetos, em andamento ou j\u00e1 finalizados, que est\u00e3o vinculados ao N\u00facleo.<\/p>\n","protected":false},"author":880,"featured_media":0,"parent":0,"menu_order":0,"comment_status":"closed","ping_status":"closed","template":"","meta":{"footnotes":""},"class_list":["post-14","page","type-page","status-publish","hentry"],"_links":{"self":[{"href":"https:\/\/wp.ufpel.edu.br\/nuppome\/wp-json\/wp\/v2\/pages\/14","targetHints":{"allow":["GET"]}}],"collection":[{"href":"https:\/\/wp.ufpel.edu.br\/nuppome\/wp-json\/wp\/v2\/pages"}],"about":[{"href":"https:\/\/wp.ufpel.edu.br\/nuppome\/wp-json\/wp\/v2\/types\/page"}],"author":[{"embeddable":true,"href":"https:\/\/wp.ufpel.edu.br\/nuppome\/wp-json\/wp\/v2\/users\/880"}],"replies":[{"embeddable":true,"href":"https:\/\/wp.ufpel.edu.br\/nuppome\/wp-json\/wp\/v2\/comments?post=14"}],"version-history":[{"count":7,"href":"https:\/\/wp.ufpel.edu.br\/nuppome\/wp-json\/wp\/v2\/pages\/14\/revisions"}],"predecessor-version":[{"id":200,"href":"https:\/\/wp.ufpel.edu.br\/nuppome\/wp-json\/wp\/v2\/pages\/14\/revisions\/200"}],"wp:attachment":[{"href":"https:\/\/wp.ufpel.edu.br\/nuppome\/wp-json\/wp\/v2\/media?parent=14"}],"curies":[{"name":"wp","href":"https:\/\/api.w.org\/{rel}","templated":true}]}}