{"id":1277,"date":"2024-02-21T13:33:49","date_gmt":"2024-02-21T16:33:49","guid":{"rendered":"https:\/\/wp.ufpel.edu.br\/nuppome\/?page_id=1277"},"modified":"2024-02-21T13:53:03","modified_gmt":"2024-02-21T16:53:03","slug":"outras-producoes","status":"publish","type":"page","link":"https:\/\/wp.ufpel.edu.br\/nuppome\/producao\/outras-producoes\/","title":{"rendered":"Outras produ\u00e7\u00f5es"},"content":{"rendered":"<p style=\"text-align: left;\"><strong>Nesta aba s\u00e3o disponibilizadas outras produ\u00e7\u00f5es realizadas por integrantes do NUPPOME<\/strong><\/p>\n<p style=\"text-align: left;\">\n<p style=\"text-align: left;\">4 Cap\u00edtulos (vers\u00e3o em ingl\u00eas) do Relat\u00f3rio <strong>Memory of Nations: Democratic transition guide &#8211; The Brazilian experience.<\/strong> Prague: CEVRO, 2022. Dispon\u00edvel em: <a href=\"https:\/\/wp.ufpel.edu.br\/nuppome\/files\/2024\/02\/2022-Memory-of-Nations-CEVRO-Institute-English.pdf\">2022 &#8211; Memory of Nations &#8211; CEVRO Institute English<\/a><\/p>\n<p style=\"text-align: left;\">4 Cap\u00edtulos (vers\u00e3o em espanhol) do Relat\u00f3rio <strong>Memory of Nations: Democratic transition guide &#8211; The Brazilian experience.<\/strong> Prague: CEVRO, 2022. Dispon\u00edvel em: <a href=\"https:\/\/wp.ufpel.edu.br\/nuppome\/files\/2024\/02\/2022-Memory-of-Nations-CEVRO-Institute-Spanish.pdf\">2022 &#8211; Memory of Nations &#8211; CEVRO Institute Spanish<\/a><\/p>\n<p style=\"text-align: left;\">[cap\u00edtulos escritos por Carlos Artur Gallo e Bruno Mello Souza]<\/p>\n","protected":false},"excerpt":{"rendered":"<p>Nesta aba s\u00e3o disponibilizadas outras produ\u00e7\u00f5es realizadas por integrantes do NUPPOME 4 Cap\u00edtulos (vers\u00e3o em ingl\u00eas) do Relat\u00f3rio Memory of Nations: Democratic transition guide &#8211; The Brazilian experience. Prague: CEVRO, 2022. Dispon\u00edvel em: 2022 &#8211; Memory of Nations &#8211; CEVRO Institute English 4 Cap\u00edtulos (vers\u00e3o em espanhol) do Relat\u00f3rio Memory of Nations: Democratic transition guide [&hellip;]<\/p>\n","protected":false},"author":880,"featured_media":0,"parent":20,"menu_order":5,"comment_status":"closed","ping_status":"closed","template":"","meta":{"footnotes":""},"class_list":["post-1277","page","type-page","status-publish","hentry"],"_links":{"self":[{"href":"https:\/\/wp.ufpel.edu.br\/nuppome\/wp-json\/wp\/v2\/pages\/1277","targetHints":{"allow":["GET"]}}],"collection":[{"href":"https:\/\/wp.ufpel.edu.br\/nuppome\/wp-json\/wp\/v2\/pages"}],"about":[{"href":"https:\/\/wp.ufpel.edu.br\/nuppome\/wp-json\/wp\/v2\/types\/page"}],"author":[{"embeddable":true,"href":"https:\/\/wp.ufpel.edu.br\/nuppome\/wp-json\/wp\/v2\/users\/880"}],"replies":[{"embeddable":true,"href":"https:\/\/wp.ufpel.edu.br\/nuppome\/wp-json\/wp\/v2\/comments?post=1277"}],"version-history":[{"count":4,"href":"https:\/\/wp.ufpel.edu.br\/nuppome\/wp-json\/wp\/v2\/pages\/1277\/revisions"}],"predecessor-version":[{"id":1288,"href":"https:\/\/wp.ufpel.edu.br\/nuppome\/wp-json\/wp\/v2\/pages\/1277\/revisions\/1288"}],"up":[{"embeddable":true,"href":"https:\/\/wp.ufpel.edu.br\/nuppome\/wp-json\/wp\/v2\/pages\/20"}],"wp:attachment":[{"href":"https:\/\/wp.ufpel.edu.br\/nuppome\/wp-json\/wp\/v2\/media?parent=1277"}],"curies":[{"name":"wp","href":"https:\/\/api.w.org\/{rel}","templated":true}]}}