{"id":11,"date":"2018-09-25T12:58:52","date_gmt":"2018-09-25T15:58:52","guid":{"rendered":"https:\/\/wp.ufpel.edu.br\/nuppome\/?page_id=11"},"modified":"2026-02-23T09:10:24","modified_gmt":"2026-02-23T12:10:24","slug":"projetos-de-pesquisa","status":"publish","type":"page","link":"https:\/\/wp.ufpel.edu.br\/nuppome\/projetos\/projetos-de-pesquisa\/","title":{"rendered":"Projetos de Pesquisa"},"content":{"rendered":"<p><strong>Em andamento<\/strong><\/p>\n<p><strong>2025 &#8211; Atual | Comunica\u00e7\u00e3o e Pol\u00edtica: an\u00e1lise do discurso da imprensa sobre a revis\u00e3o da Lei da Anistia<\/strong><\/p>\n<p>Descri\u00e7\u00e3o: O presente projeto de pesquisa pretende identificar, atrav\u00e9s da rela\u00e7\u00e3o entre comunica\u00e7\u00e3o e pol\u00edtica, o discurso da imprensa sobre a segunda recomenda\u00e7\u00e3o da Comiss\u00e3o Nacional da Verdade que trata da Lei da Anistia. Como objetivos espec\u00edficos propomos: analisar a repercuss\u00e3o do julgamento do Supremo Tribunal Federal (STF) em rela\u00e7\u00e3o \u00e0 Lei da Anistia alcan\u00e7ar os crimes de oculta\u00e7\u00e3o de cad\u00e1ver cometidos durante a ditadura militar; identificar quais recomenda\u00e7\u00f5es da Comiss\u00e3o Nacional da Verdade foram implementadas dez anos ap\u00f3s a entrega do relat\u00f3rio final. Para isso, buscaremos atrav\u00e9s de uma metodologia qualitativa, baseada nos pressupostos te\u00f3rico-metodol\u00f3gico da An\u00e1lise de Discurso (AD) francesa, tratar os objetivos propostos.<\/p>\n<p><span style=\"text-decoration: underline;\">Projeto da pesquisa de p\u00f3s-doutorado de Carmen Regina Abreu Gon\u00e7alves.<\/span><\/p>\n<p>Financiamento: Sem financiamento.<\/p>\n<p>&nbsp;<\/p>\n<p><strong>2024 &#8211; Atual | Pol\u00edticas de mem\u00f3ria e socializa\u00e7\u00e3o pol\u00edtica no Brasil: o impacto da comiss\u00e3o nacional da verdade nas representa\u00e7\u00f5es sobre a ditadura militar em livros did\u00e1ticos de Hist\u00f3ria do Brasil<br \/>\n<\/strong><\/p>\n<p>Descri\u00e7\u00e3o: Este projeto de pesquisa tem como objetivo investigar o impacto potencial do relat\u00f3rio final da Comiss\u00e3o Nacional da Verdade (CNV) nas representa\u00e7\u00f5es oficiais da ditadura militar brasileira presentes nos livros did\u00e1ticos de Hist\u00f3ria do Brasil, e sua influ\u00eancia nos discursos e posicionamentos dos cidad\u00e3os em rela\u00e7\u00e3o ao passado autorit\u00e1rio do pa\u00eds. Esse estudo se concentra, em particular, em momentos relevantes, como o 60\u00ba anivers\u00e1rio do golpe de 1964 e os 10 anos da publica\u00e7\u00e3o do relat\u00f3rio final da CNV. A abordagem anal\u00edtica adotada integra pesquisas sobre a constru\u00e7\u00e3o da mem\u00f3ria social com estudos sobre socializa\u00e7\u00e3o e educa\u00e7\u00e3o pol\u00edtica. A pesquisa fundamenta-se na observa\u00e7\u00e3o de mudan\u00e7as nas narrativas educacionais ap\u00f3s eventos pol\u00edticos e sociais significativos, destacando, neste caso, a publica\u00e7\u00e3o do relat\u00f3rio final da CNV. Utilizando uma an\u00e1lise de conte\u00fado, pretende-se examinar as representa\u00e7\u00f5es presentes nos livros did\u00e1ticos, correlacionando-as com as transforma\u00e7\u00f5es pol\u00edtico-sociais ocorridas.<\/p>\n<p><span style=\"text-decoration: underline;\">Projeto da pesquisa de p\u00f3s-doutorado de Ma\u00edra Pereira da Costa.<\/span><\/p>\n<p>Financiamento: CNPq \/ Bolsa de P\u00f3s-Doutorado J\u00fanior (PDJ) (Edital n\u00ba 32\/2023).<\/p>\n<p>&nbsp;<\/p>\n<p><strong>2024 &#8211; Atual | Pol\u00edticas de mem\u00f3ria em unidades subnacionais: o trabalho das Comiss\u00f5es Estaduais de Indeniza\u00e7\u00e3o \u00e0s v\u00edtimas da ditadura no Brasil<br \/>\n<\/strong><\/p>\n<p>Descri\u00e7\u00e3o: Na segunda metade do s\u00e9culo XX, durante a Guerra Fria, os pa\u00edses do Cone Sul viveram sob regimes autorit\u00e1rios que se estenderam entre as d\u00e9cadas de 1960 e 1990. O Brasil, especificamente, vivenciou uma ditadura civil-militar alinhada aos preceitos da Doutrina de Seguran\u00e7a Nacional (DSN) a partir de 1964, quando foi realizado o golpe contra o presidente Jo\u00e3o Goulart. O final das ditaduras na regi\u00e3o tem sido marcado pelo incremento das lutas por mem\u00f3ria, verdade e justi\u00e7a, a partir das quais foram implementadas diferentes medidas para reparar as v\u00edtimas da repress\u00e3o. Considerando o exposto, este projeto de pesquisa tem como objeto de an\u00e1lise as pol\u00edticas de mem\u00f3ria em unidades subnacionais, com foco na atua\u00e7\u00e3o das Comiss\u00f5es Estaduais de Indeniza\u00e7\u00e3o (CEI) \u00e0s v\u00edtimas da ditadura que foram instaladas em 9 Estados: Rio Grande do Sul, Santa Catarina, Paran\u00e1, S\u00e3o Paulo, Minas Gerais, Rio de Janeiro, Esp\u00edrito Santo, Pernambuco e Cear\u00e1.<\/p>\n<p>Financiamento: CNPq \/ Bolsa de Produtividade (PQ-2) (Edital n\u00ba 9\/2023), Bolsa PIBIC \/ CNPq (2024-2025, 2025-2026).<\/p>\n<p>&nbsp;<\/p>\n<p><strong>2024 &#8211; Atual | Pol\u00edticas de mem\u00f3ria em unidades subnacionais: o trabalho das Comiss\u00f5es Estaduais da Verdade da Regi\u00e3o Nordeste<br \/>\n<\/strong><\/p>\n<p>Descri\u00e7\u00e3o: Na segunda metade do s\u00e9culo XX, durante a Guerra Fria, os pa\u00edses do Cone Sul viveram sob regimes autorit\u00e1rios que se estenderam entre as d\u00e9cadas de 1960 e 1990. O Brasil, especificamente, vivenciou uma ditadura civil-militar alinhada aos preceitos da Doutrina de Seguran\u00e7a Nacional (DSN) a partir de 1964, quando foi realizado o golpe contra o presidente Jo\u00e3o Goulart. O final das ditaduras na regi\u00e3o tem sido marcado pelo incremento das lutas por mem\u00f3ria, verdade e justi\u00e7a, a partir das quais foram implementadas diferentes medidas para reparar as v\u00edtimas da repress\u00e3o. Considerando o exposto, este projeto de pesquisa &#8211; dando sequ\u00eancia a um projeto anterior, executado entre 2021-2023 &#8211; tem como objeto de an\u00e1lise as pol\u00edticas de mem\u00f3ria em unidades subnacionais, com foco na atua\u00e7\u00e3o das Comiss\u00f5es Estaduais da Verdade que foram instaladas em 6 Estados da Regi\u00e3o Nordeste: Alagoas, Bahia, Maranh\u00e3o, Para\u00edba, Pernambuco e Sergipe.<\/p>\n<p>Financiamento: CNPq \/ Chamada Universal (Edital n\u00ba 10\/2023).<\/p>\n<p>Parceria interinstitucional: UFPEL &#8211; UFF &#8211; UEMG.<\/p>\n<p>&nbsp;<\/p>\n<p style=\"text-align: justify;\"><strong>2020 &#8211; Atual | Pol\u00edticas de mem\u00f3ria em perspectiva comparada<\/strong><\/p>\n<p style=\"text-align: justify;\">Descri\u00e7\u00e3o: Vinculado ao N\u00facleo de Pesquisa sobre Pol\u00edticas de Mem\u00f3ria &#8211; NUPPOME, o presente projeto de pesquisa tem como foco central a an\u00e1lise sobre as pol\u00edticas de mem\u00f3ria que foram e v\u00eam sendo criadas e implementadas em pa\u00edses que tenham passado por regimes autorit\u00e1rios ou vivenciado conflitos pol\u00edticos respons\u00e1veis por uma massiva viola\u00e7\u00e3o aos direitos humanos. Na Europa, em pa\u00edses que vivenciaram as ditaduras de inspira\u00e7\u00e3o nazi-fascistas, no Brasil e em seus vizinhos do Cone Sul, que passaram pelas ditaduras de Seguran\u00e7a Nacional instauradas no contexto da Guerra Fria, assim como em outros contextos p\u00f3s-conflito, como \u00e9 o caso da \u00c1frica do Sul p\u00f3s-apartheid e da Col\u00f4mbia p\u00f3s-conflito armado, encontra-se uma s\u00e9rie de medidas que, implementadas nas \u00faltimas d\u00e9cadas, tentam lidar com as diferentes demandas por mem\u00f3ria, verdade e justi\u00e7a formuladas por v\u00edtimas diretas e indiretas de regimes de exce\u00e7\u00e3o e\/ou de conflitos pol\u00edticos em larga escala. Buscando identificar padr\u00f5es, comparar as diferentes experi\u00eancias existentes, bem como explicar por qual raz\u00e3o alguns pa\u00edses possuem maiores dificuldades de enfrentar seu passado autorit\u00e1rio, o projeto trabalha, do ponto de vista te\u00f3rico, com conceitos e debates realizados em estudos sobre transi\u00e7\u00f5es pol\u00edticas, justi\u00e7a de transi\u00e7\u00e3o, legados autorit\u00e1rios e qualidade da democracia. O objetivo geral da pesquisa, portanto, \u00e9 identificar e analisar as principais medidas implementadas (as pol\u00edticas de mem\u00f3ria) existentes em diferentes pa\u00edses, criando um banco de dados que permita a compara\u00e7\u00e3o das experi\u00eancias identificadas.<\/p>\n<p>Financiamento: Bolsa PIBIC \/ CNPq (2021-2022, 2023-2024), Bolsa PBIP-AF \/ UFPEL (2021-2022, 2022-2023, 2023-2024, 2024-2025, 2025-2026), Bolsa PROBIC \/ FAPERGS (2020-2021, 2022-2023, 2023-2024), Bolsa PBIP-AE \/ UFPEL (2020-2021).<\/p>\n<p>&nbsp;<\/p>\n<p><strong>Encerrados<\/strong><\/p>\n<p><strong>2021 &#8211; 2023 | Pol\u00edticas de mem\u00f3ria em unidades subnacionais: o trabalho das Comiss\u00f5es Estaduais da Verdade do Rio Grande do Sul, de Santa Catarina e do Paran\u00e1<\/strong><\/p>\n<p>Descri\u00e7\u00e3o: Na segunda metade do s\u00e9culo XX, durante a Guerra Fria, os pa\u00edses do Cone Sul viveram sob regimes autorit\u00e1rios que se estenderam entre as d\u00e9cadas de 1960 e 1990. O Brasil, especificamente, vivenciou uma ditadura civil-militar alinhada aos preceitos da Doutrina de Seguran\u00e7a Nacional (DSN) a partir de 1964, quando foi realizado o golpe contra o presidente Jo\u00e3o Goulart. O final das ditaduras na regi\u00e3o tem sido marcado pelo incremento das lutas por mem\u00f3ria, verdade e justi\u00e7a, a partir das quais foram implementadas diferentes medidas para reparar as v\u00edtimas da repress\u00e3o. Considerando o exposto, este projeto de pesquisa tem como objeto de an\u00e1lise as pol\u00edticas de mem\u00f3ria em unidades subnacionais, com foco na atua\u00e7\u00e3o das Comiss\u00f5es Estaduais da Verdade que foram instaladas no Rio Grande do Sul, em Santa Catarina e no Paran\u00e1.<\/p>\n<p>Financiamento: FAPERGS \/ Aux\u00edlio Rec\u00e9m-Doutor &#8211; ARD (Edital n\u00ba 10\/2020).<\/p>\n<p>Parceria interinstitucional: UFPEL &#8211; PUCRS &#8211; UFF.<\/p>\n<p>&nbsp;<\/p>\n<p style=\"text-align: justify;\"><strong>2019 &#8211; 2022 | Mem\u00f3ria, verdade e justi\u00e7a em perspectiva comparada: uma proposta de an\u00e1lise para os pa\u00edses do Cone Sul<\/strong><\/p>\n<p style=\"text-align: justify;\">Descri\u00e7\u00e3o: O presente projeto de pesquisa parte do pressuposto que os processos de transi\u00e7\u00e3o \u00e0 democracia impactaram, de diferentes formas, no modo como os pa\u00edses do Cone Sul enfrentam o saldo da repress\u00e3o que foi praticada durante as ditaduras de Seguran\u00e7a Nacional que ocuparam as estruturas de poder de pa\u00edses como o Brasil (1964-1985), o Uruguai (1973-1985), o Chile (1973-1990) e a Argentina (1976-1983) no contexto da Guerra Fria. O objetivo geral do projeto \u00e9 identificar as principais pol\u00edticas de mem\u00f3ria elaboradas em cada um dos pa\u00edses mencionados, analis\u00e1-las e compar\u00e1-las, observando as semelhan\u00e7as e as diferen\u00e7as existentes em cada caso. Buscando explicar as diferen\u00e7as existentes nas pol\u00edticas implementadas em cada pa\u00eds, ser\u00e3o identificados legados autorit\u00e1rios que, presentes no novo contexto democr\u00e1tico, possam estar impactando na capacidade de enfrentamento do tema.<\/p>\n<p style=\"text-align: justify;\">Financiamento: CNPq \/ Chamada Universal (Edital n\u00ba 28\/2018).<\/p>\n<p>Parceria interinstitucional: UFPEL &#8211; UFSM &#8211; UFF &#8211; UFGD &#8211; UESPI.<\/p>\n<p>&nbsp;<\/p>\n<p style=\"text-align: justify;\"><strong>2017 &#8211; 2020 | Pol\u00edticas de mem\u00f3ria em perspectiva comparada: levantamento das principais pol\u00edticas implementadas no Cone Sul, Espanha e Portugal<\/strong><\/p>\n<p style=\"text-align: justify;\">Descri\u00e7\u00e3o: Projeto que tem por objetivo identificar e analisar, com base numa perspectiva comparada, as principais pol\u00edticas p\u00fablicas que foram formuladas e implementadas em pa\u00edses que passaram por per\u00edodos autorit\u00e1rios para lidar, com o retorno \u00e0 democracia, com o saldo da repress\u00e3o praticada durantes as ditaduras. Uma compara\u00e7\u00e3o dos pa\u00edses do Cone Sul com os casos de Portugal e Espanha \u00e9 interessante tendo em vista a liga\u00e7\u00e3o hist\u00f3rica da regi\u00e3o com a Pen\u00ednsula Ib\u00e9rica e o fato de que em todos encontra-se um conjunto significativo de demandas por mem\u00f3ria, verdade e justi\u00e7a que v\u00eam sendo reivindicadas nas \u00faltimas d\u00e9cadas, sobretudo a partir do fim dos regimes de exce\u00e7\u00e3o.<\/p>\n<p>Financiamento: Bolsa PROBIC \/ FAPERGS (2017-2018, 2018-2019, 2019-2020).<\/p>\n<p>&nbsp;<\/p>\n<p style=\"text-align: justify;\"><strong>2017 &#8211; 2019 | Pol\u00edticas de direitos humanos no Brasil: um estudo sobre as pol\u00edticas p\u00fablicas nacionais implementadas p\u00f3s-Confer\u00eancia de Viena<\/strong><\/p>\n<p style=\"text-align: justify;\">Descri\u00e7\u00e3o: Como foi observado por Andrei Koerner (2003), a Confer\u00eancia de Viena sobre direitos humanos realizada em 1993 pode ser considerada um divisor de \u00e1guas no debate sobre o tema. Afinal, realizada num cen\u00e1rio p\u00f3s-extin\u00e7\u00e3o da URSS, a Confer\u00eancia viabilizou a formula\u00e7\u00e3o de uma agenda internacional mais profunda e detalhada a ser trabalhada pelos pa\u00edses participantes, sendo estabelecidas algumas metas a serem atingidas em n\u00edvel nacional para tratar dos direitos humanos ap\u00f3s o encontro. Levando em considera\u00e7\u00e3o este panorama, o projeto de pesquisa tem como objetivo identificar e avaliar quais foram as principais pol\u00edticas nacionais de direitos humanos formuladas e implementadas p\u00f3s-Confer\u00eancia de Viena pelo Brasil, verificando avan\u00e7os e desafios relacionados \u00e0 esta agenda espec\u00edfica.<\/p>\n<p>Financiamento: Sem financiamento.<\/p>\n","protected":false},"excerpt":{"rendered":"<p>Em andamento 2025 &#8211; Atual | Comunica\u00e7\u00e3o e Pol\u00edtica: an\u00e1lise do discurso da imprensa sobre a revis\u00e3o da Lei da Anistia Descri\u00e7\u00e3o: O presente projeto de pesquisa pretende identificar, atrav\u00e9s da rela\u00e7\u00e3o entre comunica\u00e7\u00e3o e pol\u00edtica, o discurso da imprensa sobre a segunda recomenda\u00e7\u00e3o da Comiss\u00e3o Nacional da Verdade que trata da Lei da Anistia. [&hellip;]<\/p>\n","protected":false},"author":880,"featured_media":0,"parent":14,"menu_order":0,"comment_status":"closed","ping_status":"closed","template":"","meta":{"footnotes":""},"class_list":["post-11","page","type-page","status-publish","hentry"],"_links":{"self":[{"href":"https:\/\/wp.ufpel.edu.br\/nuppome\/wp-json\/wp\/v2\/pages\/11","targetHints":{"allow":["GET"]}}],"collection":[{"href":"https:\/\/wp.ufpel.edu.br\/nuppome\/wp-json\/wp\/v2\/pages"}],"about":[{"href":"https:\/\/wp.ufpel.edu.br\/nuppome\/wp-json\/wp\/v2\/types\/page"}],"author":[{"embeddable":true,"href":"https:\/\/wp.ufpel.edu.br\/nuppome\/wp-json\/wp\/v2\/users\/880"}],"replies":[{"embeddable":true,"href":"https:\/\/wp.ufpel.edu.br\/nuppome\/wp-json\/wp\/v2\/comments?post=11"}],"version-history":[{"count":3,"href":"https:\/\/wp.ufpel.edu.br\/nuppome\/wp-json\/wp\/v2\/pages\/11\/revisions"}],"predecessor-version":[{"id":1838,"href":"https:\/\/wp.ufpel.edu.br\/nuppome\/wp-json\/wp\/v2\/pages\/11\/revisions\/1838"}],"up":[{"embeddable":true,"href":"https:\/\/wp.ufpel.edu.br\/nuppome\/wp-json\/wp\/v2\/pages\/14"}],"wp:attachment":[{"href":"https:\/\/wp.ufpel.edu.br\/nuppome\/wp-json\/wp\/v2\/media?parent=11"}],"curies":[{"name":"wp","href":"https:\/\/api.w.org\/{rel}","templated":true}]}}