{"id":3732,"date":"2025-09-26T13:03:52","date_gmt":"2025-09-26T16:03:52","guid":{"rendered":"https:\/\/wp.ufpel.edu.br\/nupeec\/?page_id=3732"},"modified":"2025-09-26T13:32:55","modified_gmt":"2025-09-26T16:32:55","slug":"greenfeed","status":"publish","type":"page","link":"https:\/\/wp.ufpel.edu.br\/nupeec\/greenfeed\/","title":{"rendered":"GreenFeed"},"content":{"rendered":"<p style=\"text-align: justify;\" data-start=\"229\" data-end=\"456\">O <strong data-start=\"231\" data-end=\"245\">NUPEEC HUB<\/strong> tamb\u00e9m disp\u00f5e do equipamento <strong data-start=\"275\" data-end=\"288\">GreenFeed <\/strong>(cocho alimentador m\u00f3vel), tecnologia de refer\u00eancia mundial para a <strong data-start=\"330\" data-end=\"372\">medi\u00e7\u00e3o de emiss\u00f5es ent\u00e9ricas de gases<\/strong> em ruminantes, como <strong data-start=\"393\" data-end=\"453\">metano (CH\u2084), di\u00f3xido de carbono (CO\u2082) e hidrog\u00eanio (H\u2082)<\/strong>.<\/p>\n<p style=\"text-align: justify;\" data-start=\"91\" data-end=\"316\">A <strong data-start=\"93\" data-end=\"115\">produ\u00e7\u00e3o de metano<\/strong> \u00e9 um processo inerente \u00e0 digest\u00e3o de ruminantes, resultante da atividade microbiana no r\u00famen. No entanto, sua intensidade pode ser modulada pela <strong data-start=\"261\" data-end=\"313\">qualidade e composi\u00e7\u00e3o dos ingredientes da dieta<\/strong>. Os estudos conduzidos por nossa equipe t\u00eam como objetivo desenvolver estrat\u00e9gias nutricionais capazes de <strong data-start=\"423\" data-end=\"486\">estimular popula\u00e7\u00f5es espec\u00edficas de microrganismos ruminais<\/strong> que favorecem rotas fermentativas associadas \u00e0 <strong data-start=\"534\" data-end=\"561\">menor emiss\u00e3o de metano<\/strong>. Entre essas estrat\u00e9gias, destaca-se o uso de <strong data-start=\"608\" data-end=\"647\">suplementos e aditivos nutricionais inovadores<\/strong>, elaborados em parceria com <strong data-start=\"676\" data-end=\"722\">startups e empresas consolidadas da regi\u00e3o<\/strong>, que buscam aliar desempenho produtivo, efici\u00eancia alimentar e <strong data-start=\"786\" data-end=\"829\">redu\u00e7\u00e3o da pegada ambiental da pecu\u00e1ria<\/strong>.<\/p>\n<p style=\"text-align: justify;\" data-start=\"458\" data-end=\"824\">Esse sistema funciona como um alimentador autom\u00e1tico que atrai os animais por meio da oferta de pequenas quantidades de ra\u00e7\u00e3o. Enquanto o animal consome o alimento, o GreenFeed registra continuamente o <strong data-start=\"670\" data-end=\"728\">fluxo respirat\u00f3rio e a concentra\u00e7\u00e3o dos gases emitidos<\/strong>, permitindo estimativas precisas e individualizadas das emiss\u00f5es ent\u00e9ricas ao longo do tempo.<\/p>\n<p style=\"text-align: justify;\" data-start=\"826\" data-end=\"1112\">Al\u00e9m da mensura\u00e7\u00e3o dos gases, o equipamento tamb\u00e9m coleta informa\u00e7\u00f5es complementares sobre o <strong data-start=\"919\" data-end=\"946\">comportamento alimentar<\/strong> dos animais durante o acesso ao sistema. Essa abordagem n\u00e3o invasiva garante dados confi\u00e1veis, de alta resolu\u00e7\u00e3o e obtidos em condi\u00e7\u00f5es semelhantes \u00e0s de produ\u00e7\u00e3o.<\/p>\n<p style=\"text-align: justify;\" data-start=\"1114\" data-end=\"1399\">O uso do <strong>GreenFeed<\/strong> \u00e9 essencial para nossas pesquisas, pois possibilita avaliar o impacto de diferentes estrat\u00e9gias nutricionais e de manejo sobre a <strong data-start=\"1262\" data-end=\"1314\">mitiga\u00e7\u00e3o das emiss\u00f5es de gases de efeito estufa<\/strong>, contribuindo diretamente para o avan\u00e7o da <strong data-start=\"1358\" data-end=\"1396\">pecu\u00e1ria de precis\u00e3o e sustent\u00e1vel<\/strong>.<\/p>\n<p data-start=\"1114\" data-end=\"1399\"><img loading=\"lazy\" decoding=\"async\" data-attachment-id=\"3734\" data-permalink=\"https:\/\/wp.ufpel.edu.br\/nupeec\/greenfeed\/foto-green-feed\/\" data-orig-file=\"https:\/\/wp.ufpel.edu.br\/nupeec\/files\/2025\/09\/Foto-Green-Feed.jpg\" data-orig-size=\"1920,1080\" data-comments-opened=\"0\" data-image-meta=\"{&quot;aperture&quot;:&quot;0&quot;,&quot;credit&quot;:&quot;&quot;,&quot;camera&quot;:&quot;&quot;,&quot;caption&quot;:&quot;&quot;,&quot;created_timestamp&quot;:&quot;0&quot;,&quot;copyright&quot;:&quot;&quot;,&quot;focal_length&quot;:&quot;0&quot;,&quot;iso&quot;:&quot;0&quot;,&quot;shutter_speed&quot;:&quot;0&quot;,&quot;title&quot;:&quot;&quot;,&quot;orientation&quot;:&quot;1&quot;}\" data-image-title=\"Foto Green Feed\" data-image-description=\"\" data-image-caption=\"\" data-medium-file=\"https:\/\/wp.ufpel.edu.br\/nupeec\/files\/2025\/09\/Foto-Green-Feed-400x225.jpg\" data-large-file=\"https:\/\/wp.ufpel.edu.br\/nupeec\/files\/2025\/09\/Foto-Green-Feed-1024x576.jpg\" class=\"size-large wp-image-3734 aligncenter\" src=\"https:\/\/wp.ufpel.edu.br\/nupeec\/files\/2025\/09\/Foto-Green-Feed-1024x576.jpg\" alt=\"\" width=\"750\" height=\"422\" srcset=\"https:\/\/wp.ufpel.edu.br\/nupeec\/files\/2025\/09\/Foto-Green-Feed-1024x576.jpg 1024w, https:\/\/wp.ufpel.edu.br\/nupeec\/files\/2025\/09\/Foto-Green-Feed-400x225.jpg 400w, https:\/\/wp.ufpel.edu.br\/nupeec\/files\/2025\/09\/Foto-Green-Feed-768x432.jpg 768w, https:\/\/wp.ufpel.edu.br\/nupeec\/files\/2025\/09\/Foto-Green-Feed-1536x864.jpg 1536w, https:\/\/wp.ufpel.edu.br\/nupeec\/files\/2025\/09\/Foto-Green-Feed-750x422.jpg 750w, https:\/\/wp.ufpel.edu.br\/nupeec\/files\/2025\/09\/Foto-Green-Feed.jpg 1920w\" sizes=\"auto, (max-width: 750px) 100vw, 750px\" \/><\/p>\n","protected":false},"excerpt":{"rendered":"<p>O NUPEEC HUB tamb\u00e9m disp\u00f5e do equipamento GreenFeed (cocho alimentador m\u00f3vel), tecnologia de refer\u00eancia mundial para a medi\u00e7\u00e3o de emiss\u00f5es ent\u00e9ricas de gases em ruminantes, como metano (CH\u2084), di\u00f3xido de carbono (CO\u2082) e hidrog\u00eanio (H\u2082). A produ\u00e7\u00e3o de metano \u00e9 um processo inerente \u00e0 digest\u00e3o de ruminantes, resultante da atividade microbiana no r\u00famen. No entanto, &hellip; <\/p>\n<p><a class=\"more-link btn\" href=\"https:\/\/wp.ufpel.edu.br\/nupeec\/greenfeed\/\">Continue lendo<\/a><\/p>\n","protected":false},"author":813,"featured_media":0,"parent":0,"menu_order":0,"comment_status":"closed","ping_status":"closed","template":"","meta":{"jetpack_post_was_ever_published":false,"footnotes":""},"class_list":["post-3732","page","type-page","status-publish","hentry","nodate","item-wrap"],"jetpack_sharing_enabled":true,"jetpack_shortlink":"https:\/\/wp.me\/P9mm00-Yc","jetpack_likes_enabled":true,"_links":{"self":[{"href":"https:\/\/wp.ufpel.edu.br\/nupeec\/wp-json\/wp\/v2\/pages\/3732","targetHints":{"allow":["GET"]}}],"collection":[{"href":"https:\/\/wp.ufpel.edu.br\/nupeec\/wp-json\/wp\/v2\/pages"}],"about":[{"href":"https:\/\/wp.ufpel.edu.br\/nupeec\/wp-json\/wp\/v2\/types\/page"}],"author":[{"embeddable":true,"href":"https:\/\/wp.ufpel.edu.br\/nupeec\/wp-json\/wp\/v2\/users\/813"}],"replies":[{"embeddable":true,"href":"https:\/\/wp.ufpel.edu.br\/nupeec\/wp-json\/wp\/v2\/comments?post=3732"}],"version-history":[{"count":3,"href":"https:\/\/wp.ufpel.edu.br\/nupeec\/wp-json\/wp\/v2\/pages\/3732\/revisions"}],"predecessor-version":[{"id":3738,"href":"https:\/\/wp.ufpel.edu.br\/nupeec\/wp-json\/wp\/v2\/pages\/3732\/revisions\/3738"}],"wp:attachment":[{"href":"https:\/\/wp.ufpel.edu.br\/nupeec\/wp-json\/wp\/v2\/media?parent=3732"}],"curies":[{"name":"wp","href":"https:\/\/api.w.org\/{rel}","templated":true}]}}