{"id":3707,"date":"2025-09-26T10:55:57","date_gmt":"2025-09-26T13:55:57","guid":{"rendered":"https:\/\/wp.ufpel.edu.br\/nupeec\/?page_id=3707"},"modified":"2025-09-26T10:57:53","modified_gmt":"2025-09-26T13:57:53","slug":"areas-externas","status":"publish","type":"page","link":"https:\/\/wp.ufpel.edu.br\/nupeec\/areas-externas\/","title":{"rendered":"\u00c1reas Externas"},"content":{"rendered":"<p style=\"text-align: justify;\" data-start=\"122\" data-end=\"568\">O <strong data-start=\"124\" data-end=\"138\">NUPEEC HUB<\/strong> disp\u00f5e de <strong data-start=\"149\" data-end=\"197\">\u00e1reas experimentais de pastagens forrageiras<\/strong>, fundamentais para o desenvolvimento de estudos em <strong data-start=\"249\" data-end=\"268\">nutri\u00e7\u00e3o animal<\/strong>. Nessas \u00e1reas, nossa equipe realiza o manejo completo, que inclui <strong data-start=\"335\" data-end=\"459\">an\u00e1lise de solo, aduba\u00e7\u00e3o, escolha e implanta\u00e7\u00e3o de esp\u00e9cies forrageiras, bem como o monitoramento e controle do pastejo<\/strong>. Esse trabalho integrado garante a qualidade das pastagens e a confiabilidade dos experimentos conduzidos.<\/p>\n<p style=\"text-align: justify;\" data-start=\"570\" data-end=\"1000\">Al\u00e9m das pastagens, contamos tamb\u00e9m com <strong data-start=\"610\" data-end=\"678\">\u00e1reas destinadas ao cultivo, produ\u00e7\u00e3o e conserva\u00e7\u00e3o de forragens<\/strong>, como a <strong data-start=\"687\" data-end=\"707\">silagem de milho<\/strong>, recurso estrat\u00e9gico para a nutri\u00e7\u00e3o de ruminantes em diferentes sistemas de produ\u00e7\u00e3o. Essas \u00e1reas permitem a condu\u00e7\u00e3o de pesquisas em <strong data-start=\"843\" data-end=\"932\">nutri\u00e7\u00e3o de precis\u00e3o, manejo de fertilizantes, biofortifica\u00e7\u00e3o de plantas forrageiras<\/strong> e em estrat\u00e9gias para o uso sustent\u00e1vel dos recursos dispon\u00edveis.<\/p>\n<p style=\"text-align: justify;\" data-start=\"1002\" data-end=\"1286\">Assim, as \u00e1reas externas do NUPEEC HUB constituem uma base essencial para a gera\u00e7\u00e3o de conhecimento cient\u00edfico aplicado, possibilitando investiga\u00e7\u00f5es que integram <strong data-start=\"1165\" data-end=\"1205\">produ\u00e7\u00e3o vegetal e desempenho animal<\/strong>, sempre com foco na inova\u00e7\u00e3o e na sustentabilidade dos sistemas agropecu\u00e1rios.<!--nextpage--><\/p>\n<p data-start=\"1002\" data-end=\"1286\"><img loading=\"lazy\" decoding=\"async\" data-attachment-id=\"3709\" data-permalink=\"https:\/\/wp.ufpel.edu.br\/nupeec\/areas-externas\/foto-pastagem-2\/\" data-orig-file=\"https:\/\/wp.ufpel.edu.br\/nupeec\/files\/2025\/09\/Foto-Pastagem-2.jpg\" data-orig-size=\"1200,1600\" data-comments-opened=\"0\" data-image-meta=\"{&quot;aperture&quot;:&quot;0&quot;,&quot;credit&quot;:&quot;&quot;,&quot;camera&quot;:&quot;&quot;,&quot;caption&quot;:&quot;&quot;,&quot;created_timestamp&quot;:&quot;0&quot;,&quot;copyright&quot;:&quot;&quot;,&quot;focal_length&quot;:&quot;0&quot;,&quot;iso&quot;:&quot;0&quot;,&quot;shutter_speed&quot;:&quot;0&quot;,&quot;title&quot;:&quot;&quot;,&quot;orientation&quot;:&quot;0&quot;}\" data-image-title=\"Foto Pastagem 2\" data-image-description=\"\" data-image-caption=\"\" data-medium-file=\"https:\/\/wp.ufpel.edu.br\/nupeec\/files\/2025\/09\/Foto-Pastagem-2-300x400.jpg\" data-large-file=\"https:\/\/wp.ufpel.edu.br\/nupeec\/files\/2025\/09\/Foto-Pastagem-2-768x1024.jpg\" class=\" wp-image-3709 aligncenter\" src=\"https:\/\/wp.ufpel.edu.br\/nupeec\/files\/2025\/09\/Foto-Pastagem-2-300x400.jpg\" alt=\"\" width=\"364\" height=\"485\" srcset=\"https:\/\/wp.ufpel.edu.br\/nupeec\/files\/2025\/09\/Foto-Pastagem-2-300x400.jpg 300w, https:\/\/wp.ufpel.edu.br\/nupeec\/files\/2025\/09\/Foto-Pastagem-2-768x1024.jpg 768w, https:\/\/wp.ufpel.edu.br\/nupeec\/files\/2025\/09\/Foto-Pastagem-2-1152x1536.jpg 1152w, https:\/\/wp.ufpel.edu.br\/nupeec\/files\/2025\/09\/Foto-Pastagem-2-750x1000.jpg 750w, https:\/\/wp.ufpel.edu.br\/nupeec\/files\/2025\/09\/Foto-Pastagem-2.jpg 1200w\" sizes=\"auto, (max-width: 364px) 100vw, 364px\" \/><!--nextpage--><\/p>\n<p data-start=\"1002\" data-end=\"1286\"><img loading=\"lazy\" decoding=\"async\" data-attachment-id=\"3710\" data-permalink=\"https:\/\/wp.ufpel.edu.br\/nupeec\/areas-externas\/foto-pastagem\/\" data-orig-file=\"https:\/\/wp.ufpel.edu.br\/nupeec\/files\/2025\/09\/Foto-Pastagem-scaled.jpg\" data-orig-size=\"1920,2560\" data-comments-opened=\"0\" data-image-meta=\"{&quot;aperture&quot;:&quot;0&quot;,&quot;credit&quot;:&quot;&quot;,&quot;camera&quot;:&quot;&quot;,&quot;caption&quot;:&quot;&quot;,&quot;created_timestamp&quot;:&quot;0&quot;,&quot;copyright&quot;:&quot;&quot;,&quot;focal_length&quot;:&quot;0&quot;,&quot;iso&quot;:&quot;0&quot;,&quot;shutter_speed&quot;:&quot;0&quot;,&quot;title&quot;:&quot;&quot;,&quot;orientation&quot;:&quot;0&quot;}\" data-image-title=\"Foto Pastagem\" data-image-description=\"\" data-image-caption=\"\" data-medium-file=\"https:\/\/wp.ufpel.edu.br\/nupeec\/files\/2025\/09\/Foto-Pastagem-300x400.jpg\" data-large-file=\"https:\/\/wp.ufpel.edu.br\/nupeec\/files\/2025\/09\/Foto-Pastagem-768x1024.jpg\" class=\" wp-image-3710 aligncenter\" src=\"https:\/\/wp.ufpel.edu.br\/nupeec\/files\/2025\/09\/Foto-Pastagem-300x400.jpg\" alt=\"\" width=\"396\" height=\"528\" srcset=\"https:\/\/wp.ufpel.edu.br\/nupeec\/files\/2025\/09\/Foto-Pastagem-300x400.jpg 300w, https:\/\/wp.ufpel.edu.br\/nupeec\/files\/2025\/09\/Foto-Pastagem-768x1024.jpg 768w, https:\/\/wp.ufpel.edu.br\/nupeec\/files\/2025\/09\/Foto-Pastagem-1152x1536.jpg 1152w, https:\/\/wp.ufpel.edu.br\/nupeec\/files\/2025\/09\/Foto-Pastagem-1536x2048.jpg 1536w, https:\/\/wp.ufpel.edu.br\/nupeec\/files\/2025\/09\/Foto-Pastagem-750x1000.jpg 750w, https:\/\/wp.ufpel.edu.br\/nupeec\/files\/2025\/09\/Foto-Pastagem-scaled.jpg 1920w\" sizes=\"auto, (max-width: 396px) 100vw, 396px\" \/><!--nextpage--><\/p>\n<p data-start=\"1002\" data-end=\"1286\"><img loading=\"lazy\" decoding=\"async\" data-attachment-id=\"3711\" data-permalink=\"https:\/\/wp.ufpel.edu.br\/nupeec\/areas-externas\/figura-1\/\" data-orig-file=\"https:\/\/wp.ufpel.edu.br\/nupeec\/files\/2025\/09\/Figura-1.png\" data-orig-size=\"1376,906\" data-comments-opened=\"0\" data-image-meta=\"{&quot;aperture&quot;:&quot;0&quot;,&quot;credit&quot;:&quot;&quot;,&quot;camera&quot;:&quot;&quot;,&quot;caption&quot;:&quot;&quot;,&quot;created_timestamp&quot;:&quot;0&quot;,&quot;copyright&quot;:&quot;&quot;,&quot;focal_length&quot;:&quot;0&quot;,&quot;iso&quot;:&quot;0&quot;,&quot;shutter_speed&quot;:&quot;0&quot;,&quot;title&quot;:&quot;&quot;,&quot;orientation&quot;:&quot;0&quot;}\" data-image-title=\"Figura 1\" data-image-description=\"\" data-image-caption=\"\" data-medium-file=\"https:\/\/wp.ufpel.edu.br\/nupeec\/files\/2025\/09\/Figura-1-400x263.png\" data-large-file=\"https:\/\/wp.ufpel.edu.br\/nupeec\/files\/2025\/09\/Figura-1-1024x674.png\" class=\" wp-image-3711 aligncenter\" src=\"https:\/\/wp.ufpel.edu.br\/nupeec\/files\/2025\/09\/Figura-1-400x263.png\" alt=\"\" width=\"492\" height=\"324\" srcset=\"https:\/\/wp.ufpel.edu.br\/nupeec\/files\/2025\/09\/Figura-1-400x263.png 400w, https:\/\/wp.ufpel.edu.br\/nupeec\/files\/2025\/09\/Figura-1-1024x674.png 1024w, https:\/\/wp.ufpel.edu.br\/nupeec\/files\/2025\/09\/Figura-1-768x506.png 768w, https:\/\/wp.ufpel.edu.br\/nupeec\/files\/2025\/09\/Figura-1-750x494.png 750w, https:\/\/wp.ufpel.edu.br\/nupeec\/files\/2025\/09\/Figura-1.png 1376w\" sizes=\"auto, (max-width: 492px) 100vw, 492px\" \/><!--nextpage--><\/p>\n<p data-start=\"1002\" data-end=\"1286\"><img loading=\"lazy\" decoding=\"async\" data-attachment-id=\"3712\" data-permalink=\"https:\/\/wp.ufpel.edu.br\/nupeec\/areas-externas\/figura-2\/\" data-orig-file=\"https:\/\/wp.ufpel.edu.br\/nupeec\/files\/2025\/09\/Figura-2.png\" data-orig-size=\"1350,882\" data-comments-opened=\"0\" data-image-meta=\"{&quot;aperture&quot;:&quot;0&quot;,&quot;credit&quot;:&quot;&quot;,&quot;camera&quot;:&quot;&quot;,&quot;caption&quot;:&quot;&quot;,&quot;created_timestamp&quot;:&quot;0&quot;,&quot;copyright&quot;:&quot;&quot;,&quot;focal_length&quot;:&quot;0&quot;,&quot;iso&quot;:&quot;0&quot;,&quot;shutter_speed&quot;:&quot;0&quot;,&quot;title&quot;:&quot;&quot;,&quot;orientation&quot;:&quot;0&quot;}\" data-image-title=\"Figura 2\" data-image-description=\"\" data-image-caption=\"\" data-medium-file=\"https:\/\/wp.ufpel.edu.br\/nupeec\/files\/2025\/09\/Figura-2-400x261.png\" data-large-file=\"https:\/\/wp.ufpel.edu.br\/nupeec\/files\/2025\/09\/Figura-2-1024x669.png\" class=\" wp-image-3712 aligncenter\" src=\"https:\/\/wp.ufpel.edu.br\/nupeec\/files\/2025\/09\/Figura-2-400x261.png\" alt=\"\" width=\"513\" height=\"335\" srcset=\"https:\/\/wp.ufpel.edu.br\/nupeec\/files\/2025\/09\/Figura-2-400x261.png 400w, https:\/\/wp.ufpel.edu.br\/nupeec\/files\/2025\/09\/Figura-2-1024x669.png 1024w, https:\/\/wp.ufpel.edu.br\/nupeec\/files\/2025\/09\/Figura-2-768x502.png 768w, https:\/\/wp.ufpel.edu.br\/nupeec\/files\/2025\/09\/Figura-2-750x490.png 750w, https:\/\/wp.ufpel.edu.br\/nupeec\/files\/2025\/09\/Figura-2.png 1350w\" sizes=\"auto, (max-width: 513px) 100vw, 513px\" \/><!--nextpage--><\/p>\n<p data-start=\"1002\" data-end=\"1286\"><img loading=\"lazy\" decoding=\"async\" data-attachment-id=\"3713\" data-permalink=\"https:\/\/wp.ufpel.edu.br\/nupeec\/areas-externas\/figura-3\/\" data-orig-file=\"https:\/\/wp.ufpel.edu.br\/nupeec\/files\/2025\/09\/Figura-3.png\" data-orig-size=\"1482,978\" data-comments-opened=\"0\" data-image-meta=\"{&quot;aperture&quot;:&quot;0&quot;,&quot;credit&quot;:&quot;&quot;,&quot;camera&quot;:&quot;&quot;,&quot;caption&quot;:&quot;&quot;,&quot;created_timestamp&quot;:&quot;0&quot;,&quot;copyright&quot;:&quot;&quot;,&quot;focal_length&quot;:&quot;0&quot;,&quot;iso&quot;:&quot;0&quot;,&quot;shutter_speed&quot;:&quot;0&quot;,&quot;title&quot;:&quot;&quot;,&quot;orientation&quot;:&quot;0&quot;}\" data-image-title=\"Figura 3\" data-image-description=\"\" data-image-caption=\"\" data-medium-file=\"https:\/\/wp.ufpel.edu.br\/nupeec\/files\/2025\/09\/Figura-3-400x264.png\" data-large-file=\"https:\/\/wp.ufpel.edu.br\/nupeec\/files\/2025\/09\/Figura-3-1024x676.png\" class=\" wp-image-3713 aligncenter\" src=\"https:\/\/wp.ufpel.edu.br\/nupeec\/files\/2025\/09\/Figura-3-400x264.png\" alt=\"\" width=\"516\" height=\"340\" srcset=\"https:\/\/wp.ufpel.edu.br\/nupeec\/files\/2025\/09\/Figura-3-400x264.png 400w, https:\/\/wp.ufpel.edu.br\/nupeec\/files\/2025\/09\/Figura-3-1024x676.png 1024w, https:\/\/wp.ufpel.edu.br\/nupeec\/files\/2025\/09\/Figura-3-768x507.png 768w, https:\/\/wp.ufpel.edu.br\/nupeec\/files\/2025\/09\/Figura-3-750x495.png 750w, https:\/\/wp.ufpel.edu.br\/nupeec\/files\/2025\/09\/Figura-3.png 1482w\" sizes=\"auto, (max-width: 516px) 100vw, 516px\" \/><\/p>\n","protected":false},"excerpt":{"rendered":"<p>O NUPEEC HUB disp\u00f5e de \u00e1reas experimentais de pastagens forrageiras, fundamentais para o desenvolvimento de estudos em nutri\u00e7\u00e3o animal. Nessas \u00e1reas, nossa equipe realiza o manejo completo, que inclui an\u00e1lise de solo, aduba\u00e7\u00e3o, escolha e implanta\u00e7\u00e3o de esp\u00e9cies forrageiras, bem como o monitoramento e controle do pastejo. Esse trabalho integrado garante a qualidade das pastagens &hellip; <\/p>\n<p><a class=\"more-link btn\" href=\"https:\/\/wp.ufpel.edu.br\/nupeec\/areas-externas\/\">Continue lendo<\/a><\/p>\n","protected":false},"author":813,"featured_media":0,"parent":0,"menu_order":0,"comment_status":"closed","ping_status":"closed","template":"","meta":{"jetpack_post_was_ever_published":false,"footnotes":""},"class_list":["post-3707","page","type-page","status-publish","hentry","nodate","item-wrap"],"jetpack_sharing_enabled":true,"jetpack_shortlink":"https:\/\/wp.me\/P9mm00-XN","jetpack_likes_enabled":true,"_links":{"self":[{"href":"https:\/\/wp.ufpel.edu.br\/nupeec\/wp-json\/wp\/v2\/pages\/3707","targetHints":{"allow":["GET"]}}],"collection":[{"href":"https:\/\/wp.ufpel.edu.br\/nupeec\/wp-json\/wp\/v2\/pages"}],"about":[{"href":"https:\/\/wp.ufpel.edu.br\/nupeec\/wp-json\/wp\/v2\/types\/page"}],"author":[{"embeddable":true,"href":"https:\/\/wp.ufpel.edu.br\/nupeec\/wp-json\/wp\/v2\/users\/813"}],"replies":[{"embeddable":true,"href":"https:\/\/wp.ufpel.edu.br\/nupeec\/wp-json\/wp\/v2\/comments?post=3707"}],"version-history":[{"count":2,"href":"https:\/\/wp.ufpel.edu.br\/nupeec\/wp-json\/wp\/v2\/pages\/3707\/revisions"}],"predecessor-version":[{"id":3717,"href":"https:\/\/wp.ufpel.edu.br\/nupeec\/wp-json\/wp\/v2\/pages\/3707\/revisions\/3717"}],"wp:attachment":[{"href":"https:\/\/wp.ufpel.edu.br\/nupeec\/wp-json\/wp\/v2\/media?parent=3707"}],"curies":[{"name":"wp","href":"https:\/\/api.w.org\/{rel}","templated":true}]}}