{"id":3693,"date":"2025-09-26T10:18:48","date_gmt":"2025-09-26T13:18:48","guid":{"rendered":"https:\/\/wp.ufpel.edu.br\/nupeec\/?page_id=3693"},"modified":"2025-09-26T13:38:48","modified_gmt":"2025-09-26T16:38:48","slug":"alimentadores-inteligentes","status":"publish","type":"page","link":"https:\/\/wp.ufpel.edu.br\/nupeec\/alimentadores-inteligentes\/","title":{"rendered":"Cochos Eletr\u00f4nicos"},"content":{"rendered":"<p style=\"text-align: justify;\" data-start=\"157\" data-end=\"416\">O <strong data-start=\"159\" data-end=\"173\">NUPEEC HUB<\/strong> conta com cochos eletr\u00f4nicos de precis\u00e3o, equipamentos que representam um dos recursos mais avan\u00e7ados dispon\u00edveis atualmente para o monitoramento individual do consumo e do comportamento alimentar de bovinos.<\/p>\n<p style=\"text-align: justify;\" data-start=\"418\" data-end=\"657\">Esses cochos s\u00e3o equipados com sensores de identifica\u00e7\u00e3o eletr\u00f4nica, que reconhecem automaticamente cada animal no momento em que se aproxima para se alimentar. A partir da\u00ed, passam a registrar em tempo real informa\u00e7\u00f5es detalhadas, como:<\/p>\n<ul data-start=\"658\" data-end=\"1009\">\n<li data-start=\"658\" data-end=\"788\">\n<p style=\"text-align: justify;\" data-start=\"660\" data-end=\"788\"><strong data-start=\"660\" data-end=\"692\">Consumo alimentar individual<\/strong>, medido por c\u00e9lulas de carga altamente sens\u00edveis que quantificam o peso do alimento ingerido;<\/p>\n<\/li>\n<li style=\"text-align: justify;\" data-start=\"789\" data-end=\"858\">\n<p data-start=\"791\" data-end=\"858\"><strong data-start=\"791\" data-end=\"855\">Hor\u00e1rios de alimenta\u00e7\u00e3o e padr\u00e3o de ingest\u00e3o ao longo do dia<\/strong>;<\/p>\n<\/li>\n<li style=\"text-align: justify;\" data-start=\"859\" data-end=\"940\">\n<p data-start=\"861\" data-end=\"940\"><strong data-start=\"861\" data-end=\"895\">Frequ\u00eancia de visitas ao cocho<\/strong>, diferenciando aquelas com ou sem consumo;<\/p>\n<\/li>\n<li data-start=\"941\" data-end=\"1009\">\n<p style=\"text-align: justify;\" data-start=\"943\" data-end=\"1009\"><strong data-start=\"943\" data-end=\"1006\">Tempo de perman\u00eancia do animal durante o ato de alimenta\u00e7\u00e3o<\/strong>.<\/p>\n<\/li>\n<\/ul>\n<p style=\"text-align: justify;\" data-start=\"1011\" data-end=\"1319\">Al\u00e9m disso, o sistema permite o <strong data-start=\"1043\" data-end=\"1074\">controle seletivo de acesso<\/strong> aos cochos, possibilitando que apenas animais previamente autorizados recebam determinada dieta. Esse recurso \u00e9 especialmente \u00fatil em experimentos que exigem avalia\u00e7\u00e3o de diferentes estrat\u00e9gias nutricionais dentro de um mesmo grupo ou galp\u00e3o.<\/p>\n<p style=\"text-align: justify;\" data-start=\"78\" data-end=\"325\">Esses equipamentos est\u00e3o instalados em uma fazenda parceira da Universidade Federal de Pelotas, o que garante uma <strong data-start=\"170\" data-end=\"207\">infraestrutura robusta e adequada<\/strong> para a condu\u00e7\u00e3o de estudos de valida\u00e7\u00e3o de produtos em condi\u00e7\u00f5es reais de campo e em <strong data-start=\"293\" data-end=\"322\">maior escala experimental<\/strong>. Essa estrutura \u00e9 especialmente importante para a realiza\u00e7\u00e3o de ensaios com um <strong data-start=\"405\" data-end=\"434\">n\u00famero elevado de animais<\/strong>, permitindo gerar <strong data-start=\"453\" data-end=\"537\">resultados mais consistentes, representativos e aplic\u00e1veis \u00e0 realidade produtiva<\/strong>.<\/p>\n<p style=\"text-align: justify;\" data-start=\"1321\" data-end=\"1771\">O uso desses equipamentos \u00e9 fundamental para nossas pesquisas cient\u00edficas, pois garante a coleta de dados <strong data-start=\"1427\" data-end=\"1469\">precisos, cont\u00ednuos e individualizados<\/strong>, reduzindo a margem de erro e aumentando a confiabilidade dos resultados. Com eles, \u00e9 poss\u00edvel investigar em profundidade a rela\u00e7\u00e3o entre nutri\u00e7\u00e3o, comportamento alimentar, desempenho produtivo e sa\u00fade dos animais, gerando informa\u00e7\u00f5es valiosas para a ci\u00eancia e para o avan\u00e7o da pecu\u00e1ria de precis\u00e3o.<!--nextpage--><\/p>\n<p data-start=\"1321\" data-end=\"1771\"><img loading=\"lazy\" decoding=\"async\" data-attachment-id=\"3696\" data-permalink=\"https:\/\/wp.ufpel.edu.br\/nupeec\/alimentadores-inteligentes\/foto-cocho\/\" data-orig-file=\"https:\/\/wp.ufpel.edu.br\/nupeec\/files\/2025\/09\/Foto-Cocho.jpg\" data-orig-size=\"408,614\" data-comments-opened=\"0\" data-image-meta=\"{&quot;aperture&quot;:&quot;0&quot;,&quot;credit&quot;:&quot;&quot;,&quot;camera&quot;:&quot;&quot;,&quot;caption&quot;:&quot;&quot;,&quot;created_timestamp&quot;:&quot;0&quot;,&quot;copyright&quot;:&quot;&quot;,&quot;focal_length&quot;:&quot;0&quot;,&quot;iso&quot;:&quot;0&quot;,&quot;shutter_speed&quot;:&quot;0&quot;,&quot;title&quot;:&quot;&quot;,&quot;orientation&quot;:&quot;0&quot;}\" data-image-title=\"Foto Cocho\" data-image-description=\"\" data-image-caption=\"\" data-medium-file=\"https:\/\/wp.ufpel.edu.br\/nupeec\/files\/2025\/09\/Foto-Cocho-266x400.jpg\" data-large-file=\"https:\/\/wp.ufpel.edu.br\/nupeec\/files\/2025\/09\/Foto-Cocho.jpg\" class=\"size-full wp-image-3696 aligncenter\" src=\"https:\/\/wp.ufpel.edu.br\/nupeec\/files\/2025\/09\/Foto-Cocho.jpg\" alt=\"\" width=\"408\" height=\"614\" srcset=\"https:\/\/wp.ufpel.edu.br\/nupeec\/files\/2025\/09\/Foto-Cocho.jpg 408w, https:\/\/wp.ufpel.edu.br\/nupeec\/files\/2025\/09\/Foto-Cocho-266x400.jpg 266w\" sizes=\"auto, (max-width: 408px) 100vw, 408px\" \/><\/p>\n<p data-start=\"1321\" data-end=\"1771\"><!--nextpage--><\/p>\n<p data-start=\"1321\" data-end=\"1771\"><img loading=\"lazy\" decoding=\"async\" data-attachment-id=\"3695\" data-permalink=\"https:\/\/wp.ufpel.edu.br\/nupeec\/alimentadores-inteligentes\/foto-cocho-2\/\" data-orig-file=\"https:\/\/wp.ufpel.edu.br\/nupeec\/files\/2025\/09\/Foto-Cocho-2.jpg\" data-orig-size=\"1200,1600\" data-comments-opened=\"0\" data-image-meta=\"{&quot;aperture&quot;:&quot;0&quot;,&quot;credit&quot;:&quot;&quot;,&quot;camera&quot;:&quot;&quot;,&quot;caption&quot;:&quot;&quot;,&quot;created_timestamp&quot;:&quot;0&quot;,&quot;copyright&quot;:&quot;&quot;,&quot;focal_length&quot;:&quot;0&quot;,&quot;iso&quot;:&quot;0&quot;,&quot;shutter_speed&quot;:&quot;0&quot;,&quot;title&quot;:&quot;&quot;,&quot;orientation&quot;:&quot;0&quot;}\" data-image-title=\"Foto Cocho 2\" data-image-description=\"\" data-image-caption=\"\" data-medium-file=\"https:\/\/wp.ufpel.edu.br\/nupeec\/files\/2025\/09\/Foto-Cocho-2-300x400.jpg\" data-large-file=\"https:\/\/wp.ufpel.edu.br\/nupeec\/files\/2025\/09\/Foto-Cocho-2-768x1024.jpg\" class=\" wp-image-3695 aligncenter\" src=\"https:\/\/wp.ufpel.edu.br\/nupeec\/files\/2025\/09\/Foto-Cocho-2-300x400.jpg\" alt=\"\" width=\"420\" height=\"560\" srcset=\"https:\/\/wp.ufpel.edu.br\/nupeec\/files\/2025\/09\/Foto-Cocho-2-300x400.jpg 300w, https:\/\/wp.ufpel.edu.br\/nupeec\/files\/2025\/09\/Foto-Cocho-2-768x1024.jpg 768w, https:\/\/wp.ufpel.edu.br\/nupeec\/files\/2025\/09\/Foto-Cocho-2-1152x1536.jpg 1152w, https:\/\/wp.ufpel.edu.br\/nupeec\/files\/2025\/09\/Foto-Cocho-2-750x1000.jpg 750w, https:\/\/wp.ufpel.edu.br\/nupeec\/files\/2025\/09\/Foto-Cocho-2.jpg 1200w\" sizes=\"auto, (max-width: 420px) 100vw, 420px\" \/><!--nextpage--><\/p>\n<p data-start=\"1321\" data-end=\"1771\"><img loading=\"lazy\" decoding=\"async\" data-attachment-id=\"3718\" data-permalink=\"https:\/\/wp.ufpel.edu.br\/nupeec\/alimentadores-inteligentes\/foto-cocho-3\/\" data-orig-file=\"https:\/\/wp.ufpel.edu.br\/nupeec\/files\/2025\/09\/Foto-Cocho-3.jpg\" data-orig-size=\"1599,899\" data-comments-opened=\"0\" data-image-meta=\"{&quot;aperture&quot;:&quot;0&quot;,&quot;credit&quot;:&quot;&quot;,&quot;camera&quot;:&quot;&quot;,&quot;caption&quot;:&quot;&quot;,&quot;created_timestamp&quot;:&quot;0&quot;,&quot;copyright&quot;:&quot;&quot;,&quot;focal_length&quot;:&quot;0&quot;,&quot;iso&quot;:&quot;0&quot;,&quot;shutter_speed&quot;:&quot;0&quot;,&quot;title&quot;:&quot;&quot;,&quot;orientation&quot;:&quot;0&quot;}\" data-image-title=\"Foto Cocho 3\" data-image-description=\"\" data-image-caption=\"\" data-medium-file=\"https:\/\/wp.ufpel.edu.br\/nupeec\/files\/2025\/09\/Foto-Cocho-3-400x225.jpg\" data-large-file=\"https:\/\/wp.ufpel.edu.br\/nupeec\/files\/2025\/09\/Foto-Cocho-3-1024x576.jpg\" class=\" wp-image-3718 aligncenter\" src=\"https:\/\/wp.ufpel.edu.br\/nupeec\/files\/2025\/09\/Foto-Cocho-3-400x225.jpg\" alt=\"\" width=\"489\" height=\"275\" srcset=\"https:\/\/wp.ufpel.edu.br\/nupeec\/files\/2025\/09\/Foto-Cocho-3-400x225.jpg 400w, https:\/\/wp.ufpel.edu.br\/nupeec\/files\/2025\/09\/Foto-Cocho-3-1024x576.jpg 1024w, https:\/\/wp.ufpel.edu.br\/nupeec\/files\/2025\/09\/Foto-Cocho-3-768x432.jpg 768w, https:\/\/wp.ufpel.edu.br\/nupeec\/files\/2025\/09\/Foto-Cocho-3-1536x864.jpg 1536w, https:\/\/wp.ufpel.edu.br\/nupeec\/files\/2025\/09\/Foto-Cocho-3-750x422.jpg 750w, https:\/\/wp.ufpel.edu.br\/nupeec\/files\/2025\/09\/Foto-Cocho-3.jpg 1599w\" sizes=\"auto, (max-width: 489px) 100vw, 489px\" \/><\/p>\n","protected":false},"excerpt":{"rendered":"<p>O NUPEEC HUB conta com cochos eletr\u00f4nicos de precis\u00e3o, equipamentos que representam um dos recursos mais avan\u00e7ados dispon\u00edveis atualmente para o monitoramento individual do consumo e do comportamento alimentar de bovinos. Esses cochos s\u00e3o equipados com sensores de identifica\u00e7\u00e3o eletr\u00f4nica, que reconhecem automaticamente cada animal no momento em que se aproxima para se alimentar. A &hellip; <\/p>\n<p><a class=\"more-link btn\" href=\"https:\/\/wp.ufpel.edu.br\/nupeec\/alimentadores-inteligentes\/\">Continue lendo<\/a><\/p>\n","protected":false},"author":813,"featured_media":0,"parent":0,"menu_order":0,"comment_status":"closed","ping_status":"closed","template":"","meta":{"jetpack_post_was_ever_published":false,"footnotes":""},"class_list":["post-3693","page","type-page","status-publish","hentry","nodate","item-wrap"],"jetpack_sharing_enabled":true,"jetpack_shortlink":"https:\/\/wp.me\/P9mm00-Xz","jetpack_likes_enabled":true,"_links":{"self":[{"href":"https:\/\/wp.ufpel.edu.br\/nupeec\/wp-json\/wp\/v2\/pages\/3693","targetHints":{"allow":["GET"]}}],"collection":[{"href":"https:\/\/wp.ufpel.edu.br\/nupeec\/wp-json\/wp\/v2\/pages"}],"about":[{"href":"https:\/\/wp.ufpel.edu.br\/nupeec\/wp-json\/wp\/v2\/types\/page"}],"author":[{"embeddable":true,"href":"https:\/\/wp.ufpel.edu.br\/nupeec\/wp-json\/wp\/v2\/users\/813"}],"replies":[{"embeddable":true,"href":"https:\/\/wp.ufpel.edu.br\/nupeec\/wp-json\/wp\/v2\/comments?post=3693"}],"version-history":[{"count":3,"href":"https:\/\/wp.ufpel.edu.br\/nupeec\/wp-json\/wp\/v2\/pages\/3693\/revisions"}],"predecessor-version":[{"id":3740,"href":"https:\/\/wp.ufpel.edu.br\/nupeec\/wp-json\/wp\/v2\/pages\/3693\/revisions\/3740"}],"wp:attachment":[{"href":"https:\/\/wp.ufpel.edu.br\/nupeec\/wp-json\/wp\/v2\/media?parent=3693"}],"curies":[{"name":"wp","href":"https:\/\/api.w.org\/{rel}","templated":true}]}}