{"id":3365,"date":"2025-02-05T12:09:16","date_gmt":"2025-02-05T15:09:16","guid":{"rendered":"https:\/\/wp.ufpel.edu.br\/nupeec\/?page_id=3365"},"modified":"2025-02-16T22:17:40","modified_gmt":"2025-02-17T01:17:40","slug":"ruminant-metabolism-and-nutrition","status":"publish","type":"page","link":"https:\/\/wp.ufpel.edu.br\/nupeec\/ruminant-metabolism-and-nutrition\/","title":{"rendered":"Ruminant Metabolism and Nutrition"},"content":{"rendered":"<p><img loading=\"lazy\" decoding=\"async\" data-attachment-id=\"3444\" data-permalink=\"https:\/\/wp.ufpel.edu.br\/nupeec\/ruminant-metabolism-and-nutrition\/site-nupeec-elo-team\/\" data-orig-file=\"https:\/\/wp.ufpel.edu.br\/nupeec\/files\/2025\/02\/site-nupeec-elo-team.png\" data-orig-size=\"1024,768\" data-comments-opened=\"0\" data-image-meta=\"{&quot;aperture&quot;:&quot;0&quot;,&quot;credit&quot;:&quot;&quot;,&quot;camera&quot;:&quot;&quot;,&quot;caption&quot;:&quot;&quot;,&quot;created_timestamp&quot;:&quot;0&quot;,&quot;copyright&quot;:&quot;&quot;,&quot;focal_length&quot;:&quot;0&quot;,&quot;iso&quot;:&quot;0&quot;,&quot;shutter_speed&quot;:&quot;0&quot;,&quot;title&quot;:&quot;&quot;,&quot;orientation&quot;:&quot;0&quot;}\" data-image-title=\"site nupeec &amp;#8212; elo team\" data-image-description=\"\" data-image-caption=\"\" data-medium-file=\"https:\/\/wp.ufpel.edu.br\/nupeec\/files\/2025\/02\/site-nupeec-elo-team-400x300.png\" data-large-file=\"https:\/\/wp.ufpel.edu.br\/nupeec\/files\/2025\/02\/site-nupeec-elo-team.png\" class=\"size-medium wp-image-3444 aligncenter\" src=\"https:\/\/wp.ufpel.edu.br\/nupeec\/files\/2025\/02\/site-nupeec-elo-team-400x300.png\" alt=\"\" width=\"400\" height=\"300\" srcset=\"https:\/\/wp.ufpel.edu.br\/nupeec\/files\/2025\/02\/site-nupeec-elo-team-400x300.png 400w, https:\/\/wp.ufpel.edu.br\/nupeec\/files\/2025\/02\/site-nupeec-elo-team-768x576.png 768w, https:\/\/wp.ufpel.edu.br\/nupeec\/files\/2025\/02\/site-nupeec-elo-team-750x563.png 750w, https:\/\/wp.ufpel.edu.br\/nupeec\/files\/2025\/02\/site-nupeec-elo-team.png 1024w\" sizes=\"auto, (max-width: 400px) 100vw, 400px\" \/><\/p>\n<blockquote>\n<p style=\"text-align: center;\"><span style=\"font-size: 14pt;\"><em><span style=\"font-family: georgia, palatino, serif;\">&#8220;A expans\u00e3o e o aprofundamento da disciplina refletem o compromisso com a excel\u00eancia acad\u00eamica e a internacionaliza\u00e7\u00e3o da pesquisa em nutri\u00e7\u00e3o e metabolismo de ruminantes&#8221;.\u00a0<\/span><\/em><\/span><\/p>\n<hr \/>\n<\/blockquote>\n<p><span style=\"font-family: georgia, palatino, serif; font-size: 12pt;\">A coordena\u00e7\u00e3o da disciplina \u00e9 realizada pelo Prof\u2070 Dr. Eduardo Schmitt e Prof\u2070 Dr. C\u00e1ssio Brauner, ofertada no segundo semestre de cada ano, de forma remota, e est\u00e1 aberta a outros programas de p\u00f3s-gradua\u00e7\u00e3o. Sua din\u00e2mica inclui a participa\u00e7\u00e3o de diferentes professores nacionais e internacionais, cada um ministrando aulas em sua respectiva \u00e1rea de conhecimento, podendo estas ser conduzidas em ingl\u00eas, portugu\u00eas ou espanhol. Com isso, estabelece-se um roteiro estruturado das aulas ministradas, garantindo uma abordagem diversificada e enriquecedora para os alunos.<\/span><\/p>\n<p><span style=\"font-family: georgia, palatino, serif;\"><strong>Professores que j\u00e1 participaram:\u00a0<\/strong><\/span><\/p>\n<p><span style=\"font-size: 12pt; font-family: georgia, palatino, serif;\">J\u00e9ssica Halfen &#8211; <em>Mississi State University\u00a0<\/em><\/span><\/p>\n<p><span style=\"font-family: georgia, palatino, serif;\">Philipe Moriel &#8211; <em>University of Florida<\/em><\/span><\/p>\n<p><span style=\"font-family: georgia, palatino, serif;\">Jo\u00e3o Vendramini &#8211; <em>University of Florida<\/em><\/span><\/p>\n<p><span style=\"font-family: georgia, palatino, serif;\">Marcelo Vedovatto &#8211; <em>Louisiana University\u00a0<\/em><\/span><\/p>\n<p><span style=\"font-family: georgia, palatino, serif;\">B\u00e1rbara Reis &#8211; <em>Mississi State University\u00a0<\/em><\/span><\/p>\n<p><span style=\"font-family: georgia, palatino, serif;\">Fernanda Rosa &#8211; <em>Texas Tech University\u00a0<\/em><\/span><\/p>\n<p><span style=\"font-family: georgia, palatino, serif;\">Jos\u00e9 Eduardo Santos &#8211; <em>University of Florida\u00a0<\/em><\/span><\/p>\n<p><span style=\"font-family: georgia, palatino, serif;\">Gustavo Gastal &#8211; <em>INIA La Estanzuela\u00a0<\/em><\/span><\/p>\n<p><span style=\"font-family: georgia, palatino, serif;\">Mario Binelli &#8211; <em>University of Florida<\/em><\/span><\/p>\n<p><span style=\"font-family: georgia, palatino, serif;\">Sonia Rodriguez Jimenez &#8211; <em>Iowa State University\u00a0<\/em><\/span><\/p>\n<p><span style=\"font-family: georgia, palatino, serif;\">Bruno Cappellozza &#8211; <em>Novonesis<\/em><\/span><\/p>\n<p><span style=\"font-family: georgia, palatino, serif;\">Luiz F. Ferraretto &#8211; <em>University of Wisconsin Madison\u00a0<\/em><\/span><\/p>\n<p><span style=\"font-family: georgia, palatino, serif;\">Gilberto Kozloski &#8211; <em>Universidade Federal de Santa Maria<\/em><\/span><\/p>\n<p><span style=\"font-family: georgia, palatino, serif;\">Vivian Fischer &#8211; <em>Universidade Federal do Rio Grande do Sul\u00a0<\/em><\/span><\/p>\n<p><span style=\"font-family: georgia, palatino, serif;\">Rodrigo Almeida &#8211; <em>Universidade Federal do Paran\u00e1\u00a0<\/em><\/span><\/p>\n<p><span style=\"font-family: georgia, palatino, serif;\">Jorge Henrique &#8211; <em>Universidade Federa do Paran\u00e1\u00a0<\/em><\/span><\/p>\n<p><span style=\"font-family: georgia, palatino, serif;\">Fernanda Lopes &#8211; Adisseo\u00a0<\/span><\/p>\n<p><span style=\"font-family: georgia, palatino, serif;\">Roberto Sartori &#8211; <em>Universidade de S\u00e3o Paulo\u00a0<\/em><\/span><\/p>\n<p><span style=\"font-family: georgia, palatino, serif;\">Eduardo Valias &#8211; <em>HAPPY Consultoria\u00a0<\/em><\/span><\/p>\n<p><span style=\"font-family: georgia, palatino, serif;\">Luiz Pfeifer &#8211; EMBRAPA Rond\u00f4nia\u00a0<\/span><\/p>\n<p><span style=\"font-family: georgia, palatino, serif;\">Carolina Jacometo &#8211; <em>Universidade La Salle<\/em><\/span><\/p>\n<p><span style=\"font-family: georgia, palatino, serif;\">Mariana Nehme &#8211; <em>University of Florida<\/em><\/span><\/p>\n<p><span style=\"font-family: georgia, palatino, serif;\">Roney Zimpel &#8211; <em>University of Florida<\/em><\/span><\/p>\n<p><span style=\"font-family: georgia, palatino, serif;\">Johan Os\u00f3rio &#8211; <em>Virginia Tech\u00a0<\/em><\/span><\/p>\n<p><span style=\"font-family: georgia, palatino, serif;\">Achilles Vieira Neto &#8211;<em> MERCK\u00a0<\/em><\/span><\/p>\n<p><span style=\"font-family: georgia, palatino, serif;\">Samanta Fensterseifer &#8211; <em>United Animal Health\u00a0<\/em><\/span><\/p>\n<p><span style=\"font-family: georgia, palatino, serif;\">David Ara\u00fajo Brito &#8211; <em>Nutreco Company\u00a0<\/em><\/span><\/p>\n<p><span style=\"font-family: georgia, palatino, serif;\">Diego Acosta &#8211; <em>AGROVASIA\u00a0<\/em><\/span><\/p>\n<hr \/>\n<p><strong style=\"font-family: georgia, palatino, serif; text-align: justify;\">Ementa:<\/strong><span style=\"font-family: georgia, palatino, serif; text-align: justify;\"> A inten\u00e7\u00e3o geral deste curso \u00e9 discutir os mecanismos regulat\u00f3rios intrincados e din\u00e2micos que modulam o metabolismo intermedi\u00e1rio em ruminantes (ovinos e bovinos). Ele foi projetado para servir como um elo entre a &#8220;ci\u00eancia bioqu\u00edmica b\u00e1sica&#8221; (vias metab\u00f3licas, etc.) e as &#8220;ci\u00eancias aplicadas&#8221; relevantes para a produ\u00e7\u00e3o pecu\u00e1ria.<\/span><\/p>\n<hr \/>\n<p style=\"text-align: justify;\"><span style=\"font-family: georgia, palatino, serif;\"><strong>Objetivos:<\/strong> Discutir e interagir a nutri\u00e7\u00e3o de ruminantes com o metabolismo, o desempenho de novas abordagens e tecnologias, bem como estrat\u00e9gias de alimenta\u00e7\u00e3o, doen\u00e7as metab\u00f3licas e efici\u00eancia.<\/span><\/p>\n<hr \/>\n<p style=\"text-align: justify;\"><span style=\"font-family: georgia, palatino, serif;\">Um aluno bem-sucedido neste curso ser\u00e1 capaz de:<\/span><br \/>\n<span style=\"font-family: georgia, palatino, serif;\">\u2022 Comparar e contrastar como a alimenta\u00e7\u00e3o diet\u00e9tica \u00e9 convertida em estruturas corporais, energia e estoques de energia em ruminantes e n\u00e3o ruminantes.<\/span><br \/>\n<span style=\"font-family: georgia, palatino, serif;\">\u2022 Descrever como os estoques de energia s\u00e3o usados \u200b\u200bquando necess\u00e1rio em v\u00e1rias condi\u00e7\u00f5es fisiol\u00f3gicas (exerc\u00edcio, jejum, fome, prenhez e lacta\u00e7\u00e3o).<\/span><br \/>\n<span style=\"font-family: georgia, palatino, serif;\">\u2022 Discutir como os processos metab\u00f3licos s\u00e3o regulados para atender \u00e0s necessidades do corpo em condi\u00e7\u00f5es metab\u00f3licas de manuten\u00e7\u00e3o, crescimento e produtivas. <\/span><br \/>\n<span style=\"font-family: georgia, palatino, serif;\">M\u00e9todos de ensino: Este curso ser\u00e1 ministrado em equipe por 2 membros do corpo docente e as palestras ser\u00e3o a base da instru\u00e7\u00e3o.<\/span><\/p>\n<hr \/>\n<p><span style=\"font-size: 10pt;\">CARGA HOR\u00c1RIA: <span style=\"font-family: georgia, palatino, serif;\">51 horas\u00a0<\/span><\/span><\/p>\n<p><span style=\"font-size: 10pt;\">UNIDADE RESPONS\u00c1VEL<\/span>: <a href=\"https:\/\/institucional.ufpel.edu.br\/unidades\/id\/246\">Departamento de Zootecnia\u00a0<\/a><\/p>\n<p><span style=\"font-size: 10pt;\">CR\u00c9DITOS<\/span>: 3<\/p>\n<p><span style=\"font-size: 10pt;\">FREQU\u00caNCIA APROVA\u00c7\u00c3O:<\/span> 75%<\/p>\n<p>&nbsp;<\/p>\n<p>&nbsp;<\/p>\n","protected":false},"excerpt":{"rendered":"<p>&#8220;A expans\u00e3o e o aprofundamento da disciplina refletem o compromisso com a excel\u00eancia acad\u00eamica e a internacionaliza\u00e7\u00e3o da pesquisa em nutri\u00e7\u00e3o e metabolismo de ruminantes&#8221;.\u00a0 A coordena\u00e7\u00e3o da disciplina \u00e9 realizada pelo Prof\u2070 Dr. Eduardo Schmitt e Prof\u2070 Dr. C\u00e1ssio Brauner, ofertada no segundo semestre de cada ano, de forma remota, e est\u00e1 aberta a &hellip; <\/p>\n<p><a class=\"more-link btn\" href=\"https:\/\/wp.ufpel.edu.br\/nupeec\/ruminant-metabolism-and-nutrition\/\">Continue lendo<\/a><\/p>\n","protected":false},"author":813,"featured_media":0,"parent":0,"menu_order":0,"comment_status":"closed","ping_status":"closed","template":"","meta":{"jetpack_post_was_ever_published":false,"footnotes":""},"class_list":["post-3365","page","type-page","status-publish","hentry","nodate","item-wrap"],"jetpack_sharing_enabled":true,"jetpack_shortlink":"https:\/\/wp.me\/P9mm00-Sh","jetpack_likes_enabled":true,"_links":{"self":[{"href":"https:\/\/wp.ufpel.edu.br\/nupeec\/wp-json\/wp\/v2\/pages\/3365","targetHints":{"allow":["GET"]}}],"collection":[{"href":"https:\/\/wp.ufpel.edu.br\/nupeec\/wp-json\/wp\/v2\/pages"}],"about":[{"href":"https:\/\/wp.ufpel.edu.br\/nupeec\/wp-json\/wp\/v2\/types\/page"}],"author":[{"embeddable":true,"href":"https:\/\/wp.ufpel.edu.br\/nupeec\/wp-json\/wp\/v2\/users\/813"}],"replies":[{"embeddable":true,"href":"https:\/\/wp.ufpel.edu.br\/nupeec\/wp-json\/wp\/v2\/comments?post=3365"}],"version-history":[{"count":14,"href":"https:\/\/wp.ufpel.edu.br\/nupeec\/wp-json\/wp\/v2\/pages\/3365\/revisions"}],"predecessor-version":[{"id":3457,"href":"https:\/\/wp.ufpel.edu.br\/nupeec\/wp-json\/wp\/v2\/pages\/3365\/revisions\/3457"}],"wp:attachment":[{"href":"https:\/\/wp.ufpel.edu.br\/nupeec\/wp-json\/wp\/v2\/media?parent=3365"}],"curies":[{"name":"wp","href":"https:\/\/api.w.org\/{rel}","templated":true}]}}