{"id":3353,"date":"2025-02-05T07:21:44","date_gmt":"2025-02-05T10:21:44","guid":{"rendered":"https:\/\/wp.ufpel.edu.br\/nupeec\/?page_id=3353"},"modified":"2025-02-05T07:57:59","modified_gmt":"2025-02-05T10:57:59","slug":"professores-elo","status":"publish","type":"page","link":"https:\/\/wp.ufpel.edu.br\/nupeec\/professores-elo\/","title":{"rendered":"Professores ELO"},"content":{"rendered":"<p style=\"text-align: center;\"><span style=\"font-family: georgia, palatino, serif; font-size: 14pt;\" data-sheets-root=\"1\" data-sheets-value=\"[null,2,&quot;Eduardo Schmitt&quot;]\" data-sheets-userformat=\"[null,null,14461,{&quot;1&quot;:0,&quot;3&quot;:1},null,{&quot;1&quot;:[{&quot;1&quot;:2,&quot;2&quot;:0,&quot;5&quot;:[null,2,0]},[null,0,0,3],[null,1,0,null,1]]},{&quot;1&quot;:[{&quot;1&quot;:2,&quot;2&quot;:0,&quot;5&quot;:[null,2,0]},[null,0,0,3],[null,1,0,null,1]]},{&quot;1&quot;:[{&quot;1&quot;:2,&quot;2&quot;:0,&quot;5&quot;:[null,2,0]},[null,0,0,3],[null,1,0,null,1]]},{&quot;1&quot;:[{&quot;1&quot;:2,&quot;2&quot;:0,&quot;5&quot;:[null,2,0]},[null,0,0,3],[null,1,0,null,1]]},0,null,null,null,null,[null,2,8288],&quot;Arial&quot;,11]\"><img loading=\"lazy\" decoding=\"async\" data-attachment-id=\"3355\" data-permalink=\"https:\/\/wp.ufpel.edu.br\/nupeec\/professores-elo\/img-20250204-wa0121\/\" data-orig-file=\"https:\/\/wp.ufpel.edu.br\/nupeec\/files\/2025\/02\/IMG-20250204-WA0121.jpg\" data-orig-size=\"665,665\" data-comments-opened=\"0\" data-image-meta=\"{&quot;aperture&quot;:&quot;0&quot;,&quot;credit&quot;:&quot;&quot;,&quot;camera&quot;:&quot;&quot;,&quot;caption&quot;:&quot;&quot;,&quot;created_timestamp&quot;:&quot;0&quot;,&quot;copyright&quot;:&quot;&quot;,&quot;focal_length&quot;:&quot;0&quot;,&quot;iso&quot;:&quot;0&quot;,&quot;shutter_speed&quot;:&quot;0&quot;,&quot;title&quot;:&quot;&quot;,&quot;orientation&quot;:&quot;1&quot;}\" data-image-title=\"IMG-20250204-WA0121\" data-image-description=\"\" data-image-caption=\"\" data-medium-file=\"https:\/\/wp.ufpel.edu.br\/nupeec\/files\/2025\/02\/IMG-20250204-WA0121-400x400.jpg\" data-large-file=\"https:\/\/wp.ufpel.edu.br\/nupeec\/files\/2025\/02\/IMG-20250204-WA0121.jpg\" class=\"alignnone wp-image-3355 size-thumbnail\" src=\"https:\/\/wp.ufpel.edu.br\/nupeec\/files\/2025\/02\/IMG-20250204-WA0121-200x200.jpg\" alt=\"\" width=\"200\" height=\"200\" srcset=\"https:\/\/wp.ufpel.edu.br\/nupeec\/files\/2025\/02\/IMG-20250204-WA0121-200x200.jpg 200w, https:\/\/wp.ufpel.edu.br\/nupeec\/files\/2025\/02\/IMG-20250204-WA0121-400x400.jpg 400w, https:\/\/wp.ufpel.edu.br\/nupeec\/files\/2025\/02\/IMG-20250204-WA0121.jpg 665w\" sizes=\"auto, (max-width: 200px) 100vw, 200px\" \/><\/span><\/p>\n<p style=\"text-align: center;\"><strong><span style=\"font-family: georgia, palatino, serif; font-size: 14pt;\" data-sheets-root=\"1\" data-sheets-value=\"[null,2,&quot;Eduardo Schmitt&quot;]\" data-sheets-userformat=\"[null,null,14461,{&quot;1&quot;:0,&quot;3&quot;:1},null,{&quot;1&quot;:[{&quot;1&quot;:2,&quot;2&quot;:0,&quot;5&quot;:[null,2,0]},[null,0,0,3],[null,1,0,null,1]]},{&quot;1&quot;:[{&quot;1&quot;:2,&quot;2&quot;:0,&quot;5&quot;:[null,2,0]},[null,0,0,3],[null,1,0,null,1]]},{&quot;1&quot;:[{&quot;1&quot;:2,&quot;2&quot;:0,&quot;5&quot;:[null,2,0]},[null,0,0,3],[null,1,0,null,1]]},{&quot;1&quot;:[{&quot;1&quot;:2,&quot;2&quot;:0,&quot;5&quot;:[null,2,0]},[null,0,0,3],[null,1,0,null,1]]},0,null,null,null,null,[null,2,8288],&quot;Arial&quot;,11]\">Professor Eduardo Schmitt<\/span><\/strong><\/p>\n<p style=\"text-align: justify;\"><span style=\"font-family: georgia, palatino, serif;\">M\u00e9dico Veterin\u00e1rio (UFPel), com mestrado e doutorado na \u00e1rea de Ruminantes. Realizou doutorado sandu\u00edche na Universidade de Illinois e p\u00f3s-doutorado na Universidade da Fl\u00f3rida. Atua em pesquisas relacionadas ao metabolismo de ruminantes. \u00c9 professor adjunto na UFPel desde 2015, coordenando a \u00e1rea de Cl\u00ednica de Ruminantes na Resid\u00eancia Multiprofissional. Al\u00e9m disso, integra a coordena\u00e7\u00e3o do Elo Team, pertencente ao NUPEEC HUB.<\/span><\/p>\n<p><span style=\"font-family: georgia, palatino, serif;\">Contato: <u>schmitt.edu@gmail.com<\/u><\/span><\/p>\n<p style=\"text-align: justify;\"><span style=\"font-family: georgia, palatino, serif;\">Curr\u00edculo Lattes:\u00a0<a href=\"http:\/\/lattes.cnpq.br\/6459061517529181\">http:\/\/lattes.cnpq.br\/6459061517529181<\/a><\/span><\/p>\n<p>&nbsp;<\/p>\n<p style=\"text-align: justify;\"><img loading=\"lazy\" decoding=\"async\" data-attachment-id=\"3360\" data-permalink=\"https:\/\/wp.ufpel.edu.br\/nupeec\/professores-elo\/img-20250204-wa0120\/\" data-orig-file=\"https:\/\/wp.ufpel.edu.br\/nupeec\/files\/2025\/02\/IMG-20250204-WA0120.jpg\" data-orig-size=\"674,674\" data-comments-opened=\"0\" data-image-meta=\"{&quot;aperture&quot;:&quot;0&quot;,&quot;credit&quot;:&quot;&quot;,&quot;camera&quot;:&quot;&quot;,&quot;caption&quot;:&quot;&quot;,&quot;created_timestamp&quot;:&quot;0&quot;,&quot;copyright&quot;:&quot;&quot;,&quot;focal_length&quot;:&quot;0&quot;,&quot;iso&quot;:&quot;0&quot;,&quot;shutter_speed&quot;:&quot;0&quot;,&quot;title&quot;:&quot;&quot;,&quot;orientation&quot;:&quot;1&quot;}\" data-image-title=\"IMG-20250204-WA0120\" data-image-description=\"\" data-image-caption=\"\" data-medium-file=\"https:\/\/wp.ufpel.edu.br\/nupeec\/files\/2025\/02\/IMG-20250204-WA0120-400x400.jpg\" data-large-file=\"https:\/\/wp.ufpel.edu.br\/nupeec\/files\/2025\/02\/IMG-20250204-WA0120.jpg\" class=\"aligncenter wp-image-3360 size-thumbnail\" src=\"https:\/\/wp.ufpel.edu.br\/nupeec\/files\/2025\/02\/IMG-20250204-WA0120-200x200.jpg\" alt=\"\" width=\"200\" height=\"200\" srcset=\"https:\/\/wp.ufpel.edu.br\/nupeec\/files\/2025\/02\/IMG-20250204-WA0120-200x200.jpg 200w, https:\/\/wp.ufpel.edu.br\/nupeec\/files\/2025\/02\/IMG-20250204-WA0120-400x400.jpg 400w, https:\/\/wp.ufpel.edu.br\/nupeec\/files\/2025\/02\/IMG-20250204-WA0120.jpg 674w\" sizes=\"auto, (max-width: 200px) 100vw, 200px\" \/><\/p>\n<p style=\"text-align: center;\"><strong><span style=\"font-family: georgia, palatino, serif; font-size: 14pt;\">Professor C\u00e1ssio Cassal Brauner<\/span><\/strong><\/p>\n<p style=\"text-align: justify;\"><span style=\"font-family: georgia, palatino, serif;\">Professor Associado do Departamento de Zootecnia (UFPel). Possui gradua\u00e7\u00e3o em Medicina Veterin\u00e1ria, mestrado e doutorado em Zootecnia pela UFPel. Especialista em Bovinos de Corte pelo American Registry of Professional Animal Scientists (2010), realizou parte do doutorado na University of Wyoming (EUA) e p\u00f3s-doutorado na University of Florida (EUA) via CAPES PRINT. Coordenou o Programa de P\u00f3s-Gradua\u00e7\u00e3o em Zootecnia da UFPel e atualmente est\u00e1 envolvido na coordena\u00e7\u00e3o do NUPEEC &#8211; HUB. Seu trabalho foca na reprodu\u00e7\u00e3o, nutri\u00e7\u00e3o e endocrinologia de ruminantes.<\/span><\/p>\n<p><span style=\"font-family: georgia, palatino, serif;\">Contato: cassiocb@gmail.com<\/span><\/p>\n<p><span style=\"font-family: georgia, palatino, serif;\">Curr\u00edculo Lattes:\u00a0<a href=\"http:\/\/lattes.cnpq.br\/5518025291169624\">http:\/\/lattes.cnpq.br\/5518025291169624<\/a><\/span><\/p>\n<p>&nbsp;<\/p>\n","protected":false},"excerpt":{"rendered":"<p>Professor Eduardo Schmitt M\u00e9dico Veterin\u00e1rio (UFPel), com mestrado e doutorado na \u00e1rea de Ruminantes. Realizou doutorado sandu\u00edche na Universidade de Illinois e p\u00f3s-doutorado na Universidade da Fl\u00f3rida. Atua em pesquisas relacionadas ao metabolismo de ruminantes. \u00c9 professor adjunto na UFPel desde 2015, coordenando a \u00e1rea de Cl\u00ednica de Ruminantes na Resid\u00eancia Multiprofissional. Al\u00e9m disso, integra &hellip; <\/p>\n<p><a class=\"more-link btn\" href=\"https:\/\/wp.ufpel.edu.br\/nupeec\/professores-elo\/\">Continue lendo<\/a><\/p>\n","protected":false},"author":813,"featured_media":0,"parent":0,"menu_order":0,"comment_status":"closed","ping_status":"closed","template":"","meta":{"jetpack_post_was_ever_published":false,"footnotes":""},"class_list":["post-3353","page","type-page","status-publish","hentry","nodate","item-wrap"],"jetpack_sharing_enabled":true,"jetpack_shortlink":"https:\/\/wp.me\/P9mm00-S5","jetpack_likes_enabled":true,"_links":{"self":[{"href":"https:\/\/wp.ufpel.edu.br\/nupeec\/wp-json\/wp\/v2\/pages\/3353","targetHints":{"allow":["GET"]}}],"collection":[{"href":"https:\/\/wp.ufpel.edu.br\/nupeec\/wp-json\/wp\/v2\/pages"}],"about":[{"href":"https:\/\/wp.ufpel.edu.br\/nupeec\/wp-json\/wp\/v2\/types\/page"}],"author":[{"embeddable":true,"href":"https:\/\/wp.ufpel.edu.br\/nupeec\/wp-json\/wp\/v2\/users\/813"}],"replies":[{"embeddable":true,"href":"https:\/\/wp.ufpel.edu.br\/nupeec\/wp-json\/wp\/v2\/comments?post=3353"}],"version-history":[{"count":4,"href":"https:\/\/wp.ufpel.edu.br\/nupeec\/wp-json\/wp\/v2\/pages\/3353\/revisions"}],"predecessor-version":[{"id":3362,"href":"https:\/\/wp.ufpel.edu.br\/nupeec\/wp-json\/wp\/v2\/pages\/3353\/revisions\/3362"}],"wp:attachment":[{"href":"https:\/\/wp.ufpel.edu.br\/nupeec\/wp-json\/wp\/v2\/media?parent=3353"}],"curies":[{"name":"wp","href":"https:\/\/api.w.org\/{rel}","templated":true}]}}