{"id":3341,"date":"2025-02-04T19:51:27","date_gmt":"2025-02-04T22:51:27","guid":{"rendered":"https:\/\/wp.ufpel.edu.br\/nupeec\/?page_id=3341"},"modified":"2025-05-03T20:28:13","modified_gmt":"2025-05-03T23:28:13","slug":"pos-graduacao-elo","status":"publish","type":"page","link":"https:\/\/wp.ufpel.edu.br\/nupeec\/pos-graduacao-elo\/","title":{"rendered":"P\u00f3s &#8211; Gradua\u00e7\u00e3o ELO"},"content":{"rendered":"<p style=\"text-align: center;\"><img loading=\"lazy\" decoding=\"async\" data-attachment-id=\"3346\" data-permalink=\"https:\/\/wp.ufpel.edu.br\/nupeec\/pos-graduacao-elo\/img-20250204-wa0113\/\" data-orig-file=\"https:\/\/wp.ufpel.edu.br\/nupeec\/files\/2025\/02\/IMG-20250204-WA0113.jpg\" data-orig-size=\"560,560\" data-comments-opened=\"0\" data-image-meta=\"{&quot;aperture&quot;:&quot;0&quot;,&quot;credit&quot;:&quot;&quot;,&quot;camera&quot;:&quot;&quot;,&quot;caption&quot;:&quot;&quot;,&quot;created_timestamp&quot;:&quot;0&quot;,&quot;copyright&quot;:&quot;&quot;,&quot;focal_length&quot;:&quot;0&quot;,&quot;iso&quot;:&quot;0&quot;,&quot;shutter_speed&quot;:&quot;0&quot;,&quot;title&quot;:&quot;&quot;,&quot;orientation&quot;:&quot;1&quot;}\" data-image-title=\"IMG-20250204-WA0113\" data-image-description=\"\" data-image-caption=\"\" data-medium-file=\"https:\/\/wp.ufpel.edu.br\/nupeec\/files\/2025\/02\/IMG-20250204-WA0113-400x400.jpg\" data-large-file=\"https:\/\/wp.ufpel.edu.br\/nupeec\/files\/2025\/02\/IMG-20250204-WA0113.jpg\" class=\"alignnone wp-image-3346 size-thumbnail aligncenter\" src=\"https:\/\/wp.ufpel.edu.br\/nupeec\/files\/2025\/02\/IMG-20250204-WA0113-200x200.jpg\" alt=\"\" width=\"200\" height=\"200\" srcset=\"https:\/\/wp.ufpel.edu.br\/nupeec\/files\/2025\/02\/IMG-20250204-WA0113-200x200.jpg 200w, https:\/\/wp.ufpel.edu.br\/nupeec\/files\/2025\/02\/IMG-20250204-WA0113-400x400.jpg 400w, https:\/\/wp.ufpel.edu.br\/nupeec\/files\/2025\/02\/IMG-20250204-WA0113.jpg 560w\" sizes=\"auto, (max-width: 200px) 100vw, 200px\" \/><\/p>\n<p style=\"text-align: center;\"><span style=\"font-family: georgia, palatino, serif;\"><strong><span style=\"font-size: 14pt;\">Jordani Borges Cardoso<\/span><\/strong>\u00a0<\/span><\/p>\n<p style=\"text-align: center;\"><span style=\"font-family: georgia, palatino, serif;\">Zootecnista &#8211; UFPel<\/span><\/p>\n<p style=\"text-align: center;\"><span style=\"font-family: georgia, palatino, serif;\">Doutoranda em Zootecnia &#8211; UFPel<\/span><\/p>\n<p style=\"text-align: center;\"><span style=\"font-family: georgia, palatino, serif;\">Doutorado Sandu\u00edche na University of Fl\u00f3rida<\/span><\/p>\n<p style=\"text-align: center;\"><strong><em><span style=\"font-family: georgia, palatino, serif;\">Linha de Pesquisa: Impacto de estrat\u00e9gias nutricionais na sa\u00fade e reprodu\u00e7\u00e3o de vacas leiteiras.<\/span><\/em><\/strong><\/p>\n<p style=\"text-align: center;\"><span style=\"font-family: georgia, palatino, serif;\"><em>Contato:<\/em> <u>jordanicardoso.12@gmail.com<\/u><\/span><\/p>\n<p style=\"text-align: center;\"><span style=\"font-family: georgia, palatino, serif;\"><em>Curr\u00edculo Lattes:<\/em>\u00a0<a href=\"http:\/\/lattes.cnpq.br\/7835462933786630\">http:\/\/lattes.cnpq.br\/7835462933786630<\/a><\/span><\/p>\n<hr \/>\n<p><img loading=\"lazy\" decoding=\"async\" data-attachment-id=\"3382\" data-permalink=\"https:\/\/wp.ufpel.edu.br\/nupeec\/pos-graduacao-elo\/img-20241119-wa0047\/\" data-orig-file=\"https:\/\/wp.ufpel.edu.br\/nupeec\/files\/2025\/02\/IMG-20241119-WA0047.jpg\" data-orig-size=\"824,824\" data-comments-opened=\"0\" data-image-meta=\"{&quot;aperture&quot;:&quot;0&quot;,&quot;credit&quot;:&quot;&quot;,&quot;camera&quot;:&quot;&quot;,&quot;caption&quot;:&quot;&quot;,&quot;created_timestamp&quot;:&quot;0&quot;,&quot;copyright&quot;:&quot;&quot;,&quot;focal_length&quot;:&quot;0&quot;,&quot;iso&quot;:&quot;0&quot;,&quot;shutter_speed&quot;:&quot;0&quot;,&quot;title&quot;:&quot;&quot;,&quot;orientation&quot;:&quot;1&quot;}\" data-image-title=\"IMG-20241119-WA0047\" data-image-description=\"\" data-image-caption=\"\" data-medium-file=\"https:\/\/wp.ufpel.edu.br\/nupeec\/files\/2025\/02\/IMG-20241119-WA0047-400x400.jpg\" data-large-file=\"https:\/\/wp.ufpel.edu.br\/nupeec\/files\/2025\/02\/IMG-20241119-WA0047.jpg\" class=\"aligncenter wp-image-3382 size-thumbnail\" src=\"https:\/\/wp.ufpel.edu.br\/nupeec\/files\/2025\/02\/IMG-20241119-WA0047-200x200.jpg\" alt=\"\" width=\"200\" height=\"200\" srcset=\"https:\/\/wp.ufpel.edu.br\/nupeec\/files\/2025\/02\/IMG-20241119-WA0047-200x200.jpg 200w, https:\/\/wp.ufpel.edu.br\/nupeec\/files\/2025\/02\/IMG-20241119-WA0047-400x400.jpg 400w, https:\/\/wp.ufpel.edu.br\/nupeec\/files\/2025\/02\/IMG-20241119-WA0047-768x768.jpg 768w, https:\/\/wp.ufpel.edu.br\/nupeec\/files\/2025\/02\/IMG-20241119-WA0047-750x750.jpg 750w, https:\/\/wp.ufpel.edu.br\/nupeec\/files\/2025\/02\/IMG-20241119-WA0047.jpg 824w\" sizes=\"auto, (max-width: 200px) 100vw, 200px\" \/><\/p>\n<p style=\"text-align: center;\"><span style=\"font-family: georgia, palatino, serif; font-size: 14pt;\"><b>Diane Ramires das Neves<\/b><\/span><\/p>\n<p style=\"text-align: center;\"><span style=\"font-family: georgia, palatino, serif;\">Zootecnista \u2013 UFPel<\/span><\/p>\n<p style=\"text-align: center;\"><span style=\"font-family: georgia, palatino, serif;\">Mestranda em Zootecnia \u2013 UFPel<\/span><\/p>\n<p style=\"text-align: center;\"><strong><span style=\"font-family: georgia, palatino, serif;\"><i>Linha de Pesquisa: Utiliza\u00e7\u00e3o de aditivos na nutri\u00e7\u00e3o de ruminantes.<\/i><\/span><\/strong><\/p>\n<p style=\"text-align: center;\"><span style=\"font-family: georgia, palatino, serif;\"><em>Contato:<\/em> ramiresdiane@gmail.com<\/span><\/p>\n<p style=\"text-align: center;\"><span style=\"font-family: georgia, palatino, serif;\"><em>Curr\u00edculo Lattes:<\/em> \u00a0<a href=\"http:\/\/lattes.cnpq.br\/4485191470684717\">http:\/\/lattes.cnpq.br\/4485191470684717<\/a><\/span><\/p>\n<hr \/>\n<p style=\"text-align: center;\"><img loading=\"lazy\" decoding=\"async\" data-attachment-id=\"3383\" data-permalink=\"https:\/\/wp.ufpel.edu.br\/nupeec\/pos-graduacao-elo\/img-20241119-wa0078\/\" data-orig-file=\"https:\/\/wp.ufpel.edu.br\/nupeec\/files\/2025\/02\/IMG-20241119-WA0078.jpg\" data-orig-size=\"930,930\" data-comments-opened=\"0\" data-image-meta=\"{&quot;aperture&quot;:&quot;0&quot;,&quot;credit&quot;:&quot;&quot;,&quot;camera&quot;:&quot;&quot;,&quot;caption&quot;:&quot;&quot;,&quot;created_timestamp&quot;:&quot;0&quot;,&quot;copyright&quot;:&quot;&quot;,&quot;focal_length&quot;:&quot;0&quot;,&quot;iso&quot;:&quot;0&quot;,&quot;shutter_speed&quot;:&quot;0&quot;,&quot;title&quot;:&quot;&quot;,&quot;orientation&quot;:&quot;1&quot;}\" data-image-title=\"IMG-20241119-WA0078\" data-image-description=\"\" data-image-caption=\"\" data-medium-file=\"https:\/\/wp.ufpel.edu.br\/nupeec\/files\/2025\/02\/IMG-20241119-WA0078-400x400.jpg\" data-large-file=\"https:\/\/wp.ufpel.edu.br\/nupeec\/files\/2025\/02\/IMG-20241119-WA0078.jpg\" class=\"alignnone wp-image-3383 size-thumbnail\" src=\"https:\/\/wp.ufpel.edu.br\/nupeec\/files\/2025\/02\/IMG-20241119-WA0078-200x200.jpg\" alt=\"\" width=\"200\" height=\"200\" srcset=\"https:\/\/wp.ufpel.edu.br\/nupeec\/files\/2025\/02\/IMG-20241119-WA0078-200x200.jpg 200w, https:\/\/wp.ufpel.edu.br\/nupeec\/files\/2025\/02\/IMG-20241119-WA0078-400x400.jpg 400w, https:\/\/wp.ufpel.edu.br\/nupeec\/files\/2025\/02\/IMG-20241119-WA0078-768x768.jpg 768w, https:\/\/wp.ufpel.edu.br\/nupeec\/files\/2025\/02\/IMG-20241119-WA0078-750x750.jpg 750w, https:\/\/wp.ufpel.edu.br\/nupeec\/files\/2025\/02\/IMG-20241119-WA0078.jpg 930w\" sizes=\"auto, (max-width: 200px) 100vw, 200px\" \/><\/p>\n<p style=\"text-align: center;\"><span style=\"font-family: georgia, palatino, serif; font-size: 14pt;\"><b>Bianca Peter Gon\u00e7alves<\/b><\/span><\/p>\n<p style=\"text-align: center;\"><span style=\"font-family: georgia, palatino, serif;\">Zootecnista &#8211; UFPel\u00a0<\/span><\/p>\n<p style=\"text-align: center;\"><span style=\"font-family: georgia, palatino, serif;\">Doutoranda em Zootecnia \u2013 UFPel<\/span><\/p>\n<p style=\"text-align: center;\"><strong><span style=\"font-family: georgia, palatino, serif;\"><i>Linha de Pesquisa: Utiliza\u00e7\u00e3o de coprodutos na nutri\u00e7\u00e3o de ruminantes.<\/i><\/span><\/strong><\/p>\n<p style=\"text-align: center;\"><span style=\"font-family: georgia, palatino, serif;\"><em>Contato:<\/em> bibipeter@gmail.com<\/span><\/p>\n<p style=\"text-align: center;\"><span style=\"font-family: georgia, palatino, serif;\"><em>Curr\u00edculo Lattes:<\/em>\u00a0\u00a0<a href=\"http:\/\/lattes.cnpq.br\/4459060580623594\">http:\/\/lattes.cnpq.br\/4459060580623594<\/a><\/span><\/p>\n<hr \/>\n<p><img loading=\"lazy\" decoding=\"async\" data-attachment-id=\"3385\" data-permalink=\"https:\/\/wp.ufpel.edu.br\/nupeec\/pos-graduacao-elo\/img-20250212-wa0121\/\" data-orig-file=\"https:\/\/wp.ufpel.edu.br\/nupeec\/files\/2025\/02\/IMG-20250212-WA0121.jpg\" data-orig-size=\"846,846\" data-comments-opened=\"0\" data-image-meta=\"{&quot;aperture&quot;:&quot;0&quot;,&quot;credit&quot;:&quot;&quot;,&quot;camera&quot;:&quot;&quot;,&quot;caption&quot;:&quot;&quot;,&quot;created_timestamp&quot;:&quot;0&quot;,&quot;copyright&quot;:&quot;&quot;,&quot;focal_length&quot;:&quot;0&quot;,&quot;iso&quot;:&quot;0&quot;,&quot;shutter_speed&quot;:&quot;0&quot;,&quot;title&quot;:&quot;&quot;,&quot;orientation&quot;:&quot;1&quot;}\" data-image-title=\"IMG-20250212-WA0121\" data-image-description=\"\" data-image-caption=\"\" data-medium-file=\"https:\/\/wp.ufpel.edu.br\/nupeec\/files\/2025\/02\/IMG-20250212-WA0121-400x400.jpg\" data-large-file=\"https:\/\/wp.ufpel.edu.br\/nupeec\/files\/2025\/02\/IMG-20250212-WA0121.jpg\" class=\"wp-image-3385 size-thumbnail aligncenter\" src=\"https:\/\/wp.ufpel.edu.br\/nupeec\/files\/2025\/02\/IMG-20250212-WA0121-200x200.jpg\" alt=\"\" width=\"200\" height=\"200\" srcset=\"https:\/\/wp.ufpel.edu.br\/nupeec\/files\/2025\/02\/IMG-20250212-WA0121-200x200.jpg 200w, https:\/\/wp.ufpel.edu.br\/nupeec\/files\/2025\/02\/IMG-20250212-WA0121-400x400.jpg 400w, https:\/\/wp.ufpel.edu.br\/nupeec\/files\/2025\/02\/IMG-20250212-WA0121-768x768.jpg 768w, https:\/\/wp.ufpel.edu.br\/nupeec\/files\/2025\/02\/IMG-20250212-WA0121-750x750.jpg 750w, https:\/\/wp.ufpel.edu.br\/nupeec\/files\/2025\/02\/IMG-20250212-WA0121.jpg 846w\" sizes=\"auto, (max-width: 200px) 100vw, 200px\" \/><\/p>\n<p style=\"text-align: center;\"><span style=\"font-family: georgia, palatino, serif;\"><strong><span style=\"font-size: 14pt;\">Helton Domingos Viagem M\u00e1quina\u00a0<\/span><\/strong><\/span><\/p>\n<p style=\"text-align: center;\"><span style=\"font-family: georgia, palatino, serif;\">Licenciatura em Biologia &#8211; Uni\u00fangu\u00e8\u00a0\u00a0<\/span><\/p>\n<p style=\"text-align: center;\"><span style=\"font-family: georgia, palatino, serif;\">Mestrando em Zootecnia &#8211; UFPel<\/span><\/p>\n<p style=\"text-align: center;\"><span style=\"font-family: georgia, palatino, serif;\"><strong><em>Linha de Pesquisa: Nutri\u00e7\u00e3o e alimenta\u00e7\u00e3o animal\u00a0<\/em><\/strong><\/span><\/p>\n<p style=\"text-align: center;\"><span style=\"font-family: georgia, palatino, serif;\"><em>Contato:<\/em> heltonmaquina03@gmail.com<\/span><\/p>\n<p style=\"text-align: center;\"><span style=\"font-family: georgia, palatino, serif;\">Curr\u00edculo Lattes:\u00a0<a href=\"https:\/\/lattes.cnpq.br\/3481037636375112\">https:\/\/lattes.cnpq.br\/3481037636375112<\/a><\/span><\/p>\n<p>&nbsp;<\/p>\n<hr \/>\n<p style=\"text-align: center;\"><img loading=\"lazy\" decoding=\"async\" data-attachment-id=\"3386\" data-permalink=\"https:\/\/wp.ufpel.edu.br\/nupeec\/pos-graduacao-elo\/img-20250212-wa0123\/\" data-orig-file=\"https:\/\/wp.ufpel.edu.br\/nupeec\/files\/2025\/02\/IMG-20250212-WA0123.jpg\" data-orig-size=\"1278,1278\" data-comments-opened=\"0\" data-image-meta=\"{&quot;aperture&quot;:&quot;0&quot;,&quot;credit&quot;:&quot;&quot;,&quot;camera&quot;:&quot;&quot;,&quot;caption&quot;:&quot;&quot;,&quot;created_timestamp&quot;:&quot;0&quot;,&quot;copyright&quot;:&quot;&quot;,&quot;focal_length&quot;:&quot;0&quot;,&quot;iso&quot;:&quot;0&quot;,&quot;shutter_speed&quot;:&quot;0&quot;,&quot;title&quot;:&quot;&quot;,&quot;orientation&quot;:&quot;1&quot;}\" data-image-title=\"IMG-20250212-WA0123\" data-image-description=\"\" data-image-caption=\"\" data-medium-file=\"https:\/\/wp.ufpel.edu.br\/nupeec\/files\/2025\/02\/IMG-20250212-WA0123-400x400.jpg\" data-large-file=\"https:\/\/wp.ufpel.edu.br\/nupeec\/files\/2025\/02\/IMG-20250212-WA0123-1024x1024.jpg\" class=\"alignnone wp-image-3386 size-thumbnail\" src=\"https:\/\/wp.ufpel.edu.br\/nupeec\/files\/2025\/02\/IMG-20250212-WA0123-200x200.jpg\" alt=\"\" width=\"200\" height=\"200\" srcset=\"https:\/\/wp.ufpel.edu.br\/nupeec\/files\/2025\/02\/IMG-20250212-WA0123-200x200.jpg 200w, https:\/\/wp.ufpel.edu.br\/nupeec\/files\/2025\/02\/IMG-20250212-WA0123-400x400.jpg 400w, https:\/\/wp.ufpel.edu.br\/nupeec\/files\/2025\/02\/IMG-20250212-WA0123-1024x1024.jpg 1024w, https:\/\/wp.ufpel.edu.br\/nupeec\/files\/2025\/02\/IMG-20250212-WA0123-768x768.jpg 768w, https:\/\/wp.ufpel.edu.br\/nupeec\/files\/2025\/02\/IMG-20250212-WA0123-750x750.jpg 750w, https:\/\/wp.ufpel.edu.br\/nupeec\/files\/2025\/02\/IMG-20250212-WA0123.jpg 1278w\" sizes=\"auto, (max-width: 200px) 100vw, 200px\" \/><\/p>\n<p style=\"text-align: center;\">\u00a0<strong><span style=\"font-family: georgia, palatino, serif; font-size: 14pt;\">Juliano Peres Prietsch<\/span><\/strong><\/p>\n<p style=\"text-align: center;\"><span style=\"font-family: georgia, palatino, serif;\">M\u00e9dico Veterin\u00e1rio &#8211; UFPel<\/span><\/p>\n<p style=\"text-align: center;\"><span style=\"font-family: georgia, palatino, serif;\">Mestrando em Zootecnia &#8211; UFPel<\/span><\/p>\n<p style=\"text-align: center;\"><strong><em><span style=\"font-family: georgia, palatino, serif;\">Linha de Pesquisa: Metabolismo de Ruminantes\u00a0<\/span><\/em><\/strong><\/p>\n<p style=\"text-align: center;\"><span style=\"font-family: georgia, palatino, serif;\"><em>Contato:<\/em> <u>julianoprie@gmail.com<\/u><\/span><\/p>\n<p style=\"text-align: center;\"><span style=\"font-family: georgia, palatino, serif;\"><em>Curr\u00edculo Lattes:<\/em>\u00a0<a href=\"https:\/\/lattes.cnpq.br\/8735393032532669\">https:\/\/lattes.cnpq.br\/8735393032532669<\/a><\/span><\/p>\n<hr \/>\n<p><img loading=\"lazy\" decoding=\"async\" data-attachment-id=\"3438\" data-permalink=\"https:\/\/wp.ufpel.edu.br\/nupeec\/pos-graduacao-elo\/img-20241119-wa0040\/\" data-orig-file=\"https:\/\/wp.ufpel.edu.br\/nupeec\/files\/2025\/02\/IMG-20241119-WA0040.jpg\" data-orig-size=\"719,719\" data-comments-opened=\"0\" data-image-meta=\"{&quot;aperture&quot;:&quot;0&quot;,&quot;credit&quot;:&quot;&quot;,&quot;camera&quot;:&quot;&quot;,&quot;caption&quot;:&quot;&quot;,&quot;created_timestamp&quot;:&quot;0&quot;,&quot;copyright&quot;:&quot;&quot;,&quot;focal_length&quot;:&quot;0&quot;,&quot;iso&quot;:&quot;0&quot;,&quot;shutter_speed&quot;:&quot;0&quot;,&quot;title&quot;:&quot;&quot;,&quot;orientation&quot;:&quot;1&quot;}\" data-image-title=\"IMG-20241119-WA0040\" data-image-description=\"\" data-image-caption=\"\" data-medium-file=\"https:\/\/wp.ufpel.edu.br\/nupeec\/files\/2025\/02\/IMG-20241119-WA0040-400x400.jpg\" data-large-file=\"https:\/\/wp.ufpel.edu.br\/nupeec\/files\/2025\/02\/IMG-20241119-WA0040.jpg\" class=\"wp-image-3438 size-thumbnail aligncenter\" src=\"https:\/\/wp.ufpel.edu.br\/nupeec\/files\/2025\/02\/IMG-20241119-WA0040-200x200.jpg\" alt=\"\" width=\"200\" height=\"200\" srcset=\"https:\/\/wp.ufpel.edu.br\/nupeec\/files\/2025\/02\/IMG-20241119-WA0040-200x200.jpg 200w, https:\/\/wp.ufpel.edu.br\/nupeec\/files\/2025\/02\/IMG-20241119-WA0040-400x400.jpg 400w, https:\/\/wp.ufpel.edu.br\/nupeec\/files\/2025\/02\/IMG-20241119-WA0040.jpg 719w\" sizes=\"auto, (max-width: 200px) 100vw, 200px\" \/><\/p>\n<p style=\"text-align: center;\"><span style=\"font-size: 14pt;\"><strong><span style=\"font-family: georgia, palatino, serif;\">Ana Luiza Schaefer Bitar\u00e3es de Miranda\u00a0<\/span><\/strong><\/span><\/p>\n<p style=\"text-align: center;\"><span style=\"font-family: georgia, palatino, serif;\">Zootecnista &#8211; UFRRJ<\/span><\/p>\n<p style=\"text-align: center;\"><span style=\"font-family: georgia, palatino, serif;\">Doutoranda em Zootecnia &#8211; UFPel<\/span><\/p>\n<p style=\"text-align: center;\"><strong><em><span style=\"font-family: georgia, palatino, serif;\">Linha de Pesquisa: Utiliza\u00e7\u00e3o de coprodutos na nutri\u00e7\u00e3o de ruminantes.\u00a0<\/span><\/em><\/strong><\/p>\n<p style=\"text-align: center;\"><span style=\"font-family: georgia, palatino, serif;\"><em>Contato:<\/em> analuizamiranda@gmail.com\u00a0<\/span><\/p>\n<p style=\"text-align: center;\"><em><span style=\"font-family: georgia, palatino, serif;\">Curr\u00edculo Lattes:\u00a0<a href=\"http:\/\/lattes.cnpq.br\/4202084037939926\">http:\/\/lattes.cnpq.br\/4202084037939926<\/a><\/span><\/em><\/p>\n<hr \/>\n<p><img loading=\"lazy\" decoding=\"async\" data-attachment-id=\"3439\" data-permalink=\"https:\/\/wp.ufpel.edu.br\/nupeec\/pos-graduacao-elo\/img-20241119-wa0018\/\" data-orig-file=\"https:\/\/wp.ufpel.edu.br\/nupeec\/files\/2025\/02\/IMG-20241119-WA0018.jpg\" data-orig-size=\"770,770\" data-comments-opened=\"0\" data-image-meta=\"{&quot;aperture&quot;:&quot;0&quot;,&quot;credit&quot;:&quot;&quot;,&quot;camera&quot;:&quot;&quot;,&quot;caption&quot;:&quot;&quot;,&quot;created_timestamp&quot;:&quot;0&quot;,&quot;copyright&quot;:&quot;&quot;,&quot;focal_length&quot;:&quot;0&quot;,&quot;iso&quot;:&quot;0&quot;,&quot;shutter_speed&quot;:&quot;0&quot;,&quot;title&quot;:&quot;&quot;,&quot;orientation&quot;:&quot;1&quot;}\" data-image-title=\"IMG-20241119-WA0018\" data-image-description=\"\" data-image-caption=\"\" data-medium-file=\"https:\/\/wp.ufpel.edu.br\/nupeec\/files\/2025\/02\/IMG-20241119-WA0018-400x400.jpg\" data-large-file=\"https:\/\/wp.ufpel.edu.br\/nupeec\/files\/2025\/02\/IMG-20241119-WA0018.jpg\" class=\"wp-image-3439 size-thumbnail aligncenter\" src=\"https:\/\/wp.ufpel.edu.br\/nupeec\/files\/2025\/02\/IMG-20241119-WA0018-200x200.jpg\" alt=\"\" width=\"200\" height=\"200\" srcset=\"https:\/\/wp.ufpel.edu.br\/nupeec\/files\/2025\/02\/IMG-20241119-WA0018-200x200.jpg 200w, https:\/\/wp.ufpel.edu.br\/nupeec\/files\/2025\/02\/IMG-20241119-WA0018-400x400.jpg 400w, https:\/\/wp.ufpel.edu.br\/nupeec\/files\/2025\/02\/IMG-20241119-WA0018-768x768.jpg 768w, https:\/\/wp.ufpel.edu.br\/nupeec\/files\/2025\/02\/IMG-20241119-WA0018-750x750.jpg 750w, https:\/\/wp.ufpel.edu.br\/nupeec\/files\/2025\/02\/IMG-20241119-WA0018.jpg 770w\" sizes=\"auto, (max-width: 200px) 100vw, 200px\" \/><\/p>\n<p style=\"text-align: center;\"><span style=\"font-size: 14pt;\"><strong><span style=\"font-family: georgia, palatino, serif;\">J\u00falio Gabriel Berwanger<\/span><\/strong><\/span><\/p>\n<p style=\"text-align: center;\"><span style=\"font-family: georgia, palatino, serif;\">Zootecnista\u00a0 &#8211; UFPel<\/span><\/p>\n<p style=\"text-align: center;\"><span style=\"font-family: georgia, palatino, serif;\">Mestrando em Zootecnia &#8211; UFPel<\/span><\/p>\n<p style=\"text-align: center;\"><strong><em><span style=\"font-family: georgia, palatino, serif;\">Linha de Pesquisa: Produ\u00e7\u00e3o animal com \u00eanfase em ruminantes.<\/span><\/em><\/strong><\/p>\n<p style=\"text-align: center;\"><span style=\"font-family: georgia, palatino, serif;\"><em>Contato:<\/em> berwangerjulio@gmail.com\u00a0<\/span><\/p>\n<p style=\"text-align: center;\"><span style=\"font-family: georgia, palatino, serif;\"><em>Curr\u00edculo Lattes:<\/em>\u00a0<a href=\"https:\/\/lattes.cnpq.br\/5128054615803884\">https:\/\/lattes.cnpq.br\/5128054615803884<\/a><\/span><\/p>\n<hr \/>\n<p><img loading=\"lazy\" decoding=\"async\" data-attachment-id=\"3503\" data-permalink=\"https:\/\/wp.ufpel.edu.br\/nupeec\/pos-graduacao-elo\/img-20250211-wa0107\/\" data-orig-file=\"https:\/\/wp.ufpel.edu.br\/nupeec\/files\/2025\/05\/IMG-20250211-WA0107.jpg\" data-orig-size=\"982,1198\" data-comments-opened=\"0\" data-image-meta=\"{&quot;aperture&quot;:&quot;0&quot;,&quot;credit&quot;:&quot;&quot;,&quot;camera&quot;:&quot;&quot;,&quot;caption&quot;:&quot;&quot;,&quot;created_timestamp&quot;:&quot;0&quot;,&quot;copyright&quot;:&quot;&quot;,&quot;focal_length&quot;:&quot;0&quot;,&quot;iso&quot;:&quot;0&quot;,&quot;shutter_speed&quot;:&quot;0&quot;,&quot;title&quot;:&quot;&quot;,&quot;orientation&quot;:&quot;0&quot;}\" data-image-title=\"IMG-20250211-WA0107\" data-image-description=\"\" data-image-caption=\"\" data-medium-file=\"https:\/\/wp.ufpel.edu.br\/nupeec\/files\/2025\/05\/IMG-20250211-WA0107-328x400.jpg\" data-large-file=\"https:\/\/wp.ufpel.edu.br\/nupeec\/files\/2025\/05\/IMG-20250211-WA0107-839x1024.jpg\" class=\"wp-image-3503 size-thumbnail aligncenter\" src=\"https:\/\/wp.ufpel.edu.br\/nupeec\/files\/2025\/05\/IMG-20250211-WA0107-200x200.jpg\" alt=\"\" width=\"200\" height=\"200\" \/><\/p>\n<p style=\"text-align: center;\"><span style=\"font-family: georgia, palatino, serif; font-size: 14pt;\"><strong>Kauani Borges Cardoso <\/strong><\/span><\/p>\n<p style=\"text-align: center;\"><span style=\"font-family: georgia, palatino, serif;\">Zootecnista\u00a0 &#8211; UFPel<\/span><\/p>\n<p style=\"text-align: center;\"><span style=\"font-family: georgia, palatino, serif;\">Doutoranda em Zootecnia &#8211; UFPel\u00a0<\/span><\/p>\n<p style=\"text-align: center;\"><span style=\"font-family: georgia, palatino, serif;\">Visiting PhD Student &#8211; University of Florida\u00a0<\/span><\/p>\n<p style=\"text-align: center;\"><span style=\"font-family: georgia, palatino, serif;\"><strong><em>Linha de Pesquisa: Estrat\u00e9gias de suplementa\u00e7\u00e3o e manejo para bovinos em estresse t\u00e9rmico.<\/em><\/strong><\/span><\/p>\n<p style=\"text-align: center;\"><span style=\"font-family: georgia, palatino, serif;\"><em>Contato:<\/em> kauniborgescardoso@gmail.com<\/span><\/p>\n<p style=\"text-align: center;\"><span style=\"font-family: georgia, palatino, serif;\"><em>Curr\u00edculo Lattes:<\/em>\u00a0<a href=\"https:\/\/lattes.cnpq.br\/8733492048520225\">https:\/\/lattes.cnpq.br\/8733492048520225<\/a><\/span><\/p>\n<hr \/>\n<p>&nbsp;<\/p>\n","protected":false},"excerpt":{"rendered":"<p>Jordani Borges Cardoso\u00a0 Zootecnista &#8211; UFPel Doutoranda em Zootecnia &#8211; UFPel Doutorado Sandu\u00edche na University of Fl\u00f3rida Linha de Pesquisa: Impacto de estrat\u00e9gias nutricionais na sa\u00fade e reprodu\u00e7\u00e3o de vacas leiteiras. Contato: jordanicardoso.12@gmail.com Curr\u00edculo Lattes:\u00a0http:\/\/lattes.cnpq.br\/7835462933786630 Diane Ramires das Neves Zootecnista \u2013 UFPel Mestranda em Zootecnia \u2013 UFPel Linha de Pesquisa: Utiliza\u00e7\u00e3o de aditivos na nutri\u00e7\u00e3o &hellip; <\/p>\n<p><a class=\"more-link btn\" href=\"https:\/\/wp.ufpel.edu.br\/nupeec\/pos-graduacao-elo\/\">Continue lendo<\/a><\/p>\n","protected":false},"author":813,"featured_media":0,"parent":0,"menu_order":0,"comment_status":"closed","ping_status":"closed","template":"","meta":{"jetpack_post_was_ever_published":false,"footnotes":""},"class_list":["post-3341","page","type-page","status-publish","hentry","nodate","item-wrap"],"jetpack_sharing_enabled":true,"jetpack_shortlink":"https:\/\/wp.me\/P9mm00-RT","jetpack_likes_enabled":true,"_links":{"self":[{"href":"https:\/\/wp.ufpel.edu.br\/nupeec\/wp-json\/wp\/v2\/pages\/3341","targetHints":{"allow":["GET"]}}],"collection":[{"href":"https:\/\/wp.ufpel.edu.br\/nupeec\/wp-json\/wp\/v2\/pages"}],"about":[{"href":"https:\/\/wp.ufpel.edu.br\/nupeec\/wp-json\/wp\/v2\/types\/page"}],"author":[{"embeddable":true,"href":"https:\/\/wp.ufpel.edu.br\/nupeec\/wp-json\/wp\/v2\/users\/813"}],"replies":[{"embeddable":true,"href":"https:\/\/wp.ufpel.edu.br\/nupeec\/wp-json\/wp\/v2\/comments?post=3341"}],"version-history":[{"count":10,"href":"https:\/\/wp.ufpel.edu.br\/nupeec\/wp-json\/wp\/v2\/pages\/3341\/revisions"}],"predecessor-version":[{"id":3506,"href":"https:\/\/wp.ufpel.edu.br\/nupeec\/wp-json\/wp\/v2\/pages\/3341\/revisions\/3506"}],"wp:attachment":[{"href":"https:\/\/wp.ufpel.edu.br\/nupeec\/wp-json\/wp\/v2\/media?parent=3341"}],"curies":[{"name":"wp","href":"https:\/\/api.w.org\/{rel}","templated":true}]}}