{"id":3034,"date":"2024-07-11T15:17:04","date_gmt":"2024-07-11T18:17:04","guid":{"rendered":"https:\/\/wp.ufpel.edu.br\/nupeec\/?page_id=3034"},"modified":"2025-10-02T12:51:08","modified_gmt":"2025-10-02T15:51:08","slug":"pos-graduacao-tm","status":"publish","type":"page","link":"https:\/\/wp.ufpel.edu.br\/nupeec\/pos-graduacao-tm\/","title":{"rendered":"P\u00f3s-gradua\u00e7\u00e3o TM"},"content":{"rendered":"<p><a href=\"http:\/\/lattes.cnpq.br\/3921320421078323\"><strong>Ana Clara Trindade Rodrigues-<\/strong> Zootecnista e Doutoranda PPGBiotec \/UFPel<\/a><\/p>\n<p><a href=\"http:\/\/lattes.cnpq.br\/3538376248512049\"><strong>Bruna Emanuele da Silva Velasquez-<\/strong> M\u00e9dica Veterin\u00e1ria e Mestranda PPGBiotec \/UFPel<\/a><\/p>\n<p><a href=\"http:\/\/lattes.cnpq.br\/9614543937771334\"><strong>Cristiane Amanda de Oliveira-<\/strong> Zootecnista e Mestranda PPGBiotec\/UFPel<\/a><\/p>\n<p>Diego Saraiva &#8211; Zootecnista e Mestrando PPG Zootecnia\/UFPel<\/p>\n<p><a href=\"http:\/\/lattes.cnpq.br\/5810456731690722\"><strong>Gabriela Almeida Motta-<\/strong> M\u00e9dica Veterin\u00e1ria e Doutoranda PPGV\/UFPel<\/a><\/p>\n<p><a href=\"http:\/\/lattes.cnpq.br\/3901117904123030\"><strong>Leonardo Marins-<\/strong> M\u00e9dico Veterin\u00e1rio e Doutorando PPGBiotec\/UFPel<\/a><\/p>\n<p><a href=\"http:\/\/lattes.cnpq.br\/1270823647337827\"><strong>Lizandro Dos Santos Lopes-<\/strong> Zootecnista e Mestrando PPGZ\/UFPel<\/a><\/p>\n<p><a href=\"http:\/\/lattes.cnpq.br\/6402153004504886\"><strong>Manoela Furtado-<\/strong> M\u00e9dica Veterin\u00e1ria e Doutoranda PPGBiotec\/UFPel<\/a><\/p>\n<p><a href=\"http:\/\/lattes.cnpq.br\/4319482481899527\"><strong>Milene Lopes dos Santos-<\/strong> Zootecnista e Doutoranda PPGBiotec\/UFPel<\/a><\/p>\n<p><a href=\"http:\/\/lattes.cnpq.br\/7692417282394743\"><strong>Murilo Scalcon Nicola- <\/strong>M\u00e9dico Veterin\u00e1rio e Doutorando PPGV\/UFPel<\/a><\/p>\n<p>Rafael Silva &#8211; Zootecnista e Mestrando PPG Zootecnia\/UFPel<\/p>\n<p><a href=\"http:\/\/lattes.cnpq.br\/6388524677951078\"><strong>Raiane de Moura da Rosa-<\/strong> M\u00e9dica Veterin\u00e1ria e Mestranda PPGBiotec\/UFPel<\/a><\/p>\n<p><a href=\"http:\/\/lattes.cnpq.br\/9764022362592522\"><strong>Rutiele Silveira-<\/strong> M\u00e9dica Veterin\u00e1ria e Doutoranda PPGBiotec\/UFPel<\/a><\/p>\n<p><a href=\"http:\/\/lattes.cnpq.br\/0700321030812740\"><strong>Thais Casarin da Silva-<\/strong> Bi\u00f3loga e P\u00f3s-doutora<\/a><\/p>\n<p><a href=\"http:\/\/lattes.cnpq.br\/2642117420033687\"><strong>Uriel Secco Londero-<\/strong> Biotecnologista e P\u00f3s-doutor<\/a><\/p>\n<p><a href=\"http:\/\/lattes.cnpq.br\/5170787034119740\"><strong>Wesley Silva da Rosa-<\/strong> M\u00e9dico Veterin\u00e1rio e Doutorando PPGBiotec\/UFPel<\/a><\/p>\n","protected":false},"excerpt":{"rendered":"<p>Ana Clara Trindade Rodrigues- Zootecnista e Doutoranda PPGBiotec \/UFPel Bruna Emanuele da Silva Velasquez- M\u00e9dica Veterin\u00e1ria e Mestranda PPGBiotec \/UFPel Cristiane Amanda de Oliveira- Zootecnista e Mestranda PPGBiotec\/UFPel Diego Saraiva &#8211; Zootecnista e Mestrando PPG Zootecnia\/UFPel Gabriela Almeida Motta- M\u00e9dica Veterin\u00e1ria e Doutoranda PPGV\/UFPel Leonardo Marins- M\u00e9dico Veterin\u00e1rio e Doutorando PPGBiotec\/UFPel Lizandro Dos Santos Lopes- &hellip; <\/p>\n<p><a class=\"more-link btn\" href=\"https:\/\/wp.ufpel.edu.br\/nupeec\/pos-graduacao-tm\/\">Continue lendo<\/a><\/p>\n","protected":false},"author":813,"featured_media":0,"parent":0,"menu_order":0,"comment_status":"closed","ping_status":"closed","template":"","meta":{"jetpack_post_was_ever_published":false,"footnotes":""},"class_list":["post-3034","page","type-page","status-publish","hentry","nodate","item-wrap"],"jetpack_sharing_enabled":true,"jetpack_shortlink":"https:\/\/wp.me\/P9mm00-MW","jetpack_likes_enabled":true,"_links":{"self":[{"href":"https:\/\/wp.ufpel.edu.br\/nupeec\/wp-json\/wp\/v2\/pages\/3034","targetHints":{"allow":["GET"]}}],"collection":[{"href":"https:\/\/wp.ufpel.edu.br\/nupeec\/wp-json\/wp\/v2\/pages"}],"about":[{"href":"https:\/\/wp.ufpel.edu.br\/nupeec\/wp-json\/wp\/v2\/types\/page"}],"author":[{"embeddable":true,"href":"https:\/\/wp.ufpel.edu.br\/nupeec\/wp-json\/wp\/v2\/users\/813"}],"replies":[{"embeddable":true,"href":"https:\/\/wp.ufpel.edu.br\/nupeec\/wp-json\/wp\/v2\/comments?post=3034"}],"version-history":[{"count":3,"href":"https:\/\/wp.ufpel.edu.br\/nupeec\/wp-json\/wp\/v2\/pages\/3034\/revisions"}],"predecessor-version":[{"id":3760,"href":"https:\/\/wp.ufpel.edu.br\/nupeec\/wp-json\/wp\/v2\/pages\/3034\/revisions\/3760"}],"wp:attachment":[{"href":"https:\/\/wp.ufpel.edu.br\/nupeec\/wp-json\/wp\/v2\/media?parent=3034"}],"curies":[{"name":"wp","href":"https:\/\/api.w.org\/{rel}","templated":true}]}}