{"id":3028,"date":"2024-07-11T14:55:46","date_gmt":"2024-07-11T17:55:46","guid":{"rendered":"https:\/\/wp.ufpel.edu.br\/nupeec\/?page_id=3028"},"modified":"2025-10-02T12:43:06","modified_gmt":"2025-10-02T15:43:06","slug":"graduacao-tm","status":"publish","type":"page","link":"https:\/\/wp.ufpel.edu.br\/nupeec\/graduacao-tm\/","title":{"rendered":"Gradua\u00e7\u00e3o TM"},"content":{"rendered":"<p>Brunno Soratto &#8211; Graduando em Medicina Veterin\u00e1ria<\/p>\n<p>Flavio Moreira &#8211; Graduando em Medicina Veterin\u00e1ria<\/p>\n<p>Francine de C\u00e1ssia Teixeira &#8211; Graduanda em Zootecnia<\/p>\n<p>Gabriela Blank da Silva &#8211; Graduanda em Zootecnia<\/p>\n<p>Gibran Silva &#8211; Graduando em Medicina Veterin\u00e1ria<\/p>\n<p>Henrique Feij\u00f3 &#8211; Graduando em Medicina Veterin\u00e1ria<\/p>\n<p>Josiele Ribeiro Dias &#8211; Graduanda em Zootecnia<\/p>\n<p>Larissa Capeli &#8211; Graduanda em Zootecnia<\/p>\n<p><a href=\"http:\/\/lattes.cnpq.br\/7124682655050524\"><strong>Larissa Santos dos Santos \u2013\u00a0<\/strong>Graduanda em Medicina Veterin\u00e1ria<\/a><\/p>\n<p>Laura de Souza Soares &#8211; Graduanda em Medicina Veterin\u00e1ria<\/p>\n<p><a href=\"http:\/\/lattes.cnpq.br\/9456839368785940\"><strong>Maria Alice Milech Prietsch-\u00a0<\/strong>Graduanda em Medicina Veterin\u00e1ria<\/a><\/p>\n<p>Mariane Dias &#8211; Graduanda em Zootecnia<\/p>\n<p><a href=\"http:\/\/lattes.cnpq.br\/9557077066037871\"><strong>M\u00e1rio Toyo Vieira-<\/strong>\u00a0Graduando em Zootecnia<\/a><\/p>\n<p>Miriely Am\u00e2ncio &#8211; Graduanda em Zootecnia<\/p>\n<p>Moniky Gon\u00e7alves &#8211; Graduanda em Medicina Veterin\u00e1ria<\/p>\n<p>Nat\u00e1lia da Silva dos Santos &#8211; Graduanda em Zootecnia<\/p>\n<p>Natiel Furtado &#8211; Graduando em Medicina Veterin\u00e1ria<\/p>\n<p>Nicoly Valad\u00e3o &#8211; Graduando em Zootecnia<\/p>\n<p><a href=\"http:\/\/lattes.cnpq.br\/9642305861591593\"><strong>Noeliton Freitas dos Santos-<\/strong>\u00a0Graduando Medicina Veterin\u00e1ria<\/a><\/p>\n<p><a href=\"http:\/\/lattes.cnpq.br\/7805593647887067\"><strong>Rafael Silveira da Silva-\u00a0<\/strong>Graduando em Zootecnia<\/a><\/p>\n<p><a href=\"http:\/\/lattes.cnpq.br\/3018203719846475\"><strong>Rafaela de Oliveira Soares-<\/strong>\u00a0Graduanda em Medicina Veterin\u00e1ria<\/a><\/p>\n<p><a href=\"http:\/\/lattes.cnpq.br\/6315345665741990\"><strong>Rafaela Ortiz Zitzke\u2013\u00a0<\/strong>Graduanda em Zootecnia<\/a><\/p>\n<p>Rayane Almeida &#8211; Graduanda em Medicina Veterin\u00e1ria<\/p>\n<p><a href=\"http:\/\/lattes.cnpq.br\/3345012762085011\"><strong>Renan Cunha Fiori-<\/strong> Graduando em Zootecnia<\/a><\/p>\n<p>Ryan Oliveira Garcia &#8211; Graduando em Zootecnia<\/p>\n<p>Suele da Silva &#8211; Graduanda em Medicina Veterin\u00e1ria<\/p>\n<p>&nbsp;<\/p>\n","protected":false},"excerpt":{"rendered":"<p>Brunno Soratto &#8211; Graduando em Medicina Veterin\u00e1ria Flavio Moreira &#8211; Graduando em Medicina Veterin\u00e1ria Francine de C\u00e1ssia Teixeira &#8211; Graduanda em Zootecnia Gabriela Blank da Silva &#8211; Graduanda em Zootecnia Gibran Silva &#8211; Graduando em Medicina Veterin\u00e1ria Henrique Feij\u00f3 &#8211; Graduando em Medicina Veterin\u00e1ria Josiele Ribeiro Dias &#8211; Graduanda em Zootecnia Larissa Capeli &#8211; Graduanda &hellip; <\/p>\n<p><a class=\"more-link btn\" href=\"https:\/\/wp.ufpel.edu.br\/nupeec\/graduacao-tm\/\">Continue lendo<\/a><\/p>\n","protected":false},"author":813,"featured_media":0,"parent":0,"menu_order":0,"comment_status":"closed","ping_status":"closed","template":"","meta":{"jetpack_post_was_ever_published":false,"footnotes":""},"class_list":["post-3028","page","type-page","status-publish","hentry","nodate","item-wrap"],"jetpack_sharing_enabled":true,"jetpack_shortlink":"https:\/\/wp.me\/P9mm00-MQ","jetpack_likes_enabled":true,"_links":{"self":[{"href":"https:\/\/wp.ufpel.edu.br\/nupeec\/wp-json\/wp\/v2\/pages\/3028","targetHints":{"allow":["GET"]}}],"collection":[{"href":"https:\/\/wp.ufpel.edu.br\/nupeec\/wp-json\/wp\/v2\/pages"}],"about":[{"href":"https:\/\/wp.ufpel.edu.br\/nupeec\/wp-json\/wp\/v2\/types\/page"}],"author":[{"embeddable":true,"href":"https:\/\/wp.ufpel.edu.br\/nupeec\/wp-json\/wp\/v2\/users\/813"}],"replies":[{"embeddable":true,"href":"https:\/\/wp.ufpel.edu.br\/nupeec\/wp-json\/wp\/v2\/comments?post=3028"}],"version-history":[{"count":3,"href":"https:\/\/wp.ufpel.edu.br\/nupeec\/wp-json\/wp\/v2\/pages\/3028\/revisions"}],"predecessor-version":[{"id":3759,"href":"https:\/\/wp.ufpel.edu.br\/nupeec\/wp-json\/wp\/v2\/pages\/3028\/revisions\/3759"}],"wp:attachment":[{"href":"https:\/\/wp.ufpel.edu.br\/nupeec\/wp-json\/wp\/v2\/media?parent=3028"}],"curies":[{"name":"wp","href":"https:\/\/api.w.org\/{rel}","templated":true}]}}