{"id":2980,"date":"2024-07-09T11:26:10","date_gmt":"2024-07-09T14:26:10","guid":{"rendered":"https:\/\/wp.ufpel.edu.br\/nupeec\/?page_id=2980"},"modified":"2024-08-02T21:28:21","modified_gmt":"2024-08-03T00:28:21","slug":"agendamento-de-equipamentos","status":"publish","type":"page","link":"https:\/\/wp.ufpel.edu.br\/nupeec\/agendamento-de-equipamentos\/","title":{"rendered":"Agendamento de Equipamentos"},"content":{"rendered":"<p>O NUPEEC HUB possui uma hist\u00f3ria de mais de 20 anos realizando atividades de pesquisa, ensino, extens\u00e3o e inova\u00e7\u00e3o, sempre com o compromisso de levar o conhecimento cient\u00edfico para o campo e, assim, potencializar a pecu\u00e1ria brasileira.<\/p>\n<p>Ao longo dessa longa hist\u00f3ria de muito trabalho, o NUPEEC HUB, sob a coordena\u00e7\u00e3o do Prof. Dr. Marcio Nunes Corr\u00eaa, obteve diversas conquistas que possibilitaram a aquisi\u00e7\u00e3o de equipamentos para realizar an\u00e1lises bromatol\u00f3gicas, metab\u00f3licas, hematol\u00f3gicas, farmacol\u00f3gicas, moleculares, entre outras. Para tanto, contamos com recursos disponibilizados por \u00f3rg\u00e3os de fomento como Finep, CNPq, Capes e FAPERGS, al\u00e9m de recursos da UFPel.<\/p>\n<p>O NUPEEC HUB disp\u00f5e de quatro laborat\u00f3rios:<\/p>\n<ul>\n<li style=\"list-style-type: none;\">\n<ul>\n<li><strong>Nutri\u00e7\u00e3o Animal<\/strong><\/li>\n<li><strong>Metabolismo Animal<\/strong><\/li>\n<li><strong>Inova\u00e7\u00e3o Tecnol\u00f3gica<\/strong><\/li>\n<li><strong>Biologia Molecular<\/strong><\/li>\n<\/ul>\n<\/li>\n<\/ul>\n<p>&nbsp;<\/p>\n<p>Nossos laborat\u00f3rios s\u00e3o multiusu\u00e1rios, ou seja, est\u00e3o \u00e0 disposi\u00e7\u00e3o da comunidade acad\u00eamica, conforme estabelecido pelo Regimento de Gest\u00e3o de Equipamentos Multiusu\u00e1rios do Programa de P\u00f3s-Gradu\u00e7\u00e3o em Veterin\u00e1ria. A solicita\u00e7\u00e3o de agendamento de equipamentos deve ser realizada via e-mail para o seguinte endere\u00e7o eletr\u00f4nico: nupeechub@gmail.com<\/p>\n<p>A confirma\u00e7\u00e3o do agendamento ser\u00e1 realizada de acordo com a disponibilidade do equipamento solicitado. Certifique-se de que os equipamentos solicitados j\u00e1 n\u00e3o estejam agendados, consultando a agenda dos laborat\u00f3rios.<\/p>\n<p>&nbsp;<\/p>\n<p>Links relacionados:<\/p>\n<p>Conhe\u00e7a nossa infraestrutura<\/p>\n<p><a href=\"https:\/\/wp.ufpel.edu.br\/nupeec\/infraestrutura\/\">https:\/\/wp.ufpel.edu.br\/nupeec\/infraestrutura\/<\/a><\/p>\n<p>&nbsp;<\/p>\n<p>Manual de utiliza\u00e7\u00e3o dos laborat\u00f3rios<\/p>\n<p><a href=\"https:\/\/docs.google.com\/document\/d\/1x6dAld8QPWY0AcbIx4s7K5SWKtpnT30qFZkfCd0bFD4\/edit?usp=sharing\">https:\/\/docs.google.com\/document\/d\/1x6dAld8QPWY0AcbIx4s7K5SWKtpnT30qFZkfCd0bFD4\/edit?usp=sharing<\/a><\/p>\n<p>&nbsp;<\/p>\n<p>Agenda de utiliza\u00e7\u00e3o\u00a0 de equipamentos<\/p>\n<p><a href=\"https:\/\/docs.google.com\/spreadsheets\/d\/1mY1yHI4G7cJ4sXTJVp0pf6XaKvpZPd8K6eyGl1GC54A\/edit?usp=sharing\">https:\/\/docs.google.com\/spreadsheets\/d\/1mY1yHI4G7cJ4sXTJVp0pf6XaKvpZPd8K6eyGl1GC54A\/edit?usp=sharing<\/a><\/p>\n<p>&nbsp;<\/p>\n<p>Ficha de solicita\u00e7\u00e3o de utiliza\u00e7\u00e3o de equipamentos<\/p>\n<p><a href=\"https:\/\/docs.google.com\/document\/d\/1P2FFFusTNxoxiZVefjniiVJG5GfR1Cyl_Ld7hM4oa3E\/edit?usp=sharing\">https:\/\/docs.google.com\/document\/d\/1P2FFFusTNxoxiZVefjniiVJG5GfR1Cyl_Ld7hM4oa3E\/edit?usp=sharing<\/a><\/p>\n<p>&nbsp;<\/p>\n<p>Termo de utiliza\u00e7\u00e3o dos equipamentos<\/p>\n<p><a href=\"https:\/\/docs.google.com\/document\/d\/1a8jLsK2vnVkwgBNsAUBvV2g_WM5BqgBHUcmX-7656ro\/edit?usp=sharing\">https:\/\/docs.google.com\/document\/d\/1a8jLsK2vnVkwgBNsAUBvV2g_WM5BqgBHUcmX-7656ro\/edit?usp=sharing<\/a><\/p>\n<p>&nbsp;<\/p>\n<p>Regimento de Gest\u00e3o de Equipamentos Multiusu\u00e1rios do Programa de P\u00f3s-Gradu\u00e7\u00e3o em Veterin\u00e1ria<\/p>\n<p><a href=\"https:\/\/wp.ufpel.edu.br\/nupeec\/files\/2024\/08\/Regimento-Equipamentos-PPGV.pdf\">Regimento-Equipamentos-PPGV<\/a><\/p>\n","protected":false},"excerpt":{"rendered":"<p>O NUPEEC HUB possui uma hist\u00f3ria de mais de 20 anos realizando atividades de pesquisa, ensino, extens\u00e3o e inova\u00e7\u00e3o, sempre com o compromisso de levar o conhecimento cient\u00edfico para o campo e, assim, potencializar a pecu\u00e1ria brasileira. Ao longo dessa longa hist\u00f3ria de muito trabalho, o NUPEEC HUB, sob a coordena\u00e7\u00e3o do Prof. Dr. Marcio &hellip; <\/p>\n<p><a class=\"more-link btn\" href=\"https:\/\/wp.ufpel.edu.br\/nupeec\/agendamento-de-equipamentos\/\">Continue lendo<\/a><\/p>\n","protected":false},"author":813,"featured_media":0,"parent":0,"menu_order":0,"comment_status":"closed","ping_status":"closed","template":"","meta":{"jetpack_post_was_ever_published":false,"footnotes":""},"class_list":["post-2980","page","type-page","status-publish","hentry","nodate","item-wrap"],"jetpack_sharing_enabled":true,"jetpack_shortlink":"https:\/\/wp.me\/P9mm00-M4","jetpack_likes_enabled":true,"_links":{"self":[{"href":"https:\/\/wp.ufpel.edu.br\/nupeec\/wp-json\/wp\/v2\/pages\/2980","targetHints":{"allow":["GET"]}}],"collection":[{"href":"https:\/\/wp.ufpel.edu.br\/nupeec\/wp-json\/wp\/v2\/pages"}],"about":[{"href":"https:\/\/wp.ufpel.edu.br\/nupeec\/wp-json\/wp\/v2\/types\/page"}],"author":[{"embeddable":true,"href":"https:\/\/wp.ufpel.edu.br\/nupeec\/wp-json\/wp\/v2\/users\/813"}],"replies":[{"embeddable":true,"href":"https:\/\/wp.ufpel.edu.br\/nupeec\/wp-json\/wp\/v2\/comments?post=2980"}],"version-history":[{"count":9,"href":"https:\/\/wp.ufpel.edu.br\/nupeec\/wp-json\/wp\/v2\/pages\/2980\/revisions"}],"predecessor-version":[{"id":3085,"href":"https:\/\/wp.ufpel.edu.br\/nupeec\/wp-json\/wp\/v2\/pages\/2980\/revisions\/3085"}],"wp:attachment":[{"href":"https:\/\/wp.ufpel.edu.br\/nupeec\/wp-json\/wp\/v2\/media?parent=2980"}],"curies":[{"name":"wp","href":"https:\/\/api.w.org\/{rel}","templated":true}]}}