{"id":2838,"date":"2024-04-23T11:04:04","date_gmt":"2024-04-23T14:04:04","guid":{"rendered":"https:\/\/wp.ufpel.edu.br\/nupeec\/?page_id=2838"},"modified":"2024-04-23T14:57:58","modified_gmt":"2024-04-23T17:57:58","slug":"ficha-para-avaliacao-de-estagios-tm-orientador","status":"publish","type":"page","link":"https:\/\/wp.ufpel.edu.br\/nupeec\/documentos\/ficha-para-avaliacao-de-estagios-tm-orientador\/","title":{"rendered":"Ficha para Avalia\u00e7\u00e3o de Est\u00e1gios TM \u2022 Orientador"},"content":{"rendered":"<p><a href=\"https:\/\/wp.ufpel.edu.br\/nupeec\/files\/2024\/04\/ficha-para-avaliacao-de-estagio-TM-ORIENTADOR.pdf\">ficha para avalia\u00e7\u00e3o de estagio TM-ORIENTADOR<\/a><\/p>\n<p>&nbsp;<\/p>\n","protected":false},"excerpt":{"rendered":"<p>ficha para avalia\u00e7\u00e3o de estagio TM-ORIENTADOR &nbsp;<\/p>\n","protected":false},"author":813,"featured_media":0,"parent":2720,"menu_order":0,"comment_status":"closed","ping_status":"closed","template":"","meta":{"jetpack_post_was_ever_published":false,"footnotes":""},"class_list":["post-2838","page","type-page","status-publish","hentry","nodate","item-wrap"],"jetpack_sharing_enabled":true,"jetpack_shortlink":"https:\/\/wp.me\/P9mm00-JM","jetpack_likes_enabled":true,"_links":{"self":[{"href":"https:\/\/wp.ufpel.edu.br\/nupeec\/wp-json\/wp\/v2\/pages\/2838","targetHints":{"allow":["GET"]}}],"collection":[{"href":"https:\/\/wp.ufpel.edu.br\/nupeec\/wp-json\/wp\/v2\/pages"}],"about":[{"href":"https:\/\/wp.ufpel.edu.br\/nupeec\/wp-json\/wp\/v2\/types\/page"}],"author":[{"embeddable":true,"href":"https:\/\/wp.ufpel.edu.br\/nupeec\/wp-json\/wp\/v2\/users\/813"}],"replies":[{"embeddable":true,"href":"https:\/\/wp.ufpel.edu.br\/nupeec\/wp-json\/wp\/v2\/comments?post=2838"}],"version-history":[{"count":2,"href":"https:\/\/wp.ufpel.edu.br\/nupeec\/wp-json\/wp\/v2\/pages\/2838\/revisions"}],"predecessor-version":[{"id":2879,"href":"https:\/\/wp.ufpel.edu.br\/nupeec\/wp-json\/wp\/v2\/pages\/2838\/revisions\/2879"}],"up":[{"embeddable":true,"href":"https:\/\/wp.ufpel.edu.br\/nupeec\/wp-json\/wp\/v2\/pages\/2720"}],"wp:attachment":[{"href":"https:\/\/wp.ufpel.edu.br\/nupeec\/wp-json\/wp\/v2\/media?parent=2838"}],"curies":[{"name":"wp","href":"https:\/\/api.w.org\/{rel}","templated":true}]}}