{"id":2807,"date":"2024-04-22T11:20:38","date_gmt":"2024-04-22T14:20:38","guid":{"rendered":"https:\/\/wp.ufpel.edu.br\/nupeec\/?page_id=2807"},"modified":"2024-04-22T15:35:37","modified_gmt":"2024-04-22T18:35:37","slug":"laboratorio-de-metabolismo-animal","status":"publish","type":"page","link":"https:\/\/wp.ufpel.edu.br\/nupeec\/infraestrutura\/laboratorio-de-metabolismo-animal\/","title":{"rendered":"Laborat\u00f3rio de Metabolismo Animal"},"content":{"rendered":"<p style=\"text-align: justify;\">O<strong> Laborat\u00f3rio de Metabolismo Animal<\/strong> do NUPEEC HUB conta com uma estrutura que propicia complementar os trabalhos do HUB, al\u00e9m de auxiliar outros grupos de pesquisa, o laborat\u00f3rio tem como objetivo estudar as respostas fisiol\u00f3gicas dos animais a diferentes condi\u00e7\u00f5es nutricionais, estrat\u00e9gias de alimenta\u00e7\u00e3o ou aditivos, sempre buscando o desenvolvimento de tecnologias na pecu\u00e1ria.<br \/>\nO laborat\u00f3rio propriamente dito conta com Centr\u00edfugas\/hemat\u00f3crito; Analisador Bioqu\u00edmico Autom\u00e1tico; leitor de microplaca (ELISA); Analisador de imunoensaio autom\u00e1tico; Espectrofot\u00f4metro; microsc\u00f3pio, estufa; Balan\u00e7a anal\u00edtica; Freezers\/geladeiras. Essa infra-estrutura permite a condu\u00e7\u00e3o de experimentos diversos e an\u00e1lise de metab\u00f3litos sangu\u00edneos, tais como glicose, beta-hidroxibutirato, \u00e1cidos graxos livres, prote\u00edna total; al\u00e9m de horm\u00f4nios como cortisol e insulina, dentre outros.<\/p>\n<p>Algumas an\u00e1lises que s\u00e3o poss\u00edveis realizar no nosso Laborat\u00f3rio de Metabolismo Animal:<\/p>\n<ul>\n<li>Hemograma completo (bovinos e ovinos);<\/li>\n<li>Avalia\u00e7\u00e3o completa de l\u00edquido ruminal;<\/li>\n<li>OPG \u2013 Contagem de ovos por gramas de fezes;<\/li>\n<li>An\u00e1lises metab\u00f3licas (minerais, prote\u00ednas, enzimas);<\/li>\n<li>An\u00e1lises energ\u00e9ticas (glicose, AGNE);<\/li>\n<li>An\u00e1lises imunol\u00f3gicas (interleucinas);<\/li>\n<li>An\u00e1lises hormonais (insulina, IGF-1, corticoide, estrog\u00eanio).<\/li>\n<\/ul>\n<p><!--nextpage--><\/p>\n<p><img loading=\"lazy\" decoding=\"async\" data-attachment-id=\"2677\" data-permalink=\"https:\/\/wp.ufpel.edu.br\/nupeec\/infraestrutura\/laboratorio-de-metabolismo-animal\/attachment\/6\/\" data-orig-file=\"https:\/\/wp.ufpel.edu.br\/nupeec\/files\/2024\/03\/6.png\" data-orig-size=\"1080,1080\" data-comments-opened=\"0\" data-image-meta=\"{&quot;aperture&quot;:&quot;0&quot;,&quot;credit&quot;:&quot;&quot;,&quot;camera&quot;:&quot;&quot;,&quot;caption&quot;:&quot;&quot;,&quot;created_timestamp&quot;:&quot;0&quot;,&quot;copyright&quot;:&quot;&quot;,&quot;focal_length&quot;:&quot;0&quot;,&quot;iso&quot;:&quot;0&quot;,&quot;shutter_speed&quot;:&quot;0&quot;,&quot;title&quot;:&quot;&quot;,&quot;orientation&quot;:&quot;0&quot;}\" data-image-title=\"6\" data-image-description=\"\" data-image-caption=\"\" data-medium-file=\"https:\/\/wp.ufpel.edu.br\/nupeec\/files\/2024\/03\/6-400x400.png\" data-large-file=\"https:\/\/wp.ufpel.edu.br\/nupeec\/files\/2024\/03\/6-1024x1024.png\" class=\"aligncenter wp-image-2677 size-large\" src=\"https:\/\/wp.ufpel.edu.br\/nupeec\/files\/2024\/03\/6-1024x1024.png\" alt=\"\" width=\"616\" height=\"616\" srcset=\"https:\/\/wp.ufpel.edu.br\/nupeec\/files\/2024\/03\/6-1024x1024.png 1024w, https:\/\/wp.ufpel.edu.br\/nupeec\/files\/2024\/03\/6-400x400.png 400w, https:\/\/wp.ufpel.edu.br\/nupeec\/files\/2024\/03\/6-200x200.png 200w, https:\/\/wp.ufpel.edu.br\/nupeec\/files\/2024\/03\/6-768x768.png 768w, https:\/\/wp.ufpel.edu.br\/nupeec\/files\/2024\/03\/6.png 1080w\" sizes=\"auto, (max-width: 616px) 100vw, 616px\" \/><\/p>\n<p><!--nextpage--><\/p>\n<p><img loading=\"lazy\" decoding=\"async\" data-attachment-id=\"2678\" data-permalink=\"https:\/\/wp.ufpel.edu.br\/nupeec\/infraestrutura\/laboratorio-de-metabolismo-animal\/attachment\/7\/\" data-orig-file=\"https:\/\/wp.ufpel.edu.br\/nupeec\/files\/2024\/03\/7.png\" data-orig-size=\"1080,1080\" data-comments-opened=\"0\" data-image-meta=\"{&quot;aperture&quot;:&quot;0&quot;,&quot;credit&quot;:&quot;&quot;,&quot;camera&quot;:&quot;&quot;,&quot;caption&quot;:&quot;&quot;,&quot;created_timestamp&quot;:&quot;0&quot;,&quot;copyright&quot;:&quot;&quot;,&quot;focal_length&quot;:&quot;0&quot;,&quot;iso&quot;:&quot;0&quot;,&quot;shutter_speed&quot;:&quot;0&quot;,&quot;title&quot;:&quot;&quot;,&quot;orientation&quot;:&quot;0&quot;}\" data-image-title=\"7\" data-image-description=\"\" data-image-caption=\"\" data-medium-file=\"https:\/\/wp.ufpel.edu.br\/nupeec\/files\/2024\/03\/7-400x400.png\" data-large-file=\"https:\/\/wp.ufpel.edu.br\/nupeec\/files\/2024\/03\/7-1024x1024.png\" class=\"aligncenter wp-image-2678 size-large\" src=\"https:\/\/wp.ufpel.edu.br\/nupeec\/files\/2024\/03\/7-1024x1024.png\" alt=\"\" width=\"616\" height=\"616\" srcset=\"https:\/\/wp.ufpel.edu.br\/nupeec\/files\/2024\/03\/7-1024x1024.png 1024w, https:\/\/wp.ufpel.edu.br\/nupeec\/files\/2024\/03\/7-400x400.png 400w, https:\/\/wp.ufpel.edu.br\/nupeec\/files\/2024\/03\/7-200x200.png 200w, https:\/\/wp.ufpel.edu.br\/nupeec\/files\/2024\/03\/7-768x768.png 768w, https:\/\/wp.ufpel.edu.br\/nupeec\/files\/2024\/03\/7.png 1080w\" sizes=\"auto, (max-width: 616px) 100vw, 616px\" \/><\/p>\n<p><!--nextpage--><\/p>\n<p><img loading=\"lazy\" decoding=\"async\" data-attachment-id=\"2679\" data-permalink=\"https:\/\/wp.ufpel.edu.br\/nupeec\/infraestrutura\/laboratorio-de-metabolismo-animal\/attachment\/8\/\" data-orig-file=\"https:\/\/wp.ufpel.edu.br\/nupeec\/files\/2024\/03\/8.png\" data-orig-size=\"1080,1080\" data-comments-opened=\"0\" data-image-meta=\"{&quot;aperture&quot;:&quot;0&quot;,&quot;credit&quot;:&quot;&quot;,&quot;camera&quot;:&quot;&quot;,&quot;caption&quot;:&quot;&quot;,&quot;created_timestamp&quot;:&quot;0&quot;,&quot;copyright&quot;:&quot;&quot;,&quot;focal_length&quot;:&quot;0&quot;,&quot;iso&quot;:&quot;0&quot;,&quot;shutter_speed&quot;:&quot;0&quot;,&quot;title&quot;:&quot;&quot;,&quot;orientation&quot;:&quot;0&quot;}\" data-image-title=\"8\" data-image-description=\"\" data-image-caption=\"\" data-medium-file=\"https:\/\/wp.ufpel.edu.br\/nupeec\/files\/2024\/03\/8-400x400.png\" data-large-file=\"https:\/\/wp.ufpel.edu.br\/nupeec\/files\/2024\/03\/8-1024x1024.png\" class=\"aligncenter wp-image-2679 size-large\" src=\"https:\/\/wp.ufpel.edu.br\/nupeec\/files\/2024\/03\/8-1024x1024.png\" alt=\"\" width=\"616\" height=\"616\" srcset=\"https:\/\/wp.ufpel.edu.br\/nupeec\/files\/2024\/03\/8-1024x1024.png 1024w, https:\/\/wp.ufpel.edu.br\/nupeec\/files\/2024\/03\/8-400x400.png 400w, https:\/\/wp.ufpel.edu.br\/nupeec\/files\/2024\/03\/8-200x200.png 200w, https:\/\/wp.ufpel.edu.br\/nupeec\/files\/2024\/03\/8-768x768.png 768w, https:\/\/wp.ufpel.edu.br\/nupeec\/files\/2024\/03\/8.png 1080w\" sizes=\"auto, (max-width: 616px) 100vw, 616px\" \/><\/p>\n<p>&nbsp;<\/p>\n<p>&nbsp;<\/p>\n","protected":false},"excerpt":{"rendered":"<p>O Laborat\u00f3rio de Metabolismo Animal do NUPEEC HUB conta com uma estrutura que propicia complementar os trabalhos do HUB, al\u00e9m de auxiliar outros grupos de pesquisa, o laborat\u00f3rio tem como objetivo estudar as respostas fisiol\u00f3gicas dos animais a diferentes condi\u00e7\u00f5es nutricionais, estrat\u00e9gias de alimenta\u00e7\u00e3o ou aditivos, sempre buscando o desenvolvimento de tecnologias na pecu\u00e1ria. O &hellip; <\/p>\n<p><a class=\"more-link btn\" href=\"https:\/\/wp.ufpel.edu.br\/nupeec\/infraestrutura\/laboratorio-de-metabolismo-animal\/\">Continue lendo<\/a><\/p>\n","protected":false},"author":813,"featured_media":0,"parent":2788,"menu_order":0,"comment_status":"closed","ping_status":"closed","template":"","meta":{"jetpack_post_was_ever_published":false,"footnotes":""},"class_list":["post-2807","page","type-page","status-publish","hentry","nodate","item-wrap"],"jetpack_sharing_enabled":true,"jetpack_shortlink":"https:\/\/wp.me\/P9mm00-Jh","jetpack_likes_enabled":true,"_links":{"self":[{"href":"https:\/\/wp.ufpel.edu.br\/nupeec\/wp-json\/wp\/v2\/pages\/2807","targetHints":{"allow":["GET"]}}],"collection":[{"href":"https:\/\/wp.ufpel.edu.br\/nupeec\/wp-json\/wp\/v2\/pages"}],"about":[{"href":"https:\/\/wp.ufpel.edu.br\/nupeec\/wp-json\/wp\/v2\/types\/page"}],"author":[{"embeddable":true,"href":"https:\/\/wp.ufpel.edu.br\/nupeec\/wp-json\/wp\/v2\/users\/813"}],"replies":[{"embeddable":true,"href":"https:\/\/wp.ufpel.edu.br\/nupeec\/wp-json\/wp\/v2\/comments?post=2807"}],"version-history":[{"count":5,"href":"https:\/\/wp.ufpel.edu.br\/nupeec\/wp-json\/wp\/v2\/pages\/2807\/revisions"}],"predecessor-version":[{"id":2830,"href":"https:\/\/wp.ufpel.edu.br\/nupeec\/wp-json\/wp\/v2\/pages\/2807\/revisions\/2830"}],"up":[{"embeddable":true,"href":"https:\/\/wp.ufpel.edu.br\/nupeec\/wp-json\/wp\/v2\/pages\/2788"}],"wp:attachment":[{"href":"https:\/\/wp.ufpel.edu.br\/nupeec\/wp-json\/wp\/v2\/media?parent=2807"}],"curies":[{"name":"wp","href":"https:\/\/api.w.org\/{rel}","templated":true}]}}