{"id":2796,"date":"2024-04-22T11:10:52","date_gmt":"2024-04-22T14:10:52","guid":{"rendered":"https:\/\/wp.ufpel.edu.br\/nupeec\/?page_id=2796"},"modified":"2025-09-26T14:03:33","modified_gmt":"2025-09-26T17:03:33","slug":"laboratorio-de-nutricao-animal","status":"publish","type":"page","link":"https:\/\/wp.ufpel.edu.br\/nupeec\/infraestrutura\/laboratorio-de-nutricao-animal\/","title":{"rendered":"Laborat\u00f3rio de Nutri\u00e7\u00e3o Animal"},"content":{"rendered":"<p style=\"text-align: justify;\">O <strong>Laborat\u00f3rio de Nutri\u00e7\u00e3o Animal<\/strong> do NUPEEC HUB possui equipamentos que permitem a realiza\u00e7\u00e3o das an\u00e1lises bromatol\u00f3gicas qu\u00edmicas de alimentos destinados a animais de produ\u00e7\u00e3o. Atualmente, s\u00e3o realizadas as an\u00e1lises de Mat\u00e9ria Seca, Mat\u00e9ria Mineral, Fibra em Detergente Neutro, Fibra em Detergente \u00c1cido, Prote\u00edna Bruna, Extrato Et\u00e9reo e Carboidratos N\u00e3o-Fibrosos.<\/p>\n<p style=\"text-align: justify;\">Al\u00e9m disso, nosso Laborat\u00f3rio de Nutri\u00e7\u00e3o Animal conta\u00a0com uma <strong data-start=\"157\" data-end=\"179\">Incubadora (SOLAB)<\/strong>, utilizada para a realiza\u00e7\u00e3o de <strong data-start=\"212\" data-end=\"262\">testes <em>in vitro<\/em> que simulam o ambiente ruminal<\/strong>. Esse equipamento \u00e9 especialmente valioso para o <strong data-start=\"312\" data-end=\"372\">desenvolvimento e avalia\u00e7\u00e3o de produtos r\u00famen-protegidos<\/strong>, permitindo antecipar respostas antes da condu\u00e7\u00e3o de ensaios <em>in vivo<\/em>. Sua versatilidade amplia o campo de aplica\u00e7\u00e3o para diferentes \u00e1reas do conhecimento, incluindo <strong data-start=\"541\" data-end=\"588\">nutri\u00e7\u00e3o animal, microbiologia e bioqu\u00edmica<\/strong>. Al\u00e9m disso, a incubadora pode ser adaptada para <strong data-start=\"638\" data-end=\"678\">simula\u00e7\u00f5es gastrointestinais humanas<\/strong>, o que a torna um recurso estrat\u00e9gico em um <strong data-start=\"723\" data-end=\"746\">centro multiusu\u00e1rio<\/strong>. Com isso, abre-se a possibilidade de atender tamb\u00e9m a demandas de <strong data-start=\"814\" data-end=\"887\">ind\u00fastrias de alimentos, institui\u00e7\u00f5es de pesquisa e empresas do setor<\/strong>, tanto no desenvolvimento de novos produtos quanto na presta\u00e7\u00e3o de <strong data-start=\"955\" data-end=\"992\">servi\u00e7os anal\u00edticos e de pesquisa<\/strong>.<\/p>\n<p data-start=\"997\" data-end=\"1209\">Essa caracter\u00edstica multiprop\u00f3sito fortalece o potencial de <strong data-start=\"1057\" data-end=\"1106\">colabora\u00e7\u00e3o cient\u00edfica e inova\u00e7\u00e3o tecnol\u00f3gica<\/strong>, al\u00e9m de criar oportunidades de gera\u00e7\u00e3o de receita e de integra\u00e7\u00e3o entre os setores animal e humano.<\/p>\n<p>&nbsp;<\/p>\n<p><img loading=\"lazy\" decoding=\"async\" data-attachment-id=\"2685\" data-permalink=\"https:\/\/wp.ufpel.edu.br\/nupeec\/infraestrutura\/laboratorio-de-nutricao-animal\/attachment\/9\/\" data-orig-file=\"https:\/\/wp.ufpel.edu.br\/nupeec\/files\/2024\/03\/9.png\" data-orig-size=\"1080,1080\" data-comments-opened=\"0\" data-image-meta=\"{&quot;aperture&quot;:&quot;0&quot;,&quot;credit&quot;:&quot;&quot;,&quot;camera&quot;:&quot;&quot;,&quot;caption&quot;:&quot;&quot;,&quot;created_timestamp&quot;:&quot;0&quot;,&quot;copyright&quot;:&quot;&quot;,&quot;focal_length&quot;:&quot;0&quot;,&quot;iso&quot;:&quot;0&quot;,&quot;shutter_speed&quot;:&quot;0&quot;,&quot;title&quot;:&quot;&quot;,&quot;orientation&quot;:&quot;0&quot;}\" data-image-title=\"9\" data-image-description=\"\" data-image-caption=\"\" data-medium-file=\"https:\/\/wp.ufpel.edu.br\/nupeec\/files\/2024\/03\/9-400x400.png\" data-large-file=\"https:\/\/wp.ufpel.edu.br\/nupeec\/files\/2024\/03\/9-1024x1024.png\" class=\"aligncenter wp-image-2685 size-large\" src=\"https:\/\/wp.ufpel.edu.br\/nupeec\/files\/2024\/03\/9-1024x1024.png\" alt=\"\" width=\"616\" height=\"616\" srcset=\"https:\/\/wp.ufpel.edu.br\/nupeec\/files\/2024\/03\/9-1024x1024.png 1024w, https:\/\/wp.ufpel.edu.br\/nupeec\/files\/2024\/03\/9-400x400.png 400w, https:\/\/wp.ufpel.edu.br\/nupeec\/files\/2024\/03\/9-200x200.png 200w, https:\/\/wp.ufpel.edu.br\/nupeec\/files\/2024\/03\/9-768x768.png 768w, https:\/\/wp.ufpel.edu.br\/nupeec\/files\/2024\/03\/9.png 1080w\" sizes=\"auto, (max-width: 616px) 100vw, 616px\" \/><!--nextpage--><\/p>\n<p><img loading=\"lazy\" decoding=\"async\" data-attachment-id=\"2683\" data-permalink=\"https:\/\/wp.ufpel.edu.br\/nupeec\/infraestrutura\/laboratorio-de-nutricao-animal\/11-2\/\" data-orig-file=\"https:\/\/wp.ufpel.edu.br\/nupeec\/files\/2024\/03\/11.png\" data-orig-size=\"1080,1080\" data-comments-opened=\"0\" data-image-meta=\"{&quot;aperture&quot;:&quot;0&quot;,&quot;credit&quot;:&quot;&quot;,&quot;camera&quot;:&quot;&quot;,&quot;caption&quot;:&quot;&quot;,&quot;created_timestamp&quot;:&quot;0&quot;,&quot;copyright&quot;:&quot;&quot;,&quot;focal_length&quot;:&quot;0&quot;,&quot;iso&quot;:&quot;0&quot;,&quot;shutter_speed&quot;:&quot;0&quot;,&quot;title&quot;:&quot;&quot;,&quot;orientation&quot;:&quot;0&quot;}\" data-image-title=\"11\" data-image-description=\"\" data-image-caption=\"\" data-medium-file=\"https:\/\/wp.ufpel.edu.br\/nupeec\/files\/2024\/03\/11-400x400.png\" data-large-file=\"https:\/\/wp.ufpel.edu.br\/nupeec\/files\/2024\/03\/11-1024x1024.png\" class=\"aligncenter wp-image-2683 size-large\" src=\"https:\/\/wp.ufpel.edu.br\/nupeec\/files\/2024\/03\/11-1024x1024.png\" alt=\"\" width=\"616\" height=\"616\" srcset=\"https:\/\/wp.ufpel.edu.br\/nupeec\/files\/2024\/03\/11-1024x1024.png 1024w, https:\/\/wp.ufpel.edu.br\/nupeec\/files\/2024\/03\/11-400x400.png 400w, https:\/\/wp.ufpel.edu.br\/nupeec\/files\/2024\/03\/11-200x200.png 200w, https:\/\/wp.ufpel.edu.br\/nupeec\/files\/2024\/03\/11-768x768.png 768w, https:\/\/wp.ufpel.edu.br\/nupeec\/files\/2024\/03\/11.png 1080w\" sizes=\"auto, (max-width: 616px) 100vw, 616px\" \/><\/p>\n<p><!--nextpage--><\/p>\n<p><img loading=\"lazy\" decoding=\"async\" data-attachment-id=\"2682\" data-permalink=\"https:\/\/wp.ufpel.edu.br\/nupeec\/infraestrutura\/laboratorio-de-nutricao-animal\/10-3\/\" data-orig-file=\"https:\/\/wp.ufpel.edu.br\/nupeec\/files\/2024\/03\/10-1.png\" data-orig-size=\"1080,1080\" data-comments-opened=\"0\" data-image-meta=\"{&quot;aperture&quot;:&quot;0&quot;,&quot;credit&quot;:&quot;&quot;,&quot;camera&quot;:&quot;&quot;,&quot;caption&quot;:&quot;&quot;,&quot;created_timestamp&quot;:&quot;0&quot;,&quot;copyright&quot;:&quot;&quot;,&quot;focal_length&quot;:&quot;0&quot;,&quot;iso&quot;:&quot;0&quot;,&quot;shutter_speed&quot;:&quot;0&quot;,&quot;title&quot;:&quot;&quot;,&quot;orientation&quot;:&quot;0&quot;}\" data-image-title=\"10\" data-image-description=\"\" data-image-caption=\"\" data-medium-file=\"https:\/\/wp.ufpel.edu.br\/nupeec\/files\/2024\/03\/10-1-400x400.png\" data-large-file=\"https:\/\/wp.ufpel.edu.br\/nupeec\/files\/2024\/03\/10-1-1024x1024.png\" class=\"aligncenter wp-image-2682 size-large\" src=\"https:\/\/wp.ufpel.edu.br\/nupeec\/files\/2024\/03\/10-1-1024x1024.png\" alt=\"\" width=\"616\" height=\"616\" srcset=\"https:\/\/wp.ufpel.edu.br\/nupeec\/files\/2024\/03\/10-1-1024x1024.png 1024w, https:\/\/wp.ufpel.edu.br\/nupeec\/files\/2024\/03\/10-1-400x400.png 400w, https:\/\/wp.ufpel.edu.br\/nupeec\/files\/2024\/03\/10-1-200x200.png 200w, https:\/\/wp.ufpel.edu.br\/nupeec\/files\/2024\/03\/10-1-768x768.png 768w, https:\/\/wp.ufpel.edu.br\/nupeec\/files\/2024\/03\/10-1.png 1080w\" sizes=\"auto, (max-width: 616px) 100vw, 616px\" \/><\/p>\n","protected":false},"excerpt":{"rendered":"<p>O Laborat\u00f3rio de Nutri\u00e7\u00e3o Animal do NUPEEC HUB possui equipamentos que permitem a realiza\u00e7\u00e3o das an\u00e1lises bromatol\u00f3gicas qu\u00edmicas de alimentos destinados a animais de produ\u00e7\u00e3o. Atualmente, s\u00e3o realizadas as an\u00e1lises de Mat\u00e9ria Seca, Mat\u00e9ria Mineral, Fibra em Detergente Neutro, Fibra em Detergente \u00c1cido, Prote\u00edna Bruna, Extrato Et\u00e9reo e Carboidratos N\u00e3o-Fibrosos. Al\u00e9m disso, nosso Laborat\u00f3rio de &hellip; <\/p>\n<p><a class=\"more-link btn\" href=\"https:\/\/wp.ufpel.edu.br\/nupeec\/infraestrutura\/laboratorio-de-nutricao-animal\/\">Continue lendo<\/a><\/p>\n","protected":false},"author":813,"featured_media":0,"parent":2788,"menu_order":0,"comment_status":"closed","ping_status":"closed","template":"","meta":{"jetpack_post_was_ever_published":false,"footnotes":""},"class_list":["post-2796","page","type-page","status-publish","hentry","nodate","item-wrap"],"jetpack_sharing_enabled":true,"jetpack_shortlink":"https:\/\/wp.me\/P9mm00-J6","jetpack_likes_enabled":true,"_links":{"self":[{"href":"https:\/\/wp.ufpel.edu.br\/nupeec\/wp-json\/wp\/v2\/pages\/2796","targetHints":{"allow":["GET"]}}],"collection":[{"href":"https:\/\/wp.ufpel.edu.br\/nupeec\/wp-json\/wp\/v2\/pages"}],"about":[{"href":"https:\/\/wp.ufpel.edu.br\/nupeec\/wp-json\/wp\/v2\/types\/page"}],"author":[{"embeddable":true,"href":"https:\/\/wp.ufpel.edu.br\/nupeec\/wp-json\/wp\/v2\/users\/813"}],"replies":[{"embeddable":true,"href":"https:\/\/wp.ufpel.edu.br\/nupeec\/wp-json\/wp\/v2\/comments?post=2796"}],"version-history":[{"count":3,"href":"https:\/\/wp.ufpel.edu.br\/nupeec\/wp-json\/wp\/v2\/pages\/2796\/revisions"}],"predecessor-version":[{"id":3743,"href":"https:\/\/wp.ufpel.edu.br\/nupeec\/wp-json\/wp\/v2\/pages\/2796\/revisions\/3743"}],"up":[{"embeddable":true,"href":"https:\/\/wp.ufpel.edu.br\/nupeec\/wp-json\/wp\/v2\/pages\/2788"}],"wp:attachment":[{"href":"https:\/\/wp.ufpel.edu.br\/nupeec\/wp-json\/wp\/v2\/media?parent=2796"}],"curies":[{"name":"wp","href":"https:\/\/api.w.org\/{rel}","templated":true}]}}