{"id":715,"date":"2020-08-25T15:37:45","date_gmt":"2020-08-25T18:37:45","guid":{"rendered":"https:\/\/wp.ufpel.edu.br\/nate\/?page_id=715"},"modified":"2020-08-25T15:37:45","modified_gmt":"2020-08-25T18:37:45","slug":"o-calendario-alternativo-da-ufpel-esta-confirmado-no-segundo-semestre-e-a-universidade-planeja-qualificar-ainda-mais-suas-acoes","status":"publish","type":"page","link":"https:\/\/wp.ufpel.edu.br\/nuped\/o-calendario-alternativo-da-ufpel-esta-confirmado-no-segundo-semestre-e-a-universidade-planeja-qualificar-ainda-mais-suas-acoes\/","title":{"rendered":"Pesquisa"},"content":{"rendered":"\n<div class=\"wp-block-jetpack-slideshow aligncenter\" data-autoplay=\"true\" data-delay=\"4\" data-effect=\"slide\"><div class=\"wp-block-jetpack-slideshow_container swiper-container\"><ul class=\"wp-block-jetpack-slideshow_swiper-wrapper swiper-wrapper\"><li class=\"wp-block-jetpack-slideshow_slide swiper-slide\"><figure><img width=\"1200\" height=\"1200\" alt=\"\" class=\"wp-block-jetpack-slideshow_image wp-image-720\" data-id=\"720\" src=\"https:\/\/wp.ufpel.edu.br\/nuped\/files\/2020\/08\/WhatsApp-Image-2020-08-25-at-15.39.39-2.jpeg\" srcset=\"https:\/\/wp.ufpel.edu.br\/nuped\/files\/2020\/08\/WhatsApp-Image-2020-08-25-at-15.39.39-2.jpeg 1200w, https:\/\/wp.ufpel.edu.br\/nuped\/files\/2020\/08\/WhatsApp-Image-2020-08-25-at-15.39.39-2-400x400.jpeg 400w, https:\/\/wp.ufpel.edu.br\/nuped\/files\/2020\/08\/WhatsApp-Image-2020-08-25-at-15.39.39-2-1024x1024.jpeg 1024w, https:\/\/wp.ufpel.edu.br\/nuped\/files\/2020\/08\/WhatsApp-Image-2020-08-25-at-15.39.39-2-200x200.jpeg 200w, https:\/\/wp.ufpel.edu.br\/nuped\/files\/2020\/08\/WhatsApp-Image-2020-08-25-at-15.39.39-2-768x768.jpeg 768w\" sizes=\"(max-width: 1200px) 100vw, 1200px\" \/><\/figure><\/li><li class=\"wp-block-jetpack-slideshow_slide swiper-slide\"><figure><img width=\"1200\" height=\"1200\" alt=\"\" class=\"wp-block-jetpack-slideshow_image wp-image-721\" data-id=\"721\" src=\"https:\/\/wp.ufpel.edu.br\/nuped\/files\/2020\/08\/WhatsApp-Image-2020-08-25-at-15.39.39-1.jpeg\" srcset=\"https:\/\/wp.ufpel.edu.br\/nuped\/files\/2020\/08\/WhatsApp-Image-2020-08-25-at-15.39.39-1.jpeg 1200w, https:\/\/wp.ufpel.edu.br\/nuped\/files\/2020\/08\/WhatsApp-Image-2020-08-25-at-15.39.39-1-400x400.jpeg 400w, https:\/\/wp.ufpel.edu.br\/nuped\/files\/2020\/08\/WhatsApp-Image-2020-08-25-at-15.39.39-1-1024x1024.jpeg 1024w, https:\/\/wp.ufpel.edu.br\/nuped\/files\/2020\/08\/WhatsApp-Image-2020-08-25-at-15.39.39-1-200x200.jpeg 200w, https:\/\/wp.ufpel.edu.br\/nuped\/files\/2020\/08\/WhatsApp-Image-2020-08-25-at-15.39.39-1-768x768.jpeg 768w\" sizes=\"(max-width: 1200px) 100vw, 1200px\" \/><\/figure><\/li><li class=\"wp-block-jetpack-slideshow_slide swiper-slide\"><figure><img width=\"1200\" height=\"1200\" alt=\"\" class=\"wp-block-jetpack-slideshow_image wp-image-722\" data-id=\"722\" src=\"https:\/\/wp.ufpel.edu.br\/nuped\/files\/2020\/08\/WhatsApp-Image-2020-08-25-at-15.39.39.jpeg\" srcset=\"https:\/\/wp.ufpel.edu.br\/nuped\/files\/2020\/08\/WhatsApp-Image-2020-08-25-at-15.39.39.jpeg 1200w, https:\/\/wp.ufpel.edu.br\/nuped\/files\/2020\/08\/WhatsApp-Image-2020-08-25-at-15.39.39-400x400.jpeg 400w, https:\/\/wp.ufpel.edu.br\/nuped\/files\/2020\/08\/WhatsApp-Image-2020-08-25-at-15.39.39-1024x1024.jpeg 1024w, https:\/\/wp.ufpel.edu.br\/nuped\/files\/2020\/08\/WhatsApp-Image-2020-08-25-at-15.39.39-200x200.jpeg 200w, https:\/\/wp.ufpel.edu.br\/nuped\/files\/2020\/08\/WhatsApp-Image-2020-08-25-at-15.39.39-768x768.jpeg 768w\" sizes=\"(max-width: 1200px) 100vw, 1200px\" \/><\/figure><\/li><\/ul><a class=\"wp-block-jetpack-slideshow_button-prev swiper-button-prev swiper-button-white\" role=\"button\"><\/a><a class=\"wp-block-jetpack-slideshow_button-next swiper-button-next swiper-button-white\" role=\"button\"><\/a><a aria-label=\"Pause Slideshow\" class=\"wp-block-jetpack-slideshow_button-pause\" role=\"button\"><\/a><div class=\"wp-block-jetpack-slideshow_pagination swiper-pagination swiper-pagination-white\"><\/div><\/div><\/div>\n\n\n\n<figure class=\"wp-block-audio aligncenter\"><audio controls src=\"https:\/\/wp.ufpel.edu.br\/nuped\/files\/2020\/08\/Materia-pesquisa-online-audio-converter.com_.mp3\"><\/audio><figcaption><div align=\"center\">Divulga\u00e7\u00e3o de pesquisa de opini\u00e3o<\/div><\/figcaption><\/figure>\n\n\n\n<h2 class=\"has-text-align-center wp-block-heading\">O CALEND\u00c1RIO ALTERNATIVO DA UFPEL EST\u00c1 CONFIRMADO NO SEGUNDO SEMESTRE E A UNIVERSIDADE PLANEJA QUALIFICAR AINDA MAIS SUAS A\u00c7\u00d5ES<\/h2>\n\n\n\n<p><strong>A Universidade est\u00e1 aplicando question\u00e1rios em toda comunidade acad\u00eamica para qualificar e ampliar a assist\u00eancia oferecida durante o calend\u00e1rio alternativo. Uma das preocupa\u00e7\u00f5es \u00e9 que a comunidade entenda a import\u00e2ncia de responder ao instrumento.<\/strong><\/p>\n\n\n\n<p>Em virtude da pandemia e da necessidade de isolamento social a Universidade Federal de Pelotas aprovou um calend\u00e1rio alternativo para o primeiro semestre deste ano, neste calend\u00e1rio as aulas s\u00e3o ministradas atrav\u00e9s de plataformas digitais. Para auxiliar a minimizar os preju\u00edzos a UFPel criou o N\u00facleo de Apoio a Tecnologias Educacionais (NATE), vinculado \u00e0 Pr\u00f3-Reitoria de Ensino, que tem como tarefa dar suporte para professores e estudantes envolvidos no processo de ensino-aprendizagem junto ao e-AULA.<\/p>\n\n\n\n<p>A universidade, em nota oficial, confirmou o prosseguimento das atividades remotas para o segundo semestre letivo deste ano, (<a href=\"http:\/\/ccs2.ufpel.edu.br\/wp\/2020\/07\/29\/nota-da-gestao-suspensao-das-atividades-presenciais\/\">http:\/\/ccs2.ufpel.edu.br\/wp\/2020\/07\/29\/nota-da-gestao-suspensao-das-atividades-presenciais\/<\/a>) este novo calend\u00e1rio deve ser discutido e aprovado em outubro, segundo afira a nota.<\/p>\n\n\n\n<p>Sendo assim, pensando em verificar o uso dos recursos oferecidos pela universidade e qualificar o servi\u00e7o prestado \u00e0 comunidade acad\u00eamica o NATE-UFPel elaborou uma pesquisa que visa melhorar o suporte das atividades no pr\u00f3ximo semestre. Neste sentido, s\u00e3o sete question\u00e1rios, direcionados a p\u00fablicos distintos, enviados diretamente para seus e-mails, atrav\u00e9s do servi\u00e7o de formul\u00e1rios e question\u00e1rios da UFPel (LimeSurvey).<\/p>\n\n\n\n<p>Participam da consulta: monitores virtuais; estudantes de p\u00f3s-gradua\u00e7\u00e3o regularmente matriculados (com matr\u00edculas ou n\u00e3o em disciplinas do calend\u00e1rio alternativo); docentes que ofertaram disciplinas no calend\u00e1rio alternativo ou n\u00e3o; estudantes de&nbsp; gradua\u00e7\u00e3o regularmente matriculados\/as (com matr\u00edculas em disciplinas o calend\u00e1rio alternativo ou n\u00e3o).<\/p>\n\n\n\n<p>Segundo o professor Christiano \u00c1vila, um dos coordenadores do n\u00facleo, uma das principais preocupa\u00e7\u00f5es \u00e9 que os membros da comunidade ao ver a notifica\u00e7\u00e3o do question\u00e1rio em sua caixa, por se tratar de algo facultativo e apenas consultivo, n\u00e3o entenda a import\u00e2ncia de responder ao instrumento.<\/p>\n\n\n\n<p><br>Qualquer d\u00favida podem ser encaminhada pelo e-mail: &nbsp;nate@ufpel.edu.br<\/p>\n","protected":false},"excerpt":{"rendered":"<p>O CALEND\u00c1RIO ALTERNATIVO DA UFPEL EST\u00c1 CONFIRMADO NO SEGUNDO SEMESTRE E A UNIVERSIDADE PLANEJA QUALIFICAR AINDA MAIS SUAS A\u00c7\u00d5ES A Universidade est\u00e1 aplicando question\u00e1rios em toda comunidade acad\u00eamica para qualificar e ampliar a assist\u00eancia oferecida durante o calend\u00e1rio alternativo. Uma das preocupa\u00e7\u00f5es \u00e9 que a comunidade entenda a import\u00e2ncia de responder ao instrumento. Em virtude [&hellip;]<\/p>\n","protected":false},"author":1165,"featured_media":0,"parent":0,"menu_order":0,"comment_status":"closed","ping_status":"closed","template":"","meta":{"footnotes":""},"class_list":["post-715","page","type-page","status-publish","hentry"],"_links":{"self":[{"href":"https:\/\/wp.ufpel.edu.br\/nuped\/wp-json\/wp\/v2\/pages\/715","targetHints":{"allow":["GET"]}}],"collection":[{"href":"https:\/\/wp.ufpel.edu.br\/nuped\/wp-json\/wp\/v2\/pages"}],"about":[{"href":"https:\/\/wp.ufpel.edu.br\/nuped\/wp-json\/wp\/v2\/types\/page"}],"author":[{"embeddable":true,"href":"https:\/\/wp.ufpel.edu.br\/nuped\/wp-json\/wp\/v2\/users\/1165"}],"replies":[{"embeddable":true,"href":"https:\/\/wp.ufpel.edu.br\/nuped\/wp-json\/wp\/v2\/comments?post=715"}],"version-history":[{"count":0,"href":"https:\/\/wp.ufpel.edu.br\/nuped\/wp-json\/wp\/v2\/pages\/715\/revisions"}],"wp:attachment":[{"href":"https:\/\/wp.ufpel.edu.br\/nuped\/wp-json\/wp\/v2\/media?parent=715"}],"curies":[{"name":"wp","href":"https:\/\/api.w.org\/{rel}","templated":true}]}}