{"id":6201,"date":"2025-05-07T15:36:47","date_gmt":"2025-05-07T18:36:47","guid":{"rendered":"https:\/\/wp.ufpel.edu.br\/nuped\/?page_id=6201"},"modified":"2025-05-27T16:00:37","modified_gmt":"2025-05-27T19:00:37","slug":"uab-edital-02-2025-coordernador-de-curso-e-coordenador-de-tutoria","status":"publish","type":"page","link":"https:\/\/wp.ufpel.edu.br\/nuped\/uab-edital-02-2025-coordernador-de-curso-e-coordenador-de-tutoria\/","title":{"rendered":"Edital UAB 02\/2025 \u2013 Sele\u00e7\u00e3o de Coordenador de Curso e Coordenador de Tutoria"},"content":{"rendered":"<p>O Edital <strong>UAB\/UFPEL n\u00ba 02\/2025<\/strong> visa realizar um processo seletivo simplificado para preencher duas vagas destinadas \u00e0 atua\u00e7\u00e3o em bolsas do Sistema Universidade Aberta do Brasil (UAB). As fun\u00e7\u00f5es ofertadas s\u00e3o de <strong>Coordenador de Curso<\/strong> e <strong>Coordenador de Tutoria<\/strong>, ambas vinculadas ao Curso a Dist\u00e2ncia de Extens\u00e3o em Educa\u00e7\u00e3o Especial na Perspectiva da Educa\u00e7\u00e3o Inclusiva. O processo seletivo \u00e9 regido pelas normativas da Coordena\u00e7\u00e3o de Aperfei\u00e7oamento de Pessoal de N\u00edvel Superior (CAPES), especialmente as Portarias n\u00ba 309\/2024, n\u00ba 33\/2023 e pela Instru\u00e7\u00e3o Normativa CAPES n\u00ba 1\/2024.<\/p>\n<p>As vagas s\u00e3o exclusivas para profissionais com <strong>forma\u00e7\u00e3o superior em \u00e1reas relacionadas \u00e0 Educa\u00e7\u00e3o Especial, Pedagogia ou Licenciatura<\/strong>. Para a fun\u00e7\u00e3o de Coordenador de Curso, exige-se <strong>mestrado ou doutorado na \u00e1rea<\/strong>, al\u00e9m de <strong>experi\u00eancia no magist\u00e9rio superior e em educa\u00e7\u00e3o a dist\u00e2ncia<\/strong>. J\u00e1 a fun\u00e7\u00e3o de Coordenador de Tutoria requer experi\u00eancia na Educa\u00e7\u00e3o B\u00e1sica ou em atividades de tutoria em programas ligados \u00e0 forma\u00e7\u00e3o docente. Ambas as fun\u00e7\u00f5es t\u00eam <strong>carga hor\u00e1ria semanal de 20 horas<\/strong>, com bolsas no valor de <strong>R$ 2.000,00<\/strong> e <strong>R$ 1.850,00<\/strong>, respectivamente.<\/p>\n<p>O cronograma prev\u00ea <strong>inscri\u00e7\u00f5es entre os dias 07 e 21 de maio de 2025<\/strong>, com homologa\u00e7\u00e3o dos inscritos at\u00e9 22 de maio. A an\u00e1lise curricular ser\u00e1 realizada at\u00e9 23 de maio, com resultado parcial divulgado na mesma data. Os candidatos ter\u00e3o per\u00edodo entre 24 e 28 de maio para interposi\u00e7\u00e3o de recursos, com divulga\u00e7\u00e3o do resultado final no dia 29 de maio. Todo o processo ocorrer\u00e1 de forma remota, com inscri\u00e7\u00f5es e envio de documentos via formul\u00e1rio eletr\u00f4nico disponibilizado no site da institui\u00e7\u00e3o.<\/p>\n<p><a href=\"https:\/\/docs.google.com\/forms\/d\/e\/1FAIpQLScURMqxTdQYC6qh4BwIDTDm68tRlr4Fo7_UaDuRpH0qEEyzDQ\/viewform\">Formul\u00e1rio de Inscri\u00e7\u00e3o<\/a><\/p>\n<table style=\"border-collapse: unset; width: 100%;\" border=\"0\">\n<thead>\n<tr style=\"height: 22px; background-color: #cccccc;\">\n<td style=\"text-align: center; height: 24px;\" colspan=\"3\"><strong><span style=\"font-size: 10pt; font-family: arial, helvetica, sans-serif;\">ARQUIVOS<\/span><\/strong><\/td>\n<\/tr>\n<tr style=\"height: 16px; background-color: #cccccc;\">\n<td style=\"width: 60%; text-align: left; font-size: 10pt; font-family: arial, helvetica, sans-serif;\"><strong>Descri\u00e7\u00e3o<\/strong><\/td>\n<td style=\"width: 20%; text-align: center; font-size: 10pt; font-family: arial, helvetica, sans-serif;\"><strong>Data<\/strong><\/td>\n<td style=\"width: 20%; text-align: center; font-size: 10pt; font-family: arial, helvetica, sans-serif;\"><strong>Baixar<\/strong><\/td>\n<\/tr>\n<\/thead>\n<tbody>\n<tr style=\"height: 24px; background-color: #f1f1f1;\">\n<td style=\"height: 24px;\"><span style=\"font-size: 10pt; font-family: arial, helvetica, sans-serif;\"><a href=\"https:\/\/wp.ufpel.edu.br\/nuped\/files\/2025\/05\/Edital-UAB-02-2025-Comissao-de-Selecao.pdf\">Designa\u00e7\u00e3o da Comiss\u00e3o de Sele\u00e7\u00e3o<\/a><\/span><\/td>\n<td style=\"height: 24px; text-align: center;\"><span style=\"font-size: 10pt; font-family: arial, helvetica, sans-serif;\">27\/05\/2025<\/span><\/td>\n<td style=\"height: 24px; text-align: center;\"><a href=\"https:\/\/wp.ufpel.edu.br\/nuped\/files\/2025\/05\/Edital-UAB-02-2025-Comissao-de-Selecao.pdf\"><img class=\"alignnone wp-image-5522 size-full\" src=\"https:\/\/wp.ufpel.edu.br\/nuped\/files\/2025\/02\/icon-download.png\" alt=\"\" width=\"18\" height=\"18\" \/><\/a><\/td>\n<\/tr>\n<tr style=\"height: 24px; background-color: #ffffff;\">\n<td style=\"height: 24px;\"><a href=\"https:\/\/wp.ufpel.edu.br\/nuped\/files\/2025\/05\/10-15-ok.pdf\"><span style=\"font-size: 10pt; font-family: arial, helvetica, sans-serif;\">Anexos ao Edital<\/span><\/a><\/td>\n<td style=\"height: 24px; text-align: center;\"><span style=\"font-size: 10pt; font-family: arial, helvetica, sans-serif;\">07\/05\/2025<\/span><\/td>\n<td style=\"height: 24px; text-align: center;\"><a href=\"https:\/\/wp.ufpel.edu.br\/nuped\/files\/2025\/05\/10-15-ok.pdf\"><img class=\"alignnone wp-image-5522 size-full\" src=\"https:\/\/wp.ufpel.edu.br\/nuped\/files\/2025\/02\/icon-download.png\" alt=\"\" width=\"18\" height=\"18\" \/><\/a><\/td>\n<\/tr>\n<tr style=\"height: 24px; background-color: #f1f1f1;\">\n<td style=\"height: 24px;\"><span style=\"font-size: 10pt; font-family: arial, helvetica, sans-serif;\"><a href=\"https:\/\/wp.ufpel.edu.br\/nuped\/files\/2025\/05\/SEI_3054843_Edital_2-4.pdf\">Edital de Abertura<\/a><\/span><\/td>\n<td style=\"height: 24px; text-align: center;\"><span style=\"font-size: 10pt; font-family: arial, helvetica, sans-serif;\">07\/05\/2025<\/span><\/td>\n<td style=\"height: 24px; text-align: center;\"><a href=\"https:\/\/wp.ufpel.edu.br\/nuped\/files\/2025\/05\/SEI_3054843_Edital_2-4.pdf\"><img class=\"alignnone wp-image-5522 size-full\" src=\"https:\/\/wp.ufpel.edu.br\/nuped\/files\/2025\/02\/icon-download.png\" alt=\"\" width=\"18\" height=\"18\" \/><\/a><\/td>\n<\/tr>\n<\/table>\n<p><\/p>\n","protected":false},"excerpt":{"rendered":"<p>O Edital UAB\/UFPEL n\u00ba 02\/2025 visa realizar um processo seletivo simplificado para preencher duas vagas destinadas \u00e0 atua\u00e7\u00e3o em bolsas do Sistema Universidade Aberta do Brasil (UAB). As fun\u00e7\u00f5es ofertadas s\u00e3o de Coordenador de Curso e Coordenador de Tutoria, ambas vinculadas ao Curso a Dist\u00e2ncia de Extens\u00e3o em Educa\u00e7\u00e3o Especial na Perspectiva da Educa\u00e7\u00e3o Inclusiva. [&hellip;]<\/p>\n","protected":false},"author":1308,"featured_media":0,"parent":0,"menu_order":0,"comment_status":"closed","ping_status":"closed","template":"","meta":{"footnotes":""},"class_list":["post-6201","page","type-page","status-publish","hentry"],"_links":{"self":[{"href":"https:\/\/wp.ufpel.edu.br\/nuped\/wp-json\/wp\/v2\/pages\/6201","targetHints":{"allow":["GET"]}}],"collection":[{"href":"https:\/\/wp.ufpel.edu.br\/nuped\/wp-json\/wp\/v2\/pages"}],"about":[{"href":"https:\/\/wp.ufpel.edu.br\/nuped\/wp-json\/wp\/v2\/types\/page"}],"author":[{"embeddable":true,"href":"https:\/\/wp.ufpel.edu.br\/nuped\/wp-json\/wp\/v2\/users\/1308"}],"replies":[{"embeddable":true,"href":"https:\/\/wp.ufpel.edu.br\/nuped\/wp-json\/wp\/v2\/comments?post=6201"}],"version-history":[{"count":10,"href":"https:\/\/wp.ufpel.edu.br\/nuped\/wp-json\/wp\/v2\/pages\/6201\/revisions"}],"predecessor-version":[{"id":6227,"href":"https:\/\/wp.ufpel.edu.br\/nuped\/wp-json\/wp\/v2\/pages\/6201\/revisions\/6227"}],"wp:attachment":[{"href":"https:\/\/wp.ufpel.edu.br\/nuped\/wp-json\/wp\/v2\/media?parent=6201"}],"curies":[{"name":"wp","href":"https:\/\/api.w.org\/{rel}","templated":true}]}}