{"id":6017,"date":"2025-03-26T10:43:32","date_gmt":"2025-03-26T13:43:32","guid":{"rendered":"https:\/\/wp.ufpel.edu.br\/nuped\/?page_id=6017"},"modified":"2025-04-30T19:21:38","modified_gmt":"2025-04-30T22:21:38","slug":"clmd-edital-04-2025-tutoria-presencial-e-a-distancia","status":"publish","type":"page","link":"https:\/\/wp.ufpel.edu.br\/nuped\/editais\/clmd-edital-04-2025-tutoria-presencial-e-a-distancia\/","title":{"rendered":"CLMD \u2013 Edital 04\/2025 \u2013 Tutoria Presencial e a Dist\u00e2ncia"},"content":{"rendered":"<p style=\"font-family: arial, helvetica, sans-serif; font-size: 10pt;\">A Universidade Federal de Pelotas (UFPel), por meio da Coordena\u00e7\u00e3o Institucional da Universidade Aberta do Brasil (UAB-UFPel), torna p\u00fablico o Edital CLMD 04\/2025, que estabelece as normas para o processo seletivo de bolsistas UAB\/CAPES para as fun\u00e7\u00f5es de Tutoria Presencial e Tutoria a Dist\u00e2ncia no Curso de Licenciatura em Matem\u00e1tica a Dist\u00e2ncia (CLMD).<\/p>\n<p style=\"font-family: arial, helvetica, sans-serif; font-size: 10pt;\">Este processo visa selecionar tutores para atuar no suporte acad\u00eamico e pedag\u00f3gico dos estudantes do CLMD, garantindo o acompanhamento das atividades educacionais, media\u00e7\u00e3o did\u00e1tica e apoio \u00e0s a\u00e7\u00f5es de ensino desenvolvidas no curso.<\/p>\n<p style=\"font-family: arial, helvetica, sans-serif; font-size: 10pt;\">As vagas disponibilizadas s\u00e3o destinadas a diferentes polos de apoio presencial e ao cadastro de reserva para tutoria a dist\u00e2ncia. A sele\u00e7\u00e3o ser\u00e1 conduzida conforme os crit\u00e9rios estabelecidos pela <b>Portaria CAPES n\u00ba 309\/2024<\/b>, <b>Portaria CAPES n\u00ba 33\/2023<\/b> e demais regulamenta\u00e7\u00f5es aplic\u00e1veis.<\/p>\n<p style=\"font-family: arial, helvetica, sans-serif; font-size: 10pt;\">Os interessados devem observar atentamente os <b>requisitos<\/b> e <b>prazos<\/b> descritos no edital, bem como a documenta\u00e7\u00e3o necess\u00e1ria para inscri\u00e7\u00e3o. A atua\u00e7\u00e3o como tutor exige comprometimento com a rotina acad\u00eamica do curso, disponibilidade de <b>20 horas semanais<\/b> e <b>experi\u00eancia com ambientes virtuais de aprendizagem (Moodle ou similar)<\/b>.<\/p>\n<p style=\"font-family: arial, helvetica, sans-serif; font-size: 10pt;\">E para mais detalhes sobre o processo seletivo, os crit\u00e9rios de participa\u00e7\u00e3o e a documenta\u00e7\u00e3o necess\u00e1ria, consulte os arquivos abaixo.<\/p>\n<table style=\"border-collapse: unset; width: 100%;\" border=\"0\">\n<thead>\n<tr style=\"height: 22px; background-color: #cccccc;\">\n<td style=\"text-align: center; height: 24px;\" colspan=\"3\"><strong><span style=\"font-size: 10pt; font-family: arial, helvetica, sans-serif;\">ARQUIVOS<\/span><\/strong><\/td>\n<\/tr>\n<tr style=\"height: 16px; background-color: #cccccc;\">\n<td style=\"width: 60%; text-align: left; font-size: 10pt; font-family: arial, helvetica, sans-serif;\"><strong>Descri\u00e7\u00e3o<\/strong><\/td>\n<td style=\"width: 20%; text-align: center; font-size: 10pt; font-family: arial, helvetica, sans-serif;\"><strong>Data<\/strong><\/td>\n<td style=\"width: 20%; text-align: center; font-size: 10pt; font-family: arial, helvetica, sans-serif;\"><strong>Baixar<\/strong><\/td>\n<\/tr>\n<\/thead>\n<tbody>\n<tr style=\"height: 24px; background-color: #ffffff;\">\n<td style=\"height: 24px;\"><a href=\"https:\/\/wp.ufpel.edu.br\/nuped\/files\/2025\/04\/SEI_3048803_Edital_CLMD_04_2025.pdf\"><span style=\"font-size: 10pt; font-family: arial, helvetica, sans-serif;\">Resultado Final<\/span><\/a><\/td>\n<td style=\"height: 24px; text-align: center;\"><span style=\"font-size: 10pt; font-family: arial, helvetica, sans-serif;\">30\/04\/2025<\/span><\/td>\n<td style=\"height: 24px; text-align: center;\"><a href=\"https:\/\/wp.ufpel.edu.br\/nuped\/files\/2025\/04\/SEI_3048803_Edital_CLMD_04_2025.pdf\"><img class=\"alignnone size-full wp-image-5522\" src=\"https:\/\/wp.ufpel.edu.br\/nuped\/files\/2025\/02\/icon-download.png\" alt=\"\" width=\"18\" height=\"18\" \/><\/a><\/td>\n<\/tr>\n<tr style=\"height: 24px; background-color: #f1f1f1;\">\n<td style=\"height: 24px;\"><a href=\"https:\/\/wp.ufpel.edu.br\/nuped\/files\/2025\/04\/SEI_3037546_Edital_CLMD_04_2025.pdf\"><span style=\"font-size: 10pt; font-family: arial, helvetica, sans-serif;\">Resultado Parcial da An\u00e1lise dos Curr\u00edculos<\/span><\/a><\/td>\n<td style=\"height: 24px; text-align: center;\"><span style=\"font-size: 10pt; font-family: arial, helvetica, sans-serif;\">23\/04\/2025<\/span><\/td>\n<td style=\"height: 24px; text-align: center;\"><a href=\"https:\/\/wp.ufpel.edu.br\/nuped\/files\/2025\/04\/SEI_3037546_Edital_CLMD_04_2025.pdf\"><img class=\"alignnone size-full wp-image-5522\" src=\"https:\/\/wp.ufpel.edu.br\/nuped\/files\/2025\/02\/icon-download.png\" alt=\"\" width=\"18\" height=\"18\" \/><\/a><\/td>\n<\/tr>\n<tr style=\"height: 24px; background-color: #ffffff;\">\n<td style=\"height: 24px;\"><a href=\"https:\/\/wp.ufpel.edu.br\/nuped\/files\/2025\/04\/SEI_3025583_Ata___Homologacao_de_Inscricoes.pdf\"><span style=\"font-size: 10pt; font-family: arial, helvetica, sans-serif;\">Homologa\u00e7\u00e3o das Inscri\u00e7\u00f5es<\/span><\/a><\/td>\n<td style=\"height: 24px; text-align: center;\"><span style=\"font-size: 10pt; font-family: arial, helvetica, sans-serif;\">25\/03\/2025<\/span><\/td>\n<td style=\"height: 24px; text-align: center;\"><a href=\"https:\/\/wp.ufpel.edu.br\/nuped\/files\/2025\/04\/SEI_3025583_Ata___Homologacao_de_Inscricoes.pdf\"><img class=\"alignnone size-full wp-image-5522\" src=\"https:\/\/wp.ufpel.edu.br\/nuped\/files\/2025\/02\/icon-download.png\" alt=\"\" width=\"18\" height=\"18\" \/><\/a><\/td>\n<\/tr>\n<tr style=\"height: 24px; background-color: #f1f1f1;\">\n<td style=\"height: 24px;\"><a href=\"https:\/\/wp.ufpel.edu.br\/nuped\/files\/2025\/03\/SEI_3000922_Edital_CLMD_04_2025.pdf\"><span style=\"font-size: 10pt; font-family: arial, helvetica, sans-serif;\">Edital n\u00ba. 04\/2025 &#8211; Abertura e Inscri\u00e7\u00f5es<\/span><\/a><\/td>\n<td style=\"height: 24px; text-align: center;\"><span style=\"font-size: 10pt; font-family: arial, helvetica, sans-serif;\">25\/03\/2025<\/span><\/td>\n<td style=\"height: 24px; text-align: center;\"><a href=\"https:\/\/wp.ufpel.edu.br\/nuped\/files\/2025\/03\/SEI_3000922_Edital_CLMD_04_2025.pdf\"><img class=\"alignnone size-full wp-image-5522\" src=\"https:\/\/wp.ufpel.edu.br\/nuped\/files\/2025\/02\/icon-download.png\" alt=\"\" width=\"18\" height=\"18\" \/><\/a><\/td>\n<\/tr>\n<\/tbody>\n<\/table>\n<p>&nbsp;<\/p>\n","protected":false},"excerpt":{"rendered":"<p>A Universidade Federal de Pelotas (UFPel), por meio da Coordena\u00e7\u00e3o Institucional da Universidade Aberta do Brasil (UAB-UFPel), torna p\u00fablico o Edital CLMD 04\/2025, que estabelece as normas para o processo seletivo de bolsistas UAB\/CAPES para as fun\u00e7\u00f5es de Tutoria Presencial e Tutoria a Dist\u00e2ncia no Curso de Licenciatura em Matem\u00e1tica a Dist\u00e2ncia (CLMD). Este processo [&hellip;]<\/p>\n","protected":false},"author":1308,"featured_media":0,"parent":5554,"menu_order":0,"comment_status":"closed","ping_status":"closed","template":"","meta":{"footnotes":""},"class_list":["post-6017","page","type-page","status-publish","hentry"],"_links":{"self":[{"href":"https:\/\/wp.ufpel.edu.br\/nuped\/wp-json\/wp\/v2\/pages\/6017","targetHints":{"allow":["GET"]}}],"collection":[{"href":"https:\/\/wp.ufpel.edu.br\/nuped\/wp-json\/wp\/v2\/pages"}],"about":[{"href":"https:\/\/wp.ufpel.edu.br\/nuped\/wp-json\/wp\/v2\/types\/page"}],"author":[{"embeddable":true,"href":"https:\/\/wp.ufpel.edu.br\/nuped\/wp-json\/wp\/v2\/users\/1308"}],"replies":[{"embeddable":true,"href":"https:\/\/wp.ufpel.edu.br\/nuped\/wp-json\/wp\/v2\/comments?post=6017"}],"version-history":[{"count":9,"href":"https:\/\/wp.ufpel.edu.br\/nuped\/wp-json\/wp\/v2\/pages\/6017\/revisions"}],"predecessor-version":[{"id":6190,"href":"https:\/\/wp.ufpel.edu.br\/nuped\/wp-json\/wp\/v2\/pages\/6017\/revisions\/6190"}],"up":[{"embeddable":true,"href":"https:\/\/wp.ufpel.edu.br\/nuped\/wp-json\/wp\/v2\/pages\/5554"}],"wp:attachment":[{"href":"https:\/\/wp.ufpel.edu.br\/nuped\/wp-json\/wp\/v2\/media?parent=6017"}],"curies":[{"name":"wp","href":"https:\/\/api.w.org\/{rel}","templated":true}]}}