{"id":5996,"date":"2025-03-24T09:47:05","date_gmt":"2025-03-24T12:47:05","guid":{"rendered":"https:\/\/wp.ufpel.edu.br\/nuped\/?page_id=5996"},"modified":"2025-03-24T10:09:26","modified_gmt":"2025-03-24T13:09:26","slug":"agenda-da-sala-de-webconferencia-310","status":"publish","type":"page","link":"https:\/\/wp.ufpel.edu.br\/nuped\/agenda-da-sala-de-webconferencia-310\/","title":{"rendered":"Agendamento da sala de webconfer\u00eancia &#8211; Sala 310"},"content":{"rendered":"<p>A Sala 310 da Campus Anglo da Universidade Federal de Pelotas (UFPel) est\u00e1 dispon\u00edvel para a realiza\u00e7\u00e3o de webconfer\u00eancias, oferecendo um espa\u00e7o equipado e adequado para eventos online. Para garantir a disponibilidade da sala na data e hor\u00e1rio desejados, \u00e9 necess\u00e1rio realizar o agendamento atrav\u00e9s do sistema de tickets da UFPel, dispon\u00edvel no endere\u00e7o:<\/p>\n<p><a href=\"http:\/\/atendimento.ufpel.edu.br\">atendimento.ufpel.edu.br<\/a><\/p>\n<p>Solicitamos que sejam enviadas no ticket as seguintes informa\u00e7\u00f5es:<\/p>\n<ul>\n<li data-sourcepos=\"12:5-12:34\">Nome completo do solicitante<\/li>\n<li data-sourcepos=\"13:5-13:26\">Unidade\/Departamento<\/li>\n<li data-sourcepos=\"14:5-14:34\">Telefone e e-mail de contato<\/li>\n<li data-sourcepos=\"15:5-15:52\">Data e hor\u00e1rio desejados para a webconfer\u00eancia<\/li>\n<li data-sourcepos=\"16:5-16:40\">Dura\u00e7\u00e3o estimada da webconfer\u00eancia<\/li>\n<li data-sourcepos=\"17:5-17:39\">N\u00famero de participantes esperados<\/li>\n<li data-sourcepos=\"18:5-18:54\">Descri\u00e7\u00e3o da webconfer\u00eancia (t\u00edtulo, tema, etc.)<\/li>\n<li data-sourcepos=\"19:5-19:79\">Necessidades espec\u00edficas (equipamentos adicionais, suporte t\u00e9cnico, etc.)<\/li>\n<li data-sourcepos=\"20:5-20:52\">Informe que a sala a ser agendada \u00e9 a sala 310<\/li>\n<\/ul>\n<p>A equipe respons\u00e1vel analisar\u00e1 sua solicita\u00e7\u00e3o e entrar\u00e1 em contato para confirmar o agendamento ou solicitar informa\u00e7\u00f5es adicionais, se necess\u00e1rio.<\/p>\n<p>Abaixo est\u00e1 dispon\u00edvel a agenda da sala 310:<\/p>\n<p><iframe style=\"border: 0;\" src=\"https:\/\/calendar.google.com\/calendar\/embed?src=c_3e81fec5154ce9c228dd6e799e73bbf1e31d6a5a59ec51e21a9a1a363b211830%40group.calendar.google.com&amp;ctz=America%2FSao_Paulo\" width=\"800\" height=\"600\" frameborder=\"0\" scrolling=\"no\"><\/iframe><\/p>\n<p>&nbsp;<\/p>\n","protected":false},"excerpt":{"rendered":"<p>A Sala 310 da Campus Anglo da Universidade Federal de Pelotas (UFPel) est\u00e1 dispon\u00edvel para a realiza\u00e7\u00e3o de webconfer\u00eancias, oferecendo um espa\u00e7o equipado e adequado para eventos online. Para garantir a disponibilidade da sala na data e hor\u00e1rio desejados, \u00e9 necess\u00e1rio realizar o agendamento atrav\u00e9s do sistema de tickets da UFPel, dispon\u00edvel no endere\u00e7o: atendimento.ufpel.edu.br [&hellip;]<\/p>\n","protected":false},"author":1309,"featured_media":0,"parent":0,"menu_order":0,"comment_status":"closed","ping_status":"closed","template":"","meta":{"footnotes":""},"class_list":["post-5996","page","type-page","status-publish","hentry"],"_links":{"self":[{"href":"https:\/\/wp.ufpel.edu.br\/nuped\/wp-json\/wp\/v2\/pages\/5996","targetHints":{"allow":["GET"]}}],"collection":[{"href":"https:\/\/wp.ufpel.edu.br\/nuped\/wp-json\/wp\/v2\/pages"}],"about":[{"href":"https:\/\/wp.ufpel.edu.br\/nuped\/wp-json\/wp\/v2\/types\/page"}],"author":[{"embeddable":true,"href":"https:\/\/wp.ufpel.edu.br\/nuped\/wp-json\/wp\/v2\/users\/1309"}],"replies":[{"embeddable":true,"href":"https:\/\/wp.ufpel.edu.br\/nuped\/wp-json\/wp\/v2\/comments?post=5996"}],"version-history":[{"count":4,"href":"https:\/\/wp.ufpel.edu.br\/nuped\/wp-json\/wp\/v2\/pages\/5996\/revisions"}],"predecessor-version":[{"id":6007,"href":"https:\/\/wp.ufpel.edu.br\/nuped\/wp-json\/wp\/v2\/pages\/5996\/revisions\/6007"}],"wp:attachment":[{"href":"https:\/\/wp.ufpel.edu.br\/nuped\/wp-json\/wp\/v2\/media?parent=5996"}],"curies":[{"name":"wp","href":"https:\/\/api.w.org\/{rel}","templated":true}]}}