{"id":5939,"date":"2025-03-14T11:34:02","date_gmt":"2025-03-14T14:34:02","guid":{"rendered":"https:\/\/wp.ufpel.edu.br\/nuped\/?page_id=5939"},"modified":"2025-03-14T11:34:02","modified_gmt":"2025-03-14T14:34:02","slug":"clhd-edital-04-2025-coordenadoria-de-curso","status":"publish","type":"page","link":"https:\/\/wp.ufpel.edu.br\/nuped\/editais\/clhd-edital-04-2025-coordenadoria-de-curso\/","title":{"rendered":"CLHD &#8211; Edital 04\/2025 &#8211; Coordenadoria de curso"},"content":{"rendered":"<p style=\"font-family: arial, helvetica, sans-serif; font-size: 10pt;\">A Coordena\u00e7\u00e3o Institucional da Universidade Aberta do Brasil da Universidade Federal de Pelotas (UAB-UFPEL), torna p\u00fablica a abertura das inscri\u00e7\u00f5es para a sele\u00e7\u00e3o de bolsistas UAB\/CAPES para a fun\u00e7\u00e3o de COORDENADORIA DE CURSO junto ao Curso de Licenciatura em Hist\u00f3ria \u00e0 Dist\u00e2ncia &#8211; CLHD.<\/p>\n<p style=\"font-family: arial, helvetica, sans-serif; font-size: 10pt;\">Para mais detalhes sobre o processo seletivo, os crit\u00e9rios de participa\u00e7\u00e3o e a documenta\u00e7\u00e3o necess\u00e1ria, consulte os arquivos abaixo.<\/p>\n<table style=\"border-collapse: unset; width: 100%;\" border=\"0\">\n<thead>\n<tr style=\"height: 22px; background-color: #cccccc;\">\n<td style=\"text-align: center; height: 24px;\" colspan=\"3\"><strong><span style=\"font-size: 10pt; font-family: arial, helvetica, sans-serif;\">ARQUIVOS<\/span><\/strong><\/td>\n<\/tr>\n<tr style=\"height: 16px; background-color: #cccccc;\">\n<td style=\"width: 60%; text-align: left; font-size: 10pt; font-family: arial, helvetica, sans-serif;\"><strong>Descri\u00e7\u00e3o<\/strong><\/td>\n<td style=\"width: 20%; text-align: center; font-size: 10pt; font-family: arial, helvetica, sans-serif;\"><strong>Data<\/strong><\/td>\n<td style=\"width: 20%; text-align: center; font-size: 10pt; font-family: arial, helvetica, sans-serif;\"><strong>Baixar<\/strong><\/td>\n<\/tr>\n<\/thead>\n<tbody>\n<tr style=\"height: 24px; background-color: #ffffff;\">\n<td style=\"height: 24px;\"><span style=\"font-size: 10pt; font-family: arial, helvetica, sans-serif;\"><a href=\"https:\/\/wp.ufpel.edu.br\/nuped\/files\/2025\/03\/Edital_COORDENADOR___04_2025_corrigido_NUPED_assinado.pdf\">Edital n\u00ba. 04\/2025 &#8211; Abertura<\/a><\/span><\/td>\n<td style=\"height: 24px; text-align: center;\"><span style=\"font-size: 10pt; font-family: arial, helvetica, sans-serif;\">14\/03\/2025<\/span><\/td>\n<td style=\"height: 24px; text-align: center;\"><a href=\"https:\/\/wp.ufpel.edu.br\/nuped\/files\/2025\/03\/Edital_COORDENADOR___04_2025_corrigido_NUPED_assinado.pdf\"><img class=\"alignnone wp-image-5522 size-full\" src=\"https:\/\/wp.ufpel.edu.br\/nuped\/files\/2025\/02\/icon-download.png\" alt=\"\" width=\"18\" height=\"18\" \/><\/a><\/td>\n<\/tr>\n<\/tbody>\n<\/table>\n<p>&nbsp;<\/p>\n","protected":false},"excerpt":{"rendered":"<p>A Coordena\u00e7\u00e3o Institucional da Universidade Aberta do Brasil da Universidade Federal de Pelotas (UAB-UFPEL), torna p\u00fablica a abertura das inscri\u00e7\u00f5es para a sele\u00e7\u00e3o de bolsistas UAB\/CAPES para a fun\u00e7\u00e3o de COORDENADORIA DE CURSO junto ao Curso de Licenciatura em Hist\u00f3ria \u00e0 Dist\u00e2ncia &#8211; CLHD. Para mais detalhes sobre o processo seletivo, os crit\u00e9rios de participa\u00e7\u00e3o [&hellip;]<\/p>\n","protected":false},"author":1309,"featured_media":0,"parent":5554,"menu_order":0,"comment_status":"closed","ping_status":"closed","template":"","meta":{"footnotes":""},"class_list":["post-5939","page","type-page","status-publish","hentry"],"_links":{"self":[{"href":"https:\/\/wp.ufpel.edu.br\/nuped\/wp-json\/wp\/v2\/pages\/5939","targetHints":{"allow":["GET"]}}],"collection":[{"href":"https:\/\/wp.ufpel.edu.br\/nuped\/wp-json\/wp\/v2\/pages"}],"about":[{"href":"https:\/\/wp.ufpel.edu.br\/nuped\/wp-json\/wp\/v2\/types\/page"}],"author":[{"embeddable":true,"href":"https:\/\/wp.ufpel.edu.br\/nuped\/wp-json\/wp\/v2\/users\/1309"}],"replies":[{"embeddable":true,"href":"https:\/\/wp.ufpel.edu.br\/nuped\/wp-json\/wp\/v2\/comments?post=5939"}],"version-history":[{"count":1,"href":"https:\/\/wp.ufpel.edu.br\/nuped\/wp-json\/wp\/v2\/pages\/5939\/revisions"}],"predecessor-version":[{"id":5941,"href":"https:\/\/wp.ufpel.edu.br\/nuped\/wp-json\/wp\/v2\/pages\/5939\/revisions\/5941"}],"up":[{"embeddable":true,"href":"https:\/\/wp.ufpel.edu.br\/nuped\/wp-json\/wp\/v2\/pages\/5554"}],"wp:attachment":[{"href":"https:\/\/wp.ufpel.edu.br\/nuped\/wp-json\/wp\/v2\/media?parent=5939"}],"curies":[{"name":"wp","href":"https:\/\/api.w.org\/{rel}","templated":true}]}}