{"id":5816,"date":"2025-02-25T18:38:37","date_gmt":"2025-02-25T21:38:37","guid":{"rendered":"https:\/\/wp.ufpel.edu.br\/nuped\/?page_id=5816"},"modified":"2025-04-17T09:29:01","modified_gmt":"2025-04-17T12:29:01","slug":"despesas-gerais","status":"publish","type":"page","link":"https:\/\/wp.ufpel.edu.br\/nuped\/despesas-gerais\/","title":{"rendered":"Despesas Gerais"},"content":{"rendered":"<p class=\"Texto_Justificado\">O <b>or\u00e7amento<\/b> apresenta um planejamento financeiro para atender aos diferentes programas de trabalho no setor p\u00fablico. No caso do <b>or\u00e7amento do NUPED<\/b>, o foco est\u00e1 nos recursos destinados \u00e0 <b>Educa\u00e7\u00e3o a Dist\u00e2ncia<\/b>. A tabela a seguir detalha as disponibilidades de saldo, transfer\u00eancias, empenhos e o saldo final dispon\u00edvel para cada \u00e1rea:<\/p>\n<p class=\"Texto_Justificado\"><b>Saldo Liberado<\/b>: Refere-se ao <b>somat\u00f3rio<\/b> dos valores liberados para os programas.<\/p>\n<p class=\"Texto_Justificado\"><b>Transfer\u00eancias<\/b>: S\u00e3o os <b>valores transferidos<\/b> para cobrir despesas j\u00e1 realizadas ou compromissadas.<\/p>\n<p class=\"Texto_Justificado\"><b>Empenhado<\/b>: \u00c9 o <b>valor reservado ou comprometido<\/b> no or\u00e7amento para uma despesa espec\u00edfica. Ou seja, esse valor j\u00e1 foi destinado para cobrir uma determinada a\u00e7\u00e3o ou servi\u00e7o, n\u00e3o podendo ser usado para outras finalidades.<\/p>\n<p class=\"Texto_Justificado\"><b>Saldo Dispon\u00edvel<\/b>: Ap\u00f3s as <b>transfer\u00eancias<\/b> e os <b>empenhos<\/b>, o <b>saldo dispon\u00edvel<\/b> representa o valor que ainda est\u00e1 livre para novas despesas ou a\u00e7\u00f5es dentro do or\u00e7amento do programa.<\/p>\n<p>Maiores informa\u00e7\u00f5es no arquivo a seguir:<\/p>\n<p><a href=\"https:\/\/docs.google.com\/document\/d\/1E0bwVGADIx1yEh3yPdwzsfCFx9SMzrrn\/edit?tab=t.0#bookmark=id.4f2eod73w75v\">Or\u00e7amento<\/a><br \/>\n<a href=\"https:\/\/drive.google.com\/drive\/folders\/1mXaTGy0hQ6GeLSM-R9RH4kd6CM3_qs3K\">Transfer\u00eancias<\/a><br \/>\n<a href=\"https:\/\/drive.google.com\/drive\/folders\/1jqlc-f7sr1Hzhxn8iXIi1HxwD3NMXMCt\">Empenhos<\/a><\/p>\n<p><!-- HISTORICO DE ORCAMENTOS\n<a href=\"https:\/\/wp.ufpel.edu.br\/nuped\/files\/2025\/02\/orcamento_assinado.pdf\">Orcamento Aassinado<\/a>\n--><\/p>\n","protected":false},"excerpt":{"rendered":"<p>O or\u00e7amento apresenta um planejamento financeiro para atender aos diferentes programas de trabalho no setor p\u00fablico. No caso do or\u00e7amento do NUPED, o foco est\u00e1 nos recursos destinados \u00e0 Educa\u00e7\u00e3o a Dist\u00e2ncia. A tabela a seguir detalha as disponibilidades de saldo, transfer\u00eancias, empenhos e o saldo final dispon\u00edvel para cada \u00e1rea: Saldo Liberado: Refere-se ao [&hellip;]<\/p>\n","protected":false},"author":1309,"featured_media":0,"parent":0,"menu_order":0,"comment_status":"closed","ping_status":"closed","template":"","meta":{"footnotes":""},"class_list":["post-5816","page","type-page","status-publish","hentry"],"_links":{"self":[{"href":"https:\/\/wp.ufpel.edu.br\/nuped\/wp-json\/wp\/v2\/pages\/5816","targetHints":{"allow":["GET"]}}],"collection":[{"href":"https:\/\/wp.ufpel.edu.br\/nuped\/wp-json\/wp\/v2\/pages"}],"about":[{"href":"https:\/\/wp.ufpel.edu.br\/nuped\/wp-json\/wp\/v2\/types\/page"}],"author":[{"embeddable":true,"href":"https:\/\/wp.ufpel.edu.br\/nuped\/wp-json\/wp\/v2\/users\/1309"}],"replies":[{"embeddable":true,"href":"https:\/\/wp.ufpel.edu.br\/nuped\/wp-json\/wp\/v2\/comments?post=5816"}],"version-history":[{"count":6,"href":"https:\/\/wp.ufpel.edu.br\/nuped\/wp-json\/wp\/v2\/pages\/5816\/revisions"}],"predecessor-version":[{"id":6134,"href":"https:\/\/wp.ufpel.edu.br\/nuped\/wp-json\/wp\/v2\/pages\/5816\/revisions\/6134"}],"wp:attachment":[{"href":"https:\/\/wp.ufpel.edu.br\/nuped\/wp-json\/wp\/v2\/media?parent=5816"}],"curies":[{"name":"wp","href":"https:\/\/api.w.org\/{rel}","templated":true}]}}