{"id":5683,"date":"2025-02-18T10:55:51","date_gmt":"2025-02-18T13:55:51","guid":{"rendered":"https:\/\/wp.ufpel.edu.br\/nuped\/?page_id=5683"},"modified":"2025-03-07T10:34:07","modified_gmt":"2025-03-07T13:34:07","slug":"clhd-edital-07-2025-tutoria","status":"publish","type":"page","link":"https:\/\/wp.ufpel.edu.br\/nuped\/editais\/clhd-edital-07-2025-tutoria\/","title":{"rendered":"CLHD &#8211; Edital 07\/2025 &#8211; Tutoria"},"content":{"rendered":"<p style=\"font-family: arial, helvetica, sans-serif; font-size: 10pt;\">A Universidade Federal de Pelotas (UFPel), por meio da Coordena\u00e7\u00e3o Institucional da Universidade Aberta do Brasil (UAB\/UFPel), est\u00e1 com inscri\u00e7\u00f5es abertas para a sele\u00e7\u00e3o de bolsistas para a fun\u00e7\u00e3o de Tutor(a) a Dist\u00e2ncia em LIBRAS no Curso de Licenciatura em Hist\u00f3ria a Dist\u00e2ncia (CLHD).<\/p>\n<p style=\"font-family: arial, helvetica, sans-serif; font-size: 10pt;\">O processo seletivo busca profissionais com forma\u00e7\u00e3o em Letras Libras ou \u00e1reas afins, experi\u00eancia em ensino a dist\u00e2ncia e disponibilidade para atua\u00e7\u00e3o conforme as diretrizes do programa. Os selecionados ter\u00e3o a responsabilidade de mediar a aprendizagem dos estudantes e prestar suporte pedag\u00f3gico no ambiente virtual de ensino.<\/p>\n<p style=\"font-family: arial, helvetica, sans-serif; font-size: 10pt;\">As inscri\u00e7\u00f5es estar\u00e3o abertas de 18 de fevereiro a 4 de mar\u00e7o de 2025 e devem ser realizadas online. Os candidatos aprovados poder\u00e3o atuar com bolsa concedida pela CAPES, conforme a regulamenta\u00e7\u00e3o vigente.<\/p>\n<p style=\"font-family: arial, helvetica, sans-serif; font-size: 10pt;\">Para mais detalhes sobre o processo seletivo, os crit\u00e9rios de participa\u00e7\u00e3o e a documenta\u00e7\u00e3o necess\u00e1ria, consulte os arquivos abaixo.<\/p>\n<table style=\"border-collapse: unset; width: 100%;\" border=\"0\">\n<thead>\n<tr style=\"height: 22px; background-color: #cccccc;\">\n<td style=\"text-align: center; height: 24px;\" colspan=\"3\"><strong><span style=\"font-size: 10pt; font-family: arial, helvetica, sans-serif;\">ARQUIVOS<\/span><\/strong><\/td>\n<\/tr>\n<tr style=\"height: 16px; background-color: #cccccc;\">\n<td style=\"width: 60%; text-align: left; font-size: 10pt; font-family: arial, helvetica, sans-serif;\"><strong>Descri\u00e7\u00e3o<\/strong><\/td>\n<td style=\"width: 20%; text-align: center; font-size: 10pt; font-family: arial, helvetica, sans-serif;\"><strong>Data<\/strong><\/td>\n<td style=\"width: 20%; text-align: center; font-size: 10pt; font-family: arial, helvetica, sans-serif;\"><strong>Baixar<\/strong><\/td>\n<\/tr>\n<\/thead>\n<tbody>\n<tr style=\"height: 24px; background-color: #f1f1f1;\">\n<td style=\"height: 24px;\"><span style=\"font-size: 10pt; font-family: arial, helvetica, sans-serif;\"><a href=\"https:\/\/wp.ufpel.edu.br\/nuped\/files\/2025\/03\/SEI_2975237_Memorando_49.pdf\">Edital n\u00ba. 07\/2025 &#8211; Homologa\u00e7\u00e3o<\/a><\/span><\/td>\n<td style=\"height: 24px; text-align: center;\"><span style=\"font-size: 10pt; font-family: arial, helvetica, sans-serif;\">07\/03\/2025<\/span><\/td>\n<td style=\"height: 24px; text-align: center;\"><a href=\"https:\/\/wp.ufpel.edu.br\/nuped\/files\/2025\/03\/SEI_2975237_Memorando_49.pdf\"><img class=\"alignnone wp-image-5522 size-full\" src=\"https:\/\/wp.ufpel.edu.br\/nuped\/files\/2025\/02\/icon-download.png\" alt=\"\" width=\"18\" height=\"18\" \/><\/a><\/td>\n<\/tr>\n<tr style=\"height: 24px; background-color: #ffffff;\">\n<td style=\"height: 24px;\"><span style=\"font-size: 10pt; font-family: arial, helvetica, sans-serif;\"><a href=\"https:\/\/wp.ufpel.edu.br\/nuped\/files\/2025\/02\/Edital_CLHD_07_ANO_2025_Tutoria_a_distancia_LIBRAS_VERSAOFINALnuped_assinado.pdf\">Edital n\u00ba. 07\/2025 &#8211; Abertura<\/a><\/span><\/td>\n<td style=\"height: 24px; text-align: center;\"><span style=\"font-size: 10pt; font-family: arial, helvetica, sans-serif;\">18\/02\/2025<\/span><\/td>\n<td style=\"height: 24px; text-align: center;\"><a href=\"https:\/\/wp.ufpel.edu.br\/nuped\/files\/2025\/02\/Edital_CLHD_07_ANO_2025_Tutoria_a_distancia_LIBRAS_VERSAOFINALnuped_assinado.pdf\"><img class=\"alignnone size-full wp-image-5522\" src=\"https:\/\/wp.ufpel.edu.br\/nuped\/files\/2025\/02\/icon-download.png\" alt=\"\" width=\"18\" height=\"18\" \/><\/a><\/td>\n<\/tr>\n<\/tbody>\n<\/table>\n<p>&nbsp;<\/p>\n","protected":false},"excerpt":{"rendered":"<p>A Universidade Federal de Pelotas (UFPel), por meio da Coordena\u00e7\u00e3o Institucional da Universidade Aberta do Brasil (UAB\/UFPel), est\u00e1 com inscri\u00e7\u00f5es abertas para a sele\u00e7\u00e3o de bolsistas para a fun\u00e7\u00e3o de Tutor(a) a Dist\u00e2ncia em LIBRAS no Curso de Licenciatura em Hist\u00f3ria a Dist\u00e2ncia (CLHD). O processo seletivo busca profissionais com forma\u00e7\u00e3o em Letras Libras ou [&hellip;]<\/p>\n","protected":false},"author":1308,"featured_media":0,"parent":5554,"menu_order":0,"comment_status":"closed","ping_status":"closed","template":"","meta":{"footnotes":""},"class_list":["post-5683","page","type-page","status-publish","hentry"],"_links":{"self":[{"href":"https:\/\/wp.ufpel.edu.br\/nuped\/wp-json\/wp\/v2\/pages\/5683","targetHints":{"allow":["GET"]}}],"collection":[{"href":"https:\/\/wp.ufpel.edu.br\/nuped\/wp-json\/wp\/v2\/pages"}],"about":[{"href":"https:\/\/wp.ufpel.edu.br\/nuped\/wp-json\/wp\/v2\/types\/page"}],"author":[{"embeddable":true,"href":"https:\/\/wp.ufpel.edu.br\/nuped\/wp-json\/wp\/v2\/users\/1308"}],"replies":[{"embeddable":true,"href":"https:\/\/wp.ufpel.edu.br\/nuped\/wp-json\/wp\/v2\/comments?post=5683"}],"version-history":[{"count":4,"href":"https:\/\/wp.ufpel.edu.br\/nuped\/wp-json\/wp\/v2\/pages\/5683\/revisions"}],"predecessor-version":[{"id":5862,"href":"https:\/\/wp.ufpel.edu.br\/nuped\/wp-json\/wp\/v2\/pages\/5683\/revisions\/5862"}],"up":[{"embeddable":true,"href":"https:\/\/wp.ufpel.edu.br\/nuped\/wp-json\/wp\/v2\/pages\/5554"}],"wp:attachment":[{"href":"https:\/\/wp.ufpel.edu.br\/nuped\/wp-json\/wp\/v2\/media?parent=5683"}],"curies":[{"name":"wp","href":"https:\/\/api.w.org\/{rel}","templated":true}]}}