{"id":5663,"date":"2025-02-18T10:14:47","date_gmt":"2025-02-18T13:14:47","guid":{"rendered":"https:\/\/wp.ufpel.edu.br\/nuped\/?page_id=5663"},"modified":"2025-02-18T10:15:53","modified_gmt":"2025-02-18T13:15:53","slug":"esef-edital-210-2024-aluno-regular","status":"publish","type":"page","link":"https:\/\/wp.ufpel.edu.br\/nuped\/editais\/esef-edital-210-2024-aluno-regular\/","title":{"rendered":"ESEF &#8211; Edital 210\/2024 &#8211; Aluno Regular"},"content":{"rendered":"<p style=\"font-family: arial, helvetica, sans-serif; font-size: 10pt;\">A Universidade Federal de Pelotas em conformidade com o Regimento Lato Sensu da Pr\u00f3-Reitoria de Pesquisa e P\u00f3s-Gradua\u00e7\u00e3o e a Coordena\u00e7\u00e3o do Curso de Educa\u00e7\u00e3o F\u00edsica Escolar modalidade EAD tornam p\u00fablico, para conhecimento dos interessados, o processo de sele\u00e7\u00e3o dos candidatos ao referido Curso, nos termos estabelecidos neste Edital.<\/p>\n<p style=\"font-family: arial, helvetica, sans-serif; font-size: 10pt;\">As inscri\u00e7\u00f5es estar\u00e3o abertas de <strong>07 a 22 de fevereiro de 2025<\/strong>, e os candidatos devem atender aos requisitos exigidos no edital, incluindo forma\u00e7\u00e3o superior na \u00e1rea de inscri\u00e7\u00e3o e experi\u00eancia docente.<\/p>\n<p style=\"font-family: arial, helvetica, sans-serif; font-size: 10pt;\">Qualquer d\u00favida sobre o edital pode ser esclarecida entrando em contato pelo e-mail <a style=\"color: #3366ff;\" href=\"mailto:editaisclmd@gmail.com\" rel=\"noopener\">editaisclmd@gmail.com<\/a>.<\/p>\n<p style=\"font-family: arial, helvetica, sans-serif; font-size: 10pt;\">E para mais detalhes sobre o processo seletivo, os crit\u00e9rios de participa\u00e7\u00e3o e a documenta\u00e7\u00e3o necess\u00e1ria, consulte os arquivos abaixo.<\/p>\n<table style=\"border-collapse: unset; width: 100%;\" border=\"0\">\n<thead>\n<tr style=\"height: 22px; background-color: #cccccc;\">\n<td style=\"text-align: center; height: 24px;\" colspan=\"3\"><strong><span style=\"font-size: 10pt; font-family: arial, helvetica, sans-serif;\">ARQUIVOS<\/span><\/strong><\/td>\n<\/tr>\n<tr style=\"height: 16px; background-color: #cccccc;\">\n<td style=\"width: 60%; text-align: left; font-size: 10pt; font-family: arial, helvetica, sans-serif;\"><strong>Descri\u00e7\u00e3o<\/strong><\/td>\n<td style=\"width: 20%; text-align: center; font-size: 10pt; font-family: arial, helvetica, sans-serif;\"><strong>Data<\/strong><\/td>\n<td style=\"width: 20%; text-align: center; font-size: 10pt; font-family: arial, helvetica, sans-serif;\"><strong>Baixar<\/strong><\/td>\n<\/tr>\n<\/thead>\n<tbody>\n<tr style=\"height: 24px; background-color: #f1f1f1;\">\n<td style=\"height: 24px;\"><span style=\"font-size: 10pt; font-family: arial, helvetica, sans-serif;\"><a href=\"https:\/\/wp.ufpel.edu.br\/nuped\/files\/2025\/02\/edital-selecao-2025-1.pdf\">Edital n\u00ba. 01\/2025 &#8211; Abertura<\/a><\/span><\/td>\n<td style=\"height: 24px; text-align: center;\"><span style=\"font-size: 10pt; font-family: arial, helvetica, sans-serif;\">07\/02\/2025<\/span><\/td>\n<td style=\"height: 24px; text-align: center;\"><a href=\"https:\/\/wp.ufpel.edu.br\/nuped\/files\/2025\/02\/edital-selecao-2025-1.pdf\"><img class=\"alignnone size-full wp-image-5522\" src=\"https:\/\/wp.ufpel.edu.br\/nuped\/files\/2025\/02\/icon-download.png\" alt=\"\" width=\"18\" height=\"18\" \/><\/a><\/td>\n<\/tr>\n<tr style=\"height: 24px; text-align: center;\">\n<td style=\"height: 24px;\"><\/td>\n<td style=\"height: 24px;\"><\/td>\n<td style=\"height: 24px;\"><\/td>\n<\/tr>\n<\/tbody>\n<\/table>\n<p>&nbsp;<\/p>\n","protected":false},"excerpt":{"rendered":"<p>A Universidade Federal de Pelotas em conformidade com o Regimento Lato Sensu da Pr\u00f3-Reitoria de Pesquisa e P\u00f3s-Gradua\u00e7\u00e3o e a Coordena\u00e7\u00e3o do Curso de Educa\u00e7\u00e3o F\u00edsica Escolar modalidade EAD tornam p\u00fablico, para conhecimento dos interessados, o processo de sele\u00e7\u00e3o dos candidatos ao referido Curso, nos termos estabelecidos neste Edital. As inscri\u00e7\u00f5es estar\u00e3o abertas de 07 [&hellip;]<\/p>\n","protected":false},"author":1308,"featured_media":0,"parent":5554,"menu_order":0,"comment_status":"closed","ping_status":"closed","template":"","meta":{"footnotes":""},"class_list":["post-5663","page","type-page","status-publish","hentry"],"_links":{"self":[{"href":"https:\/\/wp.ufpel.edu.br\/nuped\/wp-json\/wp\/v2\/pages\/5663","targetHints":{"allow":["GET"]}}],"collection":[{"href":"https:\/\/wp.ufpel.edu.br\/nuped\/wp-json\/wp\/v2\/pages"}],"about":[{"href":"https:\/\/wp.ufpel.edu.br\/nuped\/wp-json\/wp\/v2\/types\/page"}],"author":[{"embeddable":true,"href":"https:\/\/wp.ufpel.edu.br\/nuped\/wp-json\/wp\/v2\/users\/1308"}],"replies":[{"embeddable":true,"href":"https:\/\/wp.ufpel.edu.br\/nuped\/wp-json\/wp\/v2\/comments?post=5663"}],"version-history":[{"count":1,"href":"https:\/\/wp.ufpel.edu.br\/nuped\/wp-json\/wp\/v2\/pages\/5663\/revisions"}],"predecessor-version":[{"id":5665,"href":"https:\/\/wp.ufpel.edu.br\/nuped\/wp-json\/wp\/v2\/pages\/5663\/revisions\/5665"}],"up":[{"embeddable":true,"href":"https:\/\/wp.ufpel.edu.br\/nuped\/wp-json\/wp\/v2\/pages\/5554"}],"wp:attachment":[{"href":"https:\/\/wp.ufpel.edu.br\/nuped\/wp-json\/wp\/v2\/media?parent=5663"}],"curies":[{"name":"wp","href":"https:\/\/api.w.org\/{rel}","templated":true}]}}