{"id":5624,"date":"2025-02-18T08:24:41","date_gmt":"2025-02-18T11:24:41","guid":{"rendered":"https:\/\/wp.ufpel.edu.br\/nuped\/?page_id=5624"},"modified":"2025-03-26T12:01:14","modified_gmt":"2025-03-26T15:01:14","slug":"clmd-edital-02-2025-tutor","status":"publish","type":"page","link":"https:\/\/wp.ufpel.edu.br\/nuped\/editais\/clmd-edital-02-2025-tutor\/","title":{"rendered":"CLMD &#8211; Edital 02\/2025 &#8211; Tutor"},"content":{"rendered":"<p style=\"font-family: arial, helvetica, sans-serif; font-size: 10pt;\">A Universidade Federal de Pelotas (UFPel), por meio da Coordena\u00e7\u00e3o Institucional da Universidade Aberta do Brasil (UAB\/UFPel), anuncia a abertura do Edital 02\/2025 para a sele\u00e7\u00e3o de tutores presenciais e a dist\u00e2ncia que atuar\u00e3o no Curso de Licenciatura em Matem\u00e1tica a Dist\u00e2ncia (CLMD).<\/p>\n<p style=\"font-family: arial, helvetica, sans-serif; font-size: 10pt;\">O processo seletivo contempla <strong>12 vagas para tutoria presencial<\/strong> em diferentes polos e forma\u00e7\u00e3o de <strong>cadastro reserva para tutoria a dist\u00e2ncia<\/strong>. Os candidatos devem atender aos requisitos do edital, incluindo forma\u00e7\u00e3o superior compat\u00edvel e disponibilidade para atua\u00e7\u00e3o conforme as diretrizes do curso.<\/p>\n<p style=\"font-family: arial, helvetica, sans-serif; font-size: 10pt;\">07 a 22 de fevereiro de 2025, e os selecionados receber\u00e3o bolsas da CAPES, conforme normativas vigentes.<\/p>\n<p style=\"font-family: arial, helvetica, sans-serif; font-size: 10pt;\">Qualquer d\u00favida sobre o edital pode ser esclarecida entrando em contato pelo e-mail <span style=\"color: #3366ff;\"><a style=\"color: #3366ff;\" href=\"mailto:editaisclmd@gmail.com\" rel=\"noopener\">editaisclmd@gmail.com<\/a><\/span>.<\/p>\n<p style=\"font-family: arial, helvetica, sans-serif; font-size: 10pt;\">E para mais detalhes sobre o processo seletivo, os crit\u00e9rios de participa\u00e7\u00e3o e a documenta\u00e7\u00e3o necess\u00e1ria, consulte os arquivos abaixo.<\/p>\n<table style=\"border-collapse: unset; width: 100%;\" border=\"0\">\n<thead>\n<tr style=\"height: 22px; background-color: #cccccc;\">\n<td style=\"text-align: center; height: 24px;\" colspan=\"3\"><strong><span style=\"font-size: 10pt; font-family: arial, helvetica, sans-serif;\">ARQUIVOS<\/span><\/strong><\/td>\n<\/tr>\n<tr style=\"height: 16px; background-color: #cccccc;\">\n<td style=\"width: 60%; text-align: left; font-size: 10pt; font-family: arial, helvetica, sans-serif;\"><strong>Descri\u00e7\u00e3o<\/strong><\/td>\n<td style=\"width: 20%; text-align: center; font-size: 10pt; font-family: arial, helvetica, sans-serif;\"><strong>Data<\/strong><\/td>\n<td style=\"width: 20%; text-align: center; font-size: 10pt; font-family: arial, helvetica, sans-serif;\"><strong>Baixar<\/strong><\/td>\n<\/tr>\n<\/thead>\n<tbody>\n<tr style=\"height: 24px; background-color: #ffffff;\">\n<td style=\"height: 24px;\"><a href=\"https:\/\/wp.ufpel.edu.br\/nuped\/files\/2025\/03\/SEI_2981534_Edital_02_2025.pdf\"><span style=\"font-size: 10pt; font-family: arial, helvetica, sans-serif;\">Resultado final<\/span><\/a><\/td>\n<td style=\"height: 24px; text-align: center;\"><span style=\"font-size: 10pt; font-family: arial, helvetica, sans-serif;\">12\/03\/2025<\/span><\/td>\n<td style=\"height: 24px; text-align: center;\"><a href=\"https:\/\/wp.ufpel.edu.br\/nuped\/files\/2025\/03\/SEI_2981534_Edital_02_2025.pdf\"><img class=\"alignnone wp-image-5522 size-full\" src=\"https:\/\/wp.ufpel.edu.br\/nuped\/files\/2025\/02\/icon-download.png\" alt=\"\" width=\"18\" height=\"18\" \/><\/a><\/td>\n<\/tr>\n<tr style=\"height: 24px; background-color: #f1f1f1;\">\n<td style=\"height: 24px;\"><a href=\"https:\/\/wp.ufpel.edu.br\/nuped\/files\/2025\/03\/SEI_2972480_Edital_02_2025.pdf\"><span style=\"font-size: 10pt; font-family: arial, helvetica, sans-serif;\">Resultado parcial<\/span><\/a><\/td>\n<td style=\"height: 24px; text-align: center;\"><span style=\"font-size: 10pt; font-family: arial, helvetica, sans-serif;\">06\/03\/2025<\/span><\/td>\n<td style=\"height: 24px; text-align: center;\"><a href=\"https:\/\/wp.ufpel.edu.br\/nuped\/files\/2025\/03\/SEI_2972480_Edital_02_2025.pdf\"><img class=\"alignnone wp-image-5522 size-full\" src=\"https:\/\/wp.ufpel.edu.br\/nuped\/files\/2025\/02\/icon-download.png\" alt=\"\" width=\"18\" height=\"18\" \/><\/a><\/td>\n<\/tr>\n<tr style=\"height: 24px; background-color: #ffffff;\">\n<td style=\"height: 24px;\"><a href=\"https:\/\/wp.ufpel.edu.br\/nuped\/files\/2025\/02\/SEI_2964865_Ata___Homologacao_de_Inscricoes.pdf\"><span style=\"font-size: 10pt; font-family: arial, helvetica, sans-serif;\">Homologa\u00e7\u00e3o das inscri\u00e7\u00f5es<\/span><\/a><\/td>\n<td style=\"height: 24px; text-align: center;\"><span style=\"font-size: 10pt; font-family: arial, helvetica, sans-serif;\">25\/02\/2025<\/span><\/td>\n<td style=\"height: 24px; text-align: center;\"><a href=\"https:\/\/wp.ufpel.edu.br\/nuped\/files\/2025\/02\/SEI_2964865_Ata___Homologacao_de_Inscricoes.pdf\"><img class=\"alignnone wp-image-5522 size-full\" src=\"https:\/\/wp.ufpel.edu.br\/nuped\/files\/2025\/02\/icon-download.png\" alt=\"\" width=\"18\" height=\"18\" \/><\/a><\/td>\n<\/tr>\n<tr style=\"height: 24px; background-color: #f1f1f1;\">\n<td style=\"height: 24px;\"><span style=\"font-size: 10pt; font-family: arial, helvetica, sans-serif;\">Edital n\u00ba. 02\/2025 &#8211; Abertura<\/span><\/td>\n<td style=\"height: 24px; text-align: center;\"><span style=\"font-size: 10pt; font-family: arial, helvetica, sans-serif;\">07\/02\/2025<\/span><\/td>\n<td style=\"height: 24px; text-align: center;\"><a href=\"https:\/\/wp.ufpel.edu.br\/nuped\/files\/2025\/02\/SEI_2943245_Edital_02_2025.pdf\"><img class=\"alignnone size-full wp-image-5522\" src=\"https:\/\/wp.ufpel.edu.br\/nuped\/files\/2025\/02\/icon-download.png\" alt=\"\" width=\"18\" height=\"18\" \/><\/a><\/td>\n<\/tr>\n<tr style=\"height: 24px; text-align: center;\">\n<td style=\"height: 24px;\"><\/td>\n<td style=\"height: 24px;\"><\/td>\n<td style=\"height: 24px;\"><\/td>\n<\/tr>\n<\/tbody>\n<\/table>\n<p>&nbsp;<\/p>\n","protected":false},"excerpt":{"rendered":"<p>A Universidade Federal de Pelotas (UFPel), por meio da Coordena\u00e7\u00e3o Institucional da Universidade Aberta do Brasil (UAB\/UFPel), anuncia a abertura do Edital 02\/2025 para a sele\u00e7\u00e3o de tutores presenciais e a dist\u00e2ncia que atuar\u00e3o no Curso de Licenciatura em Matem\u00e1tica a Dist\u00e2ncia (CLMD). O processo seletivo contempla 12 vagas para tutoria presencial em diferentes polos [&hellip;]<\/p>\n","protected":false},"author":1308,"featured_media":0,"parent":5554,"menu_order":0,"comment_status":"closed","ping_status":"closed","template":"","meta":{"footnotes":""},"class_list":["post-5624","page","type-page","status-publish","hentry"],"_links":{"self":[{"href":"https:\/\/wp.ufpel.edu.br\/nuped\/wp-json\/wp\/v2\/pages\/5624","targetHints":{"allow":["GET"]}}],"collection":[{"href":"https:\/\/wp.ufpel.edu.br\/nuped\/wp-json\/wp\/v2\/pages"}],"about":[{"href":"https:\/\/wp.ufpel.edu.br\/nuped\/wp-json\/wp\/v2\/types\/page"}],"author":[{"embeddable":true,"href":"https:\/\/wp.ufpel.edu.br\/nuped\/wp-json\/wp\/v2\/users\/1308"}],"replies":[{"embeddable":true,"href":"https:\/\/wp.ufpel.edu.br\/nuped\/wp-json\/wp\/v2\/comments?post=5624"}],"version-history":[{"count":7,"href":"https:\/\/wp.ufpel.edu.br\/nuped\/wp-json\/wp\/v2\/pages\/5624\/revisions"}],"predecessor-version":[{"id":6036,"href":"https:\/\/wp.ufpel.edu.br\/nuped\/wp-json\/wp\/v2\/pages\/5624\/revisions\/6036"}],"up":[{"embeddable":true,"href":"https:\/\/wp.ufpel.edu.br\/nuped\/wp-json\/wp\/v2\/pages\/5554"}],"wp:attachment":[{"href":"https:\/\/wp.ufpel.edu.br\/nuped\/wp-json\/wp\/v2\/media?parent=5624"}],"curies":[{"name":"wp","href":"https:\/\/api.w.org\/{rel}","templated":true}]}}