{"id":5618,"date":"2025-02-06T08:18:56","date_gmt":"2025-02-06T11:18:56","guid":{"rendered":"https:\/\/wp.ufpel.edu.br\/nuped\/?page_id=5618"},"modified":"2025-03-26T12:00:45","modified_gmt":"2025-03-26T15:00:45","slug":"clmd-edital-01-2025-professor-formador","status":"publish","type":"page","link":"https:\/\/wp.ufpel.edu.br\/nuped\/editais\/clmd-edital-01-2025-professor-formador\/","title":{"rendered":"CLMD &#8211; Edital 01\/2025 &#8211; Professor Formador"},"content":{"rendered":"<p style=\"font-family: arial, helvetica, sans-serif; font-size: 10pt;\">A Universidade Federal de Pelotas (UFPel), por meio da Coordena\u00e7\u00e3o Institucional da Universidade Aberta do Brasil (UAB\/UFPel), torna p\u00fablica a abertura do Edital 01\/2025 para a sele\u00e7\u00e3o de professores formadores que atuar\u00e3o no Curso de Licenciatura em Matem\u00e1tica a Dist\u00e2ncia (CLMD).<\/p>\n<p style=\"font-family: arial, helvetica, sans-serif; font-size: 10pt;\">O processo seletivo destina-se ao preenchimento de duas vagas e forma\u00e7\u00e3o de cadastro reserva, abrangendo \u00e1reas como Ensino de Matem\u00e1tica, Matem\u00e1tica Pura e Aplicada, Letras \u2013 LIBRAS e Psicologia Educacional\/Ensino-Aprendizagem. As bolsas s\u00e3o concedidas pela CAPES, conforme crit\u00e9rios estabelecidos nas normativas vigentes.<\/p>\n<p style=\"font-family: arial, helvetica, sans-serif; font-size: 10pt;\">As inscri\u00e7\u00f5es estar\u00e3o abertas de <strong>07 a 22 de fevereiro de 2025<\/strong>, e os candidatos devem atender aos requisitos exigidos no edital, incluindo forma\u00e7\u00e3o superior na \u00e1rea de inscri\u00e7\u00e3o e experi\u00eancia docente.<\/p>\n<p style=\"font-family: arial, helvetica, sans-serif; font-size: 10pt;\">Qualquer d\u00favida sobre o edital pode ser esclarecida entrando em contato pelo e-mail <a style=\"color: #3366ff;\" href=\"mailto:editaisclmd@gmail.com\" rel=\"noopener\">editaisclmd@gmail.com<\/a>.<\/p>\n<p style=\"font-family: arial, helvetica, sans-serif; font-size: 10pt;\">E para mais detalhes sobre o processo seletivo, os crit\u00e9rios de participa\u00e7\u00e3o e a documenta\u00e7\u00e3o necess\u00e1ria, consulte os arquivos abaixo.<\/p>\n<table style=\"border-collapse: unset; width: 100%;\" border=\"0\">\n<thead>\n<tr style=\"height: 22px; background-color: #cccccc;\">\n<td style=\"text-align: center; height: 24px;\" colspan=\"3\"><strong><span style=\"font-size: 10pt; font-family: arial, helvetica, sans-serif;\">ARQUIVOS<\/span><\/strong><\/td>\n<\/tr>\n<tr style=\"height: 16px; background-color: #cccccc;\">\n<td style=\"width: 60%; text-align: left; font-size: 10pt; font-family: arial, helvetica, sans-serif;\"><strong>Descri\u00e7\u00e3o<\/strong><\/td>\n<td style=\"width: 20%; text-align: center; font-size: 10pt; font-family: arial, helvetica, sans-serif;\"><strong>Data<\/strong><\/td>\n<td style=\"width: 20%; text-align: center; font-size: 10pt; font-family: arial, helvetica, sans-serif;\"><strong>Baixar<\/strong><\/td>\n<\/tr>\n<\/thead>\n<tbody>\n<tr style=\"height: 24px; background-color: #f1f1f1;\">\n<td style=\"height: 24px;\"><a href=\"https:\/\/wp.ufpel.edu.br\/nuped\/files\/2025\/03\/SEI_2981518_Edital_01_2025.pdf\"><span style=\"font-size: 10pt; font-family: arial, helvetica, sans-serif;\">Resultado Final<\/span><\/a><\/td>\n<td style=\"height: 24px; text-align: center;\"><span style=\"font-size: 10pt; font-family: arial, helvetica, sans-serif;\">12\/03\/2025<\/span><\/td>\n<td style=\"height: 24px; text-align: center;\"><a href=\"https:\/\/wp.ufpel.edu.br\/nuped\/files\/2025\/03\/SEI_2981518_Edital_01_2025.pdf\"><img class=\"alignnone wp-image-5522 size-full\" src=\"https:\/\/wp.ufpel.edu.br\/nuped\/files\/2025\/02\/icon-download.png\" alt=\"\" width=\"18\" height=\"18\" \/><\/a><\/td>\n<\/tr>\n<tr style=\"height: 24px; background-color: #ffffff;\">\n<td style=\"height: 24px;\"><a href=\"https:\/\/wp.ufpel.edu.br\/nuped\/files\/2025\/02\/SEI_2964844_Ata___Homologacao_de_Inscricoes.pdf\"><span style=\"font-size: 10pt; font-family: arial, helvetica, sans-serif;\">Homologa\u00e7\u00e3o das inscri\u00e7\u00f5es<\/span><\/a><\/td>\n<td style=\"height: 24px; text-align: center;\"><span style=\"font-size: 10pt; font-family: arial, helvetica, sans-serif;\">25\/02\/2025<\/span><\/td>\n<td style=\"height: 24px; text-align: center;\"><a href=\"https:\/\/wp.ufpel.edu.br\/nuped\/files\/2025\/02\/SEI_2964844_Ata___Homologacao_de_Inscricoes.pdf\"><img class=\"alignnone wp-image-5522 size-full\" src=\"https:\/\/wp.ufpel.edu.br\/nuped\/files\/2025\/02\/icon-download.png\" alt=\"\" width=\"18\" height=\"18\" \/><\/a><\/td>\n<\/tr>\n<tr style=\"height: 24px; background-color: #f1f1f1;\">\n<td style=\"height: 24px;\"><a href=\"https:\/\/wp.ufpel.edu.br\/nuped\/files\/2025\/02\/SEI_2943296_Edital_01_2025.pdf\"><span style=\"font-size: 10pt; font-family: arial, helvetica, sans-serif;\">Edital n\u00ba. 01\/2025 &#8211; Abertura<\/span><\/a><\/td>\n<td style=\"height: 24px; text-align: center;\"><span style=\"font-size: 10pt; font-family: arial, helvetica, sans-serif;\">07\/02\/2025<\/span><\/td>\n<td style=\"height: 24px; text-align: center;\"><a href=\"https:\/\/wp.ufpel.edu.br\/nuped\/files\/2025\/02\/SEI_2943296_Edital_01_2025.pdf\"><img class=\"alignnone size-full wp-image-5522\" src=\"https:\/\/wp.ufpel.edu.br\/nuped\/files\/2025\/02\/icon-download.png\" alt=\"\" width=\"18\" height=\"18\" \/><\/a><\/td>\n<\/tr>\n<\/tbody>\n<\/table>\n<p>&nbsp;<\/p>\n","protected":false},"excerpt":{"rendered":"<p>A Universidade Federal de Pelotas (UFPel), por meio da Coordena\u00e7\u00e3o Institucional da Universidade Aberta do Brasil (UAB\/UFPel), torna p\u00fablica a abertura do Edital 01\/2025 para a sele\u00e7\u00e3o de professores formadores que atuar\u00e3o no Curso de Licenciatura em Matem\u00e1tica a Dist\u00e2ncia (CLMD). O processo seletivo destina-se ao preenchimento de duas vagas e forma\u00e7\u00e3o de cadastro reserva, [&hellip;]<\/p>\n","protected":false},"author":1308,"featured_media":0,"parent":5554,"menu_order":0,"comment_status":"closed","ping_status":"closed","template":"","meta":{"footnotes":""},"class_list":["post-5618","page","type-page","status-publish","hentry"],"_links":{"self":[{"href":"https:\/\/wp.ufpel.edu.br\/nuped\/wp-json\/wp\/v2\/pages\/5618","targetHints":{"allow":["GET"]}}],"collection":[{"href":"https:\/\/wp.ufpel.edu.br\/nuped\/wp-json\/wp\/v2\/pages"}],"about":[{"href":"https:\/\/wp.ufpel.edu.br\/nuped\/wp-json\/wp\/v2\/types\/page"}],"author":[{"embeddable":true,"href":"https:\/\/wp.ufpel.edu.br\/nuped\/wp-json\/wp\/v2\/users\/1308"}],"replies":[{"embeddable":true,"href":"https:\/\/wp.ufpel.edu.br\/nuped\/wp-json\/wp\/v2\/comments?post=5618"}],"version-history":[{"count":7,"href":"https:\/\/wp.ufpel.edu.br\/nuped\/wp-json\/wp\/v2\/pages\/5618\/revisions"}],"predecessor-version":[{"id":6035,"href":"https:\/\/wp.ufpel.edu.br\/nuped\/wp-json\/wp\/v2\/pages\/5618\/revisions\/6035"}],"up":[{"embeddable":true,"href":"https:\/\/wp.ufpel.edu.br\/nuped\/wp-json\/wp\/v2\/pages\/5554"}],"wp:attachment":[{"href":"https:\/\/wp.ufpel.edu.br\/nuped\/wp-json\/wp\/v2\/media?parent=5618"}],"curies":[{"name":"wp","href":"https:\/\/api.w.org\/{rel}","templated":true}]}}